{"id":37984,"date":"2023-11-30T13:39:25","date_gmt":"2023-11-30T13:39:25","guid":{"rendered":"https:\/\/all4labels.com\/products\/"},"modified":"2025-07-11T15:53:53","modified_gmt":"2025-07-11T15:53:53","slug":"produkter","status":"publish","type":"page","link":"https:\/\/all4labels.com\/sv\/produkter\/","title":{"rendered":"Produkter"},"content":{"rendered":"<p>V\u00e5r produktportf\u00f6lj str\u00e4cker sig ut\u00f6ver etiketter till hylsor, tuber och speciall\u00f6sningar och detta ut\u00f6kar v\u00e5rt f\u00e4lt p\u00e5 s\u00e5 s\u00e4tt att vi kan erbjuda de mest l\u00e4mpliga produkterna \u00e5t v\u00e5ra kunder.<\/p>\n<p>Vi erbjuder ett stort utbud av f\u00f6rpackningsl\u00f6sningar som tillverkas i h\u00f6gsta kvalitet och av ett stort antal tryck- och efterbehandlingstekniker i syfte att realisera skr\u00e4ddarsydda produktl\u00f6sningar. Som ett extremt m\u00e5ngsidigt och kundcentrerat f\u00f6retag str\u00e4var vi efter att hitta den perfekta produktl\u00f6sningen med relevans f\u00f6r sektorn och anv\u00e4ndningsomr\u00e5det i syfte att \u00f6ka varum\u00e4rkets synlighet och lyfta fram produkternas kvaliteter.<\/p>\n","protected":false},"excerpt":{"rendered":"<p>V\u00e5r produktportf\u00f6lj str\u00e4cker sig ut\u00f6ver etiketter till hylsor, tuber och speciall\u00f6sningar och detta ut\u00f6kar v\u00e5rt f\u00e4lt p\u00e5 s\u00e5 s\u00e4tt att vi kan erbjuda de mest l\u00e4mpliga produkterna \u00e5t v\u00e5ra kunder. [&hellip;]<\/p>\n","protected":false},"author":10,"featured_media":0,"parent":0,"menu_order":0,"comment_status":"closed","ping_status":"closed","template":"page-products-v2-sv.php","meta":{"_acf_changed":false,"footnotes":""},"class_list":["post-37984","page","type-page","status-publish","hentry"],"acf":[],"yoast_head":"<!-- This site is optimized with the Yoast SEO plugin v24.2 - https:\/\/yoast.com\/wordpress\/plugins\/seo\/ -->\n<title>Produkter - All4Labels Global Packaging Group \u2013 Connecting brands and consumers<\/title>\n<meta name=\"robots\" content=\"index, follow, max-snippet:-1, max-image-preview:large, max-video-preview:-1\" \/>\n<link rel=\"canonical\" href=\"https:\/\/all4labels.com\/sv\/produkter\/\" \/>\n<meta property=\"og:locale\" content=\"sv_SE\" \/>\n<meta property=\"og:type\" content=\"article\" \/>\n<meta property=\"og:title\" content=\"Produkter - All4Labels Global Packaging Group \u2013 Connecting brands and consumers\" \/>\n<meta property=\"og:description\" content=\"V\u00e5r produktportf\u00f6lj str\u00e4cker sig ut\u00f6ver etiketter till hylsor, tuber och speciall\u00f6sningar och detta ut\u00f6kar v\u00e5rt f\u00e4lt p\u00e5 s\u00e5 s\u00e4tt att vi kan erbjuda de mest l\u00e4mpliga produkterna \u00e5t v\u00e5ra kunder. [&hellip;]\" \/>\n<meta property=\"og:url\" content=\"https:\/\/all4labels.com\/sv\/produkter\/\" \/>\n<meta property=\"og:site_name\" content=\"All4Labels Global Packaging Group \u2013 Connecting brands and consumers\" \/>\n<meta property=\"article:modified_time\" content=\"2025-07-11T15:53:53+00:00\" \/>\n<meta name=\"twitter:card\" content=\"summary_large_image\" \/>\n<meta name=\"twitter:label1\" content=\"Ber\u00e4knad l\u00e4stid\" \/>\n\t<meta name=\"twitter:data1\" content=\"1 minut\" \/>\n<script type=\"application\/ld+json\" class=\"yoast-schema-graph\">{\"@context\":\"https:\/\/schema.org\",\"@graph\":[{\"@type\":\"WebPage\",\"@id\":\"https:\/\/all4labels.com\/sv\/produkter\/\",\"url\":\"https:\/\/all4labels.com\/sv\/produkter\/\",\"name\":\"Produkter - All4Labels Global Packaging Group \u2013 Connecting brands and consumers\",\"isPartOf\":{\"@id\":\"https:\/\/all4labels.com\/#website\"},\"datePublished\":\"2023-11-30T13:39:25+00:00\",\"dateModified\":\"2025-07-11T15:53:53+00:00\",\"breadcrumb\":{\"@id\":\"https:\/\/all4labels.com\/sv\/produkter\/#breadcrumb\"},\"inLanguage\":\"sv-SE\",\"potentialAction\":[{\"@type\":\"ReadAction\",\"target\":[\"https:\/\/all4labels.com\/sv\/produkter\/\"]}]},{\"@type\":\"BreadcrumbList\",\"@id\":\"https:\/\/all4labels.com\/sv\/produkter\/#breadcrumb\",\"itemListElement\":[{\"@type\":\"ListItem\",\"position\":1,\"name\":\"Home\",\"item\":\"https:\/\/all4labels.com\/sv\/\"},{\"@type\":\"ListItem\",\"position\":2,\"name\":\"Produkter\"}]},{\"@type\":\"WebSite\",\"@id\":\"https:\/\/all4labels.com\/#website\",\"url\":\"https:\/\/all4labels.com\/\",\"name\":\"All4Labels Global Packaging Group \u2013 Connecting brands and consumers\",\"description\":\"\",\"publisher\":{\"@id\":\"https:\/\/all4labels.com\/#organization\"},\"potentialAction\":[{\"@type\":\"SearchAction\",\"target\":{\"@type\":\"EntryPoint\",\"urlTemplate\":\"https:\/\/all4labels.com\/?s={search_term_string}\"},\"query-input\":{\"@type\":\"PropertyValueSpecification\",\"valueRequired\":true,\"valueName\":\"search_term_string\"}}],\"inLanguage\":\"sv-SE\"},{\"@type\":\"Organization\",\"@id\":\"https:\/\/all4labels.com\/#organization\",\"name\":\"All4Labels Global Packaging Group \u2013 Connecting brands and consumers\",\"url\":\"https:\/\/all4labels.com\/\",\"logo\":{\"@type\":\"ImageObject\",\"inLanguage\":\"sv-SE\",\"@id\":\"https:\/\/all4labels.com\/#\/schema\/logo\/image\/\",\"url\":\"https:\/\/all4labels.com\/wp-content\/uploads\/2020\/02\/all4labels-white.svg\",\"contentUrl\":\"https:\/\/all4labels.com\/wp-content\/uploads\/2020\/02\/all4labels-white.svg\",\"caption\":\"All4Labels Global Packaging Group \u2013 Connecting brands and consumers\"},\"image\":{\"@id\":\"https:\/\/all4labels.com\/#\/schema\/logo\/image\/\"}}]}<\/script>\n<!-- \/ Yoast SEO plugin. -->","yoast_head_json":{"title":"Produkter - All4Labels Global Packaging Group \u2013 Connecting brands and consumers","robots":{"index":"index","follow":"follow","max-snippet":"max-snippet:-1","max-image-preview":"max-image-preview:large","max-video-preview":"max-video-preview:-1"},"canonical":"https:\/\/all4labels.com\/sv\/produkter\/","og_locale":"sv_SE","og_type":"article","og_title":"Produkter - All4Labels Global Packaging Group \u2013 Connecting brands and consumers","og_description":"V\u00e5r produktportf\u00f6lj str\u00e4cker sig ut\u00f6ver etiketter till hylsor, tuber och speciall\u00f6sningar och detta ut\u00f6kar v\u00e5rt f\u00e4lt p\u00e5 s\u00e5 s\u00e4tt att vi kan erbjuda de mest l\u00e4mpliga produkterna \u00e5t v\u00e5ra kunder. [&hellip;]","og_url":"https:\/\/all4labels.com\/sv\/produkter\/","og_site_name":"All4Labels Global Packaging Group \u2013 Connecting brands and consumers","article_modified_time":"2025-07-11T15:53:53+00:00","twitter_card":"summary_large_image","twitter_misc":{"Ber\u00e4knad l\u00e4stid":"1 minut"},"schema":{"@context":"https:\/\/schema.org","@graph":[{"@type":"WebPage","@id":"https:\/\/all4labels.com\/sv\/produkter\/","url":"https:\/\/all4labels.com\/sv\/produkter\/","name":"Produkter - All4Labels Global Packaging Group \u2013 Connecting brands and consumers","isPartOf":{"@id":"https:\/\/all4labels.com\/#website"},"datePublished":"2023-11-30T13:39:25+00:00","dateModified":"2025-07-11T15:53:53+00:00","breadcrumb":{"@id":"https:\/\/all4labels.com\/sv\/produkter\/#breadcrumb"},"inLanguage":"sv-SE","potentialAction":[{"@type":"ReadAction","target":["https:\/\/all4labels.com\/sv\/produkter\/"]}]},{"@type":"BreadcrumbList","@id":"https:\/\/all4labels.com\/sv\/produkter\/#breadcrumb","itemListElement":[{"@type":"ListItem","position":1,"name":"Home","item":"https:\/\/all4labels.com\/sv\/"},{"@type":"ListItem","position":2,"name":"Produkter"}]},{"@type":"WebSite","@id":"https:\/\/all4labels.com\/#website","url":"https:\/\/all4labels.com\/","name":"All4Labels Global Packaging Group \u2013 Connecting brands and consumers","description":"","publisher":{"@id":"https:\/\/all4labels.com\/#organization"},"potentialAction":[{"@type":"SearchAction","target":{"@type":"EntryPoint","urlTemplate":"https:\/\/all4labels.com\/?s={search_term_string}"},"query-input":{"@type":"PropertyValueSpecification","valueRequired":true,"valueName":"search_term_string"}}],"inLanguage":"sv-SE"},{"@type":"Organization","@id":"https:\/\/all4labels.com\/#organization","name":"All4Labels Global Packaging Group \u2013 Connecting brands and consumers","url":"https:\/\/all4labels.com\/","logo":{"@type":"ImageObject","inLanguage":"sv-SE","@id":"https:\/\/all4labels.com\/#\/schema\/logo\/image\/","url":"https:\/\/all4labels.com\/wp-content\/uploads\/2020\/02\/all4labels-white.svg","contentUrl":"https:\/\/all4labels.com\/wp-content\/uploads\/2020\/02\/all4labels-white.svg","caption":"All4Labels Global Packaging Group \u2013 Connecting brands and consumers"},"image":{"@id":"https:\/\/all4labels.com\/#\/schema\/logo\/image\/"}}]}},"_links":{"self":[{"href":"https:\/\/all4labels.com\/sv\/wp-json\/wp\/v2\/pages\/37984","targetHints":{"allow":["GET"]}}],"collection":[{"href":"https:\/\/all4labels.com\/sv\/wp-json\/wp\/v2\/pages"}],"about":[{"href":"https:\/\/all4labels.com\/sv\/wp-json\/wp\/v2\/types\/page"}],"author":[{"embeddable":true,"href":"https:\/\/all4labels.com\/sv\/wp-json\/wp\/v2\/users\/10"}],"replies":[{"embeddable":true,"href":"https:\/\/all4labels.com\/sv\/wp-json\/wp\/v2\/comments?post=37984"}],"version-history":[{"count":6,"href":"https:\/\/all4labels.com\/sv\/wp-json\/wp\/v2\/pages\/37984\/revisions"}],"predecessor-version":[{"id":43770,"href":"https:\/\/all4labels.com\/sv\/wp-json\/wp\/v2\/pages\/37984\/revisions\/43770"}],"wp:attachment":[{"href":"https:\/\/all4labels.com\/sv\/wp-json\/wp\/v2\/media?parent=37984"}],"curies":[{"name":"wp","href":"https:\/\/api.w.org\/{rel}","templated":true}]}}