{"id":37583,"date":"2023-12-06T21:34:49","date_gmt":"2023-12-06T21:34:49","guid":{"rendered":"https:\/\/all4labels.com\/solutions\/"},"modified":"2024-07-15T13:34:52","modified_gmt":"2024-07-15T13:34:52","slug":"losningar","status":"publish","type":"page","link":"https:\/\/all4labels.com\/sv\/losningar\/","title":{"rendered":"Solutions"},"content":{"rendered":"<h1>Din innovativa partner<br \/>\ni nya l\u00f6sningar<\/h1>\n<p><strong>Vi driver innovation genom att investera i den mest avancerade tekniken och expandera digitala l\u00f6sningar.<\/strong><\/p>\n<p><strong>Innovativa f\u00f6rpackningar \u00e4r mer \u00e4n tryckning. Snabbt f\u00f6r\u00e4nderliga marknader och konsumentkrav kr\u00e4ver nya kundanpassade l\u00f6sningar. Som en l\u00f6sningsleverant\u00f6r och dedikerad partner s\u00e4kerst\u00e4ller vi maximal flexibilitet samtidigt som vi erbjuder den senaste tekniken och personliga tj\u00e4nster. <\/strong><\/p>\n","protected":false},"excerpt":{"rendered":"<p>Din innovativa partner i nya l\u00f6sningar Vi driver innovation genom att investera i den mest avancerade tekniken och expandera digitala l\u00f6sningar. Innovativa f\u00f6rpackningar \u00e4r mer \u00e4n tryckning. Snabbt f\u00f6r\u00e4nderliga marknader [&hellip;]<\/p>\n","protected":false},"author":10,"featured_media":36053,"parent":0,"menu_order":0,"comment_status":"closed","ping_status":"closed","template":"page-solutions-new-sv.php","meta":{"_acf_changed":false,"footnotes":""},"class_list":["post-37583","page","type-page","status-publish","has-post-thumbnail","hentry"],"acf":[],"yoast_head":"<!-- This site is optimized with the Yoast SEO plugin v24.2 - https:\/\/yoast.com\/wordpress\/plugins\/seo\/ -->\n<title>Solutions - All4Labels Global Packaging Group \u2013 Connecting brands and consumers<\/title>\n<meta name=\"robots\" content=\"index, follow, max-snippet:-1, max-image-preview:large, max-video-preview:-1\" \/>\n<link rel=\"canonical\" href=\"https:\/\/all4labels.com\/sv\/losningar\/\" \/>\n<meta property=\"og:locale\" content=\"sv_SE\" \/>\n<meta property=\"og:type\" content=\"article\" \/>\n<meta property=\"og:title\" content=\"Solutions - All4Labels Global Packaging Group \u2013 Connecting brands and consumers\" \/>\n<meta property=\"og:description\" content=\"Din innovativa partner i nya l\u00f6sningar Vi driver innovation genom att investera i den mest avancerade tekniken och expandera digitala l\u00f6sningar. Innovativa f\u00f6rpackningar \u00e4r mer \u00e4n tryckning. Snabbt f\u00f6r\u00e4nderliga marknader [&hellip;]\" \/>\n<meta property=\"og:url\" content=\"https:\/\/all4labels.com\/sv\/losningar\/\" \/>\n<meta property=\"og:site_name\" content=\"All4Labels Global Packaging Group \u2013 Connecting brands and consumers\" \/>\n<meta property=\"article:modified_time\" content=\"2024-07-15T13:34:52+00:00\" \/>\n<meta property=\"og:image\" content=\"https:\/\/all4labels.com\/wp-content\/uploads\/2023\/12\/your-innovative-partner-new-solutions.jpg\" \/>\n\t<meta property=\"og:image:width\" content=\"1920\" \/>\n\t<meta property=\"og:image:height\" content=\"1178\" \/>\n\t<meta property=\"og:image:type\" content=\"image\/jpeg\" \/>\n<meta name=\"twitter:card\" content=\"summary_large_image\" \/>\n<meta name=\"twitter:label1\" content=\"Ber\u00e4knad l\u00e4stid\" \/>\n\t<meta name=\"twitter:data1\" content=\"1 minut\" \/>\n<script type=\"application\/ld+json\" class=\"yoast-schema-graph\">{\"@context\":\"https:\/\/schema.org\",\"@graph\":[{\"@type\":\"WebPage\",\"@id\":\"https:\/\/all4labels.com\/sv\/losningar\/\",\"url\":\"https:\/\/all4labels.com\/sv\/losningar\/\",\"name\":\"Solutions - All4Labels Global Packaging Group \u2013 Connecting brands and consumers\",\"isPartOf\":{\"@id\":\"https:\/\/all4labels.com\/#website\"},\"primaryImageOfPage\":{\"@id\":\"https:\/\/all4labels.com\/sv\/losningar\/#primaryimage\"},\"image\":{\"@id\":\"https:\/\/all4labels.com\/sv\/losningar\/#primaryimage\"},\"thumbnailUrl\":\"https:\/\/all4labels.com\/wp-content\/uploads\/2023\/12\/your-innovative-partner-new-solutions.jpg\",\"datePublished\":\"2023-12-06T21:34:49+00:00\",\"dateModified\":\"2024-07-15T13:34:52+00:00\",\"breadcrumb\":{\"@id\":\"https:\/\/all4labels.com\/sv\/losningar\/#breadcrumb\"},\"inLanguage\":\"sv-SE\",\"potentialAction\":[{\"@type\":\"ReadAction\",\"target\":[\"https:\/\/all4labels.com\/sv\/losningar\/\"]}]},{\"@type\":\"ImageObject\",\"inLanguage\":\"sv-SE\",\"@id\":\"https:\/\/all4labels.com\/sv\/losningar\/#primaryimage\",\"url\":\"https:\/\/all4labels.com\/wp-content\/uploads\/2023\/12\/your-innovative-partner-new-solutions.jpg\",\"contentUrl\":\"https:\/\/all4labels.com\/wp-content\/uploads\/2023\/12\/your-innovative-partner-new-solutions.jpg\",\"width\":1920,\"height\":1178},{\"@type\":\"BreadcrumbList\",\"@id\":\"https:\/\/all4labels.com\/sv\/losningar\/#breadcrumb\",\"itemListElement\":[{\"@type\":\"ListItem\",\"position\":1,\"name\":\"Home\",\"item\":\"https:\/\/all4labels.com\/sv\/\"},{\"@type\":\"ListItem\",\"position\":2,\"name\":\"Solutions\"}]},{\"@type\":\"WebSite\",\"@id\":\"https:\/\/all4labels.com\/#website\",\"url\":\"https:\/\/all4labels.com\/\",\"name\":\"All4Labels Global Packaging Group \u2013 Connecting brands and consumers\",\"description\":\"\",\"publisher\":{\"@id\":\"https:\/\/all4labels.com\/#organization\"},\"potentialAction\":[{\"@type\":\"SearchAction\",\"target\":{\"@type\":\"EntryPoint\",\"urlTemplate\":\"https:\/\/all4labels.com\/?s={search_term_string}\"},\"query-input\":{\"@type\":\"PropertyValueSpecification\",\"valueRequired\":true,\"valueName\":\"search_term_string\"}}],\"inLanguage\":\"sv-SE\"},{\"@type\":\"Organization\",\"@id\":\"https:\/\/all4labels.com\/#organization\",\"name\":\"All4Labels Global Packaging Group \u2013 Connecting brands and consumers\",\"url\":\"https:\/\/all4labels.com\/\",\"logo\":{\"@type\":\"ImageObject\",\"inLanguage\":\"sv-SE\",\"@id\":\"https:\/\/all4labels.com\/#\/schema\/logo\/image\/\",\"url\":\"https:\/\/all4labels.com\/wp-content\/uploads\/2020\/02\/all4labels-white.svg\",\"contentUrl\":\"https:\/\/all4labels.com\/wp-content\/uploads\/2020\/02\/all4labels-white.svg\",\"caption\":\"All4Labels Global Packaging Group \u2013 Connecting brands and consumers\"},\"image\":{\"@id\":\"https:\/\/all4labels.com\/#\/schema\/logo\/image\/\"}}]}<\/script>\n<!-- \/ Yoast SEO plugin. -->","yoast_head_json":{"title":"Solutions - All4Labels Global Packaging Group \u2013 Connecting brands and consumers","robots":{"index":"index","follow":"follow","max-snippet":"max-snippet:-1","max-image-preview":"max-image-preview:large","max-video-preview":"max-video-preview:-1"},"canonical":"https:\/\/all4labels.com\/sv\/losningar\/","og_locale":"sv_SE","og_type":"article","og_title":"Solutions - All4Labels Global Packaging Group \u2013 Connecting brands and consumers","og_description":"Din innovativa partner i nya l\u00f6sningar Vi driver innovation genom att investera i den mest avancerade tekniken och expandera digitala l\u00f6sningar. Innovativa f\u00f6rpackningar \u00e4r mer \u00e4n tryckning. Snabbt f\u00f6r\u00e4nderliga marknader [&hellip;]","og_url":"https:\/\/all4labels.com\/sv\/losningar\/","og_site_name":"All4Labels Global Packaging Group \u2013 Connecting brands and consumers","article_modified_time":"2024-07-15T13:34:52+00:00","og_image":[{"width":1920,"height":1178,"url":"https:\/\/all4labels.com\/wp-content\/uploads\/2023\/12\/your-innovative-partner-new-solutions.jpg","type":"image\/jpeg"}],"twitter_card":"summary_large_image","twitter_misc":{"Ber\u00e4knad l\u00e4stid":"1 minut"},"schema":{"@context":"https:\/\/schema.org","@graph":[{"@type":"WebPage","@id":"https:\/\/all4labels.com\/sv\/losningar\/","url":"https:\/\/all4labels.com\/sv\/losningar\/","name":"Solutions - All4Labels Global Packaging Group \u2013 Connecting brands and consumers","isPartOf":{"@id":"https:\/\/all4labels.com\/#website"},"primaryImageOfPage":{"@id":"https:\/\/all4labels.com\/sv\/losningar\/#primaryimage"},"image":{"@id":"https:\/\/all4labels.com\/sv\/losningar\/#primaryimage"},"thumbnailUrl":"https:\/\/all4labels.com\/wp-content\/uploads\/2023\/12\/your-innovative-partner-new-solutions.jpg","datePublished":"2023-12-06T21:34:49+00:00","dateModified":"2024-07-15T13:34:52+00:00","breadcrumb":{"@id":"https:\/\/all4labels.com\/sv\/losningar\/#breadcrumb"},"inLanguage":"sv-SE","potentialAction":[{"@type":"ReadAction","target":["https:\/\/all4labels.com\/sv\/losningar\/"]}]},{"@type":"ImageObject","inLanguage":"sv-SE","@id":"https:\/\/all4labels.com\/sv\/losningar\/#primaryimage","url":"https:\/\/all4labels.com\/wp-content\/uploads\/2023\/12\/your-innovative-partner-new-solutions.jpg","contentUrl":"https:\/\/all4labels.com\/wp-content\/uploads\/2023\/12\/your-innovative-partner-new-solutions.jpg","width":1920,"height":1178},{"@type":"BreadcrumbList","@id":"https:\/\/all4labels.com\/sv\/losningar\/#breadcrumb","itemListElement":[{"@type":"ListItem","position":1,"name":"Home","item":"https:\/\/all4labels.com\/sv\/"},{"@type":"ListItem","position":2,"name":"Solutions"}]},{"@type":"WebSite","@id":"https:\/\/all4labels.com\/#website","url":"https:\/\/all4labels.com\/","name":"All4Labels Global Packaging Group \u2013 Connecting brands and consumers","description":"","publisher":{"@id":"https:\/\/all4labels.com\/#organization"},"potentialAction":[{"@type":"SearchAction","target":{"@type":"EntryPoint","urlTemplate":"https:\/\/all4labels.com\/?s={search_term_string}"},"query-input":{"@type":"PropertyValueSpecification","valueRequired":true,"valueName":"search_term_string"}}],"inLanguage":"sv-SE"},{"@type":"Organization","@id":"https:\/\/all4labels.com\/#organization","name":"All4Labels Global Packaging Group \u2013 Connecting brands and consumers","url":"https:\/\/all4labels.com\/","logo":{"@type":"ImageObject","inLanguage":"sv-SE","@id":"https:\/\/all4labels.com\/#\/schema\/logo\/image\/","url":"https:\/\/all4labels.com\/wp-content\/uploads\/2020\/02\/all4labels-white.svg","contentUrl":"https:\/\/all4labels.com\/wp-content\/uploads\/2020\/02\/all4labels-white.svg","caption":"All4Labels Global Packaging Group \u2013 Connecting brands and consumers"},"image":{"@id":"https:\/\/all4labels.com\/#\/schema\/logo\/image\/"}}]}},"_links":{"self":[{"href":"https:\/\/all4labels.com\/sv\/wp-json\/wp\/v2\/pages\/37583","targetHints":{"allow":["GET"]}}],"collection":[{"href":"https:\/\/all4labels.com\/sv\/wp-json\/wp\/v2\/pages"}],"about":[{"href":"https:\/\/all4labels.com\/sv\/wp-json\/wp\/v2\/types\/page"}],"author":[{"embeddable":true,"href":"https:\/\/all4labels.com\/sv\/wp-json\/wp\/v2\/users\/10"}],"replies":[{"embeddable":true,"href":"https:\/\/all4labels.com\/sv\/wp-json\/wp\/v2\/comments?post=37583"}],"version-history":[{"count":4,"href":"https:\/\/all4labels.com\/sv\/wp-json\/wp\/v2\/pages\/37583\/revisions"}],"predecessor-version":[{"id":41426,"href":"https:\/\/all4labels.com\/sv\/wp-json\/wp\/v2\/pages\/37583\/revisions\/41426"}],"wp:featuredmedia":[{"embeddable":true,"href":"https:\/\/all4labels.com\/sv\/wp-json\/wp\/v2\/media\/36053"}],"wp:attachment":[{"href":"https:\/\/all4labels.com\/sv\/wp-json\/wp\/v2\/media?parent=37583"}],"curies":[{"name":"wp","href":"https:\/\/api.w.org\/{rel}","templated":true}]}}