{"id":34619,"date":"2023-10-20T10:04:38","date_gmt":"2023-10-20T10:04:38","guid":{"rendered":"https:\/\/all4labels.com\/?page_id=34619"},"modified":"2026-03-10T12:12:02","modified_gmt":"2026-03-10T12:12:02","slug":"foretagsinformation","status":"publish","type":"page","link":"https:\/\/all4labels.com\/sv\/foretagsinformation\/","title":{"rendered":"F\u00f6retagsinformation"},"content":{"rendered":"<h1>F\u00f6retagsinformation<\/h1>\n<h4>Leverant\u00f6r av webbplatsen<\/h4>\n<h3><strong>All4Labels Group GmbH<\/strong><\/h3>\n<p>M\u00f6llner Landstrasse 15, 22969 Witzhave Germany<br \/>\nE-Mail: <a href=\"mailto:info@all4labels.com\">info@all4labels.com<\/a><\/p>\n<p>Representerad av verkst\u00e4llande direkt\u00f6rerna:<\/p>\n<ul>\n<li data-olk-copy-source=\"MessageBody\">Evelyn Hartinger<\/li>\n<li>Matej Baran<\/li>\n<li>Guido Iannone<\/li>\n<li>Enrico Valeri<\/li>\n<li>Magnus Milatz<\/li>\n<\/ul>\n<p>Registerdomstol och registernummer: L\u00fcbeck HRB 289 AH, momsnummer DE 135 110 146<\/p>\n<p>Ansvarig person enligt 18 \u00a7 st. 2 i det tyska statliga medieavtalet (<em>&#8221;Mediendienstestaatsvertrag&#8221;<\/em>): Evelyn Hartinger, M\u00f6llner Landstra\u00dfe 15, 22969 Witzhave, Germany<\/p>\n<h3>Upphovsr\u00e4tt<\/h3>\n<p>Inneh\u00e5llet, s\u00e5som texter och foton, p\u00e5 denna webbplats \u00e4r skyddat av upphovsr\u00e4ttslagen. Reproduktion av detta inneh\u00e5ll helt eller delvis \u00e4r f\u00f6rbjuden i n\u00e5gon form p\u00e5 n\u00e5got medium utan f\u00f6reg\u00e5ende uttryckligt tillst\u00e5nd fr\u00e5n All4Labels Group GmbH.<\/p>\n<h3>Integritetspolicy f\u00f6r webbplatsen<\/h3>\n<p>Sekretesspolicyn f\u00f6r All4Labels Group GmbH finns p\u00e5 <a href=\"https:\/\/all4labels.com\/wp-content\/uploads\/2022\/09\/2022-All4Labels_Privacy-policy_Website.pdf\">integritetspolicy.<\/a><\/p>\n<h3>Externa l\u00e4nkar<\/h3>\n<p>All4Labels Group GmbH ansvarar inte f\u00f6r inneh\u00e5llet p\u00e5 externa webbplatser. Respektive leverant\u00f6rer ansvarar f\u00f6r inneh\u00e5llet hos tredje part som n\u00e5s via hyperl\u00e4nkar.<\/p>\n<h3>Utomr\u00e4ttslig tvistl\u00f6sning i konsumentfr\u00e5gor<\/h3>\n<p>Enligt till\u00e4mplig lag \u00e4r All4Labels Group GmbH skyldig att informera konsumenter om f\u00f6rekomsten av den europeiska plattformen f\u00f6r onlinetvistl\u00f6sning, som har inr\u00e4ttats av EU-kommissionen f\u00f6r att l\u00f6sa tvister. European Online Dispute Resolution Platform finns <a href=\"https:\/\/ec.europa.eu\/consumers\/odr\/\">h\u00e4r<\/a>. Kontaktuppgifter till de officiella tvistl\u00f6sningsorganen finns under f\u00f6ljande l\u00e4nk: <a href=\"https:\/\/webgate.ec.europa.eu\/odr\/main\/index.cfm\">https:\/\/webgate.ec.europa.eu\/odr\/main\/index.cfm<\/a>. I avsaknad av en juridisk skyldighet att delta i tvistl\u00f6sningsf\u00f6rfaranden inf\u00f6r en konsumentskiljen\u00e4mnd, \u00e4r All4Labels Group GmbH inte skyldig eller villig att delta i s\u00e5dana tvistl\u00f6sningsf\u00f6rfaranden.<br \/>\nE-postadressen till All4Labels Group GmbH finns ovan.<\/p>\n<h3>Sociala medier profiler<\/h3>\n<p>Detta avtryck g\u00e4ller \u00e4ven f\u00f6r f\u00f6ljande sociala medieprofiler som drivs av All4Labels Group GmbH:<\/p>\n<h3>Linkedin:<\/h3>\n<p><a href=\"https:\/\/www.linkedin.com\/company\/all4labelsgroup\/\">https:\/\/www.linkedin.com\/company\/all4labelsgroup\/<\/a><\/p>\n<h3>Xing:<\/h3>\n<p><a href=\"https:\/\/www.xing.com\/pages\/all4labels-globalpackaginggroup\">https:\/\/www.xing.com\/pages\/all4labels-globalpackaginggroup<\/a><\/p>\n","protected":false},"excerpt":{"rendered":"<p>F\u00f6retagsinformation Leverant\u00f6r av webbplatsen All4Labels Group GmbH M\u00f6llner Landstrasse 15, 22969 Witzhave Germany E-Mail: info@all4labels.com Representerad av verkst\u00e4llande direkt\u00f6rerna: Evelyn Hartinger Matej Baran Guido Iannone Enrico Valeri Magnus Milatz Registerdomstol [&hellip;]<\/p>\n","protected":false},"author":10,"featured_media":0,"parent":0,"menu_order":0,"comment_status":"closed","ping_status":"closed","template":"","meta":{"_acf_changed":false,"footnotes":""},"class_list":["post-34619","page","type-page","status-publish","hentry"],"acf":[],"yoast_head":"<!-- This site is optimized with the Yoast SEO plugin v24.2 - https:\/\/yoast.com\/wordpress\/plugins\/seo\/ -->\n<title>F\u00f6retagsinformation - All4Labels Global Packaging Group \u2013 Connecting brands and consumers<\/title>\n<meta name=\"robots\" content=\"index, follow, max-snippet:-1, max-image-preview:large, max-video-preview:-1\" \/>\n<link rel=\"canonical\" href=\"https:\/\/all4labels.com\/sv\/foretagsinformation\/\" \/>\n<meta property=\"og:locale\" content=\"sv_SE\" \/>\n<meta property=\"og:type\" content=\"article\" \/>\n<meta property=\"og:title\" content=\"F\u00f6retagsinformation - All4Labels Global Packaging Group \u2013 Connecting brands and consumers\" \/>\n<meta property=\"og:description\" content=\"F\u00f6retagsinformation Leverant\u00f6r av webbplatsen All4Labels Group GmbH M\u00f6llner Landstrasse 15, 22969 Witzhave Germany E-Mail: info@all4labels.com Representerad av verkst\u00e4llande direkt\u00f6rerna: Evelyn Hartinger Matej Baran Guido Iannone Enrico Valeri Magnus Milatz Registerdomstol [&hellip;]\" \/>\n<meta property=\"og:url\" content=\"https:\/\/all4labels.com\/sv\/foretagsinformation\/\" \/>\n<meta property=\"og:site_name\" content=\"All4Labels Global Packaging Group \u2013 Connecting brands and consumers\" \/>\n<meta property=\"article:modified_time\" content=\"2026-03-10T12:12:02+00:00\" \/>\n<meta name=\"twitter:card\" content=\"summary_large_image\" \/>\n<meta name=\"twitter:label1\" content=\"Ber\u00e4knad l\u00e4stid\" \/>\n\t<meta name=\"twitter:data1\" content=\"2 minuter\" \/>\n<script type=\"application\/ld+json\" class=\"yoast-schema-graph\">{\"@context\":\"https:\/\/schema.org\",\"@graph\":[{\"@type\":\"WebPage\",\"@id\":\"https:\/\/all4labels.com\/sv\/foretagsinformation\/\",\"url\":\"https:\/\/all4labels.com\/sv\/foretagsinformation\/\",\"name\":\"F\u00f6retagsinformation - All4Labels Global Packaging Group \u2013 Connecting brands and consumers\",\"isPartOf\":{\"@id\":\"https:\/\/all4labels.com\/#website\"},\"datePublished\":\"2023-10-20T10:04:38+00:00\",\"dateModified\":\"2026-03-10T12:12:02+00:00\",\"breadcrumb\":{\"@id\":\"https:\/\/all4labels.com\/sv\/foretagsinformation\/#breadcrumb\"},\"inLanguage\":\"sv-SE\",\"potentialAction\":[{\"@type\":\"ReadAction\",\"target\":[\"https:\/\/all4labels.com\/sv\/foretagsinformation\/\"]}]},{\"@type\":\"BreadcrumbList\",\"@id\":\"https:\/\/all4labels.com\/sv\/foretagsinformation\/#breadcrumb\",\"itemListElement\":[{\"@type\":\"ListItem\",\"position\":1,\"name\":\"Home\",\"item\":\"https:\/\/all4labels.com\/sv\/\"},{\"@type\":\"ListItem\",\"position\":2,\"name\":\"F\u00f6retagsinformation\"}]},{\"@type\":\"WebSite\",\"@id\":\"https:\/\/all4labels.com\/#website\",\"url\":\"https:\/\/all4labels.com\/\",\"name\":\"All4Labels Global Packaging Group \u2013 Connecting brands and consumers\",\"description\":\"\",\"publisher\":{\"@id\":\"https:\/\/all4labels.com\/#organization\"},\"potentialAction\":[{\"@type\":\"SearchAction\",\"target\":{\"@type\":\"EntryPoint\",\"urlTemplate\":\"https:\/\/all4labels.com\/?s={search_term_string}\"},\"query-input\":{\"@type\":\"PropertyValueSpecification\",\"valueRequired\":true,\"valueName\":\"search_term_string\"}}],\"inLanguage\":\"sv-SE\"},{\"@type\":\"Organization\",\"@id\":\"https:\/\/all4labels.com\/#organization\",\"name\":\"All4Labels Global Packaging Group \u2013 Connecting brands and consumers\",\"url\":\"https:\/\/all4labels.com\/\",\"logo\":{\"@type\":\"ImageObject\",\"inLanguage\":\"sv-SE\",\"@id\":\"https:\/\/all4labels.com\/#\/schema\/logo\/image\/\",\"url\":\"https:\/\/all4labels.com\/wp-content\/uploads\/2020\/02\/all4labels-white.svg\",\"contentUrl\":\"https:\/\/all4labels.com\/wp-content\/uploads\/2020\/02\/all4labels-white.svg\",\"caption\":\"All4Labels Global Packaging Group \u2013 Connecting brands and consumers\"},\"image\":{\"@id\":\"https:\/\/all4labels.com\/#\/schema\/logo\/image\/\"}}]}<\/script>\n<!-- \/ Yoast SEO plugin. -->","yoast_head_json":{"title":"F\u00f6retagsinformation - All4Labels Global Packaging Group \u2013 Connecting brands and consumers","robots":{"index":"index","follow":"follow","max-snippet":"max-snippet:-1","max-image-preview":"max-image-preview:large","max-video-preview":"max-video-preview:-1"},"canonical":"https:\/\/all4labels.com\/sv\/foretagsinformation\/","og_locale":"sv_SE","og_type":"article","og_title":"F\u00f6retagsinformation - All4Labels Global Packaging Group \u2013 Connecting brands and consumers","og_description":"F\u00f6retagsinformation Leverant\u00f6r av webbplatsen All4Labels Group GmbH M\u00f6llner Landstrasse 15, 22969 Witzhave Germany E-Mail: info@all4labels.com Representerad av verkst\u00e4llande direkt\u00f6rerna: Evelyn Hartinger Matej Baran Guido Iannone Enrico Valeri Magnus Milatz Registerdomstol [&hellip;]","og_url":"https:\/\/all4labels.com\/sv\/foretagsinformation\/","og_site_name":"All4Labels Global Packaging Group \u2013 Connecting brands and consumers","article_modified_time":"2026-03-10T12:12:02+00:00","twitter_card":"summary_large_image","twitter_misc":{"Ber\u00e4knad l\u00e4stid":"2 minuter"},"schema":{"@context":"https:\/\/schema.org","@graph":[{"@type":"WebPage","@id":"https:\/\/all4labels.com\/sv\/foretagsinformation\/","url":"https:\/\/all4labels.com\/sv\/foretagsinformation\/","name":"F\u00f6retagsinformation - All4Labels Global Packaging Group \u2013 Connecting brands and consumers","isPartOf":{"@id":"https:\/\/all4labels.com\/#website"},"datePublished":"2023-10-20T10:04:38+00:00","dateModified":"2026-03-10T12:12:02+00:00","breadcrumb":{"@id":"https:\/\/all4labels.com\/sv\/foretagsinformation\/#breadcrumb"},"inLanguage":"sv-SE","potentialAction":[{"@type":"ReadAction","target":["https:\/\/all4labels.com\/sv\/foretagsinformation\/"]}]},{"@type":"BreadcrumbList","@id":"https:\/\/all4labels.com\/sv\/foretagsinformation\/#breadcrumb","itemListElement":[{"@type":"ListItem","position":1,"name":"Home","item":"https:\/\/all4labels.com\/sv\/"},{"@type":"ListItem","position":2,"name":"F\u00f6retagsinformation"}]},{"@type":"WebSite","@id":"https:\/\/all4labels.com\/#website","url":"https:\/\/all4labels.com\/","name":"All4Labels Global Packaging Group \u2013 Connecting brands and consumers","description":"","publisher":{"@id":"https:\/\/all4labels.com\/#organization"},"potentialAction":[{"@type":"SearchAction","target":{"@type":"EntryPoint","urlTemplate":"https:\/\/all4labels.com\/?s={search_term_string}"},"query-input":{"@type":"PropertyValueSpecification","valueRequired":true,"valueName":"search_term_string"}}],"inLanguage":"sv-SE"},{"@type":"Organization","@id":"https:\/\/all4labels.com\/#organization","name":"All4Labels Global Packaging Group \u2013 Connecting brands and consumers","url":"https:\/\/all4labels.com\/","logo":{"@type":"ImageObject","inLanguage":"sv-SE","@id":"https:\/\/all4labels.com\/#\/schema\/logo\/image\/","url":"https:\/\/all4labels.com\/wp-content\/uploads\/2020\/02\/all4labels-white.svg","contentUrl":"https:\/\/all4labels.com\/wp-content\/uploads\/2020\/02\/all4labels-white.svg","caption":"All4Labels Global Packaging Group \u2013 Connecting brands and consumers"},"image":{"@id":"https:\/\/all4labels.com\/#\/schema\/logo\/image\/"}}]}},"_links":{"self":[{"href":"https:\/\/all4labels.com\/sv\/wp-json\/wp\/v2\/pages\/34619","targetHints":{"allow":["GET"]}}],"collection":[{"href":"https:\/\/all4labels.com\/sv\/wp-json\/wp\/v2\/pages"}],"about":[{"href":"https:\/\/all4labels.com\/sv\/wp-json\/wp\/v2\/types\/page"}],"author":[{"embeddable":true,"href":"https:\/\/all4labels.com\/sv\/wp-json\/wp\/v2\/users\/10"}],"replies":[{"embeddable":true,"href":"https:\/\/all4labels.com\/sv\/wp-json\/wp\/v2\/comments?post=34619"}],"version-history":[{"count":12,"href":"https:\/\/all4labels.com\/sv\/wp-json\/wp\/v2\/pages\/34619\/revisions"}],"predecessor-version":[{"id":45723,"href":"https:\/\/all4labels.com\/sv\/wp-json\/wp\/v2\/pages\/34619\/revisions\/45723"}],"wp:attachment":[{"href":"https:\/\/all4labels.com\/sv\/wp-json\/wp\/v2\/media?parent=34619"}],"curies":[{"name":"wp","href":"https:\/\/api.w.org\/{rel}","templated":true}]}}