{"id":31928,"date":"2023-04-28T10:58:15","date_gmt":"2023-04-28T10:58:15","guid":{"rendered":"https:\/\/all4labels.com\/?page_id=31928"},"modified":"2023-04-28T13:57:40","modified_gmt":"2023-04-28T13:57:40","slug":"foretaget-test","status":"publish","type":"page","link":"https:\/\/all4labels.com\/sv\/foretaget-test\/","title":{"rendered":"F\u00f6retaget test"},"content":{"rendered":"<h6>PROFIL<\/h6>\n<h1>\u00d6verblick<\/h1>\n<p><strong>All4Labels med huvudkontor i Hamburg \u00e4r ett av v\u00e4rldens ledande etikettf\u00f6retag och en pionj\u00e4r inom h\u00e5llbara och digitala f\u00f6rpackningsl\u00f6sningar med specialisering p\u00e5 produkter f\u00f6r hem- och egenv\u00e5rd samt livsmedels- och dryckesmarknaden. <\/strong><\/p>\n<p><strong>Vi har erk\u00e4nts av v\u00e5ra kunder som en f\u00f6redragen leverant\u00f6r av tryckk\u00e4nsliga l\u00f6sningar, krymphylsor och s\u00e4kerhetsetiketter samt flexibla l\u00f6sningar. All4Labels har under en l\u00e5ng tid varit partner \u00e5t stora lokala och internationella f\u00f6retag i Europa, Latinamerika, Afrika och Kina.<\/strong><\/p>\n","protected":false},"excerpt":{"rendered":"<p>PROFIL \u00d6verblick All4Labels med huvudkontor i Hamburg \u00e4r ett av v\u00e4rldens ledande etikettf\u00f6retag och en pionj\u00e4r inom h\u00e5llbara och digitala f\u00f6rpackningsl\u00f6sningar med specialisering p\u00e5 produkter f\u00f6r hem- och egenv\u00e5rd samt [&hellip;]<\/p>\n","protected":false},"author":10,"featured_media":0,"parent":0,"menu_order":0,"comment_status":"closed","ping_status":"closed","template":"page-about.php","meta":{"_acf_changed":false,"footnotes":""},"class_list":["post-31928","page","type-page","status-publish","hentry"],"acf":[],"yoast_head":"<!-- This site is optimized with the Yoast SEO plugin v24.2 - https:\/\/yoast.com\/wordpress\/plugins\/seo\/ -->\n<title>F\u00f6retaget test - All4Labels Global Packaging Group \u2013 Connecting brands and consumers<\/title>\n<meta name=\"robots\" content=\"index, follow, max-snippet:-1, max-image-preview:large, max-video-preview:-1\" \/>\n<link rel=\"canonical\" href=\"https:\/\/all4labels.com\/sv\/foretaget-test\/\" \/>\n<meta property=\"og:locale\" content=\"sv_SE\" \/>\n<meta property=\"og:type\" content=\"article\" \/>\n<meta property=\"og:title\" content=\"F\u00f6retaget test - All4Labels Global Packaging Group \u2013 Connecting brands and consumers\" \/>\n<meta property=\"og:description\" content=\"PROFIL \u00d6verblick All4Labels med huvudkontor i Hamburg \u00e4r ett av v\u00e4rldens ledande etikettf\u00f6retag och en pionj\u00e4r inom h\u00e5llbara och digitala f\u00f6rpackningsl\u00f6sningar med specialisering p\u00e5 produkter f\u00f6r hem- och egenv\u00e5rd samt [&hellip;]\" \/>\n<meta property=\"og:url\" content=\"https:\/\/all4labels.com\/sv\/foretaget-test\/\" \/>\n<meta property=\"og:site_name\" content=\"All4Labels Global Packaging Group \u2013 Connecting brands and consumers\" \/>\n<meta property=\"article:modified_time\" content=\"2023-04-28T13:57:40+00:00\" \/>\n<meta name=\"twitter:card\" content=\"summary_large_image\" \/>\n<meta name=\"twitter:label1\" content=\"Ber\u00e4knad l\u00e4stid\" \/>\n\t<meta name=\"twitter:data1\" content=\"1 minut\" \/>\n<script type=\"application\/ld+json\" class=\"yoast-schema-graph\">{\"@context\":\"https:\/\/schema.org\",\"@graph\":[{\"@type\":\"WebPage\",\"@id\":\"https:\/\/all4labels.com\/sv\/foretaget-test\/\",\"url\":\"https:\/\/all4labels.com\/sv\/foretaget-test\/\",\"name\":\"F\u00f6retaget test - All4Labels Global Packaging Group \u2013 Connecting brands and consumers\",\"isPartOf\":{\"@id\":\"https:\/\/all4labels.com\/#website\"},\"datePublished\":\"2023-04-28T10:58:15+00:00\",\"dateModified\":\"2023-04-28T13:57:40+00:00\",\"breadcrumb\":{\"@id\":\"https:\/\/all4labels.com\/sv\/foretaget-test\/#breadcrumb\"},\"inLanguage\":\"sv-SE\",\"potentialAction\":[{\"@type\":\"ReadAction\",\"target\":[\"https:\/\/all4labels.com\/sv\/foretaget-test\/\"]}]},{\"@type\":\"BreadcrumbList\",\"@id\":\"https:\/\/all4labels.com\/sv\/foretaget-test\/#breadcrumb\",\"itemListElement\":[{\"@type\":\"ListItem\",\"position\":1,\"name\":\"Home\",\"item\":\"https:\/\/all4labels.com\/sv\/\"},{\"@type\":\"ListItem\",\"position\":2,\"name\":\"F\u00f6retaget test\"}]},{\"@type\":\"WebSite\",\"@id\":\"https:\/\/all4labels.com\/#website\",\"url\":\"https:\/\/all4labels.com\/\",\"name\":\"All4Labels Global Packaging Group \u2013 Connecting brands and consumers\",\"description\":\"\",\"publisher\":{\"@id\":\"https:\/\/all4labels.com\/#organization\"},\"potentialAction\":[{\"@type\":\"SearchAction\",\"target\":{\"@type\":\"EntryPoint\",\"urlTemplate\":\"https:\/\/all4labels.com\/?s={search_term_string}\"},\"query-input\":{\"@type\":\"PropertyValueSpecification\",\"valueRequired\":true,\"valueName\":\"search_term_string\"}}],\"inLanguage\":\"sv-SE\"},{\"@type\":\"Organization\",\"@id\":\"https:\/\/all4labels.com\/#organization\",\"name\":\"All4Labels Global Packaging Group \u2013 Connecting brands and consumers\",\"url\":\"https:\/\/all4labels.com\/\",\"logo\":{\"@type\":\"ImageObject\",\"inLanguage\":\"sv-SE\",\"@id\":\"https:\/\/all4labels.com\/#\/schema\/logo\/image\/\",\"url\":\"https:\/\/all4labels.com\/wp-content\/uploads\/2020\/02\/all4labels-white.svg\",\"contentUrl\":\"https:\/\/all4labels.com\/wp-content\/uploads\/2020\/02\/all4labels-white.svg\",\"caption\":\"All4Labels Global Packaging Group \u2013 Connecting brands and consumers\"},\"image\":{\"@id\":\"https:\/\/all4labels.com\/#\/schema\/logo\/image\/\"}}]}<\/script>\n<!-- \/ Yoast SEO plugin. -->","yoast_head_json":{"title":"F\u00f6retaget test - All4Labels Global Packaging Group \u2013 Connecting brands and consumers","robots":{"index":"index","follow":"follow","max-snippet":"max-snippet:-1","max-image-preview":"max-image-preview:large","max-video-preview":"max-video-preview:-1"},"canonical":"https:\/\/all4labels.com\/sv\/foretaget-test\/","og_locale":"sv_SE","og_type":"article","og_title":"F\u00f6retaget test - All4Labels Global Packaging Group \u2013 Connecting brands and consumers","og_description":"PROFIL \u00d6verblick All4Labels med huvudkontor i Hamburg \u00e4r ett av v\u00e4rldens ledande etikettf\u00f6retag och en pionj\u00e4r inom h\u00e5llbara och digitala f\u00f6rpackningsl\u00f6sningar med specialisering p\u00e5 produkter f\u00f6r hem- och egenv\u00e5rd samt [&hellip;]","og_url":"https:\/\/all4labels.com\/sv\/foretaget-test\/","og_site_name":"All4Labels Global Packaging Group \u2013 Connecting brands and consumers","article_modified_time":"2023-04-28T13:57:40+00:00","twitter_card":"summary_large_image","twitter_misc":{"Ber\u00e4knad l\u00e4stid":"1 minut"},"schema":{"@context":"https:\/\/schema.org","@graph":[{"@type":"WebPage","@id":"https:\/\/all4labels.com\/sv\/foretaget-test\/","url":"https:\/\/all4labels.com\/sv\/foretaget-test\/","name":"F\u00f6retaget test - All4Labels Global Packaging Group \u2013 Connecting brands and consumers","isPartOf":{"@id":"https:\/\/all4labels.com\/#website"},"datePublished":"2023-04-28T10:58:15+00:00","dateModified":"2023-04-28T13:57:40+00:00","breadcrumb":{"@id":"https:\/\/all4labels.com\/sv\/foretaget-test\/#breadcrumb"},"inLanguage":"sv-SE","potentialAction":[{"@type":"ReadAction","target":["https:\/\/all4labels.com\/sv\/foretaget-test\/"]}]},{"@type":"BreadcrumbList","@id":"https:\/\/all4labels.com\/sv\/foretaget-test\/#breadcrumb","itemListElement":[{"@type":"ListItem","position":1,"name":"Home","item":"https:\/\/all4labels.com\/sv\/"},{"@type":"ListItem","position":2,"name":"F\u00f6retaget test"}]},{"@type":"WebSite","@id":"https:\/\/all4labels.com\/#website","url":"https:\/\/all4labels.com\/","name":"All4Labels Global Packaging Group \u2013 Connecting brands and consumers","description":"","publisher":{"@id":"https:\/\/all4labels.com\/#organization"},"potentialAction":[{"@type":"SearchAction","target":{"@type":"EntryPoint","urlTemplate":"https:\/\/all4labels.com\/?s={search_term_string}"},"query-input":{"@type":"PropertyValueSpecification","valueRequired":true,"valueName":"search_term_string"}}],"inLanguage":"sv-SE"},{"@type":"Organization","@id":"https:\/\/all4labels.com\/#organization","name":"All4Labels Global Packaging Group \u2013 Connecting brands and consumers","url":"https:\/\/all4labels.com\/","logo":{"@type":"ImageObject","inLanguage":"sv-SE","@id":"https:\/\/all4labels.com\/#\/schema\/logo\/image\/","url":"https:\/\/all4labels.com\/wp-content\/uploads\/2020\/02\/all4labels-white.svg","contentUrl":"https:\/\/all4labels.com\/wp-content\/uploads\/2020\/02\/all4labels-white.svg","caption":"All4Labels Global Packaging Group \u2013 Connecting brands and consumers"},"image":{"@id":"https:\/\/all4labels.com\/#\/schema\/logo\/image\/"}}]}},"_links":{"self":[{"href":"https:\/\/all4labels.com\/sv\/wp-json\/wp\/v2\/pages\/31928","targetHints":{"allow":["GET"]}}],"collection":[{"href":"https:\/\/all4labels.com\/sv\/wp-json\/wp\/v2\/pages"}],"about":[{"href":"https:\/\/all4labels.com\/sv\/wp-json\/wp\/v2\/types\/page"}],"author":[{"embeddable":true,"href":"https:\/\/all4labels.com\/sv\/wp-json\/wp\/v2\/users\/10"}],"replies":[{"embeddable":true,"href":"https:\/\/all4labels.com\/sv\/wp-json\/wp\/v2\/comments?post=31928"}],"version-history":[{"count":2,"href":"https:\/\/all4labels.com\/sv\/wp-json\/wp\/v2\/pages\/31928\/revisions"}],"predecessor-version":[{"id":31934,"href":"https:\/\/all4labels.com\/sv\/wp-json\/wp\/v2\/pages\/31928\/revisions\/31934"}],"wp:attachment":[{"href":"https:\/\/all4labels.com\/sv\/wp-json\/wp\/v2\/media?parent=31928"}],"curies":[{"name":"wp","href":"https:\/\/api.w.org\/{rel}","templated":true}]}}