{"id":21434,"date":"2021-02-16T08:47:49","date_gmt":"2021-02-16T08:47:49","guid":{"rendered":"https:\/\/all4labels.com\/ansvarighet\/compliance\/"},"modified":"2026-03-27T14:33:19","modified_gmt":"2026-03-27T14:33:19","slug":"compliance","status":"publish","type":"page","link":"https:\/\/all4labels.com\/sv\/ansvarighet\/compliance\/","title":{"rendered":"Compliance"},"content":{"rendered":"<h1>Compliance<\/h1>\n<p>Compliance \u2013 ansvarsfullt entrepren\u00f6rskap i enlighet med lagar, regler och f\u00f6rordningar i l\u00e4nderna som vi \u00e4r verksamma i samt v\u00e5ra principer f\u00f6r aff\u00e4rer och uppf\u00f6rande \u2013 \u00e4r av stor betydelse f\u00f6r All4Labels Global Packaging Group.<\/p>\n<p>F\u00f6r oss inneb\u00e4r emellertid compliance mer \u00e4n bara efterlevnad av r\u00e4ttsliga best\u00e4mmelser. Vi str\u00e4var alltid efter att agera i enlighet med v\u00e5ra v\u00e4rderingar avseende mod, ansvar, respekt, integritet och \u00f6ppenhet.<\/p>\n","protected":false},"excerpt":{"rendered":"<p>Compliance Compliance \u2013 ansvarsfullt entrepren\u00f6rskap i enlighet med lagar, regler och f\u00f6rordningar i l\u00e4nderna som vi \u00e4r verksamma i samt v\u00e5ra principer f\u00f6r aff\u00e4rer och uppf\u00f6rande \u2013 \u00e4r av stor [&hellip;]<\/p>\n","protected":false},"author":1,"featured_media":24577,"parent":21423,"menu_order":0,"comment_status":"closed","ping_status":"closed","template":"page-compliance.php","meta":{"_acf_changed":false,"footnotes":""},"class_list":["post-21434","page","type-page","status-publish","has-post-thumbnail","hentry"],"acf":[],"yoast_head":"<!-- This site is optimized with the Yoast SEO plugin v24.2 - https:\/\/yoast.com\/wordpress\/plugins\/seo\/ -->\n<title>Compliance - All4Labels Global Packaging Group \u2013 Connecting brands and consumers<\/title>\n<meta name=\"robots\" content=\"index, follow, max-snippet:-1, max-image-preview:large, max-video-preview:-1\" \/>\n<link rel=\"canonical\" href=\"https:\/\/all4labels.com\/sv\/ansvarighet\/compliance\/\" \/>\n<meta property=\"og:locale\" content=\"sv_SE\" \/>\n<meta property=\"og:type\" content=\"article\" \/>\n<meta property=\"og:title\" content=\"Compliance - All4Labels Global Packaging Group \u2013 Connecting brands and consumers\" \/>\n<meta property=\"og:description\" content=\"Compliance Compliance \u2013 ansvarsfullt entrepren\u00f6rskap i enlighet med lagar, regler och f\u00f6rordningar i l\u00e4nderna som vi \u00e4r verksamma i samt v\u00e5ra principer f\u00f6r aff\u00e4rer och uppf\u00f6rande \u2013 \u00e4r av stor [&hellip;]\" \/>\n<meta property=\"og:url\" content=\"https:\/\/all4labels.com\/sv\/ansvarighet\/compliance\/\" \/>\n<meta property=\"og:site_name\" content=\"All4Labels Global Packaging Group \u2013 Connecting brands and consumers\" \/>\n<meta property=\"article:modified_time\" content=\"2026-03-27T14:33:19+00:00\" \/>\n<meta property=\"og:image\" content=\"https:\/\/all4labels.com\/wp-content\/uploads\/2021\/02\/afl_compliance_header.jpg\" \/>\n\t<meta property=\"og:image:width\" content=\"1920\" \/>\n\t<meta property=\"og:image:height\" content=\"1280\" \/>\n\t<meta property=\"og:image:type\" content=\"image\/jpeg\" \/>\n<meta name=\"twitter:card\" content=\"summary_large_image\" \/>\n<meta name=\"twitter:label1\" content=\"Ber\u00e4knad l\u00e4stid\" \/>\n\t<meta name=\"twitter:data1\" content=\"1 minut\" \/>\n<script type=\"application\/ld+json\" class=\"yoast-schema-graph\">{\"@context\":\"https:\/\/schema.org\",\"@graph\":[{\"@type\":\"WebPage\",\"@id\":\"https:\/\/all4labels.com\/sv\/ansvarighet\/compliance\/\",\"url\":\"https:\/\/all4labels.com\/sv\/ansvarighet\/compliance\/\",\"name\":\"Compliance - All4Labels Global Packaging Group \u2013 Connecting brands and consumers\",\"isPartOf\":{\"@id\":\"https:\/\/all4labels.com\/#website\"},\"primaryImageOfPage\":{\"@id\":\"https:\/\/all4labels.com\/sv\/ansvarighet\/compliance\/#primaryimage\"},\"image\":{\"@id\":\"https:\/\/all4labels.com\/sv\/ansvarighet\/compliance\/#primaryimage\"},\"thumbnailUrl\":\"https:\/\/all4labels.com\/wp-content\/uploads\/2021\/02\/afl_compliance_header.jpg\",\"datePublished\":\"2021-02-16T08:47:49+00:00\",\"dateModified\":\"2026-03-27T14:33:19+00:00\",\"breadcrumb\":{\"@id\":\"https:\/\/all4labels.com\/sv\/ansvarighet\/compliance\/#breadcrumb\"},\"inLanguage\":\"sv-SE\",\"potentialAction\":[{\"@type\":\"ReadAction\",\"target\":[\"https:\/\/all4labels.com\/sv\/ansvarighet\/compliance\/\"]}]},{\"@type\":\"ImageObject\",\"inLanguage\":\"sv-SE\",\"@id\":\"https:\/\/all4labels.com\/sv\/ansvarighet\/compliance\/#primaryimage\",\"url\":\"https:\/\/all4labels.com\/wp-content\/uploads\/2021\/02\/afl_compliance_header.jpg\",\"contentUrl\":\"https:\/\/all4labels.com\/wp-content\/uploads\/2021\/02\/afl_compliance_header.jpg\",\"width\":1920,\"height\":1280},{\"@type\":\"BreadcrumbList\",\"@id\":\"https:\/\/all4labels.com\/sv\/ansvarighet\/compliance\/#breadcrumb\",\"itemListElement\":[{\"@type\":\"ListItem\",\"position\":1,\"name\":\"Home\",\"item\":\"https:\/\/all4labels.com\/sv\/\"},{\"@type\":\"ListItem\",\"position\":2,\"name\":\"Ansvarighet\",\"item\":\"https:\/\/all4labels.com\/sv\/ansvarighet\/\"},{\"@type\":\"ListItem\",\"position\":3,\"name\":\"Compliance\"}]},{\"@type\":\"WebSite\",\"@id\":\"https:\/\/all4labels.com\/#website\",\"url\":\"https:\/\/all4labels.com\/\",\"name\":\"All4Labels Global Packaging Group \u2013 Connecting brands and consumers\",\"description\":\"\",\"publisher\":{\"@id\":\"https:\/\/all4labels.com\/#organization\"},\"potentialAction\":[{\"@type\":\"SearchAction\",\"target\":{\"@type\":\"EntryPoint\",\"urlTemplate\":\"https:\/\/all4labels.com\/?s={search_term_string}\"},\"query-input\":{\"@type\":\"PropertyValueSpecification\",\"valueRequired\":true,\"valueName\":\"search_term_string\"}}],\"inLanguage\":\"sv-SE\"},{\"@type\":\"Organization\",\"@id\":\"https:\/\/all4labels.com\/#organization\",\"name\":\"All4Labels Global Packaging Group \u2013 Connecting brands and consumers\",\"url\":\"https:\/\/all4labels.com\/\",\"logo\":{\"@type\":\"ImageObject\",\"inLanguage\":\"sv-SE\",\"@id\":\"https:\/\/all4labels.com\/#\/schema\/logo\/image\/\",\"url\":\"https:\/\/all4labels.com\/wp-content\/uploads\/2020\/02\/all4labels-white.svg\",\"contentUrl\":\"https:\/\/all4labels.com\/wp-content\/uploads\/2020\/02\/all4labels-white.svg\",\"caption\":\"All4Labels Global Packaging Group \u2013 Connecting brands and consumers\"},\"image\":{\"@id\":\"https:\/\/all4labels.com\/#\/schema\/logo\/image\/\"}}]}<\/script>\n<!-- \/ Yoast SEO plugin. -->","yoast_head_json":{"title":"Compliance - All4Labels Global Packaging Group \u2013 Connecting brands and consumers","robots":{"index":"index","follow":"follow","max-snippet":"max-snippet:-1","max-image-preview":"max-image-preview:large","max-video-preview":"max-video-preview:-1"},"canonical":"https:\/\/all4labels.com\/sv\/ansvarighet\/compliance\/","og_locale":"sv_SE","og_type":"article","og_title":"Compliance - All4Labels Global Packaging Group \u2013 Connecting brands and consumers","og_description":"Compliance Compliance \u2013 ansvarsfullt entrepren\u00f6rskap i enlighet med lagar, regler och f\u00f6rordningar i l\u00e4nderna som vi \u00e4r verksamma i samt v\u00e5ra principer f\u00f6r aff\u00e4rer och uppf\u00f6rande \u2013 \u00e4r av stor [&hellip;]","og_url":"https:\/\/all4labels.com\/sv\/ansvarighet\/compliance\/","og_site_name":"All4Labels Global Packaging Group \u2013 Connecting brands and consumers","article_modified_time":"2026-03-27T14:33:19+00:00","og_image":[{"width":1920,"height":1280,"url":"https:\/\/all4labels.com\/wp-content\/uploads\/2021\/02\/afl_compliance_header.jpg","type":"image\/jpeg"}],"twitter_card":"summary_large_image","twitter_misc":{"Ber\u00e4knad l\u00e4stid":"1 minut"},"schema":{"@context":"https:\/\/schema.org","@graph":[{"@type":"WebPage","@id":"https:\/\/all4labels.com\/sv\/ansvarighet\/compliance\/","url":"https:\/\/all4labels.com\/sv\/ansvarighet\/compliance\/","name":"Compliance - All4Labels Global Packaging Group \u2013 Connecting brands and consumers","isPartOf":{"@id":"https:\/\/all4labels.com\/#website"},"primaryImageOfPage":{"@id":"https:\/\/all4labels.com\/sv\/ansvarighet\/compliance\/#primaryimage"},"image":{"@id":"https:\/\/all4labels.com\/sv\/ansvarighet\/compliance\/#primaryimage"},"thumbnailUrl":"https:\/\/all4labels.com\/wp-content\/uploads\/2021\/02\/afl_compliance_header.jpg","datePublished":"2021-02-16T08:47:49+00:00","dateModified":"2026-03-27T14:33:19+00:00","breadcrumb":{"@id":"https:\/\/all4labels.com\/sv\/ansvarighet\/compliance\/#breadcrumb"},"inLanguage":"sv-SE","potentialAction":[{"@type":"ReadAction","target":["https:\/\/all4labels.com\/sv\/ansvarighet\/compliance\/"]}]},{"@type":"ImageObject","inLanguage":"sv-SE","@id":"https:\/\/all4labels.com\/sv\/ansvarighet\/compliance\/#primaryimage","url":"https:\/\/all4labels.com\/wp-content\/uploads\/2021\/02\/afl_compliance_header.jpg","contentUrl":"https:\/\/all4labels.com\/wp-content\/uploads\/2021\/02\/afl_compliance_header.jpg","width":1920,"height":1280},{"@type":"BreadcrumbList","@id":"https:\/\/all4labels.com\/sv\/ansvarighet\/compliance\/#breadcrumb","itemListElement":[{"@type":"ListItem","position":1,"name":"Home","item":"https:\/\/all4labels.com\/sv\/"},{"@type":"ListItem","position":2,"name":"Ansvarighet","item":"https:\/\/all4labels.com\/sv\/ansvarighet\/"},{"@type":"ListItem","position":3,"name":"Compliance"}]},{"@type":"WebSite","@id":"https:\/\/all4labels.com\/#website","url":"https:\/\/all4labels.com\/","name":"All4Labels Global Packaging Group \u2013 Connecting brands and consumers","description":"","publisher":{"@id":"https:\/\/all4labels.com\/#organization"},"potentialAction":[{"@type":"SearchAction","target":{"@type":"EntryPoint","urlTemplate":"https:\/\/all4labels.com\/?s={search_term_string}"},"query-input":{"@type":"PropertyValueSpecification","valueRequired":true,"valueName":"search_term_string"}}],"inLanguage":"sv-SE"},{"@type":"Organization","@id":"https:\/\/all4labels.com\/#organization","name":"All4Labels Global Packaging Group \u2013 Connecting brands and consumers","url":"https:\/\/all4labels.com\/","logo":{"@type":"ImageObject","inLanguage":"sv-SE","@id":"https:\/\/all4labels.com\/#\/schema\/logo\/image\/","url":"https:\/\/all4labels.com\/wp-content\/uploads\/2020\/02\/all4labels-white.svg","contentUrl":"https:\/\/all4labels.com\/wp-content\/uploads\/2020\/02\/all4labels-white.svg","caption":"All4Labels Global Packaging Group \u2013 Connecting brands and consumers"},"image":{"@id":"https:\/\/all4labels.com\/#\/schema\/logo\/image\/"}}]}},"_links":{"self":[{"href":"https:\/\/all4labels.com\/sv\/wp-json\/wp\/v2\/pages\/21434","targetHints":{"allow":["GET"]}}],"collection":[{"href":"https:\/\/all4labels.com\/sv\/wp-json\/wp\/v2\/pages"}],"about":[{"href":"https:\/\/all4labels.com\/sv\/wp-json\/wp\/v2\/types\/page"}],"author":[{"embeddable":true,"href":"https:\/\/all4labels.com\/sv\/wp-json\/wp\/v2\/users\/1"}],"replies":[{"embeddable":true,"href":"https:\/\/all4labels.com\/sv\/wp-json\/wp\/v2\/comments?post=21434"}],"version-history":[{"count":10,"href":"https:\/\/all4labels.com\/sv\/wp-json\/wp\/v2\/pages\/21434\/revisions"}],"predecessor-version":[{"id":46175,"href":"https:\/\/all4labels.com\/sv\/wp-json\/wp\/v2\/pages\/21434\/revisions\/46175"}],"up":[{"embeddable":true,"href":"https:\/\/all4labels.com\/sv\/wp-json\/wp\/v2\/pages\/21423"}],"wp:featuredmedia":[{"embeddable":true,"href":"https:\/\/all4labels.com\/sv\/wp-json\/wp\/v2\/media\/24577"}],"wp:attachment":[{"href":"https:\/\/all4labels.com\/sv\/wp-json\/wp\/v2\/media?parent=21434"}],"curies":[{"name":"wp","href":"https:\/\/api.w.org\/{rel}","templated":true}]}}