{"id":21423,"date":"2020-03-24T10:37:18","date_gmt":"2020-03-24T10:37:18","guid":{"rendered":"https:\/\/all4labels.com\/responsibility\/"},"modified":"2024-03-12T09:59:40","modified_gmt":"2024-03-12T09:59:40","slug":"ansvarighet","status":"publish","type":"page","link":"https:\/\/all4labels.com\/sv\/ansvarighet\/","title":{"rendered":"Ansvarighet"},"content":{"rendered":"<h1>Vi tar hand<br \/>\nom framtiden<\/h1>\n<p class=\"p1\"><strong><span class=\"s1\">Vi f\u00f6rst\u00e5r att v\u00e5r verksamhet p\u00e5verkar milj\u00f6n, m\u00e4nniskorna och samh\u00e4llena som vi arbetar med. D\u00e4rf\u00f6r str\u00e4var vi efter att vara en fram\u00e5tblickande ansvarig \u00e4gare och partner \u00e5t alla intressenter som vi arbetar med inklusive v\u00e5ra medarbetare, kunder, leverant\u00f6rer och samh\u00e4llet i stort.<\/span><\/strong><\/p>\n","protected":false},"excerpt":{"rendered":"<p>Vi tar hand om framtiden Vi f\u00f6rst\u00e5r att v\u00e5r verksamhet p\u00e5verkar milj\u00f6n, m\u00e4nniskorna och samh\u00e4llena som vi arbetar med. D\u00e4rf\u00f6r str\u00e4var vi efter att vara en fram\u00e5tblickande ansvarig \u00e4gare och [&hellip;]<\/p>\n","protected":false},"author":1,"featured_media":5445,"parent":0,"menu_order":0,"comment_status":"closed","ping_status":"closed","template":"page-responsibility.php","meta":{"_acf_changed":false,"footnotes":""},"class_list":["post-21423","page","type-page","status-publish","has-post-thumbnail","hentry"],"acf":[],"yoast_head":"<!-- This site is optimized with the Yoast SEO plugin v24.2 - https:\/\/yoast.com\/wordpress\/plugins\/seo\/ -->\n<title>Ansvarighet - All4Labels Global Packaging Group \u2013 Connecting brands and consumers<\/title>\n<meta name=\"robots\" content=\"index, follow, max-snippet:-1, max-image-preview:large, max-video-preview:-1\" \/>\n<link rel=\"canonical\" href=\"https:\/\/all4labels.com\/sv\/ansvarighet\/\" \/>\n<meta property=\"og:locale\" content=\"sv_SE\" \/>\n<meta property=\"og:type\" content=\"article\" \/>\n<meta property=\"og:title\" content=\"Ansvarighet - All4Labels Global Packaging Group \u2013 Connecting brands and consumers\" \/>\n<meta property=\"og:description\" content=\"Vi tar hand om framtiden Vi f\u00f6rst\u00e5r att v\u00e5r verksamhet p\u00e5verkar milj\u00f6n, m\u00e4nniskorna och samh\u00e4llena som vi arbetar med. D\u00e4rf\u00f6r str\u00e4var vi efter att vara en fram\u00e5tblickande ansvarig \u00e4gare och [&hellip;]\" \/>\n<meta property=\"og:url\" content=\"https:\/\/all4labels.com\/sv\/ansvarighet\/\" \/>\n<meta property=\"og:site_name\" content=\"All4Labels Global Packaging Group \u2013 Connecting brands and consumers\" \/>\n<meta property=\"article:modified_time\" content=\"2024-03-12T09:59:40+00:00\" \/>\n<meta property=\"og:image\" content=\"https:\/\/all4labels.com\/wp-content\/uploads\/2021\/02\/all4labels_home_responsibility-scaled.jpg\" \/>\n\t<meta property=\"og:image:width\" content=\"2560\" \/>\n\t<meta property=\"og:image:height\" content=\"1590\" \/>\n\t<meta property=\"og:image:type\" content=\"image\/jpeg\" \/>\n<meta name=\"twitter:card\" content=\"summary_large_image\" \/>\n<meta name=\"twitter:label1\" content=\"Ber\u00e4knad l\u00e4stid\" \/>\n\t<meta name=\"twitter:data1\" content=\"1 minut\" \/>\n<script type=\"application\/ld+json\" class=\"yoast-schema-graph\">{\"@context\":\"https:\/\/schema.org\",\"@graph\":[{\"@type\":\"WebPage\",\"@id\":\"https:\/\/all4labels.com\/sv\/ansvarighet\/\",\"url\":\"https:\/\/all4labels.com\/sv\/ansvarighet\/\",\"name\":\"Ansvarighet - All4Labels Global Packaging Group \u2013 Connecting brands and consumers\",\"isPartOf\":{\"@id\":\"https:\/\/all4labels.com\/#website\"},\"primaryImageOfPage\":{\"@id\":\"https:\/\/all4labels.com\/sv\/ansvarighet\/#primaryimage\"},\"image\":{\"@id\":\"https:\/\/all4labels.com\/sv\/ansvarighet\/#primaryimage\"},\"thumbnailUrl\":\"https:\/\/all4labels.com\/wp-content\/uploads\/2021\/02\/all4labels_home_responsibility-scaled.jpg\",\"datePublished\":\"2020-03-24T10:37:18+00:00\",\"dateModified\":\"2024-03-12T09:59:40+00:00\",\"breadcrumb\":{\"@id\":\"https:\/\/all4labels.com\/sv\/ansvarighet\/#breadcrumb\"},\"inLanguage\":\"sv-SE\",\"potentialAction\":[{\"@type\":\"ReadAction\",\"target\":[\"https:\/\/all4labels.com\/sv\/ansvarighet\/\"]}]},{\"@type\":\"ImageObject\",\"inLanguage\":\"sv-SE\",\"@id\":\"https:\/\/all4labels.com\/sv\/ansvarighet\/#primaryimage\",\"url\":\"https:\/\/all4labels.com\/wp-content\/uploads\/2021\/02\/all4labels_home_responsibility-scaled.jpg\",\"contentUrl\":\"https:\/\/all4labels.com\/wp-content\/uploads\/2021\/02\/all4labels_home_responsibility-scaled.jpg\",\"width\":2560,\"height\":1590},{\"@type\":\"BreadcrumbList\",\"@id\":\"https:\/\/all4labels.com\/sv\/ansvarighet\/#breadcrumb\",\"itemListElement\":[{\"@type\":\"ListItem\",\"position\":1,\"name\":\"Home\",\"item\":\"https:\/\/all4labels.com\/sv\/\"},{\"@type\":\"ListItem\",\"position\":2,\"name\":\"Ansvarighet\"}]},{\"@type\":\"WebSite\",\"@id\":\"https:\/\/all4labels.com\/#website\",\"url\":\"https:\/\/all4labels.com\/\",\"name\":\"All4Labels Global Packaging Group \u2013 Connecting brands and consumers\",\"description\":\"\",\"publisher\":{\"@id\":\"https:\/\/all4labels.com\/#organization\"},\"potentialAction\":[{\"@type\":\"SearchAction\",\"target\":{\"@type\":\"EntryPoint\",\"urlTemplate\":\"https:\/\/all4labels.com\/?s={search_term_string}\"},\"query-input\":{\"@type\":\"PropertyValueSpecification\",\"valueRequired\":true,\"valueName\":\"search_term_string\"}}],\"inLanguage\":\"sv-SE\"},{\"@type\":\"Organization\",\"@id\":\"https:\/\/all4labels.com\/#organization\",\"name\":\"All4Labels Global Packaging Group \u2013 Connecting brands and consumers\",\"url\":\"https:\/\/all4labels.com\/\",\"logo\":{\"@type\":\"ImageObject\",\"inLanguage\":\"sv-SE\",\"@id\":\"https:\/\/all4labels.com\/#\/schema\/logo\/image\/\",\"url\":\"https:\/\/all4labels.com\/wp-content\/uploads\/2020\/02\/all4labels-white.svg\",\"contentUrl\":\"https:\/\/all4labels.com\/wp-content\/uploads\/2020\/02\/all4labels-white.svg\",\"caption\":\"All4Labels Global Packaging Group \u2013 Connecting brands and consumers\"},\"image\":{\"@id\":\"https:\/\/all4labels.com\/#\/schema\/logo\/image\/\"}}]}<\/script>\n<!-- \/ Yoast SEO plugin. -->","yoast_head_json":{"title":"Ansvarighet - All4Labels Global Packaging Group \u2013 Connecting brands and consumers","robots":{"index":"index","follow":"follow","max-snippet":"max-snippet:-1","max-image-preview":"max-image-preview:large","max-video-preview":"max-video-preview:-1"},"canonical":"https:\/\/all4labels.com\/sv\/ansvarighet\/","og_locale":"sv_SE","og_type":"article","og_title":"Ansvarighet - All4Labels Global Packaging Group \u2013 Connecting brands and consumers","og_description":"Vi tar hand om framtiden Vi f\u00f6rst\u00e5r att v\u00e5r verksamhet p\u00e5verkar milj\u00f6n, m\u00e4nniskorna och samh\u00e4llena som vi arbetar med. D\u00e4rf\u00f6r str\u00e4var vi efter att vara en fram\u00e5tblickande ansvarig \u00e4gare och [&hellip;]","og_url":"https:\/\/all4labels.com\/sv\/ansvarighet\/","og_site_name":"All4Labels Global Packaging Group \u2013 Connecting brands and consumers","article_modified_time":"2024-03-12T09:59:40+00:00","og_image":[{"width":2560,"height":1590,"url":"https:\/\/all4labels.com\/wp-content\/uploads\/2021\/02\/all4labels_home_responsibility-scaled.jpg","type":"image\/jpeg"}],"twitter_card":"summary_large_image","twitter_misc":{"Ber\u00e4knad l\u00e4stid":"1 minut"},"schema":{"@context":"https:\/\/schema.org","@graph":[{"@type":"WebPage","@id":"https:\/\/all4labels.com\/sv\/ansvarighet\/","url":"https:\/\/all4labels.com\/sv\/ansvarighet\/","name":"Ansvarighet - All4Labels Global Packaging Group \u2013 Connecting brands and consumers","isPartOf":{"@id":"https:\/\/all4labels.com\/#website"},"primaryImageOfPage":{"@id":"https:\/\/all4labels.com\/sv\/ansvarighet\/#primaryimage"},"image":{"@id":"https:\/\/all4labels.com\/sv\/ansvarighet\/#primaryimage"},"thumbnailUrl":"https:\/\/all4labels.com\/wp-content\/uploads\/2021\/02\/all4labels_home_responsibility-scaled.jpg","datePublished":"2020-03-24T10:37:18+00:00","dateModified":"2024-03-12T09:59:40+00:00","breadcrumb":{"@id":"https:\/\/all4labels.com\/sv\/ansvarighet\/#breadcrumb"},"inLanguage":"sv-SE","potentialAction":[{"@type":"ReadAction","target":["https:\/\/all4labels.com\/sv\/ansvarighet\/"]}]},{"@type":"ImageObject","inLanguage":"sv-SE","@id":"https:\/\/all4labels.com\/sv\/ansvarighet\/#primaryimage","url":"https:\/\/all4labels.com\/wp-content\/uploads\/2021\/02\/all4labels_home_responsibility-scaled.jpg","contentUrl":"https:\/\/all4labels.com\/wp-content\/uploads\/2021\/02\/all4labels_home_responsibility-scaled.jpg","width":2560,"height":1590},{"@type":"BreadcrumbList","@id":"https:\/\/all4labels.com\/sv\/ansvarighet\/#breadcrumb","itemListElement":[{"@type":"ListItem","position":1,"name":"Home","item":"https:\/\/all4labels.com\/sv\/"},{"@type":"ListItem","position":2,"name":"Ansvarighet"}]},{"@type":"WebSite","@id":"https:\/\/all4labels.com\/#website","url":"https:\/\/all4labels.com\/","name":"All4Labels Global Packaging Group \u2013 Connecting brands and consumers","description":"","publisher":{"@id":"https:\/\/all4labels.com\/#organization"},"potentialAction":[{"@type":"SearchAction","target":{"@type":"EntryPoint","urlTemplate":"https:\/\/all4labels.com\/?s={search_term_string}"},"query-input":{"@type":"PropertyValueSpecification","valueRequired":true,"valueName":"search_term_string"}}],"inLanguage":"sv-SE"},{"@type":"Organization","@id":"https:\/\/all4labels.com\/#organization","name":"All4Labels Global Packaging Group \u2013 Connecting brands and consumers","url":"https:\/\/all4labels.com\/","logo":{"@type":"ImageObject","inLanguage":"sv-SE","@id":"https:\/\/all4labels.com\/#\/schema\/logo\/image\/","url":"https:\/\/all4labels.com\/wp-content\/uploads\/2020\/02\/all4labels-white.svg","contentUrl":"https:\/\/all4labels.com\/wp-content\/uploads\/2020\/02\/all4labels-white.svg","caption":"All4Labels Global Packaging Group \u2013 Connecting brands and consumers"},"image":{"@id":"https:\/\/all4labels.com\/#\/schema\/logo\/image\/"}}]}},"_links":{"self":[{"href":"https:\/\/all4labels.com\/sv\/wp-json\/wp\/v2\/pages\/21423","targetHints":{"allow":["GET"]}}],"collection":[{"href":"https:\/\/all4labels.com\/sv\/wp-json\/wp\/v2\/pages"}],"about":[{"href":"https:\/\/all4labels.com\/sv\/wp-json\/wp\/v2\/types\/page"}],"author":[{"embeddable":true,"href":"https:\/\/all4labels.com\/sv\/wp-json\/wp\/v2\/users\/1"}],"replies":[{"embeddable":true,"href":"https:\/\/all4labels.com\/sv\/wp-json\/wp\/v2\/comments?post=21423"}],"version-history":[{"count":1,"href":"https:\/\/all4labels.com\/sv\/wp-json\/wp\/v2\/pages\/21423\/revisions"}],"predecessor-version":[{"id":39235,"href":"https:\/\/all4labels.com\/sv\/wp-json\/wp\/v2\/pages\/21423\/revisions\/39235"}],"wp:featuredmedia":[{"embeddable":true,"href":"https:\/\/all4labels.com\/sv\/wp-json\/wp\/v2\/media\/5445"}],"wp:attachment":[{"href":"https:\/\/all4labels.com\/sv\/wp-json\/wp\/v2\/media?parent=21423"}],"curies":[{"name":"wp","href":"https:\/\/api.w.org\/{rel}","templated":true}]}}