{"id":21296,"date":"2021-01-15T13:16:35","date_gmt":"2021-01-15T13:16:35","guid":{"rendered":"https:\/\/all4labels.com\/marknader\/wine-spirits\/"},"modified":"2024-07-15T11:35:36","modified_gmt":"2024-07-15T11:35:36","slug":"vin-sprit","status":"publish","type":"page","link":"https:\/\/all4labels.com\/sv\/marknader\/vin-sprit\/","title":{"rendered":"Vin &#038; Sprit"},"content":{"rendered":"<h6>MARKNADS\u00d6VERSIKT<\/h6>\n<h1>Vin &amp; Sprit<\/h1>\n<p>Designen av etiketterna \u00e4r en viktig ink\u00f6psfaktor i en alltmer konkurrensutsatt vin- och spritmarknad. Styrkan av det visuella i ber\u00e4ttandet \u00e4r obestridlig. Visuellt inneh\u00e5ll kan \u00f6vervinna spr\u00e5kbarri\u00e4rer, f\u00f6rmedla komplexa budskap och inspirera till omedelbar respons hos m\u00e4nniskor. Packaging erbjuder en ny plattform f\u00f6r interaktion med slutkonsumenterna samt innovativa tekniska l\u00f6sningar f\u00f6r snabba reaktioner utifr\u00e5n branschtrender.<\/p>\n","protected":false},"excerpt":{"rendered":"<p>MARKNADS\u00d6VERSIKT Vin &amp; Sprit Designen av etiketterna \u00e4r en viktig ink\u00f6psfaktor i en alltmer konkurrensutsatt vin- och spritmarknad. Styrkan av det visuella i ber\u00e4ttandet \u00e4r obestridlig. Visuellt inneh\u00e5ll kan \u00f6vervinna [&hellip;]<\/p>\n","protected":false},"author":10,"featured_media":24077,"parent":21273,"menu_order":0,"comment_status":"closed","ping_status":"closed","template":"page-markets-wine-landing.php","meta":{"_acf_changed":false,"footnotes":""},"class_list":["post-21296","page","type-page","status-publish","has-post-thumbnail","hentry"],"acf":[],"yoast_head":"<!-- This site is optimized with the Yoast SEO plugin v24.2 - https:\/\/yoast.com\/wordpress\/plugins\/seo\/ -->\n<title>Vin &amp; Sprit - All4Labels Global Packaging Group \u2013 Connecting brands and consumers<\/title>\n<meta name=\"robots\" content=\"index, follow, max-snippet:-1, max-image-preview:large, max-video-preview:-1\" \/>\n<link rel=\"canonical\" href=\"https:\/\/all4labels.com\/sv\/marknader\/vin-sprit\/\" \/>\n<meta property=\"og:locale\" content=\"sv_SE\" \/>\n<meta property=\"og:type\" content=\"article\" \/>\n<meta property=\"og:title\" content=\"Vin &amp; Sprit - All4Labels Global Packaging Group \u2013 Connecting brands and consumers\" \/>\n<meta property=\"og:description\" content=\"MARKNADS\u00d6VERSIKT Vin &amp; Sprit Designen av etiketterna \u00e4r en viktig ink\u00f6psfaktor i en alltmer konkurrensutsatt vin- och spritmarknad. Styrkan av det visuella i ber\u00e4ttandet \u00e4r obestridlig. Visuellt inneh\u00e5ll kan \u00f6vervinna [&hellip;]\" \/>\n<meta property=\"og:url\" content=\"https:\/\/all4labels.com\/sv\/marknader\/vin-sprit\/\" \/>\n<meta property=\"og:site_name\" content=\"All4Labels Global Packaging Group \u2013 Connecting brands and consumers\" \/>\n<meta property=\"article:modified_time\" content=\"2024-07-15T11:35:36+00:00\" \/>\n<meta property=\"og:image\" content=\"https:\/\/all4labels.com\/wp-content\/uploads\/2021\/01\/wineandspirits1.jpg\" \/>\n\t<meta property=\"og:image:width\" content=\"1920\" \/>\n\t<meta property=\"og:image:height\" content=\"1280\" \/>\n\t<meta property=\"og:image:type\" content=\"image\/jpeg\" \/>\n<meta name=\"twitter:card\" content=\"summary_large_image\" \/>\n<meta name=\"twitter:label1\" content=\"Ber\u00e4knad l\u00e4stid\" \/>\n\t<meta name=\"twitter:data1\" content=\"1 minut\" \/>\n<script type=\"application\/ld+json\" class=\"yoast-schema-graph\">{\"@context\":\"https:\/\/schema.org\",\"@graph\":[{\"@type\":\"WebPage\",\"@id\":\"https:\/\/all4labels.com\/sv\/marknader\/vin-sprit\/\",\"url\":\"https:\/\/all4labels.com\/sv\/marknader\/vin-sprit\/\",\"name\":\"Vin & Sprit - All4Labels Global Packaging Group \u2013 Connecting brands and consumers\",\"isPartOf\":{\"@id\":\"https:\/\/all4labels.com\/#website\"},\"primaryImageOfPage\":{\"@id\":\"https:\/\/all4labels.com\/sv\/marknader\/vin-sprit\/#primaryimage\"},\"image\":{\"@id\":\"https:\/\/all4labels.com\/sv\/marknader\/vin-sprit\/#primaryimage\"},\"thumbnailUrl\":\"https:\/\/all4labels.com\/wp-content\/uploads\/2021\/01\/wineandspirits1.jpg\",\"datePublished\":\"2021-01-15T13:16:35+00:00\",\"dateModified\":\"2024-07-15T11:35:36+00:00\",\"breadcrumb\":{\"@id\":\"https:\/\/all4labels.com\/sv\/marknader\/vin-sprit\/#breadcrumb\"},\"inLanguage\":\"sv-SE\",\"potentialAction\":[{\"@type\":\"ReadAction\",\"target\":[\"https:\/\/all4labels.com\/sv\/marknader\/vin-sprit\/\"]}]},{\"@type\":\"ImageObject\",\"inLanguage\":\"sv-SE\",\"@id\":\"https:\/\/all4labels.com\/sv\/marknader\/vin-sprit\/#primaryimage\",\"url\":\"https:\/\/all4labels.com\/wp-content\/uploads\/2021\/01\/wineandspirits1.jpg\",\"contentUrl\":\"https:\/\/all4labels.com\/wp-content\/uploads\/2021\/01\/wineandspirits1.jpg\",\"width\":1920,\"height\":1280},{\"@type\":\"BreadcrumbList\",\"@id\":\"https:\/\/all4labels.com\/sv\/marknader\/vin-sprit\/#breadcrumb\",\"itemListElement\":[{\"@type\":\"ListItem\",\"position\":1,\"name\":\"Home\",\"item\":\"https:\/\/all4labels.com\/sv\/\"},{\"@type\":\"ListItem\",\"position\":2,\"name\":\"Marknader\",\"item\":\"https:\/\/all4labels.com\/sv\/marknader\/\"},{\"@type\":\"ListItem\",\"position\":3,\"name\":\"Vin &#038; Sprit\"}]},{\"@type\":\"WebSite\",\"@id\":\"https:\/\/all4labels.com\/#website\",\"url\":\"https:\/\/all4labels.com\/\",\"name\":\"All4Labels Global Packaging Group \u2013 Connecting brands and consumers\",\"description\":\"\",\"publisher\":{\"@id\":\"https:\/\/all4labels.com\/#organization\"},\"potentialAction\":[{\"@type\":\"SearchAction\",\"target\":{\"@type\":\"EntryPoint\",\"urlTemplate\":\"https:\/\/all4labels.com\/?s={search_term_string}\"},\"query-input\":{\"@type\":\"PropertyValueSpecification\",\"valueRequired\":true,\"valueName\":\"search_term_string\"}}],\"inLanguage\":\"sv-SE\"},{\"@type\":\"Organization\",\"@id\":\"https:\/\/all4labels.com\/#organization\",\"name\":\"All4Labels Global Packaging Group \u2013 Connecting brands and consumers\",\"url\":\"https:\/\/all4labels.com\/\",\"logo\":{\"@type\":\"ImageObject\",\"inLanguage\":\"sv-SE\",\"@id\":\"https:\/\/all4labels.com\/#\/schema\/logo\/image\/\",\"url\":\"https:\/\/all4labels.com\/wp-content\/uploads\/2020\/02\/all4labels-white.svg\",\"contentUrl\":\"https:\/\/all4labels.com\/wp-content\/uploads\/2020\/02\/all4labels-white.svg\",\"caption\":\"All4Labels Global Packaging Group \u2013 Connecting brands and consumers\"},\"image\":{\"@id\":\"https:\/\/all4labels.com\/#\/schema\/logo\/image\/\"}}]}<\/script>\n<!-- \/ Yoast SEO plugin. -->","yoast_head_json":{"title":"Vin & Sprit - All4Labels Global Packaging Group \u2013 Connecting brands and consumers","robots":{"index":"index","follow":"follow","max-snippet":"max-snippet:-1","max-image-preview":"max-image-preview:large","max-video-preview":"max-video-preview:-1"},"canonical":"https:\/\/all4labels.com\/sv\/marknader\/vin-sprit\/","og_locale":"sv_SE","og_type":"article","og_title":"Vin & Sprit - All4Labels Global Packaging Group \u2013 Connecting brands and consumers","og_description":"MARKNADS\u00d6VERSIKT Vin &amp; Sprit Designen av etiketterna \u00e4r en viktig ink\u00f6psfaktor i en alltmer konkurrensutsatt vin- och spritmarknad. Styrkan av det visuella i ber\u00e4ttandet \u00e4r obestridlig. Visuellt inneh\u00e5ll kan \u00f6vervinna [&hellip;]","og_url":"https:\/\/all4labels.com\/sv\/marknader\/vin-sprit\/","og_site_name":"All4Labels Global Packaging Group \u2013 Connecting brands and consumers","article_modified_time":"2024-07-15T11:35:36+00:00","og_image":[{"width":1920,"height":1280,"url":"https:\/\/all4labels.com\/wp-content\/uploads\/2021\/01\/wineandspirits1.jpg","type":"image\/jpeg"}],"twitter_card":"summary_large_image","twitter_misc":{"Ber\u00e4knad l\u00e4stid":"1 minut"},"schema":{"@context":"https:\/\/schema.org","@graph":[{"@type":"WebPage","@id":"https:\/\/all4labels.com\/sv\/marknader\/vin-sprit\/","url":"https:\/\/all4labels.com\/sv\/marknader\/vin-sprit\/","name":"Vin & Sprit - All4Labels Global Packaging Group \u2013 Connecting brands and consumers","isPartOf":{"@id":"https:\/\/all4labels.com\/#website"},"primaryImageOfPage":{"@id":"https:\/\/all4labels.com\/sv\/marknader\/vin-sprit\/#primaryimage"},"image":{"@id":"https:\/\/all4labels.com\/sv\/marknader\/vin-sprit\/#primaryimage"},"thumbnailUrl":"https:\/\/all4labels.com\/wp-content\/uploads\/2021\/01\/wineandspirits1.jpg","datePublished":"2021-01-15T13:16:35+00:00","dateModified":"2024-07-15T11:35:36+00:00","breadcrumb":{"@id":"https:\/\/all4labels.com\/sv\/marknader\/vin-sprit\/#breadcrumb"},"inLanguage":"sv-SE","potentialAction":[{"@type":"ReadAction","target":["https:\/\/all4labels.com\/sv\/marknader\/vin-sprit\/"]}]},{"@type":"ImageObject","inLanguage":"sv-SE","@id":"https:\/\/all4labels.com\/sv\/marknader\/vin-sprit\/#primaryimage","url":"https:\/\/all4labels.com\/wp-content\/uploads\/2021\/01\/wineandspirits1.jpg","contentUrl":"https:\/\/all4labels.com\/wp-content\/uploads\/2021\/01\/wineandspirits1.jpg","width":1920,"height":1280},{"@type":"BreadcrumbList","@id":"https:\/\/all4labels.com\/sv\/marknader\/vin-sprit\/#breadcrumb","itemListElement":[{"@type":"ListItem","position":1,"name":"Home","item":"https:\/\/all4labels.com\/sv\/"},{"@type":"ListItem","position":2,"name":"Marknader","item":"https:\/\/all4labels.com\/sv\/marknader\/"},{"@type":"ListItem","position":3,"name":"Vin &#038; Sprit"}]},{"@type":"WebSite","@id":"https:\/\/all4labels.com\/#website","url":"https:\/\/all4labels.com\/","name":"All4Labels Global Packaging Group \u2013 Connecting brands and consumers","description":"","publisher":{"@id":"https:\/\/all4labels.com\/#organization"},"potentialAction":[{"@type":"SearchAction","target":{"@type":"EntryPoint","urlTemplate":"https:\/\/all4labels.com\/?s={search_term_string}"},"query-input":{"@type":"PropertyValueSpecification","valueRequired":true,"valueName":"search_term_string"}}],"inLanguage":"sv-SE"},{"@type":"Organization","@id":"https:\/\/all4labels.com\/#organization","name":"All4Labels Global Packaging Group \u2013 Connecting brands and consumers","url":"https:\/\/all4labels.com\/","logo":{"@type":"ImageObject","inLanguage":"sv-SE","@id":"https:\/\/all4labels.com\/#\/schema\/logo\/image\/","url":"https:\/\/all4labels.com\/wp-content\/uploads\/2020\/02\/all4labels-white.svg","contentUrl":"https:\/\/all4labels.com\/wp-content\/uploads\/2020\/02\/all4labels-white.svg","caption":"All4Labels Global Packaging Group \u2013 Connecting brands and consumers"},"image":{"@id":"https:\/\/all4labels.com\/#\/schema\/logo\/image\/"}}]}},"_links":{"self":[{"href":"https:\/\/all4labels.com\/sv\/wp-json\/wp\/v2\/pages\/21296","targetHints":{"allow":["GET"]}}],"collection":[{"href":"https:\/\/all4labels.com\/sv\/wp-json\/wp\/v2\/pages"}],"about":[{"href":"https:\/\/all4labels.com\/sv\/wp-json\/wp\/v2\/types\/page"}],"author":[{"embeddable":true,"href":"https:\/\/all4labels.com\/sv\/wp-json\/wp\/v2\/users\/10"}],"replies":[{"embeddable":true,"href":"https:\/\/all4labels.com\/sv\/wp-json\/wp\/v2\/comments?post=21296"}],"version-history":[{"count":2,"href":"https:\/\/all4labels.com\/sv\/wp-json\/wp\/v2\/pages\/21296\/revisions"}],"predecessor-version":[{"id":41402,"href":"https:\/\/all4labels.com\/sv\/wp-json\/wp\/v2\/pages\/21296\/revisions\/41402"}],"up":[{"embeddable":true,"href":"https:\/\/all4labels.com\/sv\/wp-json\/wp\/v2\/pages\/21273"}],"wp:featuredmedia":[{"embeddable":true,"href":"https:\/\/all4labels.com\/sv\/wp-json\/wp\/v2\/media\/24077"}],"wp:attachment":[{"href":"https:\/\/all4labels.com\/sv\/wp-json\/wp\/v2\/media?parent=21296"}],"curies":[{"name":"wp","href":"https:\/\/api.w.org\/{rel}","templated":true}]}}