{"id":21292,"date":"2021-01-19T16:23:16","date_gmt":"2021-01-19T16:23:16","guid":{"rendered":"https:\/\/all4labels.com\/marknader\/beverage\/"},"modified":"2023-03-01T13:10:01","modified_gmt":"2023-03-01T13:10:01","slug":"drycker","status":"publish","type":"page","link":"https:\/\/all4labels.com\/sv\/marknader\/drycker\/","title":{"rendered":"Drycker"},"content":{"rendered":"<h6>MARKNADS\u00d6VERSIKT<\/h6>\n<h1>Drycker<\/h1>\n<p>Etiketter f\u00f6r att s\u00e4rskilja ditt varum\u00e4rke och sticka ut p\u00e5 f\u00f6rs\u00e4ljningsst\u00e4llet: Vi erbjuder ett brett utbud av alternativ f\u00f6r flaskor som sj\u00e4lvh\u00e4ftande etiketter, omslutningsetiketter, v\u00e5tlimsetiketter och helt\u00e4ckande krymphylsor. Alla kan kombineras med i\u00f6gonfallande dekorativa element eller element f\u00f6r \u00f6kat konsumentengagemang.<\/p>\n","protected":false},"excerpt":{"rendered":"<p>MARKNADS\u00d6VERSIKT Drycker Etiketter f\u00f6r att s\u00e4rskilja ditt varum\u00e4rke och sticka ut p\u00e5 f\u00f6rs\u00e4ljningsst\u00e4llet: Vi erbjuder ett brett utbud av alternativ f\u00f6r flaskor som sj\u00e4lvh\u00e4ftande etiketter, omslutningsetiketter, v\u00e5tlimsetiketter och helt\u00e4ckande krymphylsor. [&hellip;]<\/p>\n","protected":false},"author":1,"featured_media":5283,"parent":21273,"menu_order":0,"comment_status":"closed","ping_status":"closed","template":"page-beverage-landing.php","meta":{"_acf_changed":false,"footnotes":""},"class_list":["post-21292","page","type-page","status-publish","has-post-thumbnail","hentry"],"acf":[],"yoast_head":"<!-- This site is optimized with the Yoast SEO plugin v24.2 - https:\/\/yoast.com\/wordpress\/plugins\/seo\/ -->\n<title>Drycker - All4Labels Global Packaging Group \u2013 Connecting brands and consumers<\/title>\n<meta name=\"description\" content=\"-1392\" \/>\n<meta name=\"robots\" content=\"index, follow, max-snippet:-1, max-image-preview:large, max-video-preview:-1\" \/>\n<link rel=\"canonical\" href=\"https:\/\/all4labels.com\/sv\/marknader\/drycker\/\" \/>\n<meta property=\"og:locale\" content=\"sv_SE\" \/>\n<meta property=\"og:type\" content=\"article\" \/>\n<meta property=\"og:title\" content=\"Drycker - All4Labels Global Packaging Group \u2013 Connecting brands and consumers\" \/>\n<meta property=\"og:description\" content=\"-1392\" \/>\n<meta property=\"og:url\" content=\"https:\/\/all4labels.com\/sv\/marknader\/drycker\/\" \/>\n<meta property=\"og:site_name\" content=\"All4Labels Global Packaging Group \u2013 Connecting brands and consumers\" \/>\n<meta property=\"article:modified_time\" content=\"2023-03-01T13:10:01+00:00\" \/>\n<meta property=\"og:image\" content=\"https:\/\/all4labels.com\/wp-content\/uploads\/2021\/01\/afl_beverage_header.jpg\" \/>\n\t<meta property=\"og:image:width\" content=\"1920\" \/>\n\t<meta property=\"og:image:height\" content=\"1080\" \/>\n\t<meta property=\"og:image:type\" content=\"image\/jpeg\" \/>\n<meta name=\"twitter:card\" content=\"summary_large_image\" \/>\n<script type=\"application\/ld+json\" class=\"yoast-schema-graph\">{\"@context\":\"https:\/\/schema.org\",\"@graph\":[{\"@type\":\"WebPage\",\"@id\":\"https:\/\/all4labels.com\/sv\/marknader\/drycker\/\",\"url\":\"https:\/\/all4labels.com\/sv\/marknader\/drycker\/\",\"name\":\"Drycker - All4Labels Global Packaging Group \u2013 Connecting brands and consumers\",\"isPartOf\":{\"@id\":\"https:\/\/all4labels.com\/#website\"},\"primaryImageOfPage\":{\"@id\":\"https:\/\/all4labels.com\/sv\/marknader\/drycker\/#primaryimage\"},\"image\":{\"@id\":\"https:\/\/all4labels.com\/sv\/marknader\/drycker\/#primaryimage\"},\"thumbnailUrl\":\"https:\/\/all4labels.com\/wp-content\/uploads\/2021\/01\/afl_beverage_header.jpg\",\"datePublished\":\"2021-01-19T16:23:16+00:00\",\"dateModified\":\"2023-03-01T13:10:01+00:00\",\"description\":\"-1392\",\"breadcrumb\":{\"@id\":\"https:\/\/all4labels.com\/sv\/marknader\/drycker\/#breadcrumb\"},\"inLanguage\":\"sv-SE\",\"potentialAction\":[{\"@type\":\"ReadAction\",\"target\":[\"https:\/\/all4labels.com\/sv\/marknader\/drycker\/\"]}]},{\"@type\":\"ImageObject\",\"inLanguage\":\"sv-SE\",\"@id\":\"https:\/\/all4labels.com\/sv\/marknader\/drycker\/#primaryimage\",\"url\":\"https:\/\/all4labels.com\/wp-content\/uploads\/2021\/01\/afl_beverage_header.jpg\",\"contentUrl\":\"https:\/\/all4labels.com\/wp-content\/uploads\/2021\/01\/afl_beverage_header.jpg\",\"width\":1920,\"height\":1080},{\"@type\":\"BreadcrumbList\",\"@id\":\"https:\/\/all4labels.com\/sv\/marknader\/drycker\/#breadcrumb\",\"itemListElement\":[{\"@type\":\"ListItem\",\"position\":1,\"name\":\"Home\",\"item\":\"https:\/\/all4labels.com\/sv\/\"},{\"@type\":\"ListItem\",\"position\":2,\"name\":\"Marknader\",\"item\":\"https:\/\/all4labels.com\/sv\/marknader\/\"},{\"@type\":\"ListItem\",\"position\":3,\"name\":\"Drycker\"}]},{\"@type\":\"WebSite\",\"@id\":\"https:\/\/all4labels.com\/#website\",\"url\":\"https:\/\/all4labels.com\/\",\"name\":\"All4Labels Global Packaging Group \u2013 Connecting brands and consumers\",\"description\":\"\",\"publisher\":{\"@id\":\"https:\/\/all4labels.com\/#organization\"},\"potentialAction\":[{\"@type\":\"SearchAction\",\"target\":{\"@type\":\"EntryPoint\",\"urlTemplate\":\"https:\/\/all4labels.com\/?s={search_term_string}\"},\"query-input\":{\"@type\":\"PropertyValueSpecification\",\"valueRequired\":true,\"valueName\":\"search_term_string\"}}],\"inLanguage\":\"sv-SE\"},{\"@type\":\"Organization\",\"@id\":\"https:\/\/all4labels.com\/#organization\",\"name\":\"All4Labels Global Packaging Group \u2013 Connecting brands and consumers\",\"url\":\"https:\/\/all4labels.com\/\",\"logo\":{\"@type\":\"ImageObject\",\"inLanguage\":\"sv-SE\",\"@id\":\"https:\/\/all4labels.com\/#\/schema\/logo\/image\/\",\"url\":\"https:\/\/all4labels.com\/wp-content\/uploads\/2020\/02\/all4labels-white.svg\",\"contentUrl\":\"https:\/\/all4labels.com\/wp-content\/uploads\/2020\/02\/all4labels-white.svg\",\"caption\":\"All4Labels Global Packaging Group \u2013 Connecting brands and consumers\"},\"image\":{\"@id\":\"https:\/\/all4labels.com\/#\/schema\/logo\/image\/\"}}]}<\/script>\n<!-- \/ Yoast SEO plugin. -->","yoast_head_json":{"title":"Drycker - All4Labels Global Packaging Group \u2013 Connecting brands and consumers","description":"-1392","robots":{"index":"index","follow":"follow","max-snippet":"max-snippet:-1","max-image-preview":"max-image-preview:large","max-video-preview":"max-video-preview:-1"},"canonical":"https:\/\/all4labels.com\/sv\/marknader\/drycker\/","og_locale":"sv_SE","og_type":"article","og_title":"Drycker - All4Labels Global Packaging Group \u2013 Connecting brands and consumers","og_description":"-1392","og_url":"https:\/\/all4labels.com\/sv\/marknader\/drycker\/","og_site_name":"All4Labels Global Packaging Group \u2013 Connecting brands and consumers","article_modified_time":"2023-03-01T13:10:01+00:00","og_image":[{"width":1920,"height":1080,"url":"https:\/\/all4labels.com\/wp-content\/uploads\/2021\/01\/afl_beverage_header.jpg","type":"image\/jpeg"}],"twitter_card":"summary_large_image","schema":{"@context":"https:\/\/schema.org","@graph":[{"@type":"WebPage","@id":"https:\/\/all4labels.com\/sv\/marknader\/drycker\/","url":"https:\/\/all4labels.com\/sv\/marknader\/drycker\/","name":"Drycker - All4Labels Global Packaging Group \u2013 Connecting brands and consumers","isPartOf":{"@id":"https:\/\/all4labels.com\/#website"},"primaryImageOfPage":{"@id":"https:\/\/all4labels.com\/sv\/marknader\/drycker\/#primaryimage"},"image":{"@id":"https:\/\/all4labels.com\/sv\/marknader\/drycker\/#primaryimage"},"thumbnailUrl":"https:\/\/all4labels.com\/wp-content\/uploads\/2021\/01\/afl_beverage_header.jpg","datePublished":"2021-01-19T16:23:16+00:00","dateModified":"2023-03-01T13:10:01+00:00","description":"-1392","breadcrumb":{"@id":"https:\/\/all4labels.com\/sv\/marknader\/drycker\/#breadcrumb"},"inLanguage":"sv-SE","potentialAction":[{"@type":"ReadAction","target":["https:\/\/all4labels.com\/sv\/marknader\/drycker\/"]}]},{"@type":"ImageObject","inLanguage":"sv-SE","@id":"https:\/\/all4labels.com\/sv\/marknader\/drycker\/#primaryimage","url":"https:\/\/all4labels.com\/wp-content\/uploads\/2021\/01\/afl_beverage_header.jpg","contentUrl":"https:\/\/all4labels.com\/wp-content\/uploads\/2021\/01\/afl_beverage_header.jpg","width":1920,"height":1080},{"@type":"BreadcrumbList","@id":"https:\/\/all4labels.com\/sv\/marknader\/drycker\/#breadcrumb","itemListElement":[{"@type":"ListItem","position":1,"name":"Home","item":"https:\/\/all4labels.com\/sv\/"},{"@type":"ListItem","position":2,"name":"Marknader","item":"https:\/\/all4labels.com\/sv\/marknader\/"},{"@type":"ListItem","position":3,"name":"Drycker"}]},{"@type":"WebSite","@id":"https:\/\/all4labels.com\/#website","url":"https:\/\/all4labels.com\/","name":"All4Labels Global Packaging Group \u2013 Connecting brands and consumers","description":"","publisher":{"@id":"https:\/\/all4labels.com\/#organization"},"potentialAction":[{"@type":"SearchAction","target":{"@type":"EntryPoint","urlTemplate":"https:\/\/all4labels.com\/?s={search_term_string}"},"query-input":{"@type":"PropertyValueSpecification","valueRequired":true,"valueName":"search_term_string"}}],"inLanguage":"sv-SE"},{"@type":"Organization","@id":"https:\/\/all4labels.com\/#organization","name":"All4Labels Global Packaging Group \u2013 Connecting brands and consumers","url":"https:\/\/all4labels.com\/","logo":{"@type":"ImageObject","inLanguage":"sv-SE","@id":"https:\/\/all4labels.com\/#\/schema\/logo\/image\/","url":"https:\/\/all4labels.com\/wp-content\/uploads\/2020\/02\/all4labels-white.svg","contentUrl":"https:\/\/all4labels.com\/wp-content\/uploads\/2020\/02\/all4labels-white.svg","caption":"All4Labels Global Packaging Group \u2013 Connecting brands and consumers"},"image":{"@id":"https:\/\/all4labels.com\/#\/schema\/logo\/image\/"}}]}},"_links":{"self":[{"href":"https:\/\/all4labels.com\/sv\/wp-json\/wp\/v2\/pages\/21292","targetHints":{"allow":["GET"]}}],"collection":[{"href":"https:\/\/all4labels.com\/sv\/wp-json\/wp\/v2\/pages"}],"about":[{"href":"https:\/\/all4labels.com\/sv\/wp-json\/wp\/v2\/types\/page"}],"author":[{"embeddable":true,"href":"https:\/\/all4labels.com\/sv\/wp-json\/wp\/v2\/users\/1"}],"replies":[{"embeddable":true,"href":"https:\/\/all4labels.com\/sv\/wp-json\/wp\/v2\/comments?post=21292"}],"version-history":[{"count":0,"href":"https:\/\/all4labels.com\/sv\/wp-json\/wp\/v2\/pages\/21292\/revisions"}],"up":[{"embeddable":true,"href":"https:\/\/all4labels.com\/sv\/wp-json\/wp\/v2\/pages\/21273"}],"wp:featuredmedia":[{"embeddable":true,"href":"https:\/\/all4labels.com\/sv\/wp-json\/wp\/v2\/media\/5283"}],"wp:attachment":[{"href":"https:\/\/all4labels.com\/sv\/wp-json\/wp\/v2\/media?parent=21292"}],"curies":[{"name":"wp","href":"https:\/\/api.w.org\/{rel}","templated":true}]}}