{"id":21277,"date":"2021-02-23T10:33:59","date_gmt":"2021-02-23T10:33:59","guid":{"rendered":"https:\/\/all4labels.com\/?page_id=21277\/"},"modified":"2026-03-27T14:41:28","modified_gmt":"2026-03-27T14:41:28","slug":"personlig-vard","status":"publish","type":"page","link":"https:\/\/all4labels.com\/sv\/marknader\/personlig-vard\/","title":{"rendered":"Personlig v\u00e5rd"},"content":{"rendered":"<h6>MARKNADS\u00d6VERSIKT<\/h6>\n<h1>Personlig v\u00e5rd<\/h1>\n<p>Sk\u00f6nhet, stil, estetik och omsorg \u2013 det \u00e4r vad produktetiketterna och f\u00f6rpackningsl\u00f6sningarna f\u00f6r personlig v\u00e5rd utformats till att matcha. S\u00e4rskilt eftersom produkterna lovar att sk\u00e4mma bort konsumenterna f\u00f6r att f\u00e5 dem att m\u00e5 bra och se b\u00e4ttre ut.<br \/>\nF\u00f6r att f\u00f6rverkliga detta erbjuder vi ett brett utbud av f\u00f6rpackningsl\u00f6sningar med i\u00f6gonfallande designer, h\u00f6gkvalitativa material och vackra detaljer f\u00f6r att din produkt ska sticka ut, f\u00f6rmedla produktbudskapet och skilja sig fr\u00e5n det \u00f6verv\u00e4ldigande antalet av andra produkter p\u00e5 hyllorna.<\/p>\n","protected":false},"excerpt":{"rendered":"<p>MARKNADS\u00d6VERSIKT Personlig v\u00e5rd Sk\u00f6nhet, stil, estetik och omsorg \u2013 det \u00e4r vad produktetiketterna och f\u00f6rpackningsl\u00f6sningarna f\u00f6r personlig v\u00e5rd utformats till att matcha. S\u00e4rskilt eftersom produkterna lovar att sk\u00e4mma bort konsumenterna [&hellip;]<\/p>\n","protected":false},"author":1,"featured_media":24777,"parent":21273,"menu_order":0,"comment_status":"closed","ping_status":"closed","template":"page-personal-care-landing.php","meta":{"_acf_changed":false,"footnotes":""},"class_list":["post-21277","page","type-page","status-publish","has-post-thumbnail","hentry"],"acf":[],"yoast_head":"<!-- This site is optimized with the Yoast SEO plugin v24.2 - https:\/\/yoast.com\/wordpress\/plugins\/seo\/ -->\n<title>Personlig v\u00e5rd - All4Labels Global Packaging Group \u2013 Connecting brands and consumers<\/title>\n<meta name=\"robots\" content=\"index, follow, max-snippet:-1, max-image-preview:large, max-video-preview:-1\" \/>\n<link rel=\"canonical\" href=\"https:\/\/all4labels.com\/sv\/marknader\/personlig-vard\/\" \/>\n<meta property=\"og:locale\" content=\"sv_SE\" \/>\n<meta property=\"og:type\" content=\"article\" \/>\n<meta property=\"og:title\" content=\"Personlig v\u00e5rd - All4Labels Global Packaging Group \u2013 Connecting brands and consumers\" \/>\n<meta property=\"og:description\" content=\"MARKNADS\u00d6VERSIKT Personlig v\u00e5rd Sk\u00f6nhet, stil, estetik och omsorg \u2013 det \u00e4r vad produktetiketterna och f\u00f6rpackningsl\u00f6sningarna f\u00f6r personlig v\u00e5rd utformats till att matcha. S\u00e4rskilt eftersom produkterna lovar att sk\u00e4mma bort konsumenterna [&hellip;]\" \/>\n<meta property=\"og:url\" content=\"https:\/\/all4labels.com\/sv\/marknader\/personlig-vard\/\" \/>\n<meta property=\"og:site_name\" content=\"All4Labels Global Packaging Group \u2013 Connecting brands and consumers\" \/>\n<meta property=\"article:modified_time\" content=\"2026-03-27T14:41:28+00:00\" \/>\n<meta property=\"og:image\" content=\"https:\/\/all4labels.com\/wp-content\/uploads\/2021\/02\/personalcare_header.jpg\" \/>\n\t<meta property=\"og:image:width\" content=\"2400\" \/>\n\t<meta property=\"og:image:height\" content=\"1600\" \/>\n\t<meta property=\"og:image:type\" content=\"image\/jpeg\" \/>\n<meta name=\"twitter:card\" content=\"summary_large_image\" \/>\n<meta name=\"twitter:label1\" content=\"Ber\u00e4knad l\u00e4stid\" \/>\n\t<meta name=\"twitter:data1\" content=\"1 minut\" \/>\n<script type=\"application\/ld+json\" class=\"yoast-schema-graph\">{\"@context\":\"https:\/\/schema.org\",\"@graph\":[{\"@type\":\"WebPage\",\"@id\":\"https:\/\/all4labels.com\/sv\/marknader\/personlig-vard\/\",\"url\":\"https:\/\/all4labels.com\/sv\/marknader\/personlig-vard\/\",\"name\":\"Personlig v\u00e5rd - All4Labels Global Packaging Group \u2013 Connecting brands and consumers\",\"isPartOf\":{\"@id\":\"https:\/\/all4labels.com\/#website\"},\"primaryImageOfPage\":{\"@id\":\"https:\/\/all4labels.com\/sv\/marknader\/personlig-vard\/#primaryimage\"},\"image\":{\"@id\":\"https:\/\/all4labels.com\/sv\/marknader\/personlig-vard\/#primaryimage\"},\"thumbnailUrl\":\"https:\/\/all4labels.com\/wp-content\/uploads\/2021\/02\/personalcare_header.jpg\",\"datePublished\":\"2021-02-23T10:33:59+00:00\",\"dateModified\":\"2026-03-27T14:41:28+00:00\",\"breadcrumb\":{\"@id\":\"https:\/\/all4labels.com\/sv\/marknader\/personlig-vard\/#breadcrumb\"},\"inLanguage\":\"sv-SE\",\"potentialAction\":[{\"@type\":\"ReadAction\",\"target\":[\"https:\/\/all4labels.com\/sv\/marknader\/personlig-vard\/\"]}]},{\"@type\":\"ImageObject\",\"inLanguage\":\"sv-SE\",\"@id\":\"https:\/\/all4labels.com\/sv\/marknader\/personlig-vard\/#primaryimage\",\"url\":\"https:\/\/all4labels.com\/wp-content\/uploads\/2021\/02\/personalcare_header.jpg\",\"contentUrl\":\"https:\/\/all4labels.com\/wp-content\/uploads\/2021\/02\/personalcare_header.jpg\",\"width\":2400,\"height\":1600},{\"@type\":\"BreadcrumbList\",\"@id\":\"https:\/\/all4labels.com\/sv\/marknader\/personlig-vard\/#breadcrumb\",\"itemListElement\":[{\"@type\":\"ListItem\",\"position\":1,\"name\":\"Home\",\"item\":\"https:\/\/all4labels.com\/sv\/\"},{\"@type\":\"ListItem\",\"position\":2,\"name\":\"Marknader\",\"item\":\"https:\/\/all4labels.com\/sv\/marknader\/\"},{\"@type\":\"ListItem\",\"position\":3,\"name\":\"Personlig v\u00e5rd\"}]},{\"@type\":\"WebSite\",\"@id\":\"https:\/\/all4labels.com\/#website\",\"url\":\"https:\/\/all4labels.com\/\",\"name\":\"All4Labels Global Packaging Group \u2013 Connecting brands and consumers\",\"description\":\"\",\"publisher\":{\"@id\":\"https:\/\/all4labels.com\/#organization\"},\"potentialAction\":[{\"@type\":\"SearchAction\",\"target\":{\"@type\":\"EntryPoint\",\"urlTemplate\":\"https:\/\/all4labels.com\/?s={search_term_string}\"},\"query-input\":{\"@type\":\"PropertyValueSpecification\",\"valueRequired\":true,\"valueName\":\"search_term_string\"}}],\"inLanguage\":\"sv-SE\"},{\"@type\":\"Organization\",\"@id\":\"https:\/\/all4labels.com\/#organization\",\"name\":\"All4Labels Global Packaging Group \u2013 Connecting brands and consumers\",\"url\":\"https:\/\/all4labels.com\/\",\"logo\":{\"@type\":\"ImageObject\",\"inLanguage\":\"sv-SE\",\"@id\":\"https:\/\/all4labels.com\/#\/schema\/logo\/image\/\",\"url\":\"https:\/\/all4labels.com\/wp-content\/uploads\/2020\/02\/all4labels-white.svg\",\"contentUrl\":\"https:\/\/all4labels.com\/wp-content\/uploads\/2020\/02\/all4labels-white.svg\",\"caption\":\"All4Labels Global Packaging Group \u2013 Connecting brands and consumers\"},\"image\":{\"@id\":\"https:\/\/all4labels.com\/#\/schema\/logo\/image\/\"}}]}<\/script>\n<!-- \/ Yoast SEO plugin. -->","yoast_head_json":{"title":"Personlig v\u00e5rd - All4Labels Global Packaging Group \u2013 Connecting brands and consumers","robots":{"index":"index","follow":"follow","max-snippet":"max-snippet:-1","max-image-preview":"max-image-preview:large","max-video-preview":"max-video-preview:-1"},"canonical":"https:\/\/all4labels.com\/sv\/marknader\/personlig-vard\/","og_locale":"sv_SE","og_type":"article","og_title":"Personlig v\u00e5rd - All4Labels Global Packaging Group \u2013 Connecting brands and consumers","og_description":"MARKNADS\u00d6VERSIKT Personlig v\u00e5rd Sk\u00f6nhet, stil, estetik och omsorg \u2013 det \u00e4r vad produktetiketterna och f\u00f6rpackningsl\u00f6sningarna f\u00f6r personlig v\u00e5rd utformats till att matcha. S\u00e4rskilt eftersom produkterna lovar att sk\u00e4mma bort konsumenterna [&hellip;]","og_url":"https:\/\/all4labels.com\/sv\/marknader\/personlig-vard\/","og_site_name":"All4Labels Global Packaging Group \u2013 Connecting brands and consumers","article_modified_time":"2026-03-27T14:41:28+00:00","og_image":[{"width":2400,"height":1600,"url":"https:\/\/all4labels.com\/wp-content\/uploads\/2021\/02\/personalcare_header.jpg","type":"image\/jpeg"}],"twitter_card":"summary_large_image","twitter_misc":{"Ber\u00e4knad l\u00e4stid":"1 minut"},"schema":{"@context":"https:\/\/schema.org","@graph":[{"@type":"WebPage","@id":"https:\/\/all4labels.com\/sv\/marknader\/personlig-vard\/","url":"https:\/\/all4labels.com\/sv\/marknader\/personlig-vard\/","name":"Personlig v\u00e5rd - All4Labels Global Packaging Group \u2013 Connecting brands and consumers","isPartOf":{"@id":"https:\/\/all4labels.com\/#website"},"primaryImageOfPage":{"@id":"https:\/\/all4labels.com\/sv\/marknader\/personlig-vard\/#primaryimage"},"image":{"@id":"https:\/\/all4labels.com\/sv\/marknader\/personlig-vard\/#primaryimage"},"thumbnailUrl":"https:\/\/all4labels.com\/wp-content\/uploads\/2021\/02\/personalcare_header.jpg","datePublished":"2021-02-23T10:33:59+00:00","dateModified":"2026-03-27T14:41:28+00:00","breadcrumb":{"@id":"https:\/\/all4labels.com\/sv\/marknader\/personlig-vard\/#breadcrumb"},"inLanguage":"sv-SE","potentialAction":[{"@type":"ReadAction","target":["https:\/\/all4labels.com\/sv\/marknader\/personlig-vard\/"]}]},{"@type":"ImageObject","inLanguage":"sv-SE","@id":"https:\/\/all4labels.com\/sv\/marknader\/personlig-vard\/#primaryimage","url":"https:\/\/all4labels.com\/wp-content\/uploads\/2021\/02\/personalcare_header.jpg","contentUrl":"https:\/\/all4labels.com\/wp-content\/uploads\/2021\/02\/personalcare_header.jpg","width":2400,"height":1600},{"@type":"BreadcrumbList","@id":"https:\/\/all4labels.com\/sv\/marknader\/personlig-vard\/#breadcrumb","itemListElement":[{"@type":"ListItem","position":1,"name":"Home","item":"https:\/\/all4labels.com\/sv\/"},{"@type":"ListItem","position":2,"name":"Marknader","item":"https:\/\/all4labels.com\/sv\/marknader\/"},{"@type":"ListItem","position":3,"name":"Personlig v\u00e5rd"}]},{"@type":"WebSite","@id":"https:\/\/all4labels.com\/#website","url":"https:\/\/all4labels.com\/","name":"All4Labels Global Packaging Group \u2013 Connecting brands and consumers","description":"","publisher":{"@id":"https:\/\/all4labels.com\/#organization"},"potentialAction":[{"@type":"SearchAction","target":{"@type":"EntryPoint","urlTemplate":"https:\/\/all4labels.com\/?s={search_term_string}"},"query-input":{"@type":"PropertyValueSpecification","valueRequired":true,"valueName":"search_term_string"}}],"inLanguage":"sv-SE"},{"@type":"Organization","@id":"https:\/\/all4labels.com\/#organization","name":"All4Labels Global Packaging Group \u2013 Connecting brands and consumers","url":"https:\/\/all4labels.com\/","logo":{"@type":"ImageObject","inLanguage":"sv-SE","@id":"https:\/\/all4labels.com\/#\/schema\/logo\/image\/","url":"https:\/\/all4labels.com\/wp-content\/uploads\/2020\/02\/all4labels-white.svg","contentUrl":"https:\/\/all4labels.com\/wp-content\/uploads\/2020\/02\/all4labels-white.svg","caption":"All4Labels Global Packaging Group \u2013 Connecting brands and consumers"},"image":{"@id":"https:\/\/all4labels.com\/#\/schema\/logo\/image\/"}}]}},"_links":{"self":[{"href":"https:\/\/all4labels.com\/sv\/wp-json\/wp\/v2\/pages\/21277","targetHints":{"allow":["GET"]}}],"collection":[{"href":"https:\/\/all4labels.com\/sv\/wp-json\/wp\/v2\/pages"}],"about":[{"href":"https:\/\/all4labels.com\/sv\/wp-json\/wp\/v2\/types\/page"}],"author":[{"embeddable":true,"href":"https:\/\/all4labels.com\/sv\/wp-json\/wp\/v2\/users\/1"}],"replies":[{"embeddable":true,"href":"https:\/\/all4labels.com\/sv\/wp-json\/wp\/v2\/comments?post=21277"}],"version-history":[{"count":3,"href":"https:\/\/all4labels.com\/sv\/wp-json\/wp\/v2\/pages\/21277\/revisions"}],"predecessor-version":[{"id":46182,"href":"https:\/\/all4labels.com\/sv\/wp-json\/wp\/v2\/pages\/21277\/revisions\/46182"}],"up":[{"embeddable":true,"href":"https:\/\/all4labels.com\/sv\/wp-json\/wp\/v2\/pages\/21273"}],"wp:featuredmedia":[{"embeddable":true,"href":"https:\/\/all4labels.com\/sv\/wp-json\/wp\/v2\/media\/24777"}],"wp:attachment":[{"href":"https:\/\/all4labels.com\/sv\/wp-json\/wp\/v2\/media?parent=21277"}],"curies":[{"name":"wp","href":"https:\/\/api.w.org\/{rel}","templated":true}]}}