{"id":21273,"date":"2020-02-03T09:02:00","date_gmt":"2020-02-03T09:02:00","guid":{"rendered":"https:\/\/all4labels.com\/markets\/"},"modified":"2025-07-11T15:02:44","modified_gmt":"2025-07-11T15:02:44","slug":"marknader","status":"publish","type":"page","link":"https:\/\/all4labels.com\/sv\/marknader\/","title":{"rendered":"Marknader"},"content":{"rendered":"<h1>Bem\u00e4strar utmaningarna<br \/>\ni varje marknad<\/h1>\n<p><strong>Som en p\u00e5litlig partner \u00e4r vi fast beslutna om att skapa individuella och innovativa l\u00f6sningar som matchar dagens st\u00e4ndigt f\u00f6r\u00e4nderliga marknader.<\/strong><\/p>\n<p><strong>Vi k\u00e4nner till utmaningarna av att kommunicera budskap s\u00e5 effektivt som m\u00f6jligt inom ramen f\u00f6r respektive marknadskrav. Med v\u00e5rt breda sortiment av l\u00f6sningar f\u00f6r produktdekoration hj\u00e4lper vi kunderna att kommunicera p\u00e5 ett smart, h\u00e5llbart och kostnadseffektivt s\u00e4tt.<\/strong><\/p>\n","protected":false},"excerpt":{"rendered":"<p>Bem\u00e4strar utmaningarna i varje marknad Som en p\u00e5litlig partner \u00e4r vi fast beslutna om att skapa individuella och innovativa l\u00f6sningar som matchar dagens st\u00e4ndigt f\u00f6r\u00e4nderliga marknader. Vi k\u00e4nner till utmaningarna [&hellip;]<\/p>\n","protected":false},"author":1,"featured_media":3476,"parent":0,"menu_order":0,"comment_status":"closed","ping_status":"closed","template":"page-markets.php","meta":{"_acf_changed":false,"footnotes":""},"class_list":["post-21273","page","type-page","status-publish","has-post-thumbnail","hentry"],"acf":[],"yoast_head":"<!-- This site is optimized with the Yoast SEO plugin v24.2 - https:\/\/yoast.com\/wordpress\/plugins\/seo\/ -->\n<title>Marknader - All4Labels Global Packaging Group \u2013 Connecting brands and consumers<\/title>\n<meta name=\"robots\" content=\"index, follow, max-snippet:-1, max-image-preview:large, max-video-preview:-1\" \/>\n<link rel=\"canonical\" href=\"https:\/\/all4labels.com\/sv\/marknader\/\" \/>\n<meta property=\"og:locale\" content=\"sv_SE\" \/>\n<meta property=\"og:type\" content=\"article\" \/>\n<meta property=\"og:title\" content=\"Marknader - All4Labels Global Packaging Group \u2013 Connecting brands and consumers\" \/>\n<meta property=\"og:description\" content=\"Bem\u00e4strar utmaningarna i varje marknad Som en p\u00e5litlig partner \u00e4r vi fast beslutna om att skapa individuella och innovativa l\u00f6sningar som matchar dagens st\u00e4ndigt f\u00f6r\u00e4nderliga marknader. Vi k\u00e4nner till utmaningarna [&hellip;]\" \/>\n<meta property=\"og:url\" content=\"https:\/\/all4labels.com\/sv\/marknader\/\" \/>\n<meta property=\"og:site_name\" content=\"All4Labels Global Packaging Group \u2013 Connecting brands and consumers\" \/>\n<meta property=\"article:modified_time\" content=\"2025-07-11T15:02:44+00:00\" \/>\n<meta property=\"og:image\" content=\"https:\/\/all4labels.com\/wp-content\/uploads\/2020\/06\/all4labels_markets_overview2.jpg\" \/>\n\t<meta property=\"og:image:width\" content=\"2000\" \/>\n\t<meta property=\"og:image:height\" content=\"1242\" \/>\n\t<meta property=\"og:image:type\" content=\"image\/jpeg\" \/>\n<meta name=\"twitter:card\" content=\"summary_large_image\" \/>\n<meta name=\"twitter:label1\" content=\"Ber\u00e4knad l\u00e4stid\" \/>\n\t<meta name=\"twitter:data1\" content=\"1 minut\" \/>\n<script type=\"application\/ld+json\" class=\"yoast-schema-graph\">{\"@context\":\"https:\/\/schema.org\",\"@graph\":[{\"@type\":\"WebPage\",\"@id\":\"https:\/\/all4labels.com\/sv\/marknader\/\",\"url\":\"https:\/\/all4labels.com\/sv\/marknader\/\",\"name\":\"Marknader - All4Labels Global Packaging Group \u2013 Connecting brands and consumers\",\"isPartOf\":{\"@id\":\"https:\/\/all4labels.com\/#website\"},\"primaryImageOfPage\":{\"@id\":\"https:\/\/all4labels.com\/sv\/marknader\/#primaryimage\"},\"image\":{\"@id\":\"https:\/\/all4labels.com\/sv\/marknader\/#primaryimage\"},\"thumbnailUrl\":\"https:\/\/all4labels.com\/wp-content\/uploads\/2020\/06\/all4labels_markets_overview2.jpg\",\"datePublished\":\"2020-02-03T09:02:00+00:00\",\"dateModified\":\"2025-07-11T15:02:44+00:00\",\"breadcrumb\":{\"@id\":\"https:\/\/all4labels.com\/sv\/marknader\/#breadcrumb\"},\"inLanguage\":\"sv-SE\",\"potentialAction\":[{\"@type\":\"ReadAction\",\"target\":[\"https:\/\/all4labels.com\/sv\/marknader\/\"]}]},{\"@type\":\"ImageObject\",\"inLanguage\":\"sv-SE\",\"@id\":\"https:\/\/all4labels.com\/sv\/marknader\/#primaryimage\",\"url\":\"https:\/\/all4labels.com\/wp-content\/uploads\/2020\/06\/all4labels_markets_overview2.jpg\",\"contentUrl\":\"https:\/\/all4labels.com\/wp-content\/uploads\/2020\/06\/all4labels_markets_overview2.jpg\",\"width\":2000,\"height\":1242},{\"@type\":\"BreadcrumbList\",\"@id\":\"https:\/\/all4labels.com\/sv\/marknader\/#breadcrumb\",\"itemListElement\":[{\"@type\":\"ListItem\",\"position\":1,\"name\":\"Home\",\"item\":\"https:\/\/all4labels.com\/sv\/\"},{\"@type\":\"ListItem\",\"position\":2,\"name\":\"Marknader\"}]},{\"@type\":\"WebSite\",\"@id\":\"https:\/\/all4labels.com\/#website\",\"url\":\"https:\/\/all4labels.com\/\",\"name\":\"All4Labels Global Packaging Group \u2013 Connecting brands and consumers\",\"description\":\"\",\"publisher\":{\"@id\":\"https:\/\/all4labels.com\/#organization\"},\"potentialAction\":[{\"@type\":\"SearchAction\",\"target\":{\"@type\":\"EntryPoint\",\"urlTemplate\":\"https:\/\/all4labels.com\/?s={search_term_string}\"},\"query-input\":{\"@type\":\"PropertyValueSpecification\",\"valueRequired\":true,\"valueName\":\"search_term_string\"}}],\"inLanguage\":\"sv-SE\"},{\"@type\":\"Organization\",\"@id\":\"https:\/\/all4labels.com\/#organization\",\"name\":\"All4Labels Global Packaging Group \u2013 Connecting brands and consumers\",\"url\":\"https:\/\/all4labels.com\/\",\"logo\":{\"@type\":\"ImageObject\",\"inLanguage\":\"sv-SE\",\"@id\":\"https:\/\/all4labels.com\/#\/schema\/logo\/image\/\",\"url\":\"https:\/\/all4labels.com\/wp-content\/uploads\/2020\/02\/all4labels-white.svg\",\"contentUrl\":\"https:\/\/all4labels.com\/wp-content\/uploads\/2020\/02\/all4labels-white.svg\",\"caption\":\"All4Labels Global Packaging Group \u2013 Connecting brands and consumers\"},\"image\":{\"@id\":\"https:\/\/all4labels.com\/#\/schema\/logo\/image\/\"}}]}<\/script>\n<!-- \/ Yoast SEO plugin. -->","yoast_head_json":{"title":"Marknader - All4Labels Global Packaging Group \u2013 Connecting brands and consumers","robots":{"index":"index","follow":"follow","max-snippet":"max-snippet:-1","max-image-preview":"max-image-preview:large","max-video-preview":"max-video-preview:-1"},"canonical":"https:\/\/all4labels.com\/sv\/marknader\/","og_locale":"sv_SE","og_type":"article","og_title":"Marknader - All4Labels Global Packaging Group \u2013 Connecting brands and consumers","og_description":"Bem\u00e4strar utmaningarna i varje marknad Som en p\u00e5litlig partner \u00e4r vi fast beslutna om att skapa individuella och innovativa l\u00f6sningar som matchar dagens st\u00e4ndigt f\u00f6r\u00e4nderliga marknader. Vi k\u00e4nner till utmaningarna [&hellip;]","og_url":"https:\/\/all4labels.com\/sv\/marknader\/","og_site_name":"All4Labels Global Packaging Group \u2013 Connecting brands and consumers","article_modified_time":"2025-07-11T15:02:44+00:00","og_image":[{"width":2000,"height":1242,"url":"https:\/\/all4labels.com\/wp-content\/uploads\/2020\/06\/all4labels_markets_overview2.jpg","type":"image\/jpeg"}],"twitter_card":"summary_large_image","twitter_misc":{"Ber\u00e4knad l\u00e4stid":"1 minut"},"schema":{"@context":"https:\/\/schema.org","@graph":[{"@type":"WebPage","@id":"https:\/\/all4labels.com\/sv\/marknader\/","url":"https:\/\/all4labels.com\/sv\/marknader\/","name":"Marknader - All4Labels Global Packaging Group \u2013 Connecting brands and consumers","isPartOf":{"@id":"https:\/\/all4labels.com\/#website"},"primaryImageOfPage":{"@id":"https:\/\/all4labels.com\/sv\/marknader\/#primaryimage"},"image":{"@id":"https:\/\/all4labels.com\/sv\/marknader\/#primaryimage"},"thumbnailUrl":"https:\/\/all4labels.com\/wp-content\/uploads\/2020\/06\/all4labels_markets_overview2.jpg","datePublished":"2020-02-03T09:02:00+00:00","dateModified":"2025-07-11T15:02:44+00:00","breadcrumb":{"@id":"https:\/\/all4labels.com\/sv\/marknader\/#breadcrumb"},"inLanguage":"sv-SE","potentialAction":[{"@type":"ReadAction","target":["https:\/\/all4labels.com\/sv\/marknader\/"]}]},{"@type":"ImageObject","inLanguage":"sv-SE","@id":"https:\/\/all4labels.com\/sv\/marknader\/#primaryimage","url":"https:\/\/all4labels.com\/wp-content\/uploads\/2020\/06\/all4labels_markets_overview2.jpg","contentUrl":"https:\/\/all4labels.com\/wp-content\/uploads\/2020\/06\/all4labels_markets_overview2.jpg","width":2000,"height":1242},{"@type":"BreadcrumbList","@id":"https:\/\/all4labels.com\/sv\/marknader\/#breadcrumb","itemListElement":[{"@type":"ListItem","position":1,"name":"Home","item":"https:\/\/all4labels.com\/sv\/"},{"@type":"ListItem","position":2,"name":"Marknader"}]},{"@type":"WebSite","@id":"https:\/\/all4labels.com\/#website","url":"https:\/\/all4labels.com\/","name":"All4Labels Global Packaging Group \u2013 Connecting brands and consumers","description":"","publisher":{"@id":"https:\/\/all4labels.com\/#organization"},"potentialAction":[{"@type":"SearchAction","target":{"@type":"EntryPoint","urlTemplate":"https:\/\/all4labels.com\/?s={search_term_string}"},"query-input":{"@type":"PropertyValueSpecification","valueRequired":true,"valueName":"search_term_string"}}],"inLanguage":"sv-SE"},{"@type":"Organization","@id":"https:\/\/all4labels.com\/#organization","name":"All4Labels Global Packaging Group \u2013 Connecting brands and consumers","url":"https:\/\/all4labels.com\/","logo":{"@type":"ImageObject","inLanguage":"sv-SE","@id":"https:\/\/all4labels.com\/#\/schema\/logo\/image\/","url":"https:\/\/all4labels.com\/wp-content\/uploads\/2020\/02\/all4labels-white.svg","contentUrl":"https:\/\/all4labels.com\/wp-content\/uploads\/2020\/02\/all4labels-white.svg","caption":"All4Labels Global Packaging Group \u2013 Connecting brands and consumers"},"image":{"@id":"https:\/\/all4labels.com\/#\/schema\/logo\/image\/"}}]}},"_links":{"self":[{"href":"https:\/\/all4labels.com\/sv\/wp-json\/wp\/v2\/pages\/21273","targetHints":{"allow":["GET"]}}],"collection":[{"href":"https:\/\/all4labels.com\/sv\/wp-json\/wp\/v2\/pages"}],"about":[{"href":"https:\/\/all4labels.com\/sv\/wp-json\/wp\/v2\/types\/page"}],"author":[{"embeddable":true,"href":"https:\/\/all4labels.com\/sv\/wp-json\/wp\/v2\/users\/1"}],"replies":[{"embeddable":true,"href":"https:\/\/all4labels.com\/sv\/wp-json\/wp\/v2\/comments?post=21273"}],"version-history":[{"count":5,"href":"https:\/\/all4labels.com\/sv\/wp-json\/wp\/v2\/pages\/21273\/revisions"}],"predecessor-version":[{"id":43760,"href":"https:\/\/all4labels.com\/sv\/wp-json\/wp\/v2\/pages\/21273\/revisions\/43760"}],"wp:featuredmedia":[{"embeddable":true,"href":"https:\/\/all4labels.com\/sv\/wp-json\/wp\/v2\/media\/3476"}],"wp:attachment":[{"href":"https:\/\/all4labels.com\/sv\/wp-json\/wp\/v2\/media?parent=21273"}],"curies":[{"name":"wp","href":"https:\/\/api.w.org\/{rel}","templated":true}]}}