{"id":21262,"date":"2021-07-06T12:51:39","date_gmt":"2021-07-06T12:51:39","guid":{"rendered":"https:\/\/all4labels.com\/produkter\/folding-boxes\/"},"modified":"2023-02-28T18:05:54","modified_gmt":"2023-02-28T18:05:54","slug":"vikbara-lador","status":"publish","type":"page","link":"https:\/\/all4labels.com\/sv\/produkter\/vikbara-lador\/","title":{"rendered":"Vikbara l\u00e5dor"},"content":{"rendered":"<h1>Vi designar nya l\u00f6sningar,<br \/>\n\u00e4ven f\u00f6r l\u00e5dor<\/h1>\n<p><strong>Vi tillf\u00f6r v\u00e4rde \u00e5t och intresse f\u00f6r produkterna p\u00e5 butikshyllorna med v\u00e5ra vikbara kartonger och storf\u00f6rpackningar som \u00e4ven passar f\u00f6r kontakt med torra livsmedel och erbjuder speciella ytbehandlingar som konventionella tryck och UV-tryck, pr\u00e4gling och varm folie i dedikerade produktionslinjer.<\/strong><\/p>\n","protected":false},"excerpt":{"rendered":"<p>Vi designar nya l\u00f6sningar, \u00e4ven f\u00f6r l\u00e5dor Vi tillf\u00f6r v\u00e4rde \u00e5t och intresse f\u00f6r produkterna p\u00e5 butikshyllorna med v\u00e5ra vikbara kartonger och storf\u00f6rpackningar som \u00e4ven passar f\u00f6r kontakt med torra [&hellip;]<\/p>\n","protected":false},"author":10,"featured_media":25605,"parent":37984,"menu_order":0,"comment_status":"closed","ping_status":"closed","template":"page-folding-landing.php","meta":{"_acf_changed":false,"footnotes":""},"class_list":["post-21262","page","type-page","status-publish","has-post-thumbnail","hentry"],"acf":[],"yoast_head":"<!-- This site is optimized with the Yoast SEO plugin v24.2 - https:\/\/yoast.com\/wordpress\/plugins\/seo\/ -->\n<title>Vikbara l\u00e5dor - All4Labels Global Packaging Group \u2013 Connecting brands and consumers<\/title>\n<meta name=\"robots\" content=\"index, follow, max-snippet:-1, max-image-preview:large, max-video-preview:-1\" \/>\n<link rel=\"canonical\" href=\"https:\/\/all4labels.com\/sv\/produkter-old\/vikbara-lador\/\" \/>\n<meta property=\"og:locale\" content=\"sv_SE\" \/>\n<meta property=\"og:type\" content=\"article\" \/>\n<meta property=\"og:title\" content=\"Vikbara l\u00e5dor - All4Labels Global Packaging Group \u2013 Connecting brands and consumers\" \/>\n<meta property=\"og:description\" content=\"Vi designar nya l\u00f6sningar, \u00e4ven f\u00f6r l\u00e5dor Vi tillf\u00f6r v\u00e4rde \u00e5t och intresse f\u00f6r produkterna p\u00e5 butikshyllorna med v\u00e5ra vikbara kartonger och storf\u00f6rpackningar som \u00e4ven passar f\u00f6r kontakt med torra [&hellip;]\" \/>\n<meta property=\"og:url\" content=\"https:\/\/all4labels.com\/sv\/produkter-old\/vikbara-lador\/\" \/>\n<meta property=\"og:site_name\" content=\"All4Labels Global Packaging Group \u2013 Connecting brands and consumers\" \/>\n<meta property=\"article:modified_time\" content=\"2023-02-28T18:05:54+00:00\" \/>\n<meta property=\"og:image\" content=\"https:\/\/all4labels.com\/wp-content\/uploads\/2021\/07\/A4L_Foldingbox_header-scaled.jpg\" \/>\n\t<meta property=\"og:image:width\" content=\"2560\" \/>\n\t<meta property=\"og:image:height\" content=\"1422\" \/>\n\t<meta property=\"og:image:type\" content=\"image\/jpeg\" \/>\n<meta name=\"twitter:card\" content=\"summary_large_image\" \/>\n<meta name=\"twitter:label1\" content=\"Ber\u00e4knad l\u00e4stid\" \/>\n\t<meta name=\"twitter:data1\" content=\"1 minut\" \/>\n<script type=\"application\/ld+json\" class=\"yoast-schema-graph\">{\"@context\":\"https:\/\/schema.org\",\"@graph\":[{\"@type\":\"WebPage\",\"@id\":\"https:\/\/all4labels.com\/sv\/produkter-old\/vikbara-lador\/\",\"url\":\"https:\/\/all4labels.com\/sv\/produkter-old\/vikbara-lador\/\",\"name\":\"Vikbara l\u00e5dor - All4Labels Global Packaging Group \u2013 Connecting brands and consumers\",\"isPartOf\":{\"@id\":\"https:\/\/all4labels.com\/#website\"},\"primaryImageOfPage\":{\"@id\":\"https:\/\/all4labels.com\/sv\/produkter-old\/vikbara-lador\/#primaryimage\"},\"image\":{\"@id\":\"https:\/\/all4labels.com\/sv\/produkter-old\/vikbara-lador\/#primaryimage\"},\"thumbnailUrl\":\"https:\/\/all4labels.com\/wp-content\/uploads\/2021\/07\/A4L_Foldingbox_header-scaled.jpg\",\"datePublished\":\"2021-07-06T12:51:39+00:00\",\"dateModified\":\"2023-02-28T18:05:54+00:00\",\"breadcrumb\":{\"@id\":\"https:\/\/all4labels.com\/sv\/produkter-old\/vikbara-lador\/#breadcrumb\"},\"inLanguage\":\"sv-SE\",\"potentialAction\":[{\"@type\":\"ReadAction\",\"target\":[\"https:\/\/all4labels.com\/sv\/produkter-old\/vikbara-lador\/\"]}]},{\"@type\":\"ImageObject\",\"inLanguage\":\"sv-SE\",\"@id\":\"https:\/\/all4labels.com\/sv\/produkter-old\/vikbara-lador\/#primaryimage\",\"url\":\"https:\/\/all4labels.com\/wp-content\/uploads\/2021\/07\/A4L_Foldingbox_header-scaled.jpg\",\"contentUrl\":\"https:\/\/all4labels.com\/wp-content\/uploads\/2021\/07\/A4L_Foldingbox_header-scaled.jpg\",\"width\":2560,\"height\":1422},{\"@type\":\"BreadcrumbList\",\"@id\":\"https:\/\/all4labels.com\/sv\/produkter-old\/vikbara-lador\/#breadcrumb\",\"itemListElement\":[{\"@type\":\"ListItem\",\"position\":1,\"name\":\"Home\",\"item\":\"https:\/\/all4labels.com\/sv\/\"},{\"@type\":\"ListItem\",\"position\":2,\"name\":\"Produkter\",\"item\":\"https:\/\/all4labels.com\/sv\/produkter-old\/\"},{\"@type\":\"ListItem\",\"position\":3,\"name\":\"Vikbara l\u00e5dor\"}]},{\"@type\":\"WebSite\",\"@id\":\"https:\/\/all4labels.com\/#website\",\"url\":\"https:\/\/all4labels.com\/\",\"name\":\"All4Labels Global Packaging Group \u2013 Connecting brands and consumers\",\"description\":\"\",\"publisher\":{\"@id\":\"https:\/\/all4labels.com\/#organization\"},\"potentialAction\":[{\"@type\":\"SearchAction\",\"target\":{\"@type\":\"EntryPoint\",\"urlTemplate\":\"https:\/\/all4labels.com\/?s={search_term_string}\"},\"query-input\":{\"@type\":\"PropertyValueSpecification\",\"valueRequired\":true,\"valueName\":\"search_term_string\"}}],\"inLanguage\":\"sv-SE\"},{\"@type\":\"Organization\",\"@id\":\"https:\/\/all4labels.com\/#organization\",\"name\":\"All4Labels Global Packaging Group \u2013 Connecting brands and consumers\",\"url\":\"https:\/\/all4labels.com\/\",\"logo\":{\"@type\":\"ImageObject\",\"inLanguage\":\"sv-SE\",\"@id\":\"https:\/\/all4labels.com\/#\/schema\/logo\/image\/\",\"url\":\"https:\/\/all4labels.com\/wp-content\/uploads\/2020\/02\/all4labels-white.svg\",\"contentUrl\":\"https:\/\/all4labels.com\/wp-content\/uploads\/2020\/02\/all4labels-white.svg\",\"caption\":\"All4Labels Global Packaging Group \u2013 Connecting brands and consumers\"},\"image\":{\"@id\":\"https:\/\/all4labels.com\/#\/schema\/logo\/image\/\"}}]}<\/script>\n<!-- \/ Yoast SEO plugin. -->","yoast_head_json":{"title":"Vikbara l\u00e5dor - All4Labels Global Packaging Group \u2013 Connecting brands and consumers","robots":{"index":"index","follow":"follow","max-snippet":"max-snippet:-1","max-image-preview":"max-image-preview:large","max-video-preview":"max-video-preview:-1"},"canonical":"https:\/\/all4labels.com\/sv\/produkter-old\/vikbara-lador\/","og_locale":"sv_SE","og_type":"article","og_title":"Vikbara l\u00e5dor - All4Labels Global Packaging Group \u2013 Connecting brands and consumers","og_description":"Vi designar nya l\u00f6sningar, \u00e4ven f\u00f6r l\u00e5dor Vi tillf\u00f6r v\u00e4rde \u00e5t och intresse f\u00f6r produkterna p\u00e5 butikshyllorna med v\u00e5ra vikbara kartonger och storf\u00f6rpackningar som \u00e4ven passar f\u00f6r kontakt med torra [&hellip;]","og_url":"https:\/\/all4labels.com\/sv\/produkter-old\/vikbara-lador\/","og_site_name":"All4Labels Global Packaging Group \u2013 Connecting brands and consumers","article_modified_time":"2023-02-28T18:05:54+00:00","og_image":[{"width":2560,"height":1422,"url":"https:\/\/all4labels.com\/wp-content\/uploads\/2021\/07\/A4L_Foldingbox_header-scaled.jpg","type":"image\/jpeg"}],"twitter_card":"summary_large_image","twitter_misc":{"Ber\u00e4knad l\u00e4stid":"1 minut"},"schema":{"@context":"https:\/\/schema.org","@graph":[{"@type":"WebPage","@id":"https:\/\/all4labels.com\/sv\/produkter-old\/vikbara-lador\/","url":"https:\/\/all4labels.com\/sv\/produkter-old\/vikbara-lador\/","name":"Vikbara l\u00e5dor - All4Labels Global Packaging Group \u2013 Connecting brands and consumers","isPartOf":{"@id":"https:\/\/all4labels.com\/#website"},"primaryImageOfPage":{"@id":"https:\/\/all4labels.com\/sv\/produkter-old\/vikbara-lador\/#primaryimage"},"image":{"@id":"https:\/\/all4labels.com\/sv\/produkter-old\/vikbara-lador\/#primaryimage"},"thumbnailUrl":"https:\/\/all4labels.com\/wp-content\/uploads\/2021\/07\/A4L_Foldingbox_header-scaled.jpg","datePublished":"2021-07-06T12:51:39+00:00","dateModified":"2023-02-28T18:05:54+00:00","breadcrumb":{"@id":"https:\/\/all4labels.com\/sv\/produkter-old\/vikbara-lador\/#breadcrumb"},"inLanguage":"sv-SE","potentialAction":[{"@type":"ReadAction","target":["https:\/\/all4labels.com\/sv\/produkter-old\/vikbara-lador\/"]}]},{"@type":"ImageObject","inLanguage":"sv-SE","@id":"https:\/\/all4labels.com\/sv\/produkter-old\/vikbara-lador\/#primaryimage","url":"https:\/\/all4labels.com\/wp-content\/uploads\/2021\/07\/A4L_Foldingbox_header-scaled.jpg","contentUrl":"https:\/\/all4labels.com\/wp-content\/uploads\/2021\/07\/A4L_Foldingbox_header-scaled.jpg","width":2560,"height":1422},{"@type":"BreadcrumbList","@id":"https:\/\/all4labels.com\/sv\/produkter-old\/vikbara-lador\/#breadcrumb","itemListElement":[{"@type":"ListItem","position":1,"name":"Home","item":"https:\/\/all4labels.com\/sv\/"},{"@type":"ListItem","position":2,"name":"Produkter","item":"https:\/\/all4labels.com\/sv\/produkter-old\/"},{"@type":"ListItem","position":3,"name":"Vikbara l\u00e5dor"}]},{"@type":"WebSite","@id":"https:\/\/all4labels.com\/#website","url":"https:\/\/all4labels.com\/","name":"All4Labels Global Packaging Group \u2013 Connecting brands and consumers","description":"","publisher":{"@id":"https:\/\/all4labels.com\/#organization"},"potentialAction":[{"@type":"SearchAction","target":{"@type":"EntryPoint","urlTemplate":"https:\/\/all4labels.com\/?s={search_term_string}"},"query-input":{"@type":"PropertyValueSpecification","valueRequired":true,"valueName":"search_term_string"}}],"inLanguage":"sv-SE"},{"@type":"Organization","@id":"https:\/\/all4labels.com\/#organization","name":"All4Labels Global Packaging Group \u2013 Connecting brands and consumers","url":"https:\/\/all4labels.com\/","logo":{"@type":"ImageObject","inLanguage":"sv-SE","@id":"https:\/\/all4labels.com\/#\/schema\/logo\/image\/","url":"https:\/\/all4labels.com\/wp-content\/uploads\/2020\/02\/all4labels-white.svg","contentUrl":"https:\/\/all4labels.com\/wp-content\/uploads\/2020\/02\/all4labels-white.svg","caption":"All4Labels Global Packaging Group \u2013 Connecting brands and consumers"},"image":{"@id":"https:\/\/all4labels.com\/#\/schema\/logo\/image\/"}}]}},"_links":{"self":[{"href":"https:\/\/all4labels.com\/sv\/wp-json\/wp\/v2\/pages\/21262","targetHints":{"allow":["GET"]}}],"collection":[{"href":"https:\/\/all4labels.com\/sv\/wp-json\/wp\/v2\/pages"}],"about":[{"href":"https:\/\/all4labels.com\/sv\/wp-json\/wp\/v2\/types\/page"}],"author":[{"embeddable":true,"href":"https:\/\/all4labels.com\/sv\/wp-json\/wp\/v2\/users\/10"}],"replies":[{"embeddable":true,"href":"https:\/\/all4labels.com\/sv\/wp-json\/wp\/v2\/comments?post=21262"}],"version-history":[{"count":0,"href":"https:\/\/all4labels.com\/sv\/wp-json\/wp\/v2\/pages\/21262\/revisions"}],"up":[{"embeddable":true,"href":"https:\/\/all4labels.com\/sv\/wp-json\/wp\/v2\/pages\/37984"}],"wp:featuredmedia":[{"embeddable":true,"href":"https:\/\/all4labels.com\/sv\/wp-json\/wp\/v2\/media\/25605"}],"wp:attachment":[{"href":"https:\/\/all4labels.com\/sv\/wp-json\/wp\/v2\/media?parent=21262"}],"curies":[{"name":"wp","href":"https:\/\/api.w.org\/{rel}","templated":true}]}}