{"id":21114,"date":"2021-08-20T16:45:10","date_gmt":"2021-08-20T16:45:10","guid":{"rendered":"https:\/\/all4labels.com\/produkter\/wet-glue-labels\/"},"modified":"2023-02-28T18:05:25","modified_gmt":"2023-02-28T18:05:25","slug":"vatlimsetiketter","status":"publish","type":"page","link":"https:\/\/all4labels.com\/sv\/produkter\/vatlimsetiketter\/","title":{"rendered":"V\u00e5tlimsetiketter"},"content":{"rendered":"<h1>V\u00e5tlimsetiketter<\/h1>\n<p><strong>Inte bara popul\u00e4ra inom dryckesindustrin. Vi \u00e4lskar ocks\u00e5 v\u00e5tlimsetiketter! N\u00e4r det g\u00e4ller gr\u00f6n h\u00e5llbarhet kan de enkelt avl\u00e4gsnas utan rester i \u00e5tervinningsprocessen.<\/strong><\/p>\n","protected":false},"excerpt":{"rendered":"<p>V\u00e5tlimsetiketter Inte bara popul\u00e4ra inom dryckesindustrin. Vi \u00e4lskar ocks\u00e5 v\u00e5tlimsetiketter! N\u00e4r det g\u00e4ller gr\u00f6n h\u00e5llbarhet kan de enkelt avl\u00e4gsnas utan rester i \u00e5tervinningsprocessen.<\/p>\n","protected":false},"author":10,"featured_media":25849,"parent":37984,"menu_order":0,"comment_status":"closed","ping_status":"closed","template":"page-wrap-around-landing.php","meta":{"_acf_changed":false,"footnotes":""},"class_list":["post-21114","page","type-page","status-publish","has-post-thumbnail","hentry"],"acf":[],"yoast_head":"<!-- This site is optimized with the Yoast SEO plugin v24.2 - https:\/\/yoast.com\/wordpress\/plugins\/seo\/ -->\n<title>V\u00e5tlimsetiketter - All4Labels Global Packaging Group \u2013 Connecting brands and consumers<\/title>\n<meta name=\"robots\" content=\"index, follow, max-snippet:-1, max-image-preview:large, max-video-preview:-1\" \/>\n<link rel=\"canonical\" href=\"https:\/\/all4labels.com\/sv\/produkter-old\/vatlimsetiketter\/\" \/>\n<meta property=\"og:locale\" content=\"sv_SE\" \/>\n<meta property=\"og:type\" content=\"article\" \/>\n<meta property=\"og:title\" content=\"V\u00e5tlimsetiketter - All4Labels Global Packaging Group \u2013 Connecting brands and consumers\" \/>\n<meta property=\"og:description\" content=\"V\u00e5tlimsetiketter Inte bara popul\u00e4ra inom dryckesindustrin. Vi \u00e4lskar ocks\u00e5 v\u00e5tlimsetiketter! N\u00e4r det g\u00e4ller gr\u00f6n h\u00e5llbarhet kan de enkelt avl\u00e4gsnas utan rester i \u00e5tervinningsprocessen.\" \/>\n<meta property=\"og:url\" content=\"https:\/\/all4labels.com\/sv\/produkter-old\/vatlimsetiketter\/\" \/>\n<meta property=\"og:site_name\" content=\"All4Labels Global Packaging Group \u2013 Connecting brands and consumers\" \/>\n<meta property=\"article:modified_time\" content=\"2023-02-28T18:05:25+00:00\" \/>\n<meta property=\"og:image\" content=\"https:\/\/all4labels.com\/wp-content\/uploads\/2021\/08\/A4L_Wet-glue-label_header.jpg\" \/>\n\t<meta property=\"og:image:width\" content=\"2560\" \/>\n\t<meta property=\"og:image:height\" content=\"1422\" \/>\n\t<meta property=\"og:image:type\" content=\"image\/jpeg\" \/>\n<meta name=\"twitter:card\" content=\"summary_large_image\" \/>\n<script type=\"application\/ld+json\" class=\"yoast-schema-graph\">{\"@context\":\"https:\/\/schema.org\",\"@graph\":[{\"@type\":\"WebPage\",\"@id\":\"https:\/\/all4labels.com\/sv\/produkter-old\/vatlimsetiketter\/\",\"url\":\"https:\/\/all4labels.com\/sv\/produkter-old\/vatlimsetiketter\/\",\"name\":\"V\u00e5tlimsetiketter - All4Labels Global Packaging Group \u2013 Connecting brands and consumers\",\"isPartOf\":{\"@id\":\"https:\/\/all4labels.com\/#website\"},\"primaryImageOfPage\":{\"@id\":\"https:\/\/all4labels.com\/sv\/produkter-old\/vatlimsetiketter\/#primaryimage\"},\"image\":{\"@id\":\"https:\/\/all4labels.com\/sv\/produkter-old\/vatlimsetiketter\/#primaryimage\"},\"thumbnailUrl\":\"https:\/\/all4labels.com\/wp-content\/uploads\/2021\/08\/A4L_Wet-glue-label_header.jpg\",\"datePublished\":\"2021-08-20T16:45:10+00:00\",\"dateModified\":\"2023-02-28T18:05:25+00:00\",\"breadcrumb\":{\"@id\":\"https:\/\/all4labels.com\/sv\/produkter-old\/vatlimsetiketter\/#breadcrumb\"},\"inLanguage\":\"sv-SE\",\"potentialAction\":[{\"@type\":\"ReadAction\",\"target\":[\"https:\/\/all4labels.com\/sv\/produkter-old\/vatlimsetiketter\/\"]}]},{\"@type\":\"ImageObject\",\"inLanguage\":\"sv-SE\",\"@id\":\"https:\/\/all4labels.com\/sv\/produkter-old\/vatlimsetiketter\/#primaryimage\",\"url\":\"https:\/\/all4labels.com\/wp-content\/uploads\/2021\/08\/A4L_Wet-glue-label_header.jpg\",\"contentUrl\":\"https:\/\/all4labels.com\/wp-content\/uploads\/2021\/08\/A4L_Wet-glue-label_header.jpg\",\"width\":2560,\"height\":1422},{\"@type\":\"BreadcrumbList\",\"@id\":\"https:\/\/all4labels.com\/sv\/produkter-old\/vatlimsetiketter\/#breadcrumb\",\"itemListElement\":[{\"@type\":\"ListItem\",\"position\":1,\"name\":\"Home\",\"item\":\"https:\/\/all4labels.com\/sv\/\"},{\"@type\":\"ListItem\",\"position\":2,\"name\":\"Produkter\",\"item\":\"https:\/\/all4labels.com\/sv\/produkter-old\/\"},{\"@type\":\"ListItem\",\"position\":3,\"name\":\"V\u00e5tlimsetiketter\"}]},{\"@type\":\"WebSite\",\"@id\":\"https:\/\/all4labels.com\/#website\",\"url\":\"https:\/\/all4labels.com\/\",\"name\":\"All4Labels Global Packaging Group \u2013 Connecting brands and consumers\",\"description\":\"\",\"publisher\":{\"@id\":\"https:\/\/all4labels.com\/#organization\"},\"potentialAction\":[{\"@type\":\"SearchAction\",\"target\":{\"@type\":\"EntryPoint\",\"urlTemplate\":\"https:\/\/all4labels.com\/?s={search_term_string}\"},\"query-input\":{\"@type\":\"PropertyValueSpecification\",\"valueRequired\":true,\"valueName\":\"search_term_string\"}}],\"inLanguage\":\"sv-SE\"},{\"@type\":\"Organization\",\"@id\":\"https:\/\/all4labels.com\/#organization\",\"name\":\"All4Labels Global Packaging Group \u2013 Connecting brands and consumers\",\"url\":\"https:\/\/all4labels.com\/\",\"logo\":{\"@type\":\"ImageObject\",\"inLanguage\":\"sv-SE\",\"@id\":\"https:\/\/all4labels.com\/#\/schema\/logo\/image\/\",\"url\":\"https:\/\/all4labels.com\/wp-content\/uploads\/2020\/02\/all4labels-white.svg\",\"contentUrl\":\"https:\/\/all4labels.com\/wp-content\/uploads\/2020\/02\/all4labels-white.svg\",\"caption\":\"All4Labels Global Packaging Group \u2013 Connecting brands and consumers\"},\"image\":{\"@id\":\"https:\/\/all4labels.com\/#\/schema\/logo\/image\/\"}}]}<\/script>\n<!-- \/ Yoast SEO plugin. -->","yoast_head_json":{"title":"V\u00e5tlimsetiketter - All4Labels Global Packaging Group \u2013 Connecting brands and consumers","robots":{"index":"index","follow":"follow","max-snippet":"max-snippet:-1","max-image-preview":"max-image-preview:large","max-video-preview":"max-video-preview:-1"},"canonical":"https:\/\/all4labels.com\/sv\/produkter-old\/vatlimsetiketter\/","og_locale":"sv_SE","og_type":"article","og_title":"V\u00e5tlimsetiketter - All4Labels Global Packaging Group \u2013 Connecting brands and consumers","og_description":"V\u00e5tlimsetiketter Inte bara popul\u00e4ra inom dryckesindustrin. Vi \u00e4lskar ocks\u00e5 v\u00e5tlimsetiketter! N\u00e4r det g\u00e4ller gr\u00f6n h\u00e5llbarhet kan de enkelt avl\u00e4gsnas utan rester i \u00e5tervinningsprocessen.","og_url":"https:\/\/all4labels.com\/sv\/produkter-old\/vatlimsetiketter\/","og_site_name":"All4Labels Global Packaging Group \u2013 Connecting brands and consumers","article_modified_time":"2023-02-28T18:05:25+00:00","og_image":[{"width":2560,"height":1422,"url":"https:\/\/all4labels.com\/wp-content\/uploads\/2021\/08\/A4L_Wet-glue-label_header.jpg","type":"image\/jpeg"}],"twitter_card":"summary_large_image","schema":{"@context":"https:\/\/schema.org","@graph":[{"@type":"WebPage","@id":"https:\/\/all4labels.com\/sv\/produkter-old\/vatlimsetiketter\/","url":"https:\/\/all4labels.com\/sv\/produkter-old\/vatlimsetiketter\/","name":"V\u00e5tlimsetiketter - All4Labels Global Packaging Group \u2013 Connecting brands and consumers","isPartOf":{"@id":"https:\/\/all4labels.com\/#website"},"primaryImageOfPage":{"@id":"https:\/\/all4labels.com\/sv\/produkter-old\/vatlimsetiketter\/#primaryimage"},"image":{"@id":"https:\/\/all4labels.com\/sv\/produkter-old\/vatlimsetiketter\/#primaryimage"},"thumbnailUrl":"https:\/\/all4labels.com\/wp-content\/uploads\/2021\/08\/A4L_Wet-glue-label_header.jpg","datePublished":"2021-08-20T16:45:10+00:00","dateModified":"2023-02-28T18:05:25+00:00","breadcrumb":{"@id":"https:\/\/all4labels.com\/sv\/produkter-old\/vatlimsetiketter\/#breadcrumb"},"inLanguage":"sv-SE","potentialAction":[{"@type":"ReadAction","target":["https:\/\/all4labels.com\/sv\/produkter-old\/vatlimsetiketter\/"]}]},{"@type":"ImageObject","inLanguage":"sv-SE","@id":"https:\/\/all4labels.com\/sv\/produkter-old\/vatlimsetiketter\/#primaryimage","url":"https:\/\/all4labels.com\/wp-content\/uploads\/2021\/08\/A4L_Wet-glue-label_header.jpg","contentUrl":"https:\/\/all4labels.com\/wp-content\/uploads\/2021\/08\/A4L_Wet-glue-label_header.jpg","width":2560,"height":1422},{"@type":"BreadcrumbList","@id":"https:\/\/all4labels.com\/sv\/produkter-old\/vatlimsetiketter\/#breadcrumb","itemListElement":[{"@type":"ListItem","position":1,"name":"Home","item":"https:\/\/all4labels.com\/sv\/"},{"@type":"ListItem","position":2,"name":"Produkter","item":"https:\/\/all4labels.com\/sv\/produkter-old\/"},{"@type":"ListItem","position":3,"name":"V\u00e5tlimsetiketter"}]},{"@type":"WebSite","@id":"https:\/\/all4labels.com\/#website","url":"https:\/\/all4labels.com\/","name":"All4Labels Global Packaging Group \u2013 Connecting brands and consumers","description":"","publisher":{"@id":"https:\/\/all4labels.com\/#organization"},"potentialAction":[{"@type":"SearchAction","target":{"@type":"EntryPoint","urlTemplate":"https:\/\/all4labels.com\/?s={search_term_string}"},"query-input":{"@type":"PropertyValueSpecification","valueRequired":true,"valueName":"search_term_string"}}],"inLanguage":"sv-SE"},{"@type":"Organization","@id":"https:\/\/all4labels.com\/#organization","name":"All4Labels Global Packaging Group \u2013 Connecting brands and consumers","url":"https:\/\/all4labels.com\/","logo":{"@type":"ImageObject","inLanguage":"sv-SE","@id":"https:\/\/all4labels.com\/#\/schema\/logo\/image\/","url":"https:\/\/all4labels.com\/wp-content\/uploads\/2020\/02\/all4labels-white.svg","contentUrl":"https:\/\/all4labels.com\/wp-content\/uploads\/2020\/02\/all4labels-white.svg","caption":"All4Labels Global Packaging Group \u2013 Connecting brands and consumers"},"image":{"@id":"https:\/\/all4labels.com\/#\/schema\/logo\/image\/"}}]}},"_links":{"self":[{"href":"https:\/\/all4labels.com\/sv\/wp-json\/wp\/v2\/pages\/21114","targetHints":{"allow":["GET"]}}],"collection":[{"href":"https:\/\/all4labels.com\/sv\/wp-json\/wp\/v2\/pages"}],"about":[{"href":"https:\/\/all4labels.com\/sv\/wp-json\/wp\/v2\/types\/page"}],"author":[{"embeddable":true,"href":"https:\/\/all4labels.com\/sv\/wp-json\/wp\/v2\/users\/10"}],"replies":[{"embeddable":true,"href":"https:\/\/all4labels.com\/sv\/wp-json\/wp\/v2\/comments?post=21114"}],"version-history":[{"count":0,"href":"https:\/\/all4labels.com\/sv\/wp-json\/wp\/v2\/pages\/21114\/revisions"}],"up":[{"embeddable":true,"href":"https:\/\/all4labels.com\/sv\/wp-json\/wp\/v2\/pages\/37984"}],"wp:featuredmedia":[{"embeddable":true,"href":"https:\/\/all4labels.com\/sv\/wp-json\/wp\/v2\/media\/25849"}],"wp:attachment":[{"href":"https:\/\/all4labels.com\/sv\/wp-json\/wp\/v2\/media?parent=21114"}],"curies":[{"name":"wp","href":"https:\/\/api.w.org\/{rel}","templated":true}]}}