{"id":21099,"date":"2021-05-06T16:39:04","date_gmt":"2021-05-06T16:39:04","guid":{"rendered":"https:\/\/all4labels.com\/produkter\/psl\/"},"modified":"2023-02-28T18:07:14","modified_gmt":"2023-02-28T18:07:14","slug":"sjalvhaftande-etiketter","status":"publish","type":"page","link":"https:\/\/all4labels.com\/sv\/produkter\/sjalvhaftande-etiketter\/","title":{"rendered":"Sj\u00e4lvh\u00e4ftande etiketter"},"content":{"rendered":"<h1>Vi antar utmaningen med<br \/>\nsj\u00e4lvh\u00e4ftande etiketter<\/h1>\n<p><strong>Sj\u00e4lvh\u00e4ftande etiketter \u00e4r v\u00e5r k\u00e4rnkompetens hos All4Labels &#8211; oavsett material, till\u00e4mpning eller form tar vi oss an alla utmaningar f\u00f6r att ge dig en perfekt etikett.<\/strong><\/p>\n","protected":false},"excerpt":{"rendered":"<p>Vi antar utmaningen med sj\u00e4lvh\u00e4ftande etiketter Sj\u00e4lvh\u00e4ftande etiketter \u00e4r v\u00e5r k\u00e4rnkompetens hos All4Labels &#8211; oavsett material, till\u00e4mpning eller form tar vi oss an alla utmaningar f\u00f6r att ge dig en [&hellip;]<\/p>\n","protected":false},"author":10,"featured_media":25133,"parent":37984,"menu_order":0,"comment_status":"closed","ping_status":"closed","template":"page-psl.php","meta":{"_acf_changed":false,"footnotes":""},"class_list":["post-21099","page","type-page","status-publish","has-post-thumbnail","hentry"],"acf":[],"yoast_head":"<!-- This site is optimized with the Yoast SEO plugin v24.2 - https:\/\/yoast.com\/wordpress\/plugins\/seo\/ -->\n<title>Sj\u00e4lvh\u00e4ftande etiketter - All4Labels Global Packaging Group \u2013 Connecting brands and consumers<\/title>\n<meta name=\"robots\" content=\"index, follow, max-snippet:-1, max-image-preview:large, max-video-preview:-1\" \/>\n<link rel=\"canonical\" href=\"https:\/\/all4labels.com\/sv\/produkter-old\/sjalvhaftande-etiketter\/\" \/>\n<meta property=\"og:locale\" content=\"sv_SE\" \/>\n<meta property=\"og:type\" content=\"article\" \/>\n<meta property=\"og:title\" content=\"Sj\u00e4lvh\u00e4ftande etiketter - All4Labels Global Packaging Group \u2013 Connecting brands and consumers\" \/>\n<meta property=\"og:description\" content=\"Vi antar utmaningen med sj\u00e4lvh\u00e4ftande etiketter Sj\u00e4lvh\u00e4ftande etiketter \u00e4r v\u00e5r k\u00e4rnkompetens hos All4Labels &#8211; oavsett material, till\u00e4mpning eller form tar vi oss an alla utmaningar f\u00f6r att ge dig en [&hellip;]\" \/>\n<meta property=\"og:url\" content=\"https:\/\/all4labels.com\/sv\/produkter-old\/sjalvhaftande-etiketter\/\" \/>\n<meta property=\"og:site_name\" content=\"All4Labels Global Packaging Group \u2013 Connecting brands and consumers\" \/>\n<meta property=\"article:modified_time\" content=\"2023-02-28T18:07:14+00:00\" \/>\n<meta property=\"og:image\" content=\"https:\/\/all4labels.com\/wp-content\/uploads\/2021\/04\/afl_psl_header_210422-scaled.jpg\" \/>\n\t<meta property=\"og:image:width\" content=\"2560\" \/>\n\t<meta property=\"og:image:height\" content=\"1422\" \/>\n\t<meta property=\"og:image:type\" content=\"image\/jpeg\" \/>\n<meta name=\"twitter:card\" content=\"summary_large_image\" \/>\n<meta name=\"twitter:label1\" content=\"Ber\u00e4knad l\u00e4stid\" \/>\n\t<meta name=\"twitter:data1\" content=\"1 minut\" \/>\n<script type=\"application\/ld+json\" class=\"yoast-schema-graph\">{\"@context\":\"https:\/\/schema.org\",\"@graph\":[{\"@type\":\"WebPage\",\"@id\":\"https:\/\/all4labels.com\/sv\/produkter-old\/sjalvhaftande-etiketter\/\",\"url\":\"https:\/\/all4labels.com\/sv\/produkter-old\/sjalvhaftande-etiketter\/\",\"name\":\"Sj\u00e4lvh\u00e4ftande etiketter - All4Labels Global Packaging Group \u2013 Connecting brands and consumers\",\"isPartOf\":{\"@id\":\"https:\/\/all4labels.com\/#website\"},\"primaryImageOfPage\":{\"@id\":\"https:\/\/all4labels.com\/sv\/produkter-old\/sjalvhaftande-etiketter\/#primaryimage\"},\"image\":{\"@id\":\"https:\/\/all4labels.com\/sv\/produkter-old\/sjalvhaftande-etiketter\/#primaryimage\"},\"thumbnailUrl\":\"https:\/\/all4labels.com\/wp-content\/uploads\/2021\/04\/afl_psl_header_210422-scaled.jpg\",\"datePublished\":\"2021-05-06T16:39:04+00:00\",\"dateModified\":\"2023-02-28T18:07:14+00:00\",\"breadcrumb\":{\"@id\":\"https:\/\/all4labels.com\/sv\/produkter-old\/sjalvhaftande-etiketter\/#breadcrumb\"},\"inLanguage\":\"sv-SE\",\"potentialAction\":[{\"@type\":\"ReadAction\",\"target\":[\"https:\/\/all4labels.com\/sv\/produkter-old\/sjalvhaftande-etiketter\/\"]}]},{\"@type\":\"ImageObject\",\"inLanguage\":\"sv-SE\",\"@id\":\"https:\/\/all4labels.com\/sv\/produkter-old\/sjalvhaftande-etiketter\/#primaryimage\",\"url\":\"https:\/\/all4labels.com\/wp-content\/uploads\/2021\/04\/afl_psl_header_210422-scaled.jpg\",\"contentUrl\":\"https:\/\/all4labels.com\/wp-content\/uploads\/2021\/04\/afl_psl_header_210422-scaled.jpg\",\"width\":2560,\"height\":1422},{\"@type\":\"BreadcrumbList\",\"@id\":\"https:\/\/all4labels.com\/sv\/produkter-old\/sjalvhaftande-etiketter\/#breadcrumb\",\"itemListElement\":[{\"@type\":\"ListItem\",\"position\":1,\"name\":\"Home\",\"item\":\"https:\/\/all4labels.com\/sv\/\"},{\"@type\":\"ListItem\",\"position\":2,\"name\":\"Produkter\",\"item\":\"https:\/\/all4labels.com\/sv\/produkter-old\/\"},{\"@type\":\"ListItem\",\"position\":3,\"name\":\"Sj\u00e4lvh\u00e4ftande etiketter\"}]},{\"@type\":\"WebSite\",\"@id\":\"https:\/\/all4labels.com\/#website\",\"url\":\"https:\/\/all4labels.com\/\",\"name\":\"All4Labels Global Packaging Group \u2013 Connecting brands and consumers\",\"description\":\"\",\"publisher\":{\"@id\":\"https:\/\/all4labels.com\/#organization\"},\"potentialAction\":[{\"@type\":\"SearchAction\",\"target\":{\"@type\":\"EntryPoint\",\"urlTemplate\":\"https:\/\/all4labels.com\/?s={search_term_string}\"},\"query-input\":{\"@type\":\"PropertyValueSpecification\",\"valueRequired\":true,\"valueName\":\"search_term_string\"}}],\"inLanguage\":\"sv-SE\"},{\"@type\":\"Organization\",\"@id\":\"https:\/\/all4labels.com\/#organization\",\"name\":\"All4Labels Global Packaging Group \u2013 Connecting brands and consumers\",\"url\":\"https:\/\/all4labels.com\/\",\"logo\":{\"@type\":\"ImageObject\",\"inLanguage\":\"sv-SE\",\"@id\":\"https:\/\/all4labels.com\/#\/schema\/logo\/image\/\",\"url\":\"https:\/\/all4labels.com\/wp-content\/uploads\/2020\/02\/all4labels-white.svg\",\"contentUrl\":\"https:\/\/all4labels.com\/wp-content\/uploads\/2020\/02\/all4labels-white.svg\",\"caption\":\"All4Labels Global Packaging Group \u2013 Connecting brands and consumers\"},\"image\":{\"@id\":\"https:\/\/all4labels.com\/#\/schema\/logo\/image\/\"}}]}<\/script>\n<!-- \/ Yoast SEO plugin. -->","yoast_head_json":{"title":"Sj\u00e4lvh\u00e4ftande etiketter - All4Labels Global Packaging Group \u2013 Connecting brands and consumers","robots":{"index":"index","follow":"follow","max-snippet":"max-snippet:-1","max-image-preview":"max-image-preview:large","max-video-preview":"max-video-preview:-1"},"canonical":"https:\/\/all4labels.com\/sv\/produkter-old\/sjalvhaftande-etiketter\/","og_locale":"sv_SE","og_type":"article","og_title":"Sj\u00e4lvh\u00e4ftande etiketter - All4Labels Global Packaging Group \u2013 Connecting brands and consumers","og_description":"Vi antar utmaningen med sj\u00e4lvh\u00e4ftande etiketter Sj\u00e4lvh\u00e4ftande etiketter \u00e4r v\u00e5r k\u00e4rnkompetens hos All4Labels &#8211; oavsett material, till\u00e4mpning eller form tar vi oss an alla utmaningar f\u00f6r att ge dig en [&hellip;]","og_url":"https:\/\/all4labels.com\/sv\/produkter-old\/sjalvhaftande-etiketter\/","og_site_name":"All4Labels Global Packaging Group \u2013 Connecting brands and consumers","article_modified_time":"2023-02-28T18:07:14+00:00","og_image":[{"width":2560,"height":1422,"url":"https:\/\/all4labels.com\/wp-content\/uploads\/2021\/04\/afl_psl_header_210422-scaled.jpg","type":"image\/jpeg"}],"twitter_card":"summary_large_image","twitter_misc":{"Ber\u00e4knad l\u00e4stid":"1 minut"},"schema":{"@context":"https:\/\/schema.org","@graph":[{"@type":"WebPage","@id":"https:\/\/all4labels.com\/sv\/produkter-old\/sjalvhaftande-etiketter\/","url":"https:\/\/all4labels.com\/sv\/produkter-old\/sjalvhaftande-etiketter\/","name":"Sj\u00e4lvh\u00e4ftande etiketter - All4Labels Global Packaging Group \u2013 Connecting brands and consumers","isPartOf":{"@id":"https:\/\/all4labels.com\/#website"},"primaryImageOfPage":{"@id":"https:\/\/all4labels.com\/sv\/produkter-old\/sjalvhaftande-etiketter\/#primaryimage"},"image":{"@id":"https:\/\/all4labels.com\/sv\/produkter-old\/sjalvhaftande-etiketter\/#primaryimage"},"thumbnailUrl":"https:\/\/all4labels.com\/wp-content\/uploads\/2021\/04\/afl_psl_header_210422-scaled.jpg","datePublished":"2021-05-06T16:39:04+00:00","dateModified":"2023-02-28T18:07:14+00:00","breadcrumb":{"@id":"https:\/\/all4labels.com\/sv\/produkter-old\/sjalvhaftande-etiketter\/#breadcrumb"},"inLanguage":"sv-SE","potentialAction":[{"@type":"ReadAction","target":["https:\/\/all4labels.com\/sv\/produkter-old\/sjalvhaftande-etiketter\/"]}]},{"@type":"ImageObject","inLanguage":"sv-SE","@id":"https:\/\/all4labels.com\/sv\/produkter-old\/sjalvhaftande-etiketter\/#primaryimage","url":"https:\/\/all4labels.com\/wp-content\/uploads\/2021\/04\/afl_psl_header_210422-scaled.jpg","contentUrl":"https:\/\/all4labels.com\/wp-content\/uploads\/2021\/04\/afl_psl_header_210422-scaled.jpg","width":2560,"height":1422},{"@type":"BreadcrumbList","@id":"https:\/\/all4labels.com\/sv\/produkter-old\/sjalvhaftande-etiketter\/#breadcrumb","itemListElement":[{"@type":"ListItem","position":1,"name":"Home","item":"https:\/\/all4labels.com\/sv\/"},{"@type":"ListItem","position":2,"name":"Produkter","item":"https:\/\/all4labels.com\/sv\/produkter-old\/"},{"@type":"ListItem","position":3,"name":"Sj\u00e4lvh\u00e4ftande etiketter"}]},{"@type":"WebSite","@id":"https:\/\/all4labels.com\/#website","url":"https:\/\/all4labels.com\/","name":"All4Labels Global Packaging Group \u2013 Connecting brands and consumers","description":"","publisher":{"@id":"https:\/\/all4labels.com\/#organization"},"potentialAction":[{"@type":"SearchAction","target":{"@type":"EntryPoint","urlTemplate":"https:\/\/all4labels.com\/?s={search_term_string}"},"query-input":{"@type":"PropertyValueSpecification","valueRequired":true,"valueName":"search_term_string"}}],"inLanguage":"sv-SE"},{"@type":"Organization","@id":"https:\/\/all4labels.com\/#organization","name":"All4Labels Global Packaging Group \u2013 Connecting brands and consumers","url":"https:\/\/all4labels.com\/","logo":{"@type":"ImageObject","inLanguage":"sv-SE","@id":"https:\/\/all4labels.com\/#\/schema\/logo\/image\/","url":"https:\/\/all4labels.com\/wp-content\/uploads\/2020\/02\/all4labels-white.svg","contentUrl":"https:\/\/all4labels.com\/wp-content\/uploads\/2020\/02\/all4labels-white.svg","caption":"All4Labels Global Packaging Group \u2013 Connecting brands and consumers"},"image":{"@id":"https:\/\/all4labels.com\/#\/schema\/logo\/image\/"}}]}},"_links":{"self":[{"href":"https:\/\/all4labels.com\/sv\/wp-json\/wp\/v2\/pages\/21099","targetHints":{"allow":["GET"]}}],"collection":[{"href":"https:\/\/all4labels.com\/sv\/wp-json\/wp\/v2\/pages"}],"about":[{"href":"https:\/\/all4labels.com\/sv\/wp-json\/wp\/v2\/types\/page"}],"author":[{"embeddable":true,"href":"https:\/\/all4labels.com\/sv\/wp-json\/wp\/v2\/users\/10"}],"replies":[{"embeddable":true,"href":"https:\/\/all4labels.com\/sv\/wp-json\/wp\/v2\/comments?post=21099"}],"version-history":[{"count":0,"href":"https:\/\/all4labels.com\/sv\/wp-json\/wp\/v2\/pages\/21099\/revisions"}],"up":[{"embeddable":true,"href":"https:\/\/all4labels.com\/sv\/wp-json\/wp\/v2\/pages\/37984"}],"wp:featuredmedia":[{"embeddable":true,"href":"https:\/\/all4labels.com\/sv\/wp-json\/wp\/v2\/media\/25133"}],"wp:attachment":[{"href":"https:\/\/all4labels.com\/sv\/wp-json\/wp\/v2\/media?parent=21099"}],"curies":[{"name":"wp","href":"https:\/\/api.w.org\/{rel}","templated":true}]}}