{"id":20943,"date":"2022-09-30T09:28:32","date_gmt":"2022-09-30T09:28:32","guid":{"rendered":"https:\/\/all4labels.com\/company\/"},"modified":"2026-04-14T10:01:55","modified_gmt":"2026-04-14T10:01:55","slug":"company","status":"publish","type":"page","link":"https:\/\/all4labels.com\/sv\/company\/","title":{"rendered":"F\u00f6retaget"},"content":{"rendered":"<h6>PROFIL<\/h6>\n<h1>F\u00f6retagsbeskrivning<\/h1>\n<p><strong>All4Labels \u00e4r en global ledare inom etikettl\u00f6sningar, erk\u00e4nd f\u00f6r sin banbrytande roll inom f\u00f6rpackningsindustrin. Med ett starkt fokus p\u00e5 segmenten Livsmedel, Hem &amp; Personlig v\u00e5rd, Industri och H\u00e4lsa levererar vi innovativa produkter av h\u00f6g kvalitet som uppfyller v\u00e5ra kunders varierande behov v\u00e4rlden \u00f6ver. <\/strong><\/p>\n<p><strong>Som teknik- och innovationsledare p\u00e5 etikettmarknaden, med s\u00e4rskilt fokus p\u00e5 h\u00e5llbara etiketl\u00f6sningar, \u00e4r vi en p\u00e5litlig partner f\u00f6r stora lokala och multinationella f\u00f6retag globalt. V\u00e5r str\u00e4van efter kundfokus och operationell excellens g\u00f6r oss till en f\u00f6redragen leverant\u00f6r inom den globala f\u00f6rpackningsindustrin.<\/strong><\/p>\n","protected":false},"excerpt":{"rendered":"<p>PROFIL F\u00f6retagsbeskrivning All4Labels \u00e4r en global ledare inom etikettl\u00f6sningar, erk\u00e4nd f\u00f6r sin banbrytande roll inom f\u00f6rpackningsindustrin. Med ett starkt fokus p\u00e5 segmenten Livsmedel, Hem &amp; Personlig v\u00e5rd, Industri och H\u00e4lsa [&hellip;]<\/p>\n","protected":false},"author":10,"featured_media":0,"parent":0,"menu_order":0,"comment_status":"closed","ping_status":"closed","template":"page-about.php","meta":{"_acf_changed":false,"footnotes":""},"class_list":["post-20943","page","type-page","status-publish","hentry"],"acf":[],"yoast_head":"<!-- This site is optimized with the Yoast SEO plugin v24.2 - https:\/\/yoast.com\/wordpress\/plugins\/seo\/ -->\n<title>F\u00f6retaget - All4Labels Global Packaging Group \u2013 Connecting brands and consumers<\/title>\n<meta name=\"robots\" content=\"index, follow, max-snippet:-1, max-image-preview:large, max-video-preview:-1\" \/>\n<link rel=\"canonical\" href=\"https:\/\/all4labels.com\/sv\/company\/\" \/>\n<meta property=\"og:locale\" content=\"sv_SE\" \/>\n<meta property=\"og:type\" content=\"article\" \/>\n<meta property=\"og:title\" content=\"F\u00f6retaget - All4Labels Global Packaging Group \u2013 Connecting brands and consumers\" \/>\n<meta property=\"og:description\" content=\"PROFIL F\u00f6retagsbeskrivning All4Labels \u00e4r en global ledare inom etikettl\u00f6sningar, erk\u00e4nd f\u00f6r sin banbrytande roll inom f\u00f6rpackningsindustrin. Med ett starkt fokus p\u00e5 segmenten Livsmedel, Hem &amp; Personlig v\u00e5rd, Industri och H\u00e4lsa [&hellip;]\" \/>\n<meta property=\"og:url\" content=\"https:\/\/all4labels.com\/sv\/company\/\" \/>\n<meta property=\"og:site_name\" content=\"All4Labels Global Packaging Group \u2013 Connecting brands and consumers\" \/>\n<meta property=\"article:modified_time\" content=\"2026-04-14T10:01:55+00:00\" \/>\n<meta name=\"twitter:card\" content=\"summary_large_image\" \/>\n<meta name=\"twitter:label1\" content=\"Ber\u00e4knad l\u00e4stid\" \/>\n\t<meta name=\"twitter:data1\" content=\"1 minut\" \/>\n<script type=\"application\/ld+json\" class=\"yoast-schema-graph\">{\"@context\":\"https:\/\/schema.org\",\"@graph\":[{\"@type\":\"WebPage\",\"@id\":\"https:\/\/all4labels.com\/sv\/company\/\",\"url\":\"https:\/\/all4labels.com\/sv\/company\/\",\"name\":\"F\u00f6retaget - All4Labels Global Packaging Group \u2013 Connecting brands and consumers\",\"isPartOf\":{\"@id\":\"https:\/\/all4labels.com\/#website\"},\"datePublished\":\"2022-09-30T09:28:32+00:00\",\"dateModified\":\"2026-04-14T10:01:55+00:00\",\"breadcrumb\":{\"@id\":\"https:\/\/all4labels.com\/sv\/company\/#breadcrumb\"},\"inLanguage\":\"sv-SE\",\"potentialAction\":[{\"@type\":\"ReadAction\",\"target\":[\"https:\/\/all4labels.com\/sv\/company\/\"]}]},{\"@type\":\"BreadcrumbList\",\"@id\":\"https:\/\/all4labels.com\/sv\/company\/#breadcrumb\",\"itemListElement\":[{\"@type\":\"ListItem\",\"position\":1,\"name\":\"Home\",\"item\":\"https:\/\/all4labels.com\/sv\/\"},{\"@type\":\"ListItem\",\"position\":2,\"name\":\"F\u00f6retaget\"}]},{\"@type\":\"WebSite\",\"@id\":\"https:\/\/all4labels.com\/#website\",\"url\":\"https:\/\/all4labels.com\/\",\"name\":\"All4Labels Global Packaging Group \u2013 Connecting brands and consumers\",\"description\":\"\",\"publisher\":{\"@id\":\"https:\/\/all4labels.com\/#organization\"},\"potentialAction\":[{\"@type\":\"SearchAction\",\"target\":{\"@type\":\"EntryPoint\",\"urlTemplate\":\"https:\/\/all4labels.com\/?s={search_term_string}\"},\"query-input\":{\"@type\":\"PropertyValueSpecification\",\"valueRequired\":true,\"valueName\":\"search_term_string\"}}],\"inLanguage\":\"sv-SE\"},{\"@type\":\"Organization\",\"@id\":\"https:\/\/all4labels.com\/#organization\",\"name\":\"All4Labels Global Packaging Group \u2013 Connecting brands and consumers\",\"url\":\"https:\/\/all4labels.com\/\",\"logo\":{\"@type\":\"ImageObject\",\"inLanguage\":\"sv-SE\",\"@id\":\"https:\/\/all4labels.com\/#\/schema\/logo\/image\/\",\"url\":\"https:\/\/all4labels.com\/wp-content\/uploads\/2020\/02\/all4labels-white.svg\",\"contentUrl\":\"https:\/\/all4labels.com\/wp-content\/uploads\/2020\/02\/all4labels-white.svg\",\"caption\":\"All4Labels Global Packaging Group \u2013 Connecting brands and consumers\"},\"image\":{\"@id\":\"https:\/\/all4labels.com\/#\/schema\/logo\/image\/\"}}]}<\/script>\n<!-- \/ Yoast SEO plugin. -->","yoast_head_json":{"title":"F\u00f6retaget - All4Labels Global Packaging Group \u2013 Connecting brands and consumers","robots":{"index":"index","follow":"follow","max-snippet":"max-snippet:-1","max-image-preview":"max-image-preview:large","max-video-preview":"max-video-preview:-1"},"canonical":"https:\/\/all4labels.com\/sv\/company\/","og_locale":"sv_SE","og_type":"article","og_title":"F\u00f6retaget - All4Labels Global Packaging Group \u2013 Connecting brands and consumers","og_description":"PROFIL F\u00f6retagsbeskrivning All4Labels \u00e4r en global ledare inom etikettl\u00f6sningar, erk\u00e4nd f\u00f6r sin banbrytande roll inom f\u00f6rpackningsindustrin. Med ett starkt fokus p\u00e5 segmenten Livsmedel, Hem &amp; Personlig v\u00e5rd, Industri och H\u00e4lsa [&hellip;]","og_url":"https:\/\/all4labels.com\/sv\/company\/","og_site_name":"All4Labels Global Packaging Group \u2013 Connecting brands and consumers","article_modified_time":"2026-04-14T10:01:55+00:00","twitter_card":"summary_large_image","twitter_misc":{"Ber\u00e4knad l\u00e4stid":"1 minut"},"schema":{"@context":"https:\/\/schema.org","@graph":[{"@type":"WebPage","@id":"https:\/\/all4labels.com\/sv\/company\/","url":"https:\/\/all4labels.com\/sv\/company\/","name":"F\u00f6retaget - All4Labels Global Packaging Group \u2013 Connecting brands and consumers","isPartOf":{"@id":"https:\/\/all4labels.com\/#website"},"datePublished":"2022-09-30T09:28:32+00:00","dateModified":"2026-04-14T10:01:55+00:00","breadcrumb":{"@id":"https:\/\/all4labels.com\/sv\/company\/#breadcrumb"},"inLanguage":"sv-SE","potentialAction":[{"@type":"ReadAction","target":["https:\/\/all4labels.com\/sv\/company\/"]}]},{"@type":"BreadcrumbList","@id":"https:\/\/all4labels.com\/sv\/company\/#breadcrumb","itemListElement":[{"@type":"ListItem","position":1,"name":"Home","item":"https:\/\/all4labels.com\/sv\/"},{"@type":"ListItem","position":2,"name":"F\u00f6retaget"}]},{"@type":"WebSite","@id":"https:\/\/all4labels.com\/#website","url":"https:\/\/all4labels.com\/","name":"All4Labels Global Packaging Group \u2013 Connecting brands and consumers","description":"","publisher":{"@id":"https:\/\/all4labels.com\/#organization"},"potentialAction":[{"@type":"SearchAction","target":{"@type":"EntryPoint","urlTemplate":"https:\/\/all4labels.com\/?s={search_term_string}"},"query-input":{"@type":"PropertyValueSpecification","valueRequired":true,"valueName":"search_term_string"}}],"inLanguage":"sv-SE"},{"@type":"Organization","@id":"https:\/\/all4labels.com\/#organization","name":"All4Labels Global Packaging Group \u2013 Connecting brands and consumers","url":"https:\/\/all4labels.com\/","logo":{"@type":"ImageObject","inLanguage":"sv-SE","@id":"https:\/\/all4labels.com\/#\/schema\/logo\/image\/","url":"https:\/\/all4labels.com\/wp-content\/uploads\/2020\/02\/all4labels-white.svg","contentUrl":"https:\/\/all4labels.com\/wp-content\/uploads\/2020\/02\/all4labels-white.svg","caption":"All4Labels Global Packaging Group \u2013 Connecting brands and consumers"},"image":{"@id":"https:\/\/all4labels.com\/#\/schema\/logo\/image\/"}}]}},"_links":{"self":[{"href":"https:\/\/all4labels.com\/sv\/wp-json\/wp\/v2\/pages\/20943","targetHints":{"allow":["GET"]}}],"collection":[{"href":"https:\/\/all4labels.com\/sv\/wp-json\/wp\/v2\/pages"}],"about":[{"href":"https:\/\/all4labels.com\/sv\/wp-json\/wp\/v2\/types\/page"}],"author":[{"embeddable":true,"href":"https:\/\/all4labels.com\/sv\/wp-json\/wp\/v2\/users\/10"}],"replies":[{"embeddable":true,"href":"https:\/\/all4labels.com\/sv\/wp-json\/wp\/v2\/comments?post=20943"}],"version-history":[{"count":61,"href":"https:\/\/all4labels.com\/sv\/wp-json\/wp\/v2\/pages\/20943\/revisions"}],"predecessor-version":[{"id":46395,"href":"https:\/\/all4labels.com\/sv\/wp-json\/wp\/v2\/pages\/20943\/revisions\/46395"}],"wp:attachment":[{"href":"https:\/\/all4labels.com\/sv\/wp-json\/wp\/v2\/media?parent=20943"}],"curies":[{"name":"wp","href":"https:\/\/api.w.org\/{rel}","templated":true}]}}