{"id":38488,"date":"2021-02-16T08:47:49","date_gmt":"2021-02-16T08:47:49","guid":{"rendered":"https:\/\/all4labels.com\/responsibility\/compliance\/"},"modified":"2026-03-27T14:32:30","modified_gmt":"2026-03-27T14:32:30","slug":"compliance","status":"publish","type":"page","link":"https:\/\/all4labels.com\/ro\/responsibility\/compliance\/","title":{"rendered":"Compliance"},"content":{"rendered":"<h1>Conformitate<\/h1>\n<p>Conformitatea &#8211; antreprenoriatul responsabil \u00een conformitate cu legile, regulile \u0219i reglement\u0103rile din \u021b\u0103rile \u00een care ne desf\u0103\u0219ur\u0103m activitatea, precum \u0219i cu Principiile noastre de afaceri \u0219i de conduit\u0103 &#8211; este de mare importan\u021b\u0103 pentru All4Labels Global Packaging Group.<\/p>\n<p>Cu toate acestea, pentru noi, conformitatea \u00eenseamn\u0103 mai mult dec\u00e2t simpla respectare a reglement\u0103rilor legale. Aspir\u0103m s\u0103 ac\u021bion\u0103m \u00eentotdeauna \u00een conformitate cu valorile noastre de curaj, responsabilitate, respect, integritate \u0219i transparen\u021b\u0103.<\/p>\n","protected":false},"excerpt":{"rendered":"<p>Conformitate Conformitatea &#8211; antreprenoriatul responsabil \u00een conformitate cu legile, regulile \u0219i reglement\u0103rile din \u021b\u0103rile \u00een care ne desf\u0103\u0219ur\u0103m activitatea, precum \u0219i cu Principiile noastre de afaceri \u0219i de conduit\u0103 &#8211; [&hellip;]<\/p>\n","protected":false},"author":1,"featured_media":38489,"parent":38265,"menu_order":0,"comment_status":"closed","ping_status":"closed","template":"page-compliance.php","meta":{"_acf_changed":false,"footnotes":""},"class_list":["post-38488","page","type-page","status-publish","has-post-thumbnail","hentry"],"acf":[],"yoast_head":"<!-- This site is optimized with the Yoast SEO plugin v24.2 - https:\/\/yoast.com\/wordpress\/plugins\/seo\/ -->\n<title>Compliance - All4Labels Global Packaging Group \u2013 Connecting brands and consumers<\/title>\n<meta name=\"robots\" content=\"index, follow, max-snippet:-1, max-image-preview:large, max-video-preview:-1\" \/>\n<link rel=\"canonical\" href=\"https:\/\/all4labels.com\/ro\/responsibility\/compliance\/\" \/>\n<meta property=\"og:locale\" content=\"ro_RO\" \/>\n<meta property=\"og:type\" content=\"article\" \/>\n<meta property=\"og:title\" content=\"Compliance - All4Labels Global Packaging Group \u2013 Connecting brands and consumers\" \/>\n<meta property=\"og:description\" content=\"Conformitate Conformitatea &#8211; antreprenoriatul responsabil \u00een conformitate cu legile, regulile \u0219i reglement\u0103rile din \u021b\u0103rile \u00een care ne desf\u0103\u0219ur\u0103m activitatea, precum \u0219i cu Principiile noastre de afaceri \u0219i de conduit\u0103 &#8211; [&hellip;]\" \/>\n<meta property=\"og:url\" content=\"https:\/\/all4labels.com\/ro\/responsibility\/compliance\/\" \/>\n<meta property=\"og:site_name\" content=\"All4Labels Global Packaging Group \u2013 Connecting brands and consumers\" \/>\n<meta property=\"article:modified_time\" content=\"2026-03-27T14:32:30+00:00\" \/>\n<meta property=\"og:image\" content=\"https:\/\/all4labels.com\/wp-content\/uploads\/2021\/02\/afl_compliance_header.jpg\" \/>\n\t<meta property=\"og:image:width\" content=\"1920\" \/>\n\t<meta property=\"og:image:height\" content=\"1280\" \/>\n\t<meta property=\"og:image:type\" content=\"image\/jpeg\" \/>\n<meta name=\"twitter:card\" content=\"summary_large_image\" \/>\n<meta name=\"twitter:label1\" content=\"Timp estimat pentru citire\" \/>\n\t<meta name=\"twitter:data1\" content=\"1 minut\" \/>\n<script type=\"application\/ld+json\" class=\"yoast-schema-graph\">{\"@context\":\"https:\/\/schema.org\",\"@graph\":[{\"@type\":\"WebPage\",\"@id\":\"https:\/\/all4labels.com\/ro\/responsibility\/compliance\/\",\"url\":\"https:\/\/all4labels.com\/ro\/responsibility\/compliance\/\",\"name\":\"Compliance - All4Labels Global Packaging Group \u2013 Connecting brands and consumers\",\"isPartOf\":{\"@id\":\"https:\/\/all4labels.com\/#website\"},\"primaryImageOfPage\":{\"@id\":\"https:\/\/all4labels.com\/ro\/responsibility\/compliance\/#primaryimage\"},\"image\":{\"@id\":\"https:\/\/all4labels.com\/ro\/responsibility\/compliance\/#primaryimage\"},\"thumbnailUrl\":\"https:\/\/all4labels.com\/wp-content\/uploads\/2021\/02\/afl_compliance_header.jpg\",\"datePublished\":\"2021-02-16T08:47:49+00:00\",\"dateModified\":\"2026-03-27T14:32:30+00:00\",\"breadcrumb\":{\"@id\":\"https:\/\/all4labels.com\/ro\/responsibility\/compliance\/#breadcrumb\"},\"inLanguage\":\"ro-RO\",\"potentialAction\":[{\"@type\":\"ReadAction\",\"target\":[\"https:\/\/all4labels.com\/ro\/responsibility\/compliance\/\"]}]},{\"@type\":\"ImageObject\",\"inLanguage\":\"ro-RO\",\"@id\":\"https:\/\/all4labels.com\/ro\/responsibility\/compliance\/#primaryimage\",\"url\":\"https:\/\/all4labels.com\/wp-content\/uploads\/2021\/02\/afl_compliance_header.jpg\",\"contentUrl\":\"https:\/\/all4labels.com\/wp-content\/uploads\/2021\/02\/afl_compliance_header.jpg\",\"width\":1920,\"height\":1280},{\"@type\":\"BreadcrumbList\",\"@id\":\"https:\/\/all4labels.com\/ro\/responsibility\/compliance\/#breadcrumb\",\"itemListElement\":[{\"@type\":\"ListItem\",\"position\":1,\"name\":\"Home\",\"item\":\"https:\/\/all4labels.com\/ro\/\"},{\"@type\":\"ListItem\",\"position\":2,\"name\":\"Responsibility\",\"item\":\"https:\/\/all4labels.com\/ro\/responsibility\/\"},{\"@type\":\"ListItem\",\"position\":3,\"name\":\"Compliance\"}]},{\"@type\":\"WebSite\",\"@id\":\"https:\/\/all4labels.com\/#website\",\"url\":\"https:\/\/all4labels.com\/\",\"name\":\"All4Labels Global Packaging Group \u2013 Connecting brands and consumers\",\"description\":\"\",\"publisher\":{\"@id\":\"https:\/\/all4labels.com\/#organization\"},\"potentialAction\":[{\"@type\":\"SearchAction\",\"target\":{\"@type\":\"EntryPoint\",\"urlTemplate\":\"https:\/\/all4labels.com\/?s={search_term_string}\"},\"query-input\":{\"@type\":\"PropertyValueSpecification\",\"valueRequired\":true,\"valueName\":\"search_term_string\"}}],\"inLanguage\":\"ro-RO\"},{\"@type\":\"Organization\",\"@id\":\"https:\/\/all4labels.com\/#organization\",\"name\":\"All4Labels Global Packaging Group \u2013 Connecting brands and consumers\",\"url\":\"https:\/\/all4labels.com\/\",\"logo\":{\"@type\":\"ImageObject\",\"inLanguage\":\"ro-RO\",\"@id\":\"https:\/\/all4labels.com\/#\/schema\/logo\/image\/\",\"url\":\"https:\/\/all4labels.com\/wp-content\/uploads\/2020\/02\/all4labels-white.svg\",\"contentUrl\":\"https:\/\/all4labels.com\/wp-content\/uploads\/2020\/02\/all4labels-white.svg\",\"caption\":\"All4Labels Global Packaging Group \u2013 Connecting brands and consumers\"},\"image\":{\"@id\":\"https:\/\/all4labels.com\/#\/schema\/logo\/image\/\"}}]}<\/script>\n<!-- \/ Yoast SEO plugin. -->","yoast_head_json":{"title":"Compliance - All4Labels Global Packaging Group \u2013 Connecting brands and consumers","robots":{"index":"index","follow":"follow","max-snippet":"max-snippet:-1","max-image-preview":"max-image-preview:large","max-video-preview":"max-video-preview:-1"},"canonical":"https:\/\/all4labels.com\/ro\/responsibility\/compliance\/","og_locale":"ro_RO","og_type":"article","og_title":"Compliance - All4Labels Global Packaging Group \u2013 Connecting brands and consumers","og_description":"Conformitate Conformitatea &#8211; antreprenoriatul responsabil \u00een conformitate cu legile, regulile \u0219i reglement\u0103rile din \u021b\u0103rile \u00een care ne desf\u0103\u0219ur\u0103m activitatea, precum \u0219i cu Principiile noastre de afaceri \u0219i de conduit\u0103 &#8211; [&hellip;]","og_url":"https:\/\/all4labels.com\/ro\/responsibility\/compliance\/","og_site_name":"All4Labels Global Packaging Group \u2013 Connecting brands and consumers","article_modified_time":"2026-03-27T14:32:30+00:00","og_image":[{"width":1920,"height":1280,"url":"https:\/\/all4labels.com\/wp-content\/uploads\/2021\/02\/afl_compliance_header.jpg","type":"image\/jpeg"}],"twitter_card":"summary_large_image","twitter_misc":{"Timp estimat pentru citire":"1 minut"},"schema":{"@context":"https:\/\/schema.org","@graph":[{"@type":"WebPage","@id":"https:\/\/all4labels.com\/ro\/responsibility\/compliance\/","url":"https:\/\/all4labels.com\/ro\/responsibility\/compliance\/","name":"Compliance - All4Labels Global Packaging Group \u2013 Connecting brands and consumers","isPartOf":{"@id":"https:\/\/all4labels.com\/#website"},"primaryImageOfPage":{"@id":"https:\/\/all4labels.com\/ro\/responsibility\/compliance\/#primaryimage"},"image":{"@id":"https:\/\/all4labels.com\/ro\/responsibility\/compliance\/#primaryimage"},"thumbnailUrl":"https:\/\/all4labels.com\/wp-content\/uploads\/2021\/02\/afl_compliance_header.jpg","datePublished":"2021-02-16T08:47:49+00:00","dateModified":"2026-03-27T14:32:30+00:00","breadcrumb":{"@id":"https:\/\/all4labels.com\/ro\/responsibility\/compliance\/#breadcrumb"},"inLanguage":"ro-RO","potentialAction":[{"@type":"ReadAction","target":["https:\/\/all4labels.com\/ro\/responsibility\/compliance\/"]}]},{"@type":"ImageObject","inLanguage":"ro-RO","@id":"https:\/\/all4labels.com\/ro\/responsibility\/compliance\/#primaryimage","url":"https:\/\/all4labels.com\/wp-content\/uploads\/2021\/02\/afl_compliance_header.jpg","contentUrl":"https:\/\/all4labels.com\/wp-content\/uploads\/2021\/02\/afl_compliance_header.jpg","width":1920,"height":1280},{"@type":"BreadcrumbList","@id":"https:\/\/all4labels.com\/ro\/responsibility\/compliance\/#breadcrumb","itemListElement":[{"@type":"ListItem","position":1,"name":"Home","item":"https:\/\/all4labels.com\/ro\/"},{"@type":"ListItem","position":2,"name":"Responsibility","item":"https:\/\/all4labels.com\/ro\/responsibility\/"},{"@type":"ListItem","position":3,"name":"Compliance"}]},{"@type":"WebSite","@id":"https:\/\/all4labels.com\/#website","url":"https:\/\/all4labels.com\/","name":"All4Labels Global Packaging Group \u2013 Connecting brands and consumers","description":"","publisher":{"@id":"https:\/\/all4labels.com\/#organization"},"potentialAction":[{"@type":"SearchAction","target":{"@type":"EntryPoint","urlTemplate":"https:\/\/all4labels.com\/?s={search_term_string}"},"query-input":{"@type":"PropertyValueSpecification","valueRequired":true,"valueName":"search_term_string"}}],"inLanguage":"ro-RO"},{"@type":"Organization","@id":"https:\/\/all4labels.com\/#organization","name":"All4Labels Global Packaging Group \u2013 Connecting brands and consumers","url":"https:\/\/all4labels.com\/","logo":{"@type":"ImageObject","inLanguage":"ro-RO","@id":"https:\/\/all4labels.com\/#\/schema\/logo\/image\/","url":"https:\/\/all4labels.com\/wp-content\/uploads\/2020\/02\/all4labels-white.svg","contentUrl":"https:\/\/all4labels.com\/wp-content\/uploads\/2020\/02\/all4labels-white.svg","caption":"All4Labels Global Packaging Group \u2013 Connecting brands and consumers"},"image":{"@id":"https:\/\/all4labels.com\/#\/schema\/logo\/image\/"}}]}},"_links":{"self":[{"href":"https:\/\/all4labels.com\/ro\/wp-json\/wp\/v2\/pages\/38488","targetHints":{"allow":["GET"]}}],"collection":[{"href":"https:\/\/all4labels.com\/ro\/wp-json\/wp\/v2\/pages"}],"about":[{"href":"https:\/\/all4labels.com\/ro\/wp-json\/wp\/v2\/types\/page"}],"author":[{"embeddable":true,"href":"https:\/\/all4labels.com\/ro\/wp-json\/wp\/v2\/users\/1"}],"replies":[{"embeddable":true,"href":"https:\/\/all4labels.com\/ro\/wp-json\/wp\/v2\/comments?post=38488"}],"version-history":[{"count":9,"href":"https:\/\/all4labels.com\/ro\/wp-json\/wp\/v2\/pages\/38488\/revisions"}],"predecessor-version":[{"id":46173,"href":"https:\/\/all4labels.com\/ro\/wp-json\/wp\/v2\/pages\/38488\/revisions\/46173"}],"up":[{"embeddable":true,"href":"https:\/\/all4labels.com\/ro\/wp-json\/wp\/v2\/pages\/38265"}],"wp:featuredmedia":[{"embeddable":true,"href":"https:\/\/all4labels.com\/ro\/wp-json\/wp\/v2\/media\/38489"}],"wp:attachment":[{"href":"https:\/\/all4labels.com\/ro\/wp-json\/wp\/v2\/media?parent=38488"}],"curies":[{"name":"wp","href":"https:\/\/api.w.org\/{rel}","templated":true}]}}