{"id":38483,"date":"2022-03-02T23:49:13","date_gmt":"2022-03-02T23:49:13","guid":{"rendered":"https:\/\/all4labels.com\/responsibility\/safety-health\/"},"modified":"2024-02-29T16:21:23","modified_gmt":"2024-02-29T16:21:23","slug":"safety-health","status":"publish","type":"page","link":"https:\/\/all4labels.com\/ro\/responsibility\/safety-health\/","title":{"rendered":"Safety &#038; Health"},"content":{"rendered":"<p><span class=\"header-red\">De data aceasta.<\/span><br \/>\n<span class=\"header-red\">Data viitoare.<\/span><br \/>\n<span class=\"header-red\">De fiecare dat\u0103.<\/span><br \/>\n<span class=\"header-blue\">Respecta\u021bi toate regulile, tot timpul, pentru a v\u0103 asigura c\u0103 dumneavoastr\u0103 \u0219i ceilal\u021bi sunte\u021bi \u00een siguran\u021b\u0103.<\/span><\/p>\n","protected":false},"excerpt":{"rendered":"<p>De data aceasta. Data viitoare. De fiecare dat\u0103. Respecta\u021bi toate regulile, tot timpul, pentru a v\u0103 asigura c\u0103 dumneavoastr\u0103 \u0219i ceilal\u021bi sunte\u021bi \u00een siguran\u021b\u0103.<\/p>\n","protected":false},"author":10,"featured_media":0,"parent":38265,"menu_order":0,"comment_status":"closed","ping_status":"closed","template":"page-safety.php","meta":{"_acf_changed":false,"footnotes":""},"class_list":["post-38483","page","type-page","status-publish","hentry"],"acf":[],"yoast_head":"<!-- This site is optimized with the Yoast SEO plugin v24.2 - https:\/\/yoast.com\/wordpress\/plugins\/seo\/ -->\n<title>Safety &amp; Health - All4Labels Global Packaging Group \u2013 Connecting brands and consumers<\/title>\n<meta name=\"robots\" content=\"index, follow, max-snippet:-1, max-image-preview:large, max-video-preview:-1\" \/>\n<link rel=\"canonical\" href=\"https:\/\/all4labels.com\/ro\/responsibility\/safety-health\/\" \/>\n<meta property=\"og:locale\" content=\"ro_RO\" \/>\n<meta property=\"og:type\" content=\"article\" \/>\n<meta property=\"og:title\" content=\"Safety &amp; Health - All4Labels Global Packaging Group \u2013 Connecting brands and consumers\" \/>\n<meta property=\"og:description\" content=\"De data aceasta. Data viitoare. De fiecare dat\u0103. Respecta\u021bi toate regulile, tot timpul, pentru a v\u0103 asigura c\u0103 dumneavoastr\u0103 \u0219i ceilal\u021bi sunte\u021bi \u00een siguran\u021b\u0103.\" \/>\n<meta property=\"og:url\" content=\"https:\/\/all4labels.com\/ro\/responsibility\/safety-health\/\" \/>\n<meta property=\"og:site_name\" content=\"All4Labels Global Packaging Group \u2013 Connecting brands and consumers\" \/>\n<meta property=\"article:modified_time\" content=\"2024-02-29T16:21:23+00:00\" \/>\n<meta name=\"twitter:card\" content=\"summary_large_image\" \/>\n<meta name=\"twitter:label1\" content=\"Timp estimat pentru citire\" \/>\n\t<meta name=\"twitter:data1\" content=\"1 minut\" \/>\n<script type=\"application\/ld+json\" class=\"yoast-schema-graph\">{\"@context\":\"https:\/\/schema.org\",\"@graph\":[{\"@type\":\"WebPage\",\"@id\":\"https:\/\/all4labels.com\/ro\/responsibility\/safety-health\/\",\"url\":\"https:\/\/all4labels.com\/ro\/responsibility\/safety-health\/\",\"name\":\"Safety & Health - All4Labels Global Packaging Group \u2013 Connecting brands and consumers\",\"isPartOf\":{\"@id\":\"https:\/\/all4labels.com\/#website\"},\"datePublished\":\"2022-03-02T23:49:13+00:00\",\"dateModified\":\"2024-02-29T16:21:23+00:00\",\"breadcrumb\":{\"@id\":\"https:\/\/all4labels.com\/ro\/responsibility\/safety-health\/#breadcrumb\"},\"inLanguage\":\"ro-RO\",\"potentialAction\":[{\"@type\":\"ReadAction\",\"target\":[\"https:\/\/all4labels.com\/ro\/responsibility\/safety-health\/\"]}]},{\"@type\":\"BreadcrumbList\",\"@id\":\"https:\/\/all4labels.com\/ro\/responsibility\/safety-health\/#breadcrumb\",\"itemListElement\":[{\"@type\":\"ListItem\",\"position\":1,\"name\":\"Home\",\"item\":\"https:\/\/all4labels.com\/ro\/\"},{\"@type\":\"ListItem\",\"position\":2,\"name\":\"Responsibility\",\"item\":\"https:\/\/all4labels.com\/ro\/responsibility\/\"},{\"@type\":\"ListItem\",\"position\":3,\"name\":\"Safety &#038; Health\"}]},{\"@type\":\"WebSite\",\"@id\":\"https:\/\/all4labels.com\/#website\",\"url\":\"https:\/\/all4labels.com\/\",\"name\":\"All4Labels Global Packaging Group \u2013 Connecting brands and consumers\",\"description\":\"\",\"publisher\":{\"@id\":\"https:\/\/all4labels.com\/#organization\"},\"potentialAction\":[{\"@type\":\"SearchAction\",\"target\":{\"@type\":\"EntryPoint\",\"urlTemplate\":\"https:\/\/all4labels.com\/?s={search_term_string}\"},\"query-input\":{\"@type\":\"PropertyValueSpecification\",\"valueRequired\":true,\"valueName\":\"search_term_string\"}}],\"inLanguage\":\"ro-RO\"},{\"@type\":\"Organization\",\"@id\":\"https:\/\/all4labels.com\/#organization\",\"name\":\"All4Labels Global Packaging Group \u2013 Connecting brands and consumers\",\"url\":\"https:\/\/all4labels.com\/\",\"logo\":{\"@type\":\"ImageObject\",\"inLanguage\":\"ro-RO\",\"@id\":\"https:\/\/all4labels.com\/#\/schema\/logo\/image\/\",\"url\":\"https:\/\/all4labels.com\/wp-content\/uploads\/2020\/02\/all4labels-white.svg\",\"contentUrl\":\"https:\/\/all4labels.com\/wp-content\/uploads\/2020\/02\/all4labels-white.svg\",\"caption\":\"All4Labels Global Packaging Group \u2013 Connecting brands and consumers\"},\"image\":{\"@id\":\"https:\/\/all4labels.com\/#\/schema\/logo\/image\/\"}}]}<\/script>\n<!-- \/ Yoast SEO plugin. -->","yoast_head_json":{"title":"Safety & Health - All4Labels Global Packaging Group \u2013 Connecting brands and consumers","robots":{"index":"index","follow":"follow","max-snippet":"max-snippet:-1","max-image-preview":"max-image-preview:large","max-video-preview":"max-video-preview:-1"},"canonical":"https:\/\/all4labels.com\/ro\/responsibility\/safety-health\/","og_locale":"ro_RO","og_type":"article","og_title":"Safety & Health - All4Labels Global Packaging Group \u2013 Connecting brands and consumers","og_description":"De data aceasta. Data viitoare. De fiecare dat\u0103. Respecta\u021bi toate regulile, tot timpul, pentru a v\u0103 asigura c\u0103 dumneavoastr\u0103 \u0219i ceilal\u021bi sunte\u021bi \u00een siguran\u021b\u0103.","og_url":"https:\/\/all4labels.com\/ro\/responsibility\/safety-health\/","og_site_name":"All4Labels Global Packaging Group \u2013 Connecting brands and consumers","article_modified_time":"2024-02-29T16:21:23+00:00","twitter_card":"summary_large_image","twitter_misc":{"Timp estimat pentru citire":"1 minut"},"schema":{"@context":"https:\/\/schema.org","@graph":[{"@type":"WebPage","@id":"https:\/\/all4labels.com\/ro\/responsibility\/safety-health\/","url":"https:\/\/all4labels.com\/ro\/responsibility\/safety-health\/","name":"Safety & Health - All4Labels Global Packaging Group \u2013 Connecting brands and consumers","isPartOf":{"@id":"https:\/\/all4labels.com\/#website"},"datePublished":"2022-03-02T23:49:13+00:00","dateModified":"2024-02-29T16:21:23+00:00","breadcrumb":{"@id":"https:\/\/all4labels.com\/ro\/responsibility\/safety-health\/#breadcrumb"},"inLanguage":"ro-RO","potentialAction":[{"@type":"ReadAction","target":["https:\/\/all4labels.com\/ro\/responsibility\/safety-health\/"]}]},{"@type":"BreadcrumbList","@id":"https:\/\/all4labels.com\/ro\/responsibility\/safety-health\/#breadcrumb","itemListElement":[{"@type":"ListItem","position":1,"name":"Home","item":"https:\/\/all4labels.com\/ro\/"},{"@type":"ListItem","position":2,"name":"Responsibility","item":"https:\/\/all4labels.com\/ro\/responsibility\/"},{"@type":"ListItem","position":3,"name":"Safety &#038; Health"}]},{"@type":"WebSite","@id":"https:\/\/all4labels.com\/#website","url":"https:\/\/all4labels.com\/","name":"All4Labels Global Packaging Group \u2013 Connecting brands and consumers","description":"","publisher":{"@id":"https:\/\/all4labels.com\/#organization"},"potentialAction":[{"@type":"SearchAction","target":{"@type":"EntryPoint","urlTemplate":"https:\/\/all4labels.com\/?s={search_term_string}"},"query-input":{"@type":"PropertyValueSpecification","valueRequired":true,"valueName":"search_term_string"}}],"inLanguage":"ro-RO"},{"@type":"Organization","@id":"https:\/\/all4labels.com\/#organization","name":"All4Labels Global Packaging Group \u2013 Connecting brands and consumers","url":"https:\/\/all4labels.com\/","logo":{"@type":"ImageObject","inLanguage":"ro-RO","@id":"https:\/\/all4labels.com\/#\/schema\/logo\/image\/","url":"https:\/\/all4labels.com\/wp-content\/uploads\/2020\/02\/all4labels-white.svg","contentUrl":"https:\/\/all4labels.com\/wp-content\/uploads\/2020\/02\/all4labels-white.svg","caption":"All4Labels Global Packaging Group \u2013 Connecting brands and consumers"},"image":{"@id":"https:\/\/all4labels.com\/#\/schema\/logo\/image\/"}}]}},"_links":{"self":[{"href":"https:\/\/all4labels.com\/ro\/wp-json\/wp\/v2\/pages\/38483","targetHints":{"allow":["GET"]}}],"collection":[{"href":"https:\/\/all4labels.com\/ro\/wp-json\/wp\/v2\/pages"}],"about":[{"href":"https:\/\/all4labels.com\/ro\/wp-json\/wp\/v2\/types\/page"}],"author":[{"embeddable":true,"href":"https:\/\/all4labels.com\/ro\/wp-json\/wp\/v2\/users\/10"}],"replies":[{"embeddable":true,"href":"https:\/\/all4labels.com\/ro\/wp-json\/wp\/v2\/comments?post=38483"}],"version-history":[{"count":2,"href":"https:\/\/all4labels.com\/ro\/wp-json\/wp\/v2\/pages\/38483\/revisions"}],"predecessor-version":[{"id":38485,"href":"https:\/\/all4labels.com\/ro\/wp-json\/wp\/v2\/pages\/38483\/revisions\/38485"}],"up":[{"embeddable":true,"href":"https:\/\/all4labels.com\/ro\/wp-json\/wp\/v2\/pages\/38265"}],"wp:attachment":[{"href":"https:\/\/all4labels.com\/ro\/wp-json\/wp\/v2\/media?parent=38483"}],"curies":[{"name":"wp","href":"https:\/\/api.w.org\/{rel}","templated":true}]}}