{"id":38334,"date":"2023-11-30T13:39:25","date_gmt":"2023-11-30T13:39:25","guid":{"rendered":"https:\/\/all4labels.com\/products\/"},"modified":"2025-07-11T15:53:32","modified_gmt":"2025-07-11T15:53:32","slug":"products","status":"publish","type":"page","link":"https:\/\/all4labels.com\/ro\/products\/","title":{"rendered":"Products"},"content":{"rendered":"<p>Portofoliul nostru de produse se extinde dincolo de etichete la shrink sleeves, tuburi \u0219i produse speciale, valorific\u00e2nd expertiza noastr\u0103 pentru a oferi clien\u021bilor no\u0219tri cel mai potrivit produs.<\/p>\n<p>Oferim o mare varietate de solu\u021bii de ambalare fabricate la cea mai \u00eenalt\u0103 calitate \u0219i un num\u0103r mare de tehnici de imprimare \u0219i finisare pentru a realiza solu\u021bii de produse personalizate. Extrem de versatili \u0219i orienta\u021bi c\u0103tre client, ne propunem s\u0103 g\u0103sim aplica\u021bia ideal\u0103 a produsului, relevant\u0103 pentru sectorul \u0219i utilizarea acestuia, pentru a v\u0103 spori vizibilitatea brand-ului \u0219i a eviden\u021bia caracteristicile produsului dumneavoastr\u0103.<\/p>\n","protected":false},"excerpt":{"rendered":"<p>Portofoliul nostru de produse se extinde dincolo de etichete la shrink sleeves, tuburi \u0219i produse speciale, valorific\u00e2nd expertiza noastr\u0103 pentru a oferi clien\u021bilor no\u0219tri cel mai potrivit produs. Oferim o [&hellip;]<\/p>\n","protected":false},"author":10,"featured_media":0,"parent":0,"menu_order":0,"comment_status":"closed","ping_status":"closed","template":"page-products-v2-ro.php","meta":{"_acf_changed":false,"footnotes":""},"class_list":["post-38334","page","type-page","status-publish","hentry"],"acf":[],"yoast_head":"<!-- This site is optimized with the Yoast SEO plugin v24.2 - https:\/\/yoast.com\/wordpress\/plugins\/seo\/ -->\n<title>Products - All4Labels Global Packaging Group \u2013 Connecting brands and consumers<\/title>\n<meta name=\"robots\" content=\"index, follow, max-snippet:-1, max-image-preview:large, max-video-preview:-1\" \/>\n<link rel=\"canonical\" href=\"https:\/\/all4labels.com\/ro\/products\/\" \/>\n<meta property=\"og:locale\" content=\"ro_RO\" \/>\n<meta property=\"og:type\" content=\"article\" \/>\n<meta property=\"og:title\" content=\"Products - All4Labels Global Packaging Group \u2013 Connecting brands and consumers\" \/>\n<meta property=\"og:description\" content=\"Portofoliul nostru de produse se extinde dincolo de etichete la shrink sleeves, tuburi \u0219i produse speciale, valorific\u00e2nd expertiza noastr\u0103 pentru a oferi clien\u021bilor no\u0219tri cel mai potrivit produs. Oferim o [&hellip;]\" \/>\n<meta property=\"og:url\" content=\"https:\/\/all4labels.com\/ro\/products\/\" \/>\n<meta property=\"og:site_name\" content=\"All4Labels Global Packaging Group \u2013 Connecting brands and consumers\" \/>\n<meta property=\"article:modified_time\" content=\"2025-07-11T15:53:32+00:00\" \/>\n<meta name=\"twitter:card\" content=\"summary_large_image\" \/>\n<meta name=\"twitter:label1\" content=\"Timp estimat pentru citire\" \/>\n\t<meta name=\"twitter:data1\" content=\"1 minut\" \/>\n<script type=\"application\/ld+json\" class=\"yoast-schema-graph\">{\"@context\":\"https:\/\/schema.org\",\"@graph\":[{\"@type\":\"WebPage\",\"@id\":\"https:\/\/all4labels.com\/ro\/products\/\",\"url\":\"https:\/\/all4labels.com\/ro\/products\/\",\"name\":\"Products - All4Labels Global Packaging Group \u2013 Connecting brands and consumers\",\"isPartOf\":{\"@id\":\"https:\/\/all4labels.com\/#website\"},\"datePublished\":\"2023-11-30T13:39:25+00:00\",\"dateModified\":\"2025-07-11T15:53:32+00:00\",\"breadcrumb\":{\"@id\":\"https:\/\/all4labels.com\/ro\/products\/#breadcrumb\"},\"inLanguage\":\"ro-RO\",\"potentialAction\":[{\"@type\":\"ReadAction\",\"target\":[\"https:\/\/all4labels.com\/ro\/products\/\"]}]},{\"@type\":\"BreadcrumbList\",\"@id\":\"https:\/\/all4labels.com\/ro\/products\/#breadcrumb\",\"itemListElement\":[{\"@type\":\"ListItem\",\"position\":1,\"name\":\"Home\",\"item\":\"https:\/\/all4labels.com\/ro\/\"},{\"@type\":\"ListItem\",\"position\":2,\"name\":\"Products\"}]},{\"@type\":\"WebSite\",\"@id\":\"https:\/\/all4labels.com\/#website\",\"url\":\"https:\/\/all4labels.com\/\",\"name\":\"All4Labels Global Packaging Group \u2013 Connecting brands and consumers\",\"description\":\"\",\"publisher\":{\"@id\":\"https:\/\/all4labels.com\/#organization\"},\"potentialAction\":[{\"@type\":\"SearchAction\",\"target\":{\"@type\":\"EntryPoint\",\"urlTemplate\":\"https:\/\/all4labels.com\/?s={search_term_string}\"},\"query-input\":{\"@type\":\"PropertyValueSpecification\",\"valueRequired\":true,\"valueName\":\"search_term_string\"}}],\"inLanguage\":\"ro-RO\"},{\"@type\":\"Organization\",\"@id\":\"https:\/\/all4labels.com\/#organization\",\"name\":\"All4Labels Global Packaging Group \u2013 Connecting brands and consumers\",\"url\":\"https:\/\/all4labels.com\/\",\"logo\":{\"@type\":\"ImageObject\",\"inLanguage\":\"ro-RO\",\"@id\":\"https:\/\/all4labels.com\/#\/schema\/logo\/image\/\",\"url\":\"https:\/\/all4labels.com\/wp-content\/uploads\/2020\/02\/all4labels-white.svg\",\"contentUrl\":\"https:\/\/all4labels.com\/wp-content\/uploads\/2020\/02\/all4labels-white.svg\",\"caption\":\"All4Labels Global Packaging Group \u2013 Connecting brands and consumers\"},\"image\":{\"@id\":\"https:\/\/all4labels.com\/#\/schema\/logo\/image\/\"}}]}<\/script>\n<!-- \/ Yoast SEO plugin. -->","yoast_head_json":{"title":"Products - All4Labels Global Packaging Group \u2013 Connecting brands and consumers","robots":{"index":"index","follow":"follow","max-snippet":"max-snippet:-1","max-image-preview":"max-image-preview:large","max-video-preview":"max-video-preview:-1"},"canonical":"https:\/\/all4labels.com\/ro\/products\/","og_locale":"ro_RO","og_type":"article","og_title":"Products - All4Labels Global Packaging Group \u2013 Connecting brands and consumers","og_description":"Portofoliul nostru de produse se extinde dincolo de etichete la shrink sleeves, tuburi \u0219i produse speciale, valorific\u00e2nd expertiza noastr\u0103 pentru a oferi clien\u021bilor no\u0219tri cel mai potrivit produs. Oferim o [&hellip;]","og_url":"https:\/\/all4labels.com\/ro\/products\/","og_site_name":"All4Labels Global Packaging Group \u2013 Connecting brands and consumers","article_modified_time":"2025-07-11T15:53:32+00:00","twitter_card":"summary_large_image","twitter_misc":{"Timp estimat pentru citire":"1 minut"},"schema":{"@context":"https:\/\/schema.org","@graph":[{"@type":"WebPage","@id":"https:\/\/all4labels.com\/ro\/products\/","url":"https:\/\/all4labels.com\/ro\/products\/","name":"Products - All4Labels Global Packaging Group \u2013 Connecting brands and consumers","isPartOf":{"@id":"https:\/\/all4labels.com\/#website"},"datePublished":"2023-11-30T13:39:25+00:00","dateModified":"2025-07-11T15:53:32+00:00","breadcrumb":{"@id":"https:\/\/all4labels.com\/ro\/products\/#breadcrumb"},"inLanguage":"ro-RO","potentialAction":[{"@type":"ReadAction","target":["https:\/\/all4labels.com\/ro\/products\/"]}]},{"@type":"BreadcrumbList","@id":"https:\/\/all4labels.com\/ro\/products\/#breadcrumb","itemListElement":[{"@type":"ListItem","position":1,"name":"Home","item":"https:\/\/all4labels.com\/ro\/"},{"@type":"ListItem","position":2,"name":"Products"}]},{"@type":"WebSite","@id":"https:\/\/all4labels.com\/#website","url":"https:\/\/all4labels.com\/","name":"All4Labels Global Packaging Group \u2013 Connecting brands and consumers","description":"","publisher":{"@id":"https:\/\/all4labels.com\/#organization"},"potentialAction":[{"@type":"SearchAction","target":{"@type":"EntryPoint","urlTemplate":"https:\/\/all4labels.com\/?s={search_term_string}"},"query-input":{"@type":"PropertyValueSpecification","valueRequired":true,"valueName":"search_term_string"}}],"inLanguage":"ro-RO"},{"@type":"Organization","@id":"https:\/\/all4labels.com\/#organization","name":"All4Labels Global Packaging Group \u2013 Connecting brands and consumers","url":"https:\/\/all4labels.com\/","logo":{"@type":"ImageObject","inLanguage":"ro-RO","@id":"https:\/\/all4labels.com\/#\/schema\/logo\/image\/","url":"https:\/\/all4labels.com\/wp-content\/uploads\/2020\/02\/all4labels-white.svg","contentUrl":"https:\/\/all4labels.com\/wp-content\/uploads\/2020\/02\/all4labels-white.svg","caption":"All4Labels Global Packaging Group \u2013 Connecting brands and consumers"},"image":{"@id":"https:\/\/all4labels.com\/#\/schema\/logo\/image\/"}}]}},"_links":{"self":[{"href":"https:\/\/all4labels.com\/ro\/wp-json\/wp\/v2\/pages\/38334","targetHints":{"allow":["GET"]}}],"collection":[{"href":"https:\/\/all4labels.com\/ro\/wp-json\/wp\/v2\/pages"}],"about":[{"href":"https:\/\/all4labels.com\/ro\/wp-json\/wp\/v2\/types\/page"}],"author":[{"embeddable":true,"href":"https:\/\/all4labels.com\/ro\/wp-json\/wp\/v2\/users\/10"}],"replies":[{"embeddable":true,"href":"https:\/\/all4labels.com\/ro\/wp-json\/wp\/v2\/comments?post=38334"}],"version-history":[{"count":7,"href":"https:\/\/all4labels.com\/ro\/wp-json\/wp\/v2\/pages\/38334\/revisions"}],"predecessor-version":[{"id":43768,"href":"https:\/\/all4labels.com\/ro\/wp-json\/wp\/v2\/pages\/38334\/revisions\/43768"}],"wp:attachment":[{"href":"https:\/\/all4labels.com\/ro\/wp-json\/wp\/v2\/media?parent=38334"}],"curies":[{"name":"wp","href":"https:\/\/api.w.org\/{rel}","templated":true}]}}