{"id":38305,"date":"2022-09-30T09:28:32","date_gmt":"2022-09-30T09:28:32","guid":{"rendered":"https:\/\/all4labels.com\/company\/"},"modified":"2026-04-08T12:11:31","modified_gmt":"2026-04-08T12:11:31","slug":"company","status":"publish","type":"page","link":"https:\/\/all4labels.com\/ro\/company\/","title":{"rendered":"Company"},"content":{"rendered":"<h6><\/h6>\n<h6>PROFIL<\/h6>\n<h1>Privire de ansamblu<\/h1>\n<p><strong>All4Labels este lider mondial \u00een solu\u021bii de etichetare, recunoscut pentru rolul s\u0103u de pionierat \u00een industria ambalajelor. Concentr\u00e2ndu-ne \u00een special pe segmentele de pia\u021b\u0103 Food, Home &amp; Personal Care, Industry \u0219i Healthcare, oferim produse de ultima genera\u021bie de \u00eenalt\u0103 calitate, care r\u0103spund nevoilor diverse ale clien\u021bilor no\u0219tri din \u00eentreaga lume.<\/strong><\/p>\n<p><strong>\u00cen calitate de lider \u00een tehnologie \u0219i inovare pe pia\u021ba etichetelor, cu accent special pe solu\u021bii sustenabile de etichetare, suntem un partener de \u00eencredere pentru marile companii locale \u0219i multina\u021bionale din \u00eentreaga lume. Angajamentul nostru fa\u021b\u0103 de orientarea c\u0103tre client \u0219i excelen\u021ba opera\u021bional\u0103 ne pozi\u021bioneaz\u0103 ca furnizor preferat \u00een industria global\u0103 a ambalajelor.<\/strong><\/p>\n","protected":false},"excerpt":{"rendered":"<p>PROFIL Privire de ansamblu All4Labels este lider mondial \u00een solu\u021bii de etichetare, recunoscut pentru rolul s\u0103u de pionierat \u00een industria ambalajelor. Concentr\u00e2ndu-ne \u00een special pe segmentele de pia\u021b\u0103 Food, Home [&hellip;]<\/p>\n","protected":false},"author":10,"featured_media":0,"parent":0,"menu_order":0,"comment_status":"closed","ping_status":"closed","template":"page-about.php","meta":{"_acf_changed":false,"footnotes":""},"class_list":["post-38305","page","type-page","status-publish","hentry"],"acf":[],"yoast_head":"<!-- This site is optimized with the Yoast SEO plugin v24.2 - https:\/\/yoast.com\/wordpress\/plugins\/seo\/ -->\n<title>Company - All4Labels Global Packaging Group \u2013 Connecting brands and consumers<\/title>\n<meta name=\"robots\" content=\"index, follow, max-snippet:-1, max-image-preview:large, max-video-preview:-1\" \/>\n<link rel=\"canonical\" href=\"https:\/\/all4labels.com\/ro\/company\/\" \/>\n<meta property=\"og:locale\" content=\"ro_RO\" \/>\n<meta property=\"og:type\" content=\"article\" \/>\n<meta property=\"og:title\" content=\"Company - All4Labels Global Packaging Group \u2013 Connecting brands and consumers\" \/>\n<meta property=\"og:description\" content=\"PROFIL Privire de ansamblu All4Labels este lider mondial \u00een solu\u021bii de etichetare, recunoscut pentru rolul s\u0103u de pionierat \u00een industria ambalajelor. Concentr\u00e2ndu-ne \u00een special pe segmentele de pia\u021b\u0103 Food, Home [&hellip;]\" \/>\n<meta property=\"og:url\" content=\"https:\/\/all4labels.com\/ro\/company\/\" \/>\n<meta property=\"og:site_name\" content=\"All4Labels Global Packaging Group \u2013 Connecting brands and consumers\" \/>\n<meta property=\"article:modified_time\" content=\"2026-04-08T12:11:31+00:00\" \/>\n<meta name=\"twitter:card\" content=\"summary_large_image\" \/>\n<meta name=\"twitter:label1\" content=\"Timp estimat pentru citire\" \/>\n\t<meta name=\"twitter:data1\" content=\"1 minut\" \/>\n<script type=\"application\/ld+json\" class=\"yoast-schema-graph\">{\"@context\":\"https:\/\/schema.org\",\"@graph\":[{\"@type\":\"WebPage\",\"@id\":\"https:\/\/all4labels.com\/ro\/company\/\",\"url\":\"https:\/\/all4labels.com\/ro\/company\/\",\"name\":\"Company - All4Labels Global Packaging Group \u2013 Connecting brands and consumers\",\"isPartOf\":{\"@id\":\"https:\/\/all4labels.com\/#website\"},\"datePublished\":\"2022-09-30T09:28:32+00:00\",\"dateModified\":\"2026-04-08T12:11:31+00:00\",\"breadcrumb\":{\"@id\":\"https:\/\/all4labels.com\/ro\/company\/#breadcrumb\"},\"inLanguage\":\"ro-RO\",\"potentialAction\":[{\"@type\":\"ReadAction\",\"target\":[\"https:\/\/all4labels.com\/ro\/company\/\"]}]},{\"@type\":\"BreadcrumbList\",\"@id\":\"https:\/\/all4labels.com\/ro\/company\/#breadcrumb\",\"itemListElement\":[{\"@type\":\"ListItem\",\"position\":1,\"name\":\"Home\",\"item\":\"https:\/\/all4labels.com\/ro\/\"},{\"@type\":\"ListItem\",\"position\":2,\"name\":\"Company\"}]},{\"@type\":\"WebSite\",\"@id\":\"https:\/\/all4labels.com\/#website\",\"url\":\"https:\/\/all4labels.com\/\",\"name\":\"All4Labels Global Packaging Group \u2013 Connecting brands and consumers\",\"description\":\"\",\"publisher\":{\"@id\":\"https:\/\/all4labels.com\/#organization\"},\"potentialAction\":[{\"@type\":\"SearchAction\",\"target\":{\"@type\":\"EntryPoint\",\"urlTemplate\":\"https:\/\/all4labels.com\/?s={search_term_string}\"},\"query-input\":{\"@type\":\"PropertyValueSpecification\",\"valueRequired\":true,\"valueName\":\"search_term_string\"}}],\"inLanguage\":\"ro-RO\"},{\"@type\":\"Organization\",\"@id\":\"https:\/\/all4labels.com\/#organization\",\"name\":\"All4Labels Global Packaging Group \u2013 Connecting brands and consumers\",\"url\":\"https:\/\/all4labels.com\/\",\"logo\":{\"@type\":\"ImageObject\",\"inLanguage\":\"ro-RO\",\"@id\":\"https:\/\/all4labels.com\/#\/schema\/logo\/image\/\",\"url\":\"https:\/\/all4labels.com\/wp-content\/uploads\/2020\/02\/all4labels-white.svg\",\"contentUrl\":\"https:\/\/all4labels.com\/wp-content\/uploads\/2020\/02\/all4labels-white.svg\",\"caption\":\"All4Labels Global Packaging Group \u2013 Connecting brands and consumers\"},\"image\":{\"@id\":\"https:\/\/all4labels.com\/#\/schema\/logo\/image\/\"}}]}<\/script>\n<!-- \/ Yoast SEO plugin. -->","yoast_head_json":{"title":"Company - All4Labels Global Packaging Group \u2013 Connecting brands and consumers","robots":{"index":"index","follow":"follow","max-snippet":"max-snippet:-1","max-image-preview":"max-image-preview:large","max-video-preview":"max-video-preview:-1"},"canonical":"https:\/\/all4labels.com\/ro\/company\/","og_locale":"ro_RO","og_type":"article","og_title":"Company - All4Labels Global Packaging Group \u2013 Connecting brands and consumers","og_description":"PROFIL Privire de ansamblu All4Labels este lider mondial \u00een solu\u021bii de etichetare, recunoscut pentru rolul s\u0103u de pionierat \u00een industria ambalajelor. Concentr\u00e2ndu-ne \u00een special pe segmentele de pia\u021b\u0103 Food, Home [&hellip;]","og_url":"https:\/\/all4labels.com\/ro\/company\/","og_site_name":"All4Labels Global Packaging Group \u2013 Connecting brands and consumers","article_modified_time":"2026-04-08T12:11:31+00:00","twitter_card":"summary_large_image","twitter_misc":{"Timp estimat pentru citire":"1 minut"},"schema":{"@context":"https:\/\/schema.org","@graph":[{"@type":"WebPage","@id":"https:\/\/all4labels.com\/ro\/company\/","url":"https:\/\/all4labels.com\/ro\/company\/","name":"Company - All4Labels Global Packaging Group \u2013 Connecting brands and consumers","isPartOf":{"@id":"https:\/\/all4labels.com\/#website"},"datePublished":"2022-09-30T09:28:32+00:00","dateModified":"2026-04-08T12:11:31+00:00","breadcrumb":{"@id":"https:\/\/all4labels.com\/ro\/company\/#breadcrumb"},"inLanguage":"ro-RO","potentialAction":[{"@type":"ReadAction","target":["https:\/\/all4labels.com\/ro\/company\/"]}]},{"@type":"BreadcrumbList","@id":"https:\/\/all4labels.com\/ro\/company\/#breadcrumb","itemListElement":[{"@type":"ListItem","position":1,"name":"Home","item":"https:\/\/all4labels.com\/ro\/"},{"@type":"ListItem","position":2,"name":"Company"}]},{"@type":"WebSite","@id":"https:\/\/all4labels.com\/#website","url":"https:\/\/all4labels.com\/","name":"All4Labels Global Packaging Group \u2013 Connecting brands and consumers","description":"","publisher":{"@id":"https:\/\/all4labels.com\/#organization"},"potentialAction":[{"@type":"SearchAction","target":{"@type":"EntryPoint","urlTemplate":"https:\/\/all4labels.com\/?s={search_term_string}"},"query-input":{"@type":"PropertyValueSpecification","valueRequired":true,"valueName":"search_term_string"}}],"inLanguage":"ro-RO"},{"@type":"Organization","@id":"https:\/\/all4labels.com\/#organization","name":"All4Labels Global Packaging Group \u2013 Connecting brands and consumers","url":"https:\/\/all4labels.com\/","logo":{"@type":"ImageObject","inLanguage":"ro-RO","@id":"https:\/\/all4labels.com\/#\/schema\/logo\/image\/","url":"https:\/\/all4labels.com\/wp-content\/uploads\/2020\/02\/all4labels-white.svg","contentUrl":"https:\/\/all4labels.com\/wp-content\/uploads\/2020\/02\/all4labels-white.svg","caption":"All4Labels Global Packaging Group \u2013 Connecting brands and consumers"},"image":{"@id":"https:\/\/all4labels.com\/#\/schema\/logo\/image\/"}}]}},"_links":{"self":[{"href":"https:\/\/all4labels.com\/ro\/wp-json\/wp\/v2\/pages\/38305","targetHints":{"allow":["GET"]}}],"collection":[{"href":"https:\/\/all4labels.com\/ro\/wp-json\/wp\/v2\/pages"}],"about":[{"href":"https:\/\/all4labels.com\/ro\/wp-json\/wp\/v2\/types\/page"}],"author":[{"embeddable":true,"href":"https:\/\/all4labels.com\/ro\/wp-json\/wp\/v2\/users\/10"}],"replies":[{"embeddable":true,"href":"https:\/\/all4labels.com\/ro\/wp-json\/wp\/v2\/comments?post=38305"}],"version-history":[{"count":41,"href":"https:\/\/all4labels.com\/ro\/wp-json\/wp\/v2\/pages\/38305\/revisions"}],"predecessor-version":[{"id":46318,"href":"https:\/\/all4labels.com\/ro\/wp-json\/wp\/v2\/pages\/38305\/revisions\/46318"}],"wp:attachment":[{"href":"https:\/\/all4labels.com\/ro\/wp-json\/wp\/v2\/media?parent=38305"}],"curies":[{"name":"wp","href":"https:\/\/api.w.org\/{rel}","templated":true}]}}