{"id":38265,"date":"2020-03-24T10:37:18","date_gmt":"2020-03-24T10:37:18","guid":{"rendered":"https:\/\/all4labels.com\/responsibility\/"},"modified":"2024-03-02T13:08:29","modified_gmt":"2024-03-02T13:08:29","slug":"responsibility","status":"publish","type":"page","link":"https:\/\/all4labels.com\/ro\/responsibility\/","title":{"rendered":"Responsibility"},"content":{"rendered":"<h1>Av\u00e2nd grij\u0103<br \/>\nde viitor<\/h1>\n<p class=\"p1\"><strong><span class=\"s1\">\u00cen\u021belegem c\u0103 activit\u0103\u021bile noastre au un impact asupra mediului precum \u0219i asupra oamenilor \u0219i comunit\u0103\u021bilor \u00een care ne desf\u0103\u0219ur\u0103m activitatea. Prin urmare, ne str\u0103duim s\u0103 fim un proprietar responsabil \u0219i orientat spre viitor \u0219i un partener pentru toate p\u0103r\u021bile interesate cu care lucr\u0103m, inclusiv angaja\u021bii, clien\u021bii, furnizorii \u0219i societatea \u00een general.<\/span><\/strong><\/p>\n","protected":false},"excerpt":{"rendered":"<p>Av\u00e2nd grij\u0103 de viitor \u00cen\u021belegem c\u0103 activit\u0103\u021bile noastre au un impact asupra mediului precum \u0219i asupra oamenilor \u0219i comunit\u0103\u021bilor \u00een care ne desf\u0103\u0219ur\u0103m activitatea. Prin urmare, ne str\u0103duim s\u0103 fim [&hellip;]<\/p>\n","protected":false},"author":1,"featured_media":38267,"parent":0,"menu_order":0,"comment_status":"closed","ping_status":"closed","template":"page-responsibility.php","meta":{"_acf_changed":false,"footnotes":""},"class_list":["post-38265","page","type-page","status-publish","has-post-thumbnail","hentry"],"acf":[],"yoast_head":"<!-- This site is optimized with the Yoast SEO plugin v24.2 - https:\/\/yoast.com\/wordpress\/plugins\/seo\/ -->\n<title>Responsibility - All4Labels Global Packaging Group \u2013 Connecting brands and consumers<\/title>\n<meta name=\"robots\" content=\"index, follow, max-snippet:-1, max-image-preview:large, max-video-preview:-1\" \/>\n<link rel=\"canonical\" href=\"https:\/\/all4labels.com\/ro\/responsibility\/\" \/>\n<meta property=\"og:locale\" content=\"ro_RO\" \/>\n<meta property=\"og:type\" content=\"article\" \/>\n<meta property=\"og:title\" content=\"Responsibility - All4Labels Global Packaging Group \u2013 Connecting brands and consumers\" \/>\n<meta property=\"og:description\" content=\"Av\u00e2nd grij\u0103 de viitor \u00cen\u021belegem c\u0103 activit\u0103\u021bile noastre au un impact asupra mediului precum \u0219i asupra oamenilor \u0219i comunit\u0103\u021bilor \u00een care ne desf\u0103\u0219ur\u0103m activitatea. Prin urmare, ne str\u0103duim s\u0103 fim [&hellip;]\" \/>\n<meta property=\"og:url\" content=\"https:\/\/all4labels.com\/ro\/responsibility\/\" \/>\n<meta property=\"og:site_name\" content=\"All4Labels Global Packaging Group \u2013 Connecting brands and consumers\" \/>\n<meta property=\"article:modified_time\" content=\"2024-03-02T13:08:29+00:00\" \/>\n<meta property=\"og:image\" content=\"https:\/\/all4labels.com\/wp-content\/uploads\/2020\/05\/a4l_responsibility_header-3-scaled.jpg\" \/>\n\t<meta property=\"og:image:width\" content=\"2560\" \/>\n\t<meta property=\"og:image:height\" content=\"1702\" \/>\n\t<meta property=\"og:image:type\" content=\"image\/jpeg\" \/>\n<meta name=\"twitter:card\" content=\"summary_large_image\" \/>\n<meta name=\"twitter:label1\" content=\"Timp estimat pentru citire\" \/>\n\t<meta name=\"twitter:data1\" content=\"1 minut\" \/>\n<script type=\"application\/ld+json\" class=\"yoast-schema-graph\">{\"@context\":\"https:\/\/schema.org\",\"@graph\":[{\"@type\":\"WebPage\",\"@id\":\"https:\/\/all4labels.com\/ro\/responsibility\/\",\"url\":\"https:\/\/all4labels.com\/ro\/responsibility\/\",\"name\":\"Responsibility - All4Labels Global Packaging Group \u2013 Connecting brands and consumers\",\"isPartOf\":{\"@id\":\"https:\/\/all4labels.com\/#website\"},\"primaryImageOfPage\":{\"@id\":\"https:\/\/all4labels.com\/ro\/responsibility\/#primaryimage\"},\"image\":{\"@id\":\"https:\/\/all4labels.com\/ro\/responsibility\/#primaryimage\"},\"thumbnailUrl\":\"https:\/\/all4labels.com\/wp-content\/uploads\/2020\/05\/a4l_responsibility_header-3-scaled.jpg\",\"datePublished\":\"2020-03-24T10:37:18+00:00\",\"dateModified\":\"2024-03-02T13:08:29+00:00\",\"breadcrumb\":{\"@id\":\"https:\/\/all4labels.com\/ro\/responsibility\/#breadcrumb\"},\"inLanguage\":\"ro-RO\",\"potentialAction\":[{\"@type\":\"ReadAction\",\"target\":[\"https:\/\/all4labels.com\/ro\/responsibility\/\"]}]},{\"@type\":\"ImageObject\",\"inLanguage\":\"ro-RO\",\"@id\":\"https:\/\/all4labels.com\/ro\/responsibility\/#primaryimage\",\"url\":\"https:\/\/all4labels.com\/wp-content\/uploads\/2020\/05\/a4l_responsibility_header-3-scaled.jpg\",\"contentUrl\":\"https:\/\/all4labels.com\/wp-content\/uploads\/2020\/05\/a4l_responsibility_header-3-scaled.jpg\",\"width\":2560,\"height\":1702},{\"@type\":\"BreadcrumbList\",\"@id\":\"https:\/\/all4labels.com\/ro\/responsibility\/#breadcrumb\",\"itemListElement\":[{\"@type\":\"ListItem\",\"position\":1,\"name\":\"Home\",\"item\":\"https:\/\/all4labels.com\/ro\/\"},{\"@type\":\"ListItem\",\"position\":2,\"name\":\"Responsibility\"}]},{\"@type\":\"WebSite\",\"@id\":\"https:\/\/all4labels.com\/#website\",\"url\":\"https:\/\/all4labels.com\/\",\"name\":\"All4Labels Global Packaging Group \u2013 Connecting brands and consumers\",\"description\":\"\",\"publisher\":{\"@id\":\"https:\/\/all4labels.com\/#organization\"},\"potentialAction\":[{\"@type\":\"SearchAction\",\"target\":{\"@type\":\"EntryPoint\",\"urlTemplate\":\"https:\/\/all4labels.com\/?s={search_term_string}\"},\"query-input\":{\"@type\":\"PropertyValueSpecification\",\"valueRequired\":true,\"valueName\":\"search_term_string\"}}],\"inLanguage\":\"ro-RO\"},{\"@type\":\"Organization\",\"@id\":\"https:\/\/all4labels.com\/#organization\",\"name\":\"All4Labels Global Packaging Group \u2013 Connecting brands and consumers\",\"url\":\"https:\/\/all4labels.com\/\",\"logo\":{\"@type\":\"ImageObject\",\"inLanguage\":\"ro-RO\",\"@id\":\"https:\/\/all4labels.com\/#\/schema\/logo\/image\/\",\"url\":\"https:\/\/all4labels.com\/wp-content\/uploads\/2020\/02\/all4labels-white.svg\",\"contentUrl\":\"https:\/\/all4labels.com\/wp-content\/uploads\/2020\/02\/all4labels-white.svg\",\"caption\":\"All4Labels Global Packaging Group \u2013 Connecting brands and consumers\"},\"image\":{\"@id\":\"https:\/\/all4labels.com\/#\/schema\/logo\/image\/\"}}]}<\/script>\n<!-- \/ Yoast SEO plugin. -->","yoast_head_json":{"title":"Responsibility - All4Labels Global Packaging Group \u2013 Connecting brands and consumers","robots":{"index":"index","follow":"follow","max-snippet":"max-snippet:-1","max-image-preview":"max-image-preview:large","max-video-preview":"max-video-preview:-1"},"canonical":"https:\/\/all4labels.com\/ro\/responsibility\/","og_locale":"ro_RO","og_type":"article","og_title":"Responsibility - All4Labels Global Packaging Group \u2013 Connecting brands and consumers","og_description":"Av\u00e2nd grij\u0103 de viitor \u00cen\u021belegem c\u0103 activit\u0103\u021bile noastre au un impact asupra mediului precum \u0219i asupra oamenilor \u0219i comunit\u0103\u021bilor \u00een care ne desf\u0103\u0219ur\u0103m activitatea. Prin urmare, ne str\u0103duim s\u0103 fim [&hellip;]","og_url":"https:\/\/all4labels.com\/ro\/responsibility\/","og_site_name":"All4Labels Global Packaging Group \u2013 Connecting brands and consumers","article_modified_time":"2024-03-02T13:08:29+00:00","og_image":[{"width":2560,"height":1702,"url":"https:\/\/all4labels.com\/wp-content\/uploads\/2020\/05\/a4l_responsibility_header-3-scaled.jpg","type":"image\/jpeg"}],"twitter_card":"summary_large_image","twitter_misc":{"Timp estimat pentru citire":"1 minut"},"schema":{"@context":"https:\/\/schema.org","@graph":[{"@type":"WebPage","@id":"https:\/\/all4labels.com\/ro\/responsibility\/","url":"https:\/\/all4labels.com\/ro\/responsibility\/","name":"Responsibility - All4Labels Global Packaging Group \u2013 Connecting brands and consumers","isPartOf":{"@id":"https:\/\/all4labels.com\/#website"},"primaryImageOfPage":{"@id":"https:\/\/all4labels.com\/ro\/responsibility\/#primaryimage"},"image":{"@id":"https:\/\/all4labels.com\/ro\/responsibility\/#primaryimage"},"thumbnailUrl":"https:\/\/all4labels.com\/wp-content\/uploads\/2020\/05\/a4l_responsibility_header-3-scaled.jpg","datePublished":"2020-03-24T10:37:18+00:00","dateModified":"2024-03-02T13:08:29+00:00","breadcrumb":{"@id":"https:\/\/all4labels.com\/ro\/responsibility\/#breadcrumb"},"inLanguage":"ro-RO","potentialAction":[{"@type":"ReadAction","target":["https:\/\/all4labels.com\/ro\/responsibility\/"]}]},{"@type":"ImageObject","inLanguage":"ro-RO","@id":"https:\/\/all4labels.com\/ro\/responsibility\/#primaryimage","url":"https:\/\/all4labels.com\/wp-content\/uploads\/2020\/05\/a4l_responsibility_header-3-scaled.jpg","contentUrl":"https:\/\/all4labels.com\/wp-content\/uploads\/2020\/05\/a4l_responsibility_header-3-scaled.jpg","width":2560,"height":1702},{"@type":"BreadcrumbList","@id":"https:\/\/all4labels.com\/ro\/responsibility\/#breadcrumb","itemListElement":[{"@type":"ListItem","position":1,"name":"Home","item":"https:\/\/all4labels.com\/ro\/"},{"@type":"ListItem","position":2,"name":"Responsibility"}]},{"@type":"WebSite","@id":"https:\/\/all4labels.com\/#website","url":"https:\/\/all4labels.com\/","name":"All4Labels Global Packaging Group \u2013 Connecting brands and consumers","description":"","publisher":{"@id":"https:\/\/all4labels.com\/#organization"},"potentialAction":[{"@type":"SearchAction","target":{"@type":"EntryPoint","urlTemplate":"https:\/\/all4labels.com\/?s={search_term_string}"},"query-input":{"@type":"PropertyValueSpecification","valueRequired":true,"valueName":"search_term_string"}}],"inLanguage":"ro-RO"},{"@type":"Organization","@id":"https:\/\/all4labels.com\/#organization","name":"All4Labels Global Packaging Group \u2013 Connecting brands and consumers","url":"https:\/\/all4labels.com\/","logo":{"@type":"ImageObject","inLanguage":"ro-RO","@id":"https:\/\/all4labels.com\/#\/schema\/logo\/image\/","url":"https:\/\/all4labels.com\/wp-content\/uploads\/2020\/02\/all4labels-white.svg","contentUrl":"https:\/\/all4labels.com\/wp-content\/uploads\/2020\/02\/all4labels-white.svg","caption":"All4Labels Global Packaging Group \u2013 Connecting brands and consumers"},"image":{"@id":"https:\/\/all4labels.com\/#\/schema\/logo\/image\/"}}]}},"_links":{"self":[{"href":"https:\/\/all4labels.com\/ro\/wp-json\/wp\/v2\/pages\/38265","targetHints":{"allow":["GET"]}}],"collection":[{"href":"https:\/\/all4labels.com\/ro\/wp-json\/wp\/v2\/pages"}],"about":[{"href":"https:\/\/all4labels.com\/ro\/wp-json\/wp\/v2\/types\/page"}],"author":[{"embeddable":true,"href":"https:\/\/all4labels.com\/ro\/wp-json\/wp\/v2\/users\/1"}],"replies":[{"embeddable":true,"href":"https:\/\/all4labels.com\/ro\/wp-json\/wp\/v2\/comments?post=38265"}],"version-history":[{"count":4,"href":"https:\/\/all4labels.com\/ro\/wp-json\/wp\/v2\/pages\/38265\/revisions"}],"predecessor-version":[{"id":38755,"href":"https:\/\/all4labels.com\/ro\/wp-json\/wp\/v2\/pages\/38265\/revisions\/38755"}],"wp:featuredmedia":[{"embeddable":true,"href":"https:\/\/all4labels.com\/ro\/wp-json\/wp\/v2\/media\/38267"}],"wp:attachment":[{"href":"https:\/\/all4labels.com\/ro\/wp-json\/wp\/v2\/media?parent=38265"}],"curies":[{"name":"wp","href":"https:\/\/api.w.org\/{rel}","templated":true}]}}