{"id":38021,"date":"2023-12-06T21:34:49","date_gmt":"2023-12-06T21:34:49","guid":{"rendered":"https:\/\/all4labels.com\/solutions\/"},"modified":"2024-07-15T13:38:26","modified_gmt":"2024-07-15T13:38:26","slug":"solutions","status":"publish","type":"page","link":"https:\/\/all4labels.com\/ro\/solutions\/","title":{"rendered":"Solutions"},"content":{"rendered":"<h1>Partenerul dumneavoastr\u0103 inovator<br \/>\n\u00een solu\u021bii noi<\/h1>\n<p><strong>Stimul\u0103m inova\u021bia prin investi\u021bii \u00een cele mai avansate tehnologii \u0219i prin extinderea solu\u021biilor digitale.<\/strong><\/p>\n<p><strong>Ambalajele inovatoare \u00eenseamn\u0103 mai mult dec\u00e2t imprimare. Pie\u021bele \u00een schimbare rapid\u0103 \u0219i cerin\u021bele consumatorilor necesit\u0103 noi solu\u021bii personalizate. \u00cen calitate de furnizor de solu\u021bii \u0219i partener dedicat, asigur\u0103m o flexibilitate maxim\u0103, oferind \u00een acela\u0219i timp cele mai noi tehnologii \u0219i servicii personalizate.<\/strong><\/p>\n","protected":false},"excerpt":{"rendered":"<p>Partenerul dumneavoastr\u0103 inovator \u00een solu\u021bii noi Stimul\u0103m inova\u021bia prin investi\u021bii \u00een cele mai avansate tehnologii \u0219i prin extinderea solu\u021biilor digitale. Ambalajele inovatoare \u00eenseamn\u0103 mai mult dec\u00e2t imprimare. Pie\u021bele \u00een schimbare [&hellip;]<\/p>\n","protected":false},"author":10,"featured_media":38023,"parent":0,"menu_order":0,"comment_status":"closed","ping_status":"closed","template":"page-solutions-new-ro.php","meta":{"_acf_changed":false,"footnotes":""},"class_list":["post-38021","page","type-page","status-publish","has-post-thumbnail","hentry"],"acf":[],"yoast_head":"<!-- This site is optimized with the Yoast SEO plugin v24.2 - https:\/\/yoast.com\/wordpress\/plugins\/seo\/ -->\n<title>Solutions - All4Labels Global Packaging Group \u2013 Connecting brands and consumers<\/title>\n<meta name=\"robots\" content=\"index, follow, max-snippet:-1, max-image-preview:large, max-video-preview:-1\" \/>\n<link rel=\"canonical\" href=\"https:\/\/all4labels.com\/ro\/solutions\/\" \/>\n<meta property=\"og:locale\" content=\"ro_RO\" \/>\n<meta property=\"og:type\" content=\"article\" \/>\n<meta property=\"og:title\" content=\"Solutions - All4Labels Global Packaging Group \u2013 Connecting brands and consumers\" \/>\n<meta property=\"og:description\" content=\"Partenerul dumneavoastr\u0103 inovator \u00een solu\u021bii noi Stimul\u0103m inova\u021bia prin investi\u021bii \u00een cele mai avansate tehnologii \u0219i prin extinderea solu\u021biilor digitale. Ambalajele inovatoare \u00eenseamn\u0103 mai mult dec\u00e2t imprimare. Pie\u021bele \u00een schimbare [&hellip;]\" \/>\n<meta property=\"og:url\" content=\"https:\/\/all4labels.com\/ro\/solutions\/\" \/>\n<meta property=\"og:site_name\" content=\"All4Labels Global Packaging Group \u2013 Connecting brands and consumers\" \/>\n<meta property=\"article:modified_time\" content=\"2024-07-15T13:38:26+00:00\" \/>\n<meta property=\"og:image\" content=\"https:\/\/all4labels.com\/wp-content\/uploads\/2023\/12\/your-innovative-partner-new-solutions.jpg\" \/>\n\t<meta property=\"og:image:width\" content=\"1920\" \/>\n\t<meta property=\"og:image:height\" content=\"1178\" \/>\n\t<meta property=\"og:image:type\" content=\"image\/jpeg\" \/>\n<meta name=\"twitter:card\" content=\"summary_large_image\" \/>\n<meta name=\"twitter:label1\" content=\"Timp estimat pentru citire\" \/>\n\t<meta name=\"twitter:data1\" content=\"1 minut\" \/>\n<script type=\"application\/ld+json\" class=\"yoast-schema-graph\">{\"@context\":\"https:\/\/schema.org\",\"@graph\":[{\"@type\":\"WebPage\",\"@id\":\"https:\/\/all4labels.com\/ro\/solutions\/\",\"url\":\"https:\/\/all4labels.com\/ro\/solutions\/\",\"name\":\"Solutions - All4Labels Global Packaging Group \u2013 Connecting brands and consumers\",\"isPartOf\":{\"@id\":\"https:\/\/all4labels.com\/#website\"},\"primaryImageOfPage\":{\"@id\":\"https:\/\/all4labels.com\/ro\/solutions\/#primaryimage\"},\"image\":{\"@id\":\"https:\/\/all4labels.com\/ro\/solutions\/#primaryimage\"},\"thumbnailUrl\":\"https:\/\/all4labels.com\/wp-content\/uploads\/2023\/12\/your-innovative-partner-new-solutions.jpg\",\"datePublished\":\"2023-12-06T21:34:49+00:00\",\"dateModified\":\"2024-07-15T13:38:26+00:00\",\"breadcrumb\":{\"@id\":\"https:\/\/all4labels.com\/ro\/solutions\/#breadcrumb\"},\"inLanguage\":\"ro-RO\",\"potentialAction\":[{\"@type\":\"ReadAction\",\"target\":[\"https:\/\/all4labels.com\/ro\/solutions\/\"]}]},{\"@type\":\"ImageObject\",\"inLanguage\":\"ro-RO\",\"@id\":\"https:\/\/all4labels.com\/ro\/solutions\/#primaryimage\",\"url\":\"https:\/\/all4labels.com\/wp-content\/uploads\/2023\/12\/your-innovative-partner-new-solutions.jpg\",\"contentUrl\":\"https:\/\/all4labels.com\/wp-content\/uploads\/2023\/12\/your-innovative-partner-new-solutions.jpg\",\"width\":1920,\"height\":1178},{\"@type\":\"BreadcrumbList\",\"@id\":\"https:\/\/all4labels.com\/ro\/solutions\/#breadcrumb\",\"itemListElement\":[{\"@type\":\"ListItem\",\"position\":1,\"name\":\"Home\",\"item\":\"https:\/\/all4labels.com\/ro\/\"},{\"@type\":\"ListItem\",\"position\":2,\"name\":\"Solutions\"}]},{\"@type\":\"WebSite\",\"@id\":\"https:\/\/all4labels.com\/#website\",\"url\":\"https:\/\/all4labels.com\/\",\"name\":\"All4Labels Global Packaging Group \u2013 Connecting brands and consumers\",\"description\":\"\",\"publisher\":{\"@id\":\"https:\/\/all4labels.com\/#organization\"},\"potentialAction\":[{\"@type\":\"SearchAction\",\"target\":{\"@type\":\"EntryPoint\",\"urlTemplate\":\"https:\/\/all4labels.com\/?s={search_term_string}\"},\"query-input\":{\"@type\":\"PropertyValueSpecification\",\"valueRequired\":true,\"valueName\":\"search_term_string\"}}],\"inLanguage\":\"ro-RO\"},{\"@type\":\"Organization\",\"@id\":\"https:\/\/all4labels.com\/#organization\",\"name\":\"All4Labels Global Packaging Group \u2013 Connecting brands and consumers\",\"url\":\"https:\/\/all4labels.com\/\",\"logo\":{\"@type\":\"ImageObject\",\"inLanguage\":\"ro-RO\",\"@id\":\"https:\/\/all4labels.com\/#\/schema\/logo\/image\/\",\"url\":\"https:\/\/all4labels.com\/wp-content\/uploads\/2020\/02\/all4labels-white.svg\",\"contentUrl\":\"https:\/\/all4labels.com\/wp-content\/uploads\/2020\/02\/all4labels-white.svg\",\"caption\":\"All4Labels Global Packaging Group \u2013 Connecting brands and consumers\"},\"image\":{\"@id\":\"https:\/\/all4labels.com\/#\/schema\/logo\/image\/\"}}]}<\/script>\n<!-- \/ Yoast SEO plugin. -->","yoast_head_json":{"title":"Solutions - All4Labels Global Packaging Group \u2013 Connecting brands and consumers","robots":{"index":"index","follow":"follow","max-snippet":"max-snippet:-1","max-image-preview":"max-image-preview:large","max-video-preview":"max-video-preview:-1"},"canonical":"https:\/\/all4labels.com\/ro\/solutions\/","og_locale":"ro_RO","og_type":"article","og_title":"Solutions - All4Labels Global Packaging Group \u2013 Connecting brands and consumers","og_description":"Partenerul dumneavoastr\u0103 inovator \u00een solu\u021bii noi Stimul\u0103m inova\u021bia prin investi\u021bii \u00een cele mai avansate tehnologii \u0219i prin extinderea solu\u021biilor digitale. Ambalajele inovatoare \u00eenseamn\u0103 mai mult dec\u00e2t imprimare. Pie\u021bele \u00een schimbare [&hellip;]","og_url":"https:\/\/all4labels.com\/ro\/solutions\/","og_site_name":"All4Labels Global Packaging Group \u2013 Connecting brands and consumers","article_modified_time":"2024-07-15T13:38:26+00:00","og_image":[{"width":1920,"height":1178,"url":"https:\/\/all4labels.com\/wp-content\/uploads\/2023\/12\/your-innovative-partner-new-solutions.jpg","type":"image\/jpeg"}],"twitter_card":"summary_large_image","twitter_misc":{"Timp estimat pentru citire":"1 minut"},"schema":{"@context":"https:\/\/schema.org","@graph":[{"@type":"WebPage","@id":"https:\/\/all4labels.com\/ro\/solutions\/","url":"https:\/\/all4labels.com\/ro\/solutions\/","name":"Solutions - All4Labels Global Packaging Group \u2013 Connecting brands and consumers","isPartOf":{"@id":"https:\/\/all4labels.com\/#website"},"primaryImageOfPage":{"@id":"https:\/\/all4labels.com\/ro\/solutions\/#primaryimage"},"image":{"@id":"https:\/\/all4labels.com\/ro\/solutions\/#primaryimage"},"thumbnailUrl":"https:\/\/all4labels.com\/wp-content\/uploads\/2023\/12\/your-innovative-partner-new-solutions.jpg","datePublished":"2023-12-06T21:34:49+00:00","dateModified":"2024-07-15T13:38:26+00:00","breadcrumb":{"@id":"https:\/\/all4labels.com\/ro\/solutions\/#breadcrumb"},"inLanguage":"ro-RO","potentialAction":[{"@type":"ReadAction","target":["https:\/\/all4labels.com\/ro\/solutions\/"]}]},{"@type":"ImageObject","inLanguage":"ro-RO","@id":"https:\/\/all4labels.com\/ro\/solutions\/#primaryimage","url":"https:\/\/all4labels.com\/wp-content\/uploads\/2023\/12\/your-innovative-partner-new-solutions.jpg","contentUrl":"https:\/\/all4labels.com\/wp-content\/uploads\/2023\/12\/your-innovative-partner-new-solutions.jpg","width":1920,"height":1178},{"@type":"BreadcrumbList","@id":"https:\/\/all4labels.com\/ro\/solutions\/#breadcrumb","itemListElement":[{"@type":"ListItem","position":1,"name":"Home","item":"https:\/\/all4labels.com\/ro\/"},{"@type":"ListItem","position":2,"name":"Solutions"}]},{"@type":"WebSite","@id":"https:\/\/all4labels.com\/#website","url":"https:\/\/all4labels.com\/","name":"All4Labels Global Packaging Group \u2013 Connecting brands and consumers","description":"","publisher":{"@id":"https:\/\/all4labels.com\/#organization"},"potentialAction":[{"@type":"SearchAction","target":{"@type":"EntryPoint","urlTemplate":"https:\/\/all4labels.com\/?s={search_term_string}"},"query-input":{"@type":"PropertyValueSpecification","valueRequired":true,"valueName":"search_term_string"}}],"inLanguage":"ro-RO"},{"@type":"Organization","@id":"https:\/\/all4labels.com\/#organization","name":"All4Labels Global Packaging Group \u2013 Connecting brands and consumers","url":"https:\/\/all4labels.com\/","logo":{"@type":"ImageObject","inLanguage":"ro-RO","@id":"https:\/\/all4labels.com\/#\/schema\/logo\/image\/","url":"https:\/\/all4labels.com\/wp-content\/uploads\/2020\/02\/all4labels-white.svg","contentUrl":"https:\/\/all4labels.com\/wp-content\/uploads\/2020\/02\/all4labels-white.svg","caption":"All4Labels Global Packaging Group \u2013 Connecting brands and consumers"},"image":{"@id":"https:\/\/all4labels.com\/#\/schema\/logo\/image\/"}}]}},"_links":{"self":[{"href":"https:\/\/all4labels.com\/ro\/wp-json\/wp\/v2\/pages\/38021","targetHints":{"allow":["GET"]}}],"collection":[{"href":"https:\/\/all4labels.com\/ro\/wp-json\/wp\/v2\/pages"}],"about":[{"href":"https:\/\/all4labels.com\/ro\/wp-json\/wp\/v2\/types\/page"}],"author":[{"embeddable":true,"href":"https:\/\/all4labels.com\/ro\/wp-json\/wp\/v2\/users\/10"}],"replies":[{"embeddable":true,"href":"https:\/\/all4labels.com\/ro\/wp-json\/wp\/v2\/comments?post=38021"}],"version-history":[{"count":4,"href":"https:\/\/all4labels.com\/ro\/wp-json\/wp\/v2\/pages\/38021\/revisions"}],"predecessor-version":[{"id":41429,"href":"https:\/\/all4labels.com\/ro\/wp-json\/wp\/v2\/pages\/38021\/revisions\/41429"}],"wp:featuredmedia":[{"embeddable":true,"href":"https:\/\/all4labels.com\/ro\/wp-json\/wp\/v2\/media\/38023"}],"wp:attachment":[{"href":"https:\/\/all4labels.com\/ro\/wp-json\/wp\/v2\/media?parent=38021"}],"curies":[{"name":"wp","href":"https:\/\/api.w.org\/{rel}","templated":true}]}}