{"id":37867,"date":"2020-02-03T09:03:12","date_gmt":"2020-02-03T09:03:12","guid":{"rendered":"https:\/\/all4labels.com\/corporate-information\/"},"modified":"2026-03-10T12:11:43","modified_gmt":"2026-03-10T12:11:43","slug":"corporate-information","status":"publish","type":"page","link":"https:\/\/all4labels.com\/ro\/corporate-information\/","title":{"rendered":"Corporate information"},"content":{"rendered":"<h1>Corporate information<\/h1>\n<h4><strong>Furnizorul site-ului web<\/strong><\/h4>\n<h3><strong>All4Labels Group GmbH<\/strong><\/h3>\n<p>M\u00f6llner Landstrasse 15, 22969 Witzhave Germany<br \/>\nE-Mail: <a href=\"mailto:info@all4labels.com\">info@all4labels.com<\/a><\/p>\n<p>Reprezentat de directorii generali:<\/p>\n<ul>\n<li data-olk-copy-source=\"MessageBody\">Evelyn Hartinger<\/li>\n<li>Matej Baran<\/li>\n<li>Guido Iannone<\/li>\n<li>Enrico Valeri<\/li>\n<li>Magnus Milatz<\/li>\n<\/ul>\n<p>L\u00fcbeck HRB 289 AH, VAT number DE 135 110 146<\/p>\n<p>Persoan\u0103 responsabil\u0103 \u00een conformitate cu sec\u021biunea 18 alineatul (2) din Tratatul de stat german privind mass-media (&#8222;Mediendienstestaatsvertrag&#8221;): Evelyn Hartinger, M\u00f6llner Landstra\u00dfe 15, 22969 Witzhave, Germania.<\/p>\n<h3>Drepturi de autor<\/h3>\n<p>Con\u021binutul (cum ar fi textele \u0219i fotografiile) al acestui site este protejat de legea drepturilor de autor. Reproducerea integral\u0103 sau par\u021bial\u0103 a acestui con\u021binut este interzis\u0103 sub orice form\u0103, pe orice suport, f\u0103r\u0103 permisiunea prealabil\u0103 expres\u0103 a All4Labels Group GmbH.<\/p>\n<h3>Politica de confiden\u021bialitate pentru site-ul web<\/h3>\n<p>Politica de confiden\u021bialitate a All4Labels Group GmbH poate fi consultat\u0103 la adresa Politica de confiden\u021bialitate. <a href=\"https:\/\/all4labels.com\/wp-content\/uploads\/2022\/09\/2022-All4Labels_Privacy-policy_Website.pdf\">privacy policy<\/a>.<\/p>\n<h3>Leg\u0103turi externe<\/h3>\n<p>All4Labels Group GmbH nu este responsabil\u0103 pentru con\u021binutul site-urilor externe. Furnizorii respectivi sunt responsabili pentru con\u021binutul p\u0103r\u021bilor ter\u021be accesate prin intermediul hyperlink-urilor.<\/p>\n<h3>Solu\u021bionarea extrajudiciar\u0103 a litigiilor \u00een materie de consum<\/h3>\n<p>\u00cen conformitate cu legisla\u021bia aplicabil\u0103, All4Labels Group GmbH are obliga\u021bia de a informa consumatorii cu privire la existen\u021ba Platformei europene de solu\u021bionare a litigiilor online, care a fost \u00eenfiin\u021bat\u0103 de Comisia European\u0103 pentru solu\u021bionarea litigiilor. Platforma european\u0103 de solu\u021bionare online a litigiilor poate fi g\u0103sit\u0103 aici. Datele de contact ale organismelor oficiale de solu\u021bionare a litigiilor pot fi g\u0103site la urm\u0103torul link: https:\/\/webgate.ec.europa.eu\/odr\/main\/index.cfm. \u00cen absen\u021ba unei obliga\u021bii legale de a participa la procedurile de solu\u021bionare a litigiilor \u00een fa\u021ba unei comisii de arbitraj pentru consumatori, All4Labels Group GmbH nu este obligat\u0103 sau dispus\u0103 s\u0103 participe la astfel de proceduri de solu\u021bionare a litigiilor.<br \/>\nAdresa de e-mail a All4Labels Group GmbH poate fi g\u0103sit\u0103 mai sus.<\/p>\n<h3>Profiluri Social Media<\/h3>\n<p>Aceast\u0103 men\u021biune se aplic\u0103 \u0219i urm\u0103toarelor profiluri de social media operate de All4Labels Group GmbH:<\/p>\n<h3>Linkedin:<\/h3>\n<p><a href=\"https:\/\/www.linkedin.com\/company\/all4labelsgroup\/\">https:\/\/www.linkedin.com\/company\/all4labelsgroup\/<\/a><\/p>\n<h3>Xing:<\/h3>\n<p><a href=\"https:\/\/www.xing.com\/pages\/all4labels-globalpackaginggroup\">https:\/\/www.xing.com\/pages\/all4labels-globalpackaginggroup<\/a><\/p>\n","protected":false},"excerpt":{"rendered":"<p>Corporate information Furnizorul site-ului web All4Labels Group GmbH M\u00f6llner Landstrasse 15, 22969 Witzhave Germany E-Mail: info@all4labels.com Reprezentat de directorii generali: Evelyn Hartinger Matej Baran Guido Iannone Enrico Valeri Magnus Milatz [&hellip;]<\/p>\n","protected":false},"author":1,"featured_media":0,"parent":0,"menu_order":0,"comment_status":"closed","ping_status":"closed","template":"","meta":{"_acf_changed":false,"footnotes":""},"class_list":["post-37867","page","type-page","status-publish","hentry"],"acf":[],"yoast_head":"<!-- This site is optimized with the Yoast SEO plugin v24.2 - https:\/\/yoast.com\/wordpress\/plugins\/seo\/ -->\n<title>Corporate information - All4Labels Global Packaging Group \u2013 Connecting brands and consumers<\/title>\n<meta name=\"robots\" content=\"index, follow, max-snippet:-1, max-image-preview:large, max-video-preview:-1\" \/>\n<link rel=\"canonical\" href=\"https:\/\/all4labels.com\/ro\/corporate-information\/\" \/>\n<meta property=\"og:locale\" content=\"ro_RO\" \/>\n<meta property=\"og:type\" content=\"article\" \/>\n<meta property=\"og:title\" content=\"Corporate information - All4Labels Global Packaging Group \u2013 Connecting brands and consumers\" \/>\n<meta property=\"og:description\" content=\"Corporate information Furnizorul site-ului web All4Labels Group GmbH M\u00f6llner Landstrasse 15, 22969 Witzhave Germany E-Mail: info@all4labels.com Reprezentat de directorii generali: Evelyn Hartinger Matej Baran Guido Iannone Enrico Valeri Magnus Milatz [&hellip;]\" \/>\n<meta property=\"og:url\" content=\"https:\/\/all4labels.com\/ro\/corporate-information\/\" \/>\n<meta property=\"og:site_name\" content=\"All4Labels Global Packaging Group \u2013 Connecting brands and consumers\" \/>\n<meta property=\"article:modified_time\" content=\"2026-03-10T12:11:43+00:00\" \/>\n<meta name=\"twitter:card\" content=\"summary_large_image\" \/>\n<meta name=\"twitter:label1\" content=\"Timp estimat pentru citire\" \/>\n\t<meta name=\"twitter:data1\" content=\"2 minute\" \/>\n<script type=\"application\/ld+json\" class=\"yoast-schema-graph\">{\"@context\":\"https:\/\/schema.org\",\"@graph\":[{\"@type\":\"WebPage\",\"@id\":\"https:\/\/all4labels.com\/ro\/corporate-information\/\",\"url\":\"https:\/\/all4labels.com\/ro\/corporate-information\/\",\"name\":\"Corporate information - All4Labels Global Packaging Group \u2013 Connecting brands and consumers\",\"isPartOf\":{\"@id\":\"https:\/\/all4labels.com\/#website\"},\"datePublished\":\"2020-02-03T09:03:12+00:00\",\"dateModified\":\"2026-03-10T12:11:43+00:00\",\"breadcrumb\":{\"@id\":\"https:\/\/all4labels.com\/ro\/corporate-information\/#breadcrumb\"},\"inLanguage\":\"ro-RO\",\"potentialAction\":[{\"@type\":\"ReadAction\",\"target\":[\"https:\/\/all4labels.com\/ro\/corporate-information\/\"]}]},{\"@type\":\"BreadcrumbList\",\"@id\":\"https:\/\/all4labels.com\/ro\/corporate-information\/#breadcrumb\",\"itemListElement\":[{\"@type\":\"ListItem\",\"position\":1,\"name\":\"Home\",\"item\":\"https:\/\/all4labels.com\/ro\/\"},{\"@type\":\"ListItem\",\"position\":2,\"name\":\"Corporate information\"}]},{\"@type\":\"WebSite\",\"@id\":\"https:\/\/all4labels.com\/#website\",\"url\":\"https:\/\/all4labels.com\/\",\"name\":\"All4Labels Global Packaging Group \u2013 Connecting brands and consumers\",\"description\":\"\",\"publisher\":{\"@id\":\"https:\/\/all4labels.com\/#organization\"},\"potentialAction\":[{\"@type\":\"SearchAction\",\"target\":{\"@type\":\"EntryPoint\",\"urlTemplate\":\"https:\/\/all4labels.com\/?s={search_term_string}\"},\"query-input\":{\"@type\":\"PropertyValueSpecification\",\"valueRequired\":true,\"valueName\":\"search_term_string\"}}],\"inLanguage\":\"ro-RO\"},{\"@type\":\"Organization\",\"@id\":\"https:\/\/all4labels.com\/#organization\",\"name\":\"All4Labels Global Packaging Group \u2013 Connecting brands and consumers\",\"url\":\"https:\/\/all4labels.com\/\",\"logo\":{\"@type\":\"ImageObject\",\"inLanguage\":\"ro-RO\",\"@id\":\"https:\/\/all4labels.com\/#\/schema\/logo\/image\/\",\"url\":\"https:\/\/all4labels.com\/wp-content\/uploads\/2020\/02\/all4labels-white.svg\",\"contentUrl\":\"https:\/\/all4labels.com\/wp-content\/uploads\/2020\/02\/all4labels-white.svg\",\"caption\":\"All4Labels Global Packaging Group \u2013 Connecting brands and consumers\"},\"image\":{\"@id\":\"https:\/\/all4labels.com\/#\/schema\/logo\/image\/\"}}]}<\/script>\n<!-- \/ Yoast SEO plugin. -->","yoast_head_json":{"title":"Corporate information - All4Labels Global Packaging Group \u2013 Connecting brands and consumers","robots":{"index":"index","follow":"follow","max-snippet":"max-snippet:-1","max-image-preview":"max-image-preview:large","max-video-preview":"max-video-preview:-1"},"canonical":"https:\/\/all4labels.com\/ro\/corporate-information\/","og_locale":"ro_RO","og_type":"article","og_title":"Corporate information - All4Labels Global Packaging Group \u2013 Connecting brands and consumers","og_description":"Corporate information Furnizorul site-ului web All4Labels Group GmbH M\u00f6llner Landstrasse 15, 22969 Witzhave Germany E-Mail: info@all4labels.com Reprezentat de directorii generali: Evelyn Hartinger Matej Baran Guido Iannone Enrico Valeri Magnus Milatz [&hellip;]","og_url":"https:\/\/all4labels.com\/ro\/corporate-information\/","og_site_name":"All4Labels Global Packaging Group \u2013 Connecting brands and consumers","article_modified_time":"2026-03-10T12:11:43+00:00","twitter_card":"summary_large_image","twitter_misc":{"Timp estimat pentru citire":"2 minute"},"schema":{"@context":"https:\/\/schema.org","@graph":[{"@type":"WebPage","@id":"https:\/\/all4labels.com\/ro\/corporate-information\/","url":"https:\/\/all4labels.com\/ro\/corporate-information\/","name":"Corporate information - All4Labels Global Packaging Group \u2013 Connecting brands and consumers","isPartOf":{"@id":"https:\/\/all4labels.com\/#website"},"datePublished":"2020-02-03T09:03:12+00:00","dateModified":"2026-03-10T12:11:43+00:00","breadcrumb":{"@id":"https:\/\/all4labels.com\/ro\/corporate-information\/#breadcrumb"},"inLanguage":"ro-RO","potentialAction":[{"@type":"ReadAction","target":["https:\/\/all4labels.com\/ro\/corporate-information\/"]}]},{"@type":"BreadcrumbList","@id":"https:\/\/all4labels.com\/ro\/corporate-information\/#breadcrumb","itemListElement":[{"@type":"ListItem","position":1,"name":"Home","item":"https:\/\/all4labels.com\/ro\/"},{"@type":"ListItem","position":2,"name":"Corporate information"}]},{"@type":"WebSite","@id":"https:\/\/all4labels.com\/#website","url":"https:\/\/all4labels.com\/","name":"All4Labels Global Packaging Group \u2013 Connecting brands and consumers","description":"","publisher":{"@id":"https:\/\/all4labels.com\/#organization"},"potentialAction":[{"@type":"SearchAction","target":{"@type":"EntryPoint","urlTemplate":"https:\/\/all4labels.com\/?s={search_term_string}"},"query-input":{"@type":"PropertyValueSpecification","valueRequired":true,"valueName":"search_term_string"}}],"inLanguage":"ro-RO"},{"@type":"Organization","@id":"https:\/\/all4labels.com\/#organization","name":"All4Labels Global Packaging Group \u2013 Connecting brands and consumers","url":"https:\/\/all4labels.com\/","logo":{"@type":"ImageObject","inLanguage":"ro-RO","@id":"https:\/\/all4labels.com\/#\/schema\/logo\/image\/","url":"https:\/\/all4labels.com\/wp-content\/uploads\/2020\/02\/all4labels-white.svg","contentUrl":"https:\/\/all4labels.com\/wp-content\/uploads\/2020\/02\/all4labels-white.svg","caption":"All4Labels Global Packaging Group \u2013 Connecting brands and consumers"},"image":{"@id":"https:\/\/all4labels.com\/#\/schema\/logo\/image\/"}}]}},"_links":{"self":[{"href":"https:\/\/all4labels.com\/ro\/wp-json\/wp\/v2\/pages\/37867","targetHints":{"allow":["GET"]}}],"collection":[{"href":"https:\/\/all4labels.com\/ro\/wp-json\/wp\/v2\/pages"}],"about":[{"href":"https:\/\/all4labels.com\/ro\/wp-json\/wp\/v2\/types\/page"}],"author":[{"embeddable":true,"href":"https:\/\/all4labels.com\/ro\/wp-json\/wp\/v2\/users\/1"}],"replies":[{"embeddable":true,"href":"https:\/\/all4labels.com\/ro\/wp-json\/wp\/v2\/comments?post=37867"}],"version-history":[{"count":10,"href":"https:\/\/all4labels.com\/ro\/wp-json\/wp\/v2\/pages\/37867\/revisions"}],"predecessor-version":[{"id":45722,"href":"https:\/\/all4labels.com\/ro\/wp-json\/wp\/v2\/pages\/37867\/revisions\/45722"}],"wp:attachment":[{"href":"https:\/\/all4labels.com\/ro\/wp-json\/wp\/v2\/media?parent=37867"}],"curies":[{"name":"wp","href":"https:\/\/api.w.org\/{rel}","templated":true}]}}