{"id":37819,"date":"2024-02-20T08:37:01","date_gmt":"2024-02-20T08:37:01","guid":{"rendered":"https:\/\/all4labels.com\/?page_id=37819"},"modified":"2024-03-01T13:50:23","modified_gmt":"2024-03-01T13:50:23","slug":"wet-glue-labels","status":"publish","type":"page","link":"https:\/\/all4labels.com\/ro\/products\/wet-glue-labels\/","title":{"rendered":"Wet Glue Labels"},"content":{"rendered":"<h1>Etichete Wet Glue<\/h1>\n<p><strong>Realizate pentru a se lipi: Nu numai c\u0103 sunt populare \u00een industria b\u0103uturilor, dar ne \u0219i plac etichetele wet glue! \u00cen ceea ce prive\u0219te sustenabilitatea, acestea pot fi \u00eendep\u0103rtate cu u\u0219urin\u021b\u0103, f\u0103r\u0103 a l\u0103sa reziduuri \u00een procesul de reciclare..<\/strong><\/p>\n","protected":false},"excerpt":{"rendered":"<p>Etichete Wet Glue Realizate pentru a se lipi: Nu numai c\u0103 sunt populare \u00een industria b\u0103uturilor, dar ne \u0219i plac etichetele wet glue! \u00cen ceea ce prive\u0219te sustenabilitatea, acestea pot [&hellip;]<\/p>\n","protected":false},"author":10,"featured_media":37820,"parent":38334,"menu_order":0,"comment_status":"closed","ping_status":"closed","template":"page-wrap-around-landing.php","meta":{"_acf_changed":false,"footnotes":""},"class_list":["post-37819","page","type-page","status-publish","has-post-thumbnail","hentry"],"acf":[],"yoast_head":"<!-- This site is optimized with the Yoast SEO plugin v24.2 - https:\/\/yoast.com\/wordpress\/plugins\/seo\/ -->\n<title>Wet Glue Labels - All4Labels Global Packaging Group \u2013 Connecting brands and consumers<\/title>\n<meta name=\"robots\" content=\"index, follow, max-snippet:-1, max-image-preview:large, max-video-preview:-1\" \/>\n<link rel=\"canonical\" href=\"https:\/\/all4labels.com\/ro\/wet-glue-labels\/\" \/>\n<meta property=\"og:locale\" content=\"ro_RO\" \/>\n<meta property=\"og:type\" content=\"article\" \/>\n<meta property=\"og:title\" content=\"Wet Glue Labels - All4Labels Global Packaging Group \u2013 Connecting brands and consumers\" \/>\n<meta property=\"og:description\" content=\"Etichete Wet Glue Realizate pentru a se lipi: Nu numai c\u0103 sunt populare \u00een industria b\u0103uturilor, dar ne \u0219i plac etichetele wet glue! \u00cen ceea ce prive\u0219te sustenabilitatea, acestea pot [&hellip;]\" \/>\n<meta property=\"og:url\" content=\"https:\/\/all4labels.com\/ro\/wet-glue-labels\/\" \/>\n<meta property=\"og:site_name\" content=\"All4Labels Global Packaging Group \u2013 Connecting brands and consumers\" \/>\n<meta property=\"article:modified_time\" content=\"2024-03-01T13:50:23+00:00\" \/>\n<meta property=\"og:image\" content=\"https:\/\/all4labels.com\/wp-content\/uploads\/2021\/08\/A4L_Wet-glue-label_header.jpg\" \/>\n\t<meta property=\"og:image:width\" content=\"2560\" \/>\n\t<meta property=\"og:image:height\" content=\"1422\" \/>\n\t<meta property=\"og:image:type\" content=\"image\/jpeg\" \/>\n<meta name=\"twitter:card\" content=\"summary_large_image\" \/>\n<meta name=\"twitter:label1\" content=\"Timp estimat pentru citire\" \/>\n\t<meta name=\"twitter:data1\" content=\"1 minut\" \/>\n<script type=\"application\/ld+json\" class=\"yoast-schema-graph\">{\"@context\":\"https:\/\/schema.org\",\"@graph\":[{\"@type\":\"WebPage\",\"@id\":\"https:\/\/all4labels.com\/ro\/wet-glue-labels\/\",\"url\":\"https:\/\/all4labels.com\/ro\/wet-glue-labels\/\",\"name\":\"Wet Glue Labels - All4Labels Global Packaging Group \u2013 Connecting brands and consumers\",\"isPartOf\":{\"@id\":\"https:\/\/all4labels.com\/#website\"},\"primaryImageOfPage\":{\"@id\":\"https:\/\/all4labels.com\/ro\/wet-glue-labels\/#primaryimage\"},\"image\":{\"@id\":\"https:\/\/all4labels.com\/ro\/wet-glue-labels\/#primaryimage\"},\"thumbnailUrl\":\"https:\/\/all4labels.com\/wp-content\/uploads\/2021\/08\/A4L_Wet-glue-label_header.jpg\",\"datePublished\":\"2024-02-20T08:37:01+00:00\",\"dateModified\":\"2024-03-01T13:50:23+00:00\",\"breadcrumb\":{\"@id\":\"https:\/\/all4labels.com\/ro\/wet-glue-labels\/#breadcrumb\"},\"inLanguage\":\"ro-RO\",\"potentialAction\":[{\"@type\":\"ReadAction\",\"target\":[\"https:\/\/all4labels.com\/ro\/wet-glue-labels\/\"]}]},{\"@type\":\"ImageObject\",\"inLanguage\":\"ro-RO\",\"@id\":\"https:\/\/all4labels.com\/ro\/wet-glue-labels\/#primaryimage\",\"url\":\"https:\/\/all4labels.com\/wp-content\/uploads\/2021\/08\/A4L_Wet-glue-label_header.jpg\",\"contentUrl\":\"https:\/\/all4labels.com\/wp-content\/uploads\/2021\/08\/A4L_Wet-glue-label_header.jpg\",\"width\":2560,\"height\":1422},{\"@type\":\"BreadcrumbList\",\"@id\":\"https:\/\/all4labels.com\/ro\/wet-glue-labels\/#breadcrumb\",\"itemListElement\":[{\"@type\":\"ListItem\",\"position\":1,\"name\":\"Home\",\"item\":\"https:\/\/all4labels.com\/ro\/\"},{\"@type\":\"ListItem\",\"position\":2,\"name\":\"Wet Glue Labels\"}]},{\"@type\":\"WebSite\",\"@id\":\"https:\/\/all4labels.com\/#website\",\"url\":\"https:\/\/all4labels.com\/\",\"name\":\"All4Labels Global Packaging Group \u2013 Connecting brands and consumers\",\"description\":\"\",\"publisher\":{\"@id\":\"https:\/\/all4labels.com\/#organization\"},\"potentialAction\":[{\"@type\":\"SearchAction\",\"target\":{\"@type\":\"EntryPoint\",\"urlTemplate\":\"https:\/\/all4labels.com\/?s={search_term_string}\"},\"query-input\":{\"@type\":\"PropertyValueSpecification\",\"valueRequired\":true,\"valueName\":\"search_term_string\"}}],\"inLanguage\":\"ro-RO\"},{\"@type\":\"Organization\",\"@id\":\"https:\/\/all4labels.com\/#organization\",\"name\":\"All4Labels Global Packaging Group \u2013 Connecting brands and consumers\",\"url\":\"https:\/\/all4labels.com\/\",\"logo\":{\"@type\":\"ImageObject\",\"inLanguage\":\"ro-RO\",\"@id\":\"https:\/\/all4labels.com\/#\/schema\/logo\/image\/\",\"url\":\"https:\/\/all4labels.com\/wp-content\/uploads\/2020\/02\/all4labels-white.svg\",\"contentUrl\":\"https:\/\/all4labels.com\/wp-content\/uploads\/2020\/02\/all4labels-white.svg\",\"caption\":\"All4Labels Global Packaging Group \u2013 Connecting brands and consumers\"},\"image\":{\"@id\":\"https:\/\/all4labels.com\/#\/schema\/logo\/image\/\"}}]}<\/script>\n<!-- \/ Yoast SEO plugin. -->","yoast_head_json":{"title":"Wet Glue Labels - All4Labels Global Packaging Group \u2013 Connecting brands and consumers","robots":{"index":"index","follow":"follow","max-snippet":"max-snippet:-1","max-image-preview":"max-image-preview:large","max-video-preview":"max-video-preview:-1"},"canonical":"https:\/\/all4labels.com\/ro\/wet-glue-labels\/","og_locale":"ro_RO","og_type":"article","og_title":"Wet Glue Labels - All4Labels Global Packaging Group \u2013 Connecting brands and consumers","og_description":"Etichete Wet Glue Realizate pentru a se lipi: Nu numai c\u0103 sunt populare \u00een industria b\u0103uturilor, dar ne \u0219i plac etichetele wet glue! \u00cen ceea ce prive\u0219te sustenabilitatea, acestea pot [&hellip;]","og_url":"https:\/\/all4labels.com\/ro\/wet-glue-labels\/","og_site_name":"All4Labels Global Packaging Group \u2013 Connecting brands and consumers","article_modified_time":"2024-03-01T13:50:23+00:00","og_image":[{"width":2560,"height":1422,"url":"https:\/\/all4labels.com\/wp-content\/uploads\/2021\/08\/A4L_Wet-glue-label_header.jpg","type":"image\/jpeg"}],"twitter_card":"summary_large_image","twitter_misc":{"Timp estimat pentru citire":"1 minut"},"schema":{"@context":"https:\/\/schema.org","@graph":[{"@type":"WebPage","@id":"https:\/\/all4labels.com\/ro\/wet-glue-labels\/","url":"https:\/\/all4labels.com\/ro\/wet-glue-labels\/","name":"Wet Glue Labels - All4Labels Global Packaging Group \u2013 Connecting brands and consumers","isPartOf":{"@id":"https:\/\/all4labels.com\/#website"},"primaryImageOfPage":{"@id":"https:\/\/all4labels.com\/ro\/wet-glue-labels\/#primaryimage"},"image":{"@id":"https:\/\/all4labels.com\/ro\/wet-glue-labels\/#primaryimage"},"thumbnailUrl":"https:\/\/all4labels.com\/wp-content\/uploads\/2021\/08\/A4L_Wet-glue-label_header.jpg","datePublished":"2024-02-20T08:37:01+00:00","dateModified":"2024-03-01T13:50:23+00:00","breadcrumb":{"@id":"https:\/\/all4labels.com\/ro\/wet-glue-labels\/#breadcrumb"},"inLanguage":"ro-RO","potentialAction":[{"@type":"ReadAction","target":["https:\/\/all4labels.com\/ro\/wet-glue-labels\/"]}]},{"@type":"ImageObject","inLanguage":"ro-RO","@id":"https:\/\/all4labels.com\/ro\/wet-glue-labels\/#primaryimage","url":"https:\/\/all4labels.com\/wp-content\/uploads\/2021\/08\/A4L_Wet-glue-label_header.jpg","contentUrl":"https:\/\/all4labels.com\/wp-content\/uploads\/2021\/08\/A4L_Wet-glue-label_header.jpg","width":2560,"height":1422},{"@type":"BreadcrumbList","@id":"https:\/\/all4labels.com\/ro\/wet-glue-labels\/#breadcrumb","itemListElement":[{"@type":"ListItem","position":1,"name":"Home","item":"https:\/\/all4labels.com\/ro\/"},{"@type":"ListItem","position":2,"name":"Wet Glue Labels"}]},{"@type":"WebSite","@id":"https:\/\/all4labels.com\/#website","url":"https:\/\/all4labels.com\/","name":"All4Labels Global Packaging Group \u2013 Connecting brands and consumers","description":"","publisher":{"@id":"https:\/\/all4labels.com\/#organization"},"potentialAction":[{"@type":"SearchAction","target":{"@type":"EntryPoint","urlTemplate":"https:\/\/all4labels.com\/?s={search_term_string}"},"query-input":{"@type":"PropertyValueSpecification","valueRequired":true,"valueName":"search_term_string"}}],"inLanguage":"ro-RO"},{"@type":"Organization","@id":"https:\/\/all4labels.com\/#organization","name":"All4Labels Global Packaging Group \u2013 Connecting brands and consumers","url":"https:\/\/all4labels.com\/","logo":{"@type":"ImageObject","inLanguage":"ro-RO","@id":"https:\/\/all4labels.com\/#\/schema\/logo\/image\/","url":"https:\/\/all4labels.com\/wp-content\/uploads\/2020\/02\/all4labels-white.svg","contentUrl":"https:\/\/all4labels.com\/wp-content\/uploads\/2020\/02\/all4labels-white.svg","caption":"All4Labels Global Packaging Group \u2013 Connecting brands and consumers"},"image":{"@id":"https:\/\/all4labels.com\/#\/schema\/logo\/image\/"}}]}},"_links":{"self":[{"href":"https:\/\/all4labels.com\/ro\/wp-json\/wp\/v2\/pages\/37819","targetHints":{"allow":["GET"]}}],"collection":[{"href":"https:\/\/all4labels.com\/ro\/wp-json\/wp\/v2\/pages"}],"about":[{"href":"https:\/\/all4labels.com\/ro\/wp-json\/wp\/v2\/types\/page"}],"author":[{"embeddable":true,"href":"https:\/\/all4labels.com\/ro\/wp-json\/wp\/v2\/users\/10"}],"replies":[{"embeddable":true,"href":"https:\/\/all4labels.com\/ro\/wp-json\/wp\/v2\/comments?post=37819"}],"version-history":[{"count":4,"href":"https:\/\/all4labels.com\/ro\/wp-json\/wp\/v2\/pages\/37819\/revisions"}],"predecessor-version":[{"id":38515,"href":"https:\/\/all4labels.com\/ro\/wp-json\/wp\/v2\/pages\/37819\/revisions\/38515"}],"up":[{"embeddable":true,"href":"https:\/\/all4labels.com\/ro\/wp-json\/wp\/v2\/pages\/38334"}],"wp:featuredmedia":[{"embeddable":true,"href":"https:\/\/all4labels.com\/ro\/wp-json\/wp\/v2\/media\/37820"}],"wp:attachment":[{"href":"https:\/\/all4labels.com\/ro\/wp-json\/wp\/v2\/media?parent=37819"}],"curies":[{"name":"wp","href":"https:\/\/api.w.org\/{rel}","templated":true}]}}