{"id":37806,"date":"2021-01-15T13:16:35","date_gmt":"2021-01-15T13:16:35","guid":{"rendered":"https:\/\/all4labels.com\/markets\/wine-spirits\/"},"modified":"2024-07-15T11:39:38","modified_gmt":"2024-07-15T11:39:38","slug":"wine-spirits","status":"publish","type":"page","link":"https:\/\/all4labels.com\/ro\/markets\/wine-spirits\/","title":{"rendered":"Pia\u021ba vinurilor \u0219i a b\u0103uturilor spirtoase"},"content":{"rendered":"<h6>Prezentare general\u0103 a pie\u021bei<\/h6>\n<h1>Vinuri \u0219i b\u0103uturi spirtoase<\/h1>\n<p>Designul etichetelor este un factor cheie de cump\u0103rare pe o pia\u021b\u0103 a vinurilor \u0219i b\u0103uturilor spirtoase din ce \u00een ce mai competitiv\u0103. Puterea elementelor vizuale de a spune pove\u0219ti este de net\u0103g\u0103duit. Con\u021binutul vizual poate dep\u0103\u0219i barierele lingvistice, poate transmite mesaje complexe \u0219i poate inspira un r\u0103spuns imediat din partea oamenilor. Ambalajele ofer\u0103 o nou\u0103 platform\u0103 de interac\u021biune cu consumatorul final, precum \u0219i solu\u021bii tehnologice inovatoare pentru a r\u0103spunde rapid la tendin\u021bele din industrie.<\/p>\n","protected":false},"excerpt":{"rendered":"<p>Prezentare general\u0103 a pie\u021bei Vinuri \u0219i b\u0103uturi spirtoase Designul etichetelor este un factor cheie de cump\u0103rare pe o pia\u021b\u0103 a vinurilor \u0219i b\u0103uturilor spirtoase din ce \u00een ce mai competitiv\u0103. [&hellip;]<\/p>\n","protected":false},"author":10,"featured_media":37672,"parent":37628,"menu_order":0,"comment_status":"closed","ping_status":"closed","template":"page-markets-wine-landing.php","meta":{"_acf_changed":false,"footnotes":""},"class_list":["post-37806","page","type-page","status-publish","has-post-thumbnail","hentry"],"acf":[],"yoast_head":"<!-- This site is optimized with the Yoast SEO plugin v24.2 - https:\/\/yoast.com\/wordpress\/plugins\/seo\/ -->\n<title>Pia\u021ba vinurilor \u0219i a b\u0103uturilor spirtoase - All4Labels Global Packaging Group \u2013 Connecting brands and consumers<\/title>\n<meta name=\"robots\" content=\"index, follow, max-snippet:-1, max-image-preview:large, max-video-preview:-1\" \/>\n<link rel=\"canonical\" href=\"https:\/\/all4labels.com\/ro\/markets\/wine-spirits\/\" \/>\n<meta property=\"og:locale\" content=\"ro_RO\" \/>\n<meta property=\"og:type\" content=\"article\" \/>\n<meta property=\"og:title\" content=\"Pia\u021ba vinurilor \u0219i a b\u0103uturilor spirtoase - All4Labels Global Packaging Group \u2013 Connecting brands and consumers\" \/>\n<meta property=\"og:description\" content=\"Prezentare general\u0103 a pie\u021bei Vinuri \u0219i b\u0103uturi spirtoase Designul etichetelor este un factor cheie de cump\u0103rare pe o pia\u021b\u0103 a vinurilor \u0219i b\u0103uturilor spirtoase din ce \u00een ce mai competitiv\u0103. [&hellip;]\" \/>\n<meta property=\"og:url\" content=\"https:\/\/all4labels.com\/ro\/markets\/wine-spirits\/\" \/>\n<meta property=\"og:site_name\" content=\"All4Labels Global Packaging Group \u2013 Connecting brands and consumers\" \/>\n<meta property=\"article:modified_time\" content=\"2024-07-15T11:39:38+00:00\" \/>\n<meta property=\"og:image\" content=\"https:\/\/all4labels.com\/wp-content\/uploads\/2021\/01\/wineandspirits1.jpg\" \/>\n\t<meta property=\"og:image:width\" content=\"1920\" \/>\n\t<meta property=\"og:image:height\" content=\"1280\" \/>\n\t<meta property=\"og:image:type\" content=\"image\/jpeg\" \/>\n<meta name=\"twitter:card\" content=\"summary_large_image\" \/>\n<meta name=\"twitter:label1\" content=\"Timp estimat pentru citire\" \/>\n\t<meta name=\"twitter:data1\" content=\"1 minut\" \/>\n<script type=\"application\/ld+json\" class=\"yoast-schema-graph\">{\"@context\":\"https:\/\/schema.org\",\"@graph\":[{\"@type\":\"WebPage\",\"@id\":\"https:\/\/all4labels.com\/ro\/markets\/wine-spirits\/\",\"url\":\"https:\/\/all4labels.com\/ro\/markets\/wine-spirits\/\",\"name\":\"Pia\u021ba vinurilor \u0219i a b\u0103uturilor spirtoase - All4Labels Global Packaging Group \u2013 Connecting brands and consumers\",\"isPartOf\":{\"@id\":\"https:\/\/all4labels.com\/#website\"},\"primaryImageOfPage\":{\"@id\":\"https:\/\/all4labels.com\/ro\/markets\/wine-spirits\/#primaryimage\"},\"image\":{\"@id\":\"https:\/\/all4labels.com\/ro\/markets\/wine-spirits\/#primaryimage\"},\"thumbnailUrl\":\"https:\/\/all4labels.com\/wp-content\/uploads\/2021\/01\/wineandspirits1.jpg\",\"datePublished\":\"2021-01-15T13:16:35+00:00\",\"dateModified\":\"2024-07-15T11:39:38+00:00\",\"breadcrumb\":{\"@id\":\"https:\/\/all4labels.com\/ro\/markets\/wine-spirits\/#breadcrumb\"},\"inLanguage\":\"ro-RO\",\"potentialAction\":[{\"@type\":\"ReadAction\",\"target\":[\"https:\/\/all4labels.com\/ro\/markets\/wine-spirits\/\"]}]},{\"@type\":\"ImageObject\",\"inLanguage\":\"ro-RO\",\"@id\":\"https:\/\/all4labels.com\/ro\/markets\/wine-spirits\/#primaryimage\",\"url\":\"https:\/\/all4labels.com\/wp-content\/uploads\/2021\/01\/wineandspirits1.jpg\",\"contentUrl\":\"https:\/\/all4labels.com\/wp-content\/uploads\/2021\/01\/wineandspirits1.jpg\",\"width\":1920,\"height\":1280},{\"@type\":\"BreadcrumbList\",\"@id\":\"https:\/\/all4labels.com\/ro\/markets\/wine-spirits\/#breadcrumb\",\"itemListElement\":[{\"@type\":\"ListItem\",\"position\":1,\"name\":\"Home\",\"item\":\"https:\/\/all4labels.com\/ro\/\"},{\"@type\":\"ListItem\",\"position\":2,\"name\":\"Pie\u021be\",\"item\":\"https:\/\/all4labels.com\/ro\/markets\/\"},{\"@type\":\"ListItem\",\"position\":3,\"name\":\"Pia\u021ba vinurilor \u0219i a b\u0103uturilor spirtoase\"}]},{\"@type\":\"WebSite\",\"@id\":\"https:\/\/all4labels.com\/#website\",\"url\":\"https:\/\/all4labels.com\/\",\"name\":\"All4Labels Global Packaging Group \u2013 Connecting brands and consumers\",\"description\":\"\",\"publisher\":{\"@id\":\"https:\/\/all4labels.com\/#organization\"},\"potentialAction\":[{\"@type\":\"SearchAction\",\"target\":{\"@type\":\"EntryPoint\",\"urlTemplate\":\"https:\/\/all4labels.com\/?s={search_term_string}\"},\"query-input\":{\"@type\":\"PropertyValueSpecification\",\"valueRequired\":true,\"valueName\":\"search_term_string\"}}],\"inLanguage\":\"ro-RO\"},{\"@type\":\"Organization\",\"@id\":\"https:\/\/all4labels.com\/#organization\",\"name\":\"All4Labels Global Packaging Group \u2013 Connecting brands and consumers\",\"url\":\"https:\/\/all4labels.com\/\",\"logo\":{\"@type\":\"ImageObject\",\"inLanguage\":\"ro-RO\",\"@id\":\"https:\/\/all4labels.com\/#\/schema\/logo\/image\/\",\"url\":\"https:\/\/all4labels.com\/wp-content\/uploads\/2020\/02\/all4labels-white.svg\",\"contentUrl\":\"https:\/\/all4labels.com\/wp-content\/uploads\/2020\/02\/all4labels-white.svg\",\"caption\":\"All4Labels Global Packaging Group \u2013 Connecting brands and consumers\"},\"image\":{\"@id\":\"https:\/\/all4labels.com\/#\/schema\/logo\/image\/\"}}]}<\/script>\n<!-- \/ Yoast SEO plugin. -->","yoast_head_json":{"title":"Pia\u021ba vinurilor \u0219i a b\u0103uturilor spirtoase - All4Labels Global Packaging Group \u2013 Connecting brands and consumers","robots":{"index":"index","follow":"follow","max-snippet":"max-snippet:-1","max-image-preview":"max-image-preview:large","max-video-preview":"max-video-preview:-1"},"canonical":"https:\/\/all4labels.com\/ro\/markets\/wine-spirits\/","og_locale":"ro_RO","og_type":"article","og_title":"Pia\u021ba vinurilor \u0219i a b\u0103uturilor spirtoase - All4Labels Global Packaging Group \u2013 Connecting brands and consumers","og_description":"Prezentare general\u0103 a pie\u021bei Vinuri \u0219i b\u0103uturi spirtoase Designul etichetelor este un factor cheie de cump\u0103rare pe o pia\u021b\u0103 a vinurilor \u0219i b\u0103uturilor spirtoase din ce \u00een ce mai competitiv\u0103. [&hellip;]","og_url":"https:\/\/all4labels.com\/ro\/markets\/wine-spirits\/","og_site_name":"All4Labels Global Packaging Group \u2013 Connecting brands and consumers","article_modified_time":"2024-07-15T11:39:38+00:00","og_image":[{"width":1920,"height":1280,"url":"https:\/\/all4labels.com\/wp-content\/uploads\/2021\/01\/wineandspirits1.jpg","type":"image\/jpeg"}],"twitter_card":"summary_large_image","twitter_misc":{"Timp estimat pentru citire":"1 minut"},"schema":{"@context":"https:\/\/schema.org","@graph":[{"@type":"WebPage","@id":"https:\/\/all4labels.com\/ro\/markets\/wine-spirits\/","url":"https:\/\/all4labels.com\/ro\/markets\/wine-spirits\/","name":"Pia\u021ba vinurilor \u0219i a b\u0103uturilor spirtoase - All4Labels Global Packaging Group \u2013 Connecting brands and consumers","isPartOf":{"@id":"https:\/\/all4labels.com\/#website"},"primaryImageOfPage":{"@id":"https:\/\/all4labels.com\/ro\/markets\/wine-spirits\/#primaryimage"},"image":{"@id":"https:\/\/all4labels.com\/ro\/markets\/wine-spirits\/#primaryimage"},"thumbnailUrl":"https:\/\/all4labels.com\/wp-content\/uploads\/2021\/01\/wineandspirits1.jpg","datePublished":"2021-01-15T13:16:35+00:00","dateModified":"2024-07-15T11:39:38+00:00","breadcrumb":{"@id":"https:\/\/all4labels.com\/ro\/markets\/wine-spirits\/#breadcrumb"},"inLanguage":"ro-RO","potentialAction":[{"@type":"ReadAction","target":["https:\/\/all4labels.com\/ro\/markets\/wine-spirits\/"]}]},{"@type":"ImageObject","inLanguage":"ro-RO","@id":"https:\/\/all4labels.com\/ro\/markets\/wine-spirits\/#primaryimage","url":"https:\/\/all4labels.com\/wp-content\/uploads\/2021\/01\/wineandspirits1.jpg","contentUrl":"https:\/\/all4labels.com\/wp-content\/uploads\/2021\/01\/wineandspirits1.jpg","width":1920,"height":1280},{"@type":"BreadcrumbList","@id":"https:\/\/all4labels.com\/ro\/markets\/wine-spirits\/#breadcrumb","itemListElement":[{"@type":"ListItem","position":1,"name":"Home","item":"https:\/\/all4labels.com\/ro\/"},{"@type":"ListItem","position":2,"name":"Pie\u021be","item":"https:\/\/all4labels.com\/ro\/markets\/"},{"@type":"ListItem","position":3,"name":"Pia\u021ba vinurilor \u0219i a b\u0103uturilor spirtoase"}]},{"@type":"WebSite","@id":"https:\/\/all4labels.com\/#website","url":"https:\/\/all4labels.com\/","name":"All4Labels Global Packaging Group \u2013 Connecting brands and consumers","description":"","publisher":{"@id":"https:\/\/all4labels.com\/#organization"},"potentialAction":[{"@type":"SearchAction","target":{"@type":"EntryPoint","urlTemplate":"https:\/\/all4labels.com\/?s={search_term_string}"},"query-input":{"@type":"PropertyValueSpecification","valueRequired":true,"valueName":"search_term_string"}}],"inLanguage":"ro-RO"},{"@type":"Organization","@id":"https:\/\/all4labels.com\/#organization","name":"All4Labels Global Packaging Group \u2013 Connecting brands and consumers","url":"https:\/\/all4labels.com\/","logo":{"@type":"ImageObject","inLanguage":"ro-RO","@id":"https:\/\/all4labels.com\/#\/schema\/logo\/image\/","url":"https:\/\/all4labels.com\/wp-content\/uploads\/2020\/02\/all4labels-white.svg","contentUrl":"https:\/\/all4labels.com\/wp-content\/uploads\/2020\/02\/all4labels-white.svg","caption":"All4Labels Global Packaging Group \u2013 Connecting brands and consumers"},"image":{"@id":"https:\/\/all4labels.com\/#\/schema\/logo\/image\/"}}]}},"_links":{"self":[{"href":"https:\/\/all4labels.com\/ro\/wp-json\/wp\/v2\/pages\/37806","targetHints":{"allow":["GET"]}}],"collection":[{"href":"https:\/\/all4labels.com\/ro\/wp-json\/wp\/v2\/pages"}],"about":[{"href":"https:\/\/all4labels.com\/ro\/wp-json\/wp\/v2\/types\/page"}],"author":[{"embeddable":true,"href":"https:\/\/all4labels.com\/ro\/wp-json\/wp\/v2\/users\/10"}],"replies":[{"embeddable":true,"href":"https:\/\/all4labels.com\/ro\/wp-json\/wp\/v2\/comments?post=37806"}],"version-history":[{"count":9,"href":"https:\/\/all4labels.com\/ro\/wp-json\/wp\/v2\/pages\/37806\/revisions"}],"predecessor-version":[{"id":41411,"href":"https:\/\/all4labels.com\/ro\/wp-json\/wp\/v2\/pages\/37806\/revisions\/41411"}],"up":[{"embeddable":true,"href":"https:\/\/all4labels.com\/ro\/wp-json\/wp\/v2\/pages\/37628"}],"wp:featuredmedia":[{"embeddable":true,"href":"https:\/\/all4labels.com\/ro\/wp-json\/wp\/v2\/media\/37672"}],"wp:attachment":[{"href":"https:\/\/all4labels.com\/ro\/wp-json\/wp\/v2\/media?parent=37806"}],"curies":[{"name":"wp","href":"https:\/\/api.w.org\/{rel}","templated":true}]}}