{"id":37798,"date":"2021-01-19T16:23:16","date_gmt":"2021-01-19T16:23:16","guid":{"rendered":"https:\/\/all4labels.com\/markets\/beverage\/"},"modified":"2024-03-01T18:39:11","modified_gmt":"2024-03-01T18:39:11","slug":"beverage","status":"publish","type":"page","link":"https:\/\/all4labels.com\/ro\/markets\/beverage\/","title":{"rendered":"Pia\u021ba b\u0103uturilor"},"content":{"rendered":"<h6>Prezentare general\u0103 a pie\u021bei<\/h6>\n<h1>B\u0103uturi<\/h1>\n<p>Etichete pentru a v\u0103 diferen\u021bia brand-ul \u0219i a ie\u0219i \u00een eviden\u021b\u0103 la punctul de v\u00e2nzare: Oferim o gam\u0103 larg\u0103 de op\u021biuni de decorare a b\u0103uturilor cum ar fi etichetele autoadezive, etichete wrap around, wet glue sau shrink sleeve. Toate acestea pot fi combinate cu \u00eennobil\u0103ri atractive sau cu activarea implic\u0103rii consumatorilor.<\/p>\n","protected":false},"excerpt":{"rendered":"<p>Prezentare general\u0103 a pie\u021bei B\u0103uturi Etichete pentru a v\u0103 diferen\u021bia brand-ul \u0219i a ie\u0219i \u00een eviden\u021b\u0103 la punctul de v\u00e2nzare: Oferim o gam\u0103 larg\u0103 de op\u021biuni de decorare a b\u0103uturilor [&hellip;]<\/p>\n","protected":false},"author":1,"featured_media":37800,"parent":37628,"menu_order":0,"comment_status":"closed","ping_status":"closed","template":"page-beverage-landing.php","meta":{"_acf_changed":false,"footnotes":""},"class_list":["post-37798","page","type-page","status-publish","has-post-thumbnail","hentry"],"acf":[],"yoast_head":"<!-- This site is optimized with the Yoast SEO plugin v24.2 - https:\/\/yoast.com\/wordpress\/plugins\/seo\/ -->\n<title>Pia\u021ba b\u0103uturilor - All4Labels Global Packaging Group \u2013 Connecting brands and consumers<\/title>\n<meta name=\"description\" content=\"-1392\" \/>\n<meta name=\"robots\" content=\"index, follow, max-snippet:-1, max-image-preview:large, max-video-preview:-1\" \/>\n<link rel=\"canonical\" href=\"https:\/\/all4labels.com\/ro\/markets\/beverage\/\" \/>\n<meta property=\"og:locale\" content=\"ro_RO\" \/>\n<meta property=\"og:type\" content=\"article\" \/>\n<meta property=\"og:title\" content=\"Pia\u021ba b\u0103uturilor - All4Labels Global Packaging Group \u2013 Connecting brands and consumers\" \/>\n<meta property=\"og:description\" content=\"-1392\" \/>\n<meta property=\"og:url\" content=\"https:\/\/all4labels.com\/ro\/markets\/beverage\/\" \/>\n<meta property=\"og:site_name\" content=\"All4Labels Global Packaging Group \u2013 Connecting brands and consumers\" \/>\n<meta property=\"article:modified_time\" content=\"2024-03-01T18:39:11+00:00\" \/>\n<meta property=\"og:image\" content=\"https:\/\/all4labels.com\/wp-content\/uploads\/2021\/01\/afl_beverage_header.jpg\" \/>\n\t<meta property=\"og:image:width\" content=\"1920\" \/>\n\t<meta property=\"og:image:height\" content=\"1080\" \/>\n\t<meta property=\"og:image:type\" content=\"image\/jpeg\" \/>\n<meta name=\"twitter:card\" content=\"summary_large_image\" \/>\n<meta name=\"twitter:label1\" content=\"Timp estimat pentru citire\" \/>\n\t<meta name=\"twitter:data1\" content=\"1 minut\" \/>\n<script type=\"application\/ld+json\" class=\"yoast-schema-graph\">{\"@context\":\"https:\/\/schema.org\",\"@graph\":[{\"@type\":\"WebPage\",\"@id\":\"https:\/\/all4labels.com\/ro\/markets\/beverage\/\",\"url\":\"https:\/\/all4labels.com\/ro\/markets\/beverage\/\",\"name\":\"Pia\u021ba b\u0103uturilor - All4Labels Global Packaging Group \u2013 Connecting brands and consumers\",\"isPartOf\":{\"@id\":\"https:\/\/all4labels.com\/#website\"},\"primaryImageOfPage\":{\"@id\":\"https:\/\/all4labels.com\/ro\/markets\/beverage\/#primaryimage\"},\"image\":{\"@id\":\"https:\/\/all4labels.com\/ro\/markets\/beverage\/#primaryimage\"},\"thumbnailUrl\":\"https:\/\/all4labels.com\/wp-content\/uploads\/2021\/01\/afl_beverage_header.jpg\",\"datePublished\":\"2021-01-19T16:23:16+00:00\",\"dateModified\":\"2024-03-01T18:39:11+00:00\",\"description\":\"-1392\",\"breadcrumb\":{\"@id\":\"https:\/\/all4labels.com\/ro\/markets\/beverage\/#breadcrumb\"},\"inLanguage\":\"ro-RO\",\"potentialAction\":[{\"@type\":\"ReadAction\",\"target\":[\"https:\/\/all4labels.com\/ro\/markets\/beverage\/\"]}]},{\"@type\":\"ImageObject\",\"inLanguage\":\"ro-RO\",\"@id\":\"https:\/\/all4labels.com\/ro\/markets\/beverage\/#primaryimage\",\"url\":\"https:\/\/all4labels.com\/wp-content\/uploads\/2021\/01\/afl_beverage_header.jpg\",\"contentUrl\":\"https:\/\/all4labels.com\/wp-content\/uploads\/2021\/01\/afl_beverage_header.jpg\",\"width\":1920,\"height\":1080},{\"@type\":\"BreadcrumbList\",\"@id\":\"https:\/\/all4labels.com\/ro\/markets\/beverage\/#breadcrumb\",\"itemListElement\":[{\"@type\":\"ListItem\",\"position\":1,\"name\":\"Home\",\"item\":\"https:\/\/all4labels.com\/ro\/\"},{\"@type\":\"ListItem\",\"position\":2,\"name\":\"Pie\u021be\",\"item\":\"https:\/\/all4labels.com\/ro\/markets\/\"},{\"@type\":\"ListItem\",\"position\":3,\"name\":\"Pia\u021ba b\u0103uturilor\"}]},{\"@type\":\"WebSite\",\"@id\":\"https:\/\/all4labels.com\/#website\",\"url\":\"https:\/\/all4labels.com\/\",\"name\":\"All4Labels Global Packaging Group \u2013 Connecting brands and consumers\",\"description\":\"\",\"publisher\":{\"@id\":\"https:\/\/all4labels.com\/#organization\"},\"potentialAction\":[{\"@type\":\"SearchAction\",\"target\":{\"@type\":\"EntryPoint\",\"urlTemplate\":\"https:\/\/all4labels.com\/?s={search_term_string}\"},\"query-input\":{\"@type\":\"PropertyValueSpecification\",\"valueRequired\":true,\"valueName\":\"search_term_string\"}}],\"inLanguage\":\"ro-RO\"},{\"@type\":\"Organization\",\"@id\":\"https:\/\/all4labels.com\/#organization\",\"name\":\"All4Labels Global Packaging Group \u2013 Connecting brands and consumers\",\"url\":\"https:\/\/all4labels.com\/\",\"logo\":{\"@type\":\"ImageObject\",\"inLanguage\":\"ro-RO\",\"@id\":\"https:\/\/all4labels.com\/#\/schema\/logo\/image\/\",\"url\":\"https:\/\/all4labels.com\/wp-content\/uploads\/2020\/02\/all4labels-white.svg\",\"contentUrl\":\"https:\/\/all4labels.com\/wp-content\/uploads\/2020\/02\/all4labels-white.svg\",\"caption\":\"All4Labels Global Packaging Group \u2013 Connecting brands and consumers\"},\"image\":{\"@id\":\"https:\/\/all4labels.com\/#\/schema\/logo\/image\/\"}}]}<\/script>\n<!-- \/ Yoast SEO plugin. -->","yoast_head_json":{"title":"Pia\u021ba b\u0103uturilor - All4Labels Global Packaging Group \u2013 Connecting brands and consumers","description":"-1392","robots":{"index":"index","follow":"follow","max-snippet":"max-snippet:-1","max-image-preview":"max-image-preview:large","max-video-preview":"max-video-preview:-1"},"canonical":"https:\/\/all4labels.com\/ro\/markets\/beverage\/","og_locale":"ro_RO","og_type":"article","og_title":"Pia\u021ba b\u0103uturilor - All4Labels Global Packaging Group \u2013 Connecting brands and consumers","og_description":"-1392","og_url":"https:\/\/all4labels.com\/ro\/markets\/beverage\/","og_site_name":"All4Labels Global Packaging Group \u2013 Connecting brands and consumers","article_modified_time":"2024-03-01T18:39:11+00:00","og_image":[{"width":1920,"height":1080,"url":"https:\/\/all4labels.com\/wp-content\/uploads\/2021\/01\/afl_beverage_header.jpg","type":"image\/jpeg"}],"twitter_card":"summary_large_image","twitter_misc":{"Timp estimat pentru citire":"1 minut"},"schema":{"@context":"https:\/\/schema.org","@graph":[{"@type":"WebPage","@id":"https:\/\/all4labels.com\/ro\/markets\/beverage\/","url":"https:\/\/all4labels.com\/ro\/markets\/beverage\/","name":"Pia\u021ba b\u0103uturilor - All4Labels Global Packaging Group \u2013 Connecting brands and consumers","isPartOf":{"@id":"https:\/\/all4labels.com\/#website"},"primaryImageOfPage":{"@id":"https:\/\/all4labels.com\/ro\/markets\/beverage\/#primaryimage"},"image":{"@id":"https:\/\/all4labels.com\/ro\/markets\/beverage\/#primaryimage"},"thumbnailUrl":"https:\/\/all4labels.com\/wp-content\/uploads\/2021\/01\/afl_beverage_header.jpg","datePublished":"2021-01-19T16:23:16+00:00","dateModified":"2024-03-01T18:39:11+00:00","description":"-1392","breadcrumb":{"@id":"https:\/\/all4labels.com\/ro\/markets\/beverage\/#breadcrumb"},"inLanguage":"ro-RO","potentialAction":[{"@type":"ReadAction","target":["https:\/\/all4labels.com\/ro\/markets\/beverage\/"]}]},{"@type":"ImageObject","inLanguage":"ro-RO","@id":"https:\/\/all4labels.com\/ro\/markets\/beverage\/#primaryimage","url":"https:\/\/all4labels.com\/wp-content\/uploads\/2021\/01\/afl_beverage_header.jpg","contentUrl":"https:\/\/all4labels.com\/wp-content\/uploads\/2021\/01\/afl_beverage_header.jpg","width":1920,"height":1080},{"@type":"BreadcrumbList","@id":"https:\/\/all4labels.com\/ro\/markets\/beverage\/#breadcrumb","itemListElement":[{"@type":"ListItem","position":1,"name":"Home","item":"https:\/\/all4labels.com\/ro\/"},{"@type":"ListItem","position":2,"name":"Pie\u021be","item":"https:\/\/all4labels.com\/ro\/markets\/"},{"@type":"ListItem","position":3,"name":"Pia\u021ba b\u0103uturilor"}]},{"@type":"WebSite","@id":"https:\/\/all4labels.com\/#website","url":"https:\/\/all4labels.com\/","name":"All4Labels Global Packaging Group \u2013 Connecting brands and consumers","description":"","publisher":{"@id":"https:\/\/all4labels.com\/#organization"},"potentialAction":[{"@type":"SearchAction","target":{"@type":"EntryPoint","urlTemplate":"https:\/\/all4labels.com\/?s={search_term_string}"},"query-input":{"@type":"PropertyValueSpecification","valueRequired":true,"valueName":"search_term_string"}}],"inLanguage":"ro-RO"},{"@type":"Organization","@id":"https:\/\/all4labels.com\/#organization","name":"All4Labels Global Packaging Group \u2013 Connecting brands and consumers","url":"https:\/\/all4labels.com\/","logo":{"@type":"ImageObject","inLanguage":"ro-RO","@id":"https:\/\/all4labels.com\/#\/schema\/logo\/image\/","url":"https:\/\/all4labels.com\/wp-content\/uploads\/2020\/02\/all4labels-white.svg","contentUrl":"https:\/\/all4labels.com\/wp-content\/uploads\/2020\/02\/all4labels-white.svg","caption":"All4Labels Global Packaging Group \u2013 Connecting brands and consumers"},"image":{"@id":"https:\/\/all4labels.com\/#\/schema\/logo\/image\/"}}]}},"_links":{"self":[{"href":"https:\/\/all4labels.com\/ro\/wp-json\/wp\/v2\/pages\/37798","targetHints":{"allow":["GET"]}}],"collection":[{"href":"https:\/\/all4labels.com\/ro\/wp-json\/wp\/v2\/pages"}],"about":[{"href":"https:\/\/all4labels.com\/ro\/wp-json\/wp\/v2\/types\/page"}],"author":[{"embeddable":true,"href":"https:\/\/all4labels.com\/ro\/wp-json\/wp\/v2\/users\/1"}],"replies":[{"embeddable":true,"href":"https:\/\/all4labels.com\/ro\/wp-json\/wp\/v2\/comments?post=37798"}],"version-history":[{"count":4,"href":"https:\/\/all4labels.com\/ro\/wp-json\/wp\/v2\/pages\/37798\/revisions"}],"predecessor-version":[{"id":38742,"href":"https:\/\/all4labels.com\/ro\/wp-json\/wp\/v2\/pages\/37798\/revisions\/38742"}],"up":[{"embeddable":true,"href":"https:\/\/all4labels.com\/ro\/wp-json\/wp\/v2\/pages\/37628"}],"wp:featuredmedia":[{"embeddable":true,"href":"https:\/\/all4labels.com\/ro\/wp-json\/wp\/v2\/media\/37800"}],"wp:attachment":[{"href":"https:\/\/all4labels.com\/ro\/wp-json\/wp\/v2\/media?parent=37798"}],"curies":[{"name":"wp","href":"https:\/\/api.w.org\/{rel}","templated":true}]}}