{"id":37789,"date":"2021-01-20T08:01:12","date_gmt":"2021-01-20T08:01:12","guid":{"rendered":"https:\/\/all4labels.com\/markets\/food\/"},"modified":"2024-02-19T15:42:00","modified_gmt":"2024-02-19T15:42:00","slug":"food","status":"publish","type":"page","link":"https:\/\/all4labels.com\/ro\/markets\/food\/","title":{"rendered":"Pia\u021ba produselor alimentare"},"content":{"rendered":"<h6>Prezentare general\u0103 a pie\u021bei<\/h6>\n<h1>Alimente \u0219i produse lactate<\/h1>\n<p>\u00cen sectorul alimentar, o etichet\u0103 trebuie s\u0103 \u00eendeplineasc\u0103 mai multe cerin\u021be \u0219i s\u0103 comunice informa\u021bii importante, av\u00e2nd \u00een acela\u0219i timp un design captivant &#8211; trebuie s\u0103 transmit\u0103 siguran\u021b\u0103 \u0219i s\u0103 fie demn\u0103 de \u00eencredere.<\/p>\n<p>Cunoa\u0219tem cerin\u021bele \u0219i nevoile pe care industria alimentar\u0103 \u0219i a produselor lactate le impune ambalajelor. Datorit\u0103 tehnologiei noastre moderne \u0219i a experien\u021bei valoroase, suntem \u00een m\u0103sur\u0103 s\u0103 garant\u0103m o flexibilitate ridicat\u0103, termene de execu\u021bie scurte \u0219i consultan\u021b\u0103 competent\u0103.<\/p>\n","protected":false},"excerpt":{"rendered":"<p>Prezentare general\u0103 a pie\u021bei Alimente \u0219i produse lactate \u00cen sectorul alimentar, o etichet\u0103 trebuie s\u0103 \u00eendeplineasc\u0103 mai multe cerin\u021be \u0219i s\u0103 comunice informa\u021bii importante, av\u00e2nd \u00een acela\u0219i timp un design [&hellip;]<\/p>\n","protected":false},"author":1,"featured_media":37791,"parent":37628,"menu_order":0,"comment_status":"closed","ping_status":"closed","template":"page-food-landing.php","meta":{"_acf_changed":false,"footnotes":""},"class_list":["post-37789","page","type-page","status-publish","has-post-thumbnail","hentry"],"acf":[],"yoast_head":"<!-- This site is optimized with the Yoast SEO plugin v24.2 - https:\/\/yoast.com\/wordpress\/plugins\/seo\/ -->\n<title>Pia\u021ba produselor alimentare - All4Labels Global Packaging Group \u2013 Connecting brands and consumers<\/title>\n<meta name=\"robots\" content=\"index, follow, max-snippet:-1, max-image-preview:large, max-video-preview:-1\" \/>\n<link rel=\"canonical\" href=\"https:\/\/all4labels.com\/ro\/markets\/food\/\" \/>\n<meta property=\"og:locale\" content=\"ro_RO\" \/>\n<meta property=\"og:type\" content=\"article\" \/>\n<meta property=\"og:title\" content=\"Pia\u021ba produselor alimentare - All4Labels Global Packaging Group \u2013 Connecting brands and consumers\" \/>\n<meta property=\"og:description\" content=\"Prezentare general\u0103 a pie\u021bei Alimente \u0219i produse lactate \u00cen sectorul alimentar, o etichet\u0103 trebuie s\u0103 \u00eendeplineasc\u0103 mai multe cerin\u021be \u0219i s\u0103 comunice informa\u021bii importante, av\u00e2nd \u00een acela\u0219i timp un design [&hellip;]\" \/>\n<meta property=\"og:url\" content=\"https:\/\/all4labels.com\/ro\/markets\/food\/\" \/>\n<meta property=\"og:site_name\" content=\"All4Labels Global Packaging Group \u2013 Connecting brands and consumers\" \/>\n<meta property=\"article:modified_time\" content=\"2024-02-19T15:42:00+00:00\" \/>\n<meta property=\"og:image\" content=\"https:\/\/all4labels.com\/wp-content\/uploads\/2021\/01\/afl_food_header.jpg\" \/>\n\t<meta property=\"og:image:width\" content=\"1920\" \/>\n\t<meta property=\"og:image:height\" content=\"1080\" \/>\n\t<meta property=\"og:image:type\" content=\"image\/jpeg\" \/>\n<meta name=\"twitter:card\" content=\"summary_large_image\" \/>\n<meta name=\"twitter:label1\" content=\"Timp estimat pentru citire\" \/>\n\t<meta name=\"twitter:data1\" content=\"1 minut\" \/>\n<script type=\"application\/ld+json\" class=\"yoast-schema-graph\">{\"@context\":\"https:\/\/schema.org\",\"@graph\":[{\"@type\":\"WebPage\",\"@id\":\"https:\/\/all4labels.com\/ro\/markets\/food\/\",\"url\":\"https:\/\/all4labels.com\/ro\/markets\/food\/\",\"name\":\"Pia\u021ba produselor alimentare - All4Labels Global Packaging Group \u2013 Connecting brands and consumers\",\"isPartOf\":{\"@id\":\"https:\/\/all4labels.com\/#website\"},\"primaryImageOfPage\":{\"@id\":\"https:\/\/all4labels.com\/ro\/markets\/food\/#primaryimage\"},\"image\":{\"@id\":\"https:\/\/all4labels.com\/ro\/markets\/food\/#primaryimage\"},\"thumbnailUrl\":\"https:\/\/all4labels.com\/wp-content\/uploads\/2021\/01\/afl_food_header.jpg\",\"datePublished\":\"2021-01-20T08:01:12+00:00\",\"dateModified\":\"2024-02-19T15:42:00+00:00\",\"breadcrumb\":{\"@id\":\"https:\/\/all4labels.com\/ro\/markets\/food\/#breadcrumb\"},\"inLanguage\":\"ro-RO\",\"potentialAction\":[{\"@type\":\"ReadAction\",\"target\":[\"https:\/\/all4labels.com\/ro\/markets\/food\/\"]}]},{\"@type\":\"ImageObject\",\"inLanguage\":\"ro-RO\",\"@id\":\"https:\/\/all4labels.com\/ro\/markets\/food\/#primaryimage\",\"url\":\"https:\/\/all4labels.com\/wp-content\/uploads\/2021\/01\/afl_food_header.jpg\",\"contentUrl\":\"https:\/\/all4labels.com\/wp-content\/uploads\/2021\/01\/afl_food_header.jpg\",\"width\":1920,\"height\":1080},{\"@type\":\"BreadcrumbList\",\"@id\":\"https:\/\/all4labels.com\/ro\/markets\/food\/#breadcrumb\",\"itemListElement\":[{\"@type\":\"ListItem\",\"position\":1,\"name\":\"Home\",\"item\":\"https:\/\/all4labels.com\/ro\/\"},{\"@type\":\"ListItem\",\"position\":2,\"name\":\"Pie\u021be\",\"item\":\"https:\/\/all4labels.com\/ro\/markets\/\"},{\"@type\":\"ListItem\",\"position\":3,\"name\":\"Pia\u021ba produselor alimentare\"}]},{\"@type\":\"WebSite\",\"@id\":\"https:\/\/all4labels.com\/#website\",\"url\":\"https:\/\/all4labels.com\/\",\"name\":\"All4Labels Global Packaging Group \u2013 Connecting brands and consumers\",\"description\":\"\",\"publisher\":{\"@id\":\"https:\/\/all4labels.com\/#organization\"},\"potentialAction\":[{\"@type\":\"SearchAction\",\"target\":{\"@type\":\"EntryPoint\",\"urlTemplate\":\"https:\/\/all4labels.com\/?s={search_term_string}\"},\"query-input\":{\"@type\":\"PropertyValueSpecification\",\"valueRequired\":true,\"valueName\":\"search_term_string\"}}],\"inLanguage\":\"ro-RO\"},{\"@type\":\"Organization\",\"@id\":\"https:\/\/all4labels.com\/#organization\",\"name\":\"All4Labels Global Packaging Group \u2013 Connecting brands and consumers\",\"url\":\"https:\/\/all4labels.com\/\",\"logo\":{\"@type\":\"ImageObject\",\"inLanguage\":\"ro-RO\",\"@id\":\"https:\/\/all4labels.com\/#\/schema\/logo\/image\/\",\"url\":\"https:\/\/all4labels.com\/wp-content\/uploads\/2020\/02\/all4labels-white.svg\",\"contentUrl\":\"https:\/\/all4labels.com\/wp-content\/uploads\/2020\/02\/all4labels-white.svg\",\"caption\":\"All4Labels Global Packaging Group \u2013 Connecting brands and consumers\"},\"image\":{\"@id\":\"https:\/\/all4labels.com\/#\/schema\/logo\/image\/\"}}]}<\/script>\n<!-- \/ Yoast SEO plugin. -->","yoast_head_json":{"title":"Pia\u021ba produselor alimentare - All4Labels Global Packaging Group \u2013 Connecting brands and consumers","robots":{"index":"index","follow":"follow","max-snippet":"max-snippet:-1","max-image-preview":"max-image-preview:large","max-video-preview":"max-video-preview:-1"},"canonical":"https:\/\/all4labels.com\/ro\/markets\/food\/","og_locale":"ro_RO","og_type":"article","og_title":"Pia\u021ba produselor alimentare - All4Labels Global Packaging Group \u2013 Connecting brands and consumers","og_description":"Prezentare general\u0103 a pie\u021bei Alimente \u0219i produse lactate \u00cen sectorul alimentar, o etichet\u0103 trebuie s\u0103 \u00eendeplineasc\u0103 mai multe cerin\u021be \u0219i s\u0103 comunice informa\u021bii importante, av\u00e2nd \u00een acela\u0219i timp un design [&hellip;]","og_url":"https:\/\/all4labels.com\/ro\/markets\/food\/","og_site_name":"All4Labels Global Packaging Group \u2013 Connecting brands and consumers","article_modified_time":"2024-02-19T15:42:00+00:00","og_image":[{"width":1920,"height":1080,"url":"https:\/\/all4labels.com\/wp-content\/uploads\/2021\/01\/afl_food_header.jpg","type":"image\/jpeg"}],"twitter_card":"summary_large_image","twitter_misc":{"Timp estimat pentru citire":"1 minut"},"schema":{"@context":"https:\/\/schema.org","@graph":[{"@type":"WebPage","@id":"https:\/\/all4labels.com\/ro\/markets\/food\/","url":"https:\/\/all4labels.com\/ro\/markets\/food\/","name":"Pia\u021ba produselor alimentare - All4Labels Global Packaging Group \u2013 Connecting brands and consumers","isPartOf":{"@id":"https:\/\/all4labels.com\/#website"},"primaryImageOfPage":{"@id":"https:\/\/all4labels.com\/ro\/markets\/food\/#primaryimage"},"image":{"@id":"https:\/\/all4labels.com\/ro\/markets\/food\/#primaryimage"},"thumbnailUrl":"https:\/\/all4labels.com\/wp-content\/uploads\/2021\/01\/afl_food_header.jpg","datePublished":"2021-01-20T08:01:12+00:00","dateModified":"2024-02-19T15:42:00+00:00","breadcrumb":{"@id":"https:\/\/all4labels.com\/ro\/markets\/food\/#breadcrumb"},"inLanguage":"ro-RO","potentialAction":[{"@type":"ReadAction","target":["https:\/\/all4labels.com\/ro\/markets\/food\/"]}]},{"@type":"ImageObject","inLanguage":"ro-RO","@id":"https:\/\/all4labels.com\/ro\/markets\/food\/#primaryimage","url":"https:\/\/all4labels.com\/wp-content\/uploads\/2021\/01\/afl_food_header.jpg","contentUrl":"https:\/\/all4labels.com\/wp-content\/uploads\/2021\/01\/afl_food_header.jpg","width":1920,"height":1080},{"@type":"BreadcrumbList","@id":"https:\/\/all4labels.com\/ro\/markets\/food\/#breadcrumb","itemListElement":[{"@type":"ListItem","position":1,"name":"Home","item":"https:\/\/all4labels.com\/ro\/"},{"@type":"ListItem","position":2,"name":"Pie\u021be","item":"https:\/\/all4labels.com\/ro\/markets\/"},{"@type":"ListItem","position":3,"name":"Pia\u021ba produselor alimentare"}]},{"@type":"WebSite","@id":"https:\/\/all4labels.com\/#website","url":"https:\/\/all4labels.com\/","name":"All4Labels Global Packaging Group \u2013 Connecting brands and consumers","description":"","publisher":{"@id":"https:\/\/all4labels.com\/#organization"},"potentialAction":[{"@type":"SearchAction","target":{"@type":"EntryPoint","urlTemplate":"https:\/\/all4labels.com\/?s={search_term_string}"},"query-input":{"@type":"PropertyValueSpecification","valueRequired":true,"valueName":"search_term_string"}}],"inLanguage":"ro-RO"},{"@type":"Organization","@id":"https:\/\/all4labels.com\/#organization","name":"All4Labels Global Packaging Group \u2013 Connecting brands and consumers","url":"https:\/\/all4labels.com\/","logo":{"@type":"ImageObject","inLanguage":"ro-RO","@id":"https:\/\/all4labels.com\/#\/schema\/logo\/image\/","url":"https:\/\/all4labels.com\/wp-content\/uploads\/2020\/02\/all4labels-white.svg","contentUrl":"https:\/\/all4labels.com\/wp-content\/uploads\/2020\/02\/all4labels-white.svg","caption":"All4Labels Global Packaging Group \u2013 Connecting brands and consumers"},"image":{"@id":"https:\/\/all4labels.com\/#\/schema\/logo\/image\/"}}]}},"_links":{"self":[{"href":"https:\/\/all4labels.com\/ro\/wp-json\/wp\/v2\/pages\/37789","targetHints":{"allow":["GET"]}}],"collection":[{"href":"https:\/\/all4labels.com\/ro\/wp-json\/wp\/v2\/pages"}],"about":[{"href":"https:\/\/all4labels.com\/ro\/wp-json\/wp\/v2\/types\/page"}],"author":[{"embeddable":true,"href":"https:\/\/all4labels.com\/ro\/wp-json\/wp\/v2\/users\/1"}],"replies":[{"embeddable":true,"href":"https:\/\/all4labels.com\/ro\/wp-json\/wp\/v2\/comments?post=37789"}],"version-history":[{"count":3,"href":"https:\/\/all4labels.com\/ro\/wp-json\/wp\/v2\/pages\/37789\/revisions"}],"predecessor-version":[{"id":37804,"href":"https:\/\/all4labels.com\/ro\/wp-json\/wp\/v2\/pages\/37789\/revisions\/37804"}],"up":[{"embeddable":true,"href":"https:\/\/all4labels.com\/ro\/wp-json\/wp\/v2\/pages\/37628"}],"wp:featuredmedia":[{"embeddable":true,"href":"https:\/\/all4labels.com\/ro\/wp-json\/wp\/v2\/media\/37791"}],"wp:attachment":[{"href":"https:\/\/all4labels.com\/ro\/wp-json\/wp\/v2\/media?parent=37789"}],"curies":[{"name":"wp","href":"https:\/\/api.w.org\/{rel}","templated":true}]}}