{"id":37628,"date":"2020-02-03T09:02:00","date_gmt":"2020-02-03T09:02:00","guid":{"rendered":"https:\/\/all4labels.com\/?page_id=37628"},"modified":"2025-07-11T15:01:00","modified_gmt":"2025-07-11T15:01:00","slug":"markets","status":"publish","type":"page","link":"https:\/\/all4labels.com\/ro\/markets\/","title":{"rendered":"Pie\u021be"},"content":{"rendered":"<h1>St\u0103p\u00e2nirea provoc\u0103rilor<br \/>\nfiec\u0103rei pie\u021be<\/h1>\n<p><strong>\u00cen calitate de partener de \u00eencredere, ne angaj\u0103m s\u0103 cre\u0103m solu\u021bii individuale \u0219i inovatoare care s\u0103 corespund\u0103 pie\u021belor \u00een continu\u0103 schimbare de ast\u0103zi.<\/strong><\/p>\n<p><strong>Cunoa\u0219tem provoc\u0103rile legate de comunicarea mesajelor c\u00e2t mai eficient posibil \u00een cadrul cerin\u021belor pie\u021bei respective. Cu gama noastr\u0103 larg\u0103 de solu\u021bii de decorare a produselor, ne sprijinim clien\u021bii s\u0103 comunice \u00eentr-un mod inteligent, sustenabil \u0219i eficient din punct de vedere al costurilor.<\/strong><\/p>\n","protected":false},"excerpt":{"rendered":"<p>St\u0103p\u00e2nirea provoc\u0103rilor fiec\u0103rei pie\u021be \u00cen calitate de partener de \u00eencredere, ne angaj\u0103m s\u0103 cre\u0103m solu\u021bii individuale \u0219i inovatoare care s\u0103 corespund\u0103 pie\u021belor \u00een continu\u0103 schimbare de ast\u0103zi. Cunoa\u0219tem provoc\u0103rile legate [&hellip;]<\/p>\n","protected":false},"author":1,"featured_media":37629,"parent":0,"menu_order":0,"comment_status":"closed","ping_status":"closed","template":"page-markets.php","meta":{"_acf_changed":false,"footnotes":""},"class_list":["post-37628","page","type-page","status-publish","has-post-thumbnail","hentry"],"acf":[],"yoast_head":"<!-- This site is optimized with the Yoast SEO plugin v24.2 - https:\/\/yoast.com\/wordpress\/plugins\/seo\/ -->\n<title>Pie\u021be - All4Labels Global Packaging Group \u2013 Connecting brands and consumers<\/title>\n<meta name=\"robots\" content=\"index, follow, max-snippet:-1, max-image-preview:large, max-video-preview:-1\" \/>\n<link rel=\"canonical\" href=\"https:\/\/all4labels.com\/ro\/markets\/\" \/>\n<meta property=\"og:locale\" content=\"ro_RO\" \/>\n<meta property=\"og:type\" content=\"article\" \/>\n<meta property=\"og:title\" content=\"Pie\u021be - All4Labels Global Packaging Group \u2013 Connecting brands and consumers\" \/>\n<meta property=\"og:description\" content=\"St\u0103p\u00e2nirea provoc\u0103rilor fiec\u0103rei pie\u021be \u00cen calitate de partener de \u00eencredere, ne angaj\u0103m s\u0103 cre\u0103m solu\u021bii individuale \u0219i inovatoare care s\u0103 corespund\u0103 pie\u021belor \u00een continu\u0103 schimbare de ast\u0103zi. Cunoa\u0219tem provoc\u0103rile legate [&hellip;]\" \/>\n<meta property=\"og:url\" content=\"https:\/\/all4labels.com\/ro\/markets\/\" \/>\n<meta property=\"og:site_name\" content=\"All4Labels Global Packaging Group \u2013 Connecting brands and consumers\" \/>\n<meta property=\"article:modified_time\" content=\"2025-07-11T15:01:00+00:00\" \/>\n<meta property=\"og:image\" content=\"https:\/\/all4labels.com\/wp-content\/uploads\/2020\/06\/all4labels_markets_overview3.jpg\" \/>\n\t<meta property=\"og:image:width\" content=\"2000\" \/>\n\t<meta property=\"og:image:height\" content=\"1242\" \/>\n\t<meta property=\"og:image:type\" content=\"image\/jpeg\" \/>\n<meta name=\"twitter:card\" content=\"summary_large_image\" \/>\n<meta name=\"twitter:label1\" content=\"Timp estimat pentru citire\" \/>\n\t<meta name=\"twitter:data1\" content=\"1 minut\" \/>\n<script type=\"application\/ld+json\" class=\"yoast-schema-graph\">{\"@context\":\"https:\/\/schema.org\",\"@graph\":[{\"@type\":\"WebPage\",\"@id\":\"https:\/\/all4labels.com\/ro\/markets\/\",\"url\":\"https:\/\/all4labels.com\/ro\/markets\/\",\"name\":\"Pie\u021be - All4Labels Global Packaging Group \u2013 Connecting brands and consumers\",\"isPartOf\":{\"@id\":\"https:\/\/all4labels.com\/#website\"},\"primaryImageOfPage\":{\"@id\":\"https:\/\/all4labels.com\/ro\/markets\/#primaryimage\"},\"image\":{\"@id\":\"https:\/\/all4labels.com\/ro\/markets\/#primaryimage\"},\"thumbnailUrl\":\"https:\/\/all4labels.com\/wp-content\/uploads\/2020\/06\/all4labels_markets_overview3.jpg\",\"datePublished\":\"2020-02-03T09:02:00+00:00\",\"dateModified\":\"2025-07-11T15:01:00+00:00\",\"breadcrumb\":{\"@id\":\"https:\/\/all4labels.com\/ro\/markets\/#breadcrumb\"},\"inLanguage\":\"ro-RO\",\"potentialAction\":[{\"@type\":\"ReadAction\",\"target\":[\"https:\/\/all4labels.com\/ro\/markets\/\"]}]},{\"@type\":\"ImageObject\",\"inLanguage\":\"ro-RO\",\"@id\":\"https:\/\/all4labels.com\/ro\/markets\/#primaryimage\",\"url\":\"https:\/\/all4labels.com\/wp-content\/uploads\/2020\/06\/all4labels_markets_overview3.jpg\",\"contentUrl\":\"https:\/\/all4labels.com\/wp-content\/uploads\/2020\/06\/all4labels_markets_overview3.jpg\",\"width\":2000,\"height\":1242},{\"@type\":\"BreadcrumbList\",\"@id\":\"https:\/\/all4labels.com\/ro\/markets\/#breadcrumb\",\"itemListElement\":[{\"@type\":\"ListItem\",\"position\":1,\"name\":\"Home\",\"item\":\"https:\/\/all4labels.com\/ro\/\"},{\"@type\":\"ListItem\",\"position\":2,\"name\":\"Pie\u021be\"}]},{\"@type\":\"WebSite\",\"@id\":\"https:\/\/all4labels.com\/#website\",\"url\":\"https:\/\/all4labels.com\/\",\"name\":\"All4Labels Global Packaging Group \u2013 Connecting brands and consumers\",\"description\":\"\",\"publisher\":{\"@id\":\"https:\/\/all4labels.com\/#organization\"},\"potentialAction\":[{\"@type\":\"SearchAction\",\"target\":{\"@type\":\"EntryPoint\",\"urlTemplate\":\"https:\/\/all4labels.com\/?s={search_term_string}\"},\"query-input\":{\"@type\":\"PropertyValueSpecification\",\"valueRequired\":true,\"valueName\":\"search_term_string\"}}],\"inLanguage\":\"ro-RO\"},{\"@type\":\"Organization\",\"@id\":\"https:\/\/all4labels.com\/#organization\",\"name\":\"All4Labels Global Packaging Group \u2013 Connecting brands and consumers\",\"url\":\"https:\/\/all4labels.com\/\",\"logo\":{\"@type\":\"ImageObject\",\"inLanguage\":\"ro-RO\",\"@id\":\"https:\/\/all4labels.com\/#\/schema\/logo\/image\/\",\"url\":\"https:\/\/all4labels.com\/wp-content\/uploads\/2020\/02\/all4labels-white.svg\",\"contentUrl\":\"https:\/\/all4labels.com\/wp-content\/uploads\/2020\/02\/all4labels-white.svg\",\"caption\":\"All4Labels Global Packaging Group \u2013 Connecting brands and consumers\"},\"image\":{\"@id\":\"https:\/\/all4labels.com\/#\/schema\/logo\/image\/\"}}]}<\/script>\n<!-- \/ Yoast SEO plugin. -->","yoast_head_json":{"title":"Pie\u021be - All4Labels Global Packaging Group \u2013 Connecting brands and consumers","robots":{"index":"index","follow":"follow","max-snippet":"max-snippet:-1","max-image-preview":"max-image-preview:large","max-video-preview":"max-video-preview:-1"},"canonical":"https:\/\/all4labels.com\/ro\/markets\/","og_locale":"ro_RO","og_type":"article","og_title":"Pie\u021be - All4Labels Global Packaging Group \u2013 Connecting brands and consumers","og_description":"St\u0103p\u00e2nirea provoc\u0103rilor fiec\u0103rei pie\u021be \u00cen calitate de partener de \u00eencredere, ne angaj\u0103m s\u0103 cre\u0103m solu\u021bii individuale \u0219i inovatoare care s\u0103 corespund\u0103 pie\u021belor \u00een continu\u0103 schimbare de ast\u0103zi. Cunoa\u0219tem provoc\u0103rile legate [&hellip;]","og_url":"https:\/\/all4labels.com\/ro\/markets\/","og_site_name":"All4Labels Global Packaging Group \u2013 Connecting brands and consumers","article_modified_time":"2025-07-11T15:01:00+00:00","og_image":[{"width":2000,"height":1242,"url":"https:\/\/all4labels.com\/wp-content\/uploads\/2020\/06\/all4labels_markets_overview3.jpg","type":"image\/jpeg"}],"twitter_card":"summary_large_image","twitter_misc":{"Timp estimat pentru citire":"1 minut"},"schema":{"@context":"https:\/\/schema.org","@graph":[{"@type":"WebPage","@id":"https:\/\/all4labels.com\/ro\/markets\/","url":"https:\/\/all4labels.com\/ro\/markets\/","name":"Pie\u021be - All4Labels Global Packaging Group \u2013 Connecting brands and consumers","isPartOf":{"@id":"https:\/\/all4labels.com\/#website"},"primaryImageOfPage":{"@id":"https:\/\/all4labels.com\/ro\/markets\/#primaryimage"},"image":{"@id":"https:\/\/all4labels.com\/ro\/markets\/#primaryimage"},"thumbnailUrl":"https:\/\/all4labels.com\/wp-content\/uploads\/2020\/06\/all4labels_markets_overview3.jpg","datePublished":"2020-02-03T09:02:00+00:00","dateModified":"2025-07-11T15:01:00+00:00","breadcrumb":{"@id":"https:\/\/all4labels.com\/ro\/markets\/#breadcrumb"},"inLanguage":"ro-RO","potentialAction":[{"@type":"ReadAction","target":["https:\/\/all4labels.com\/ro\/markets\/"]}]},{"@type":"ImageObject","inLanguage":"ro-RO","@id":"https:\/\/all4labels.com\/ro\/markets\/#primaryimage","url":"https:\/\/all4labels.com\/wp-content\/uploads\/2020\/06\/all4labels_markets_overview3.jpg","contentUrl":"https:\/\/all4labels.com\/wp-content\/uploads\/2020\/06\/all4labels_markets_overview3.jpg","width":2000,"height":1242},{"@type":"BreadcrumbList","@id":"https:\/\/all4labels.com\/ro\/markets\/#breadcrumb","itemListElement":[{"@type":"ListItem","position":1,"name":"Home","item":"https:\/\/all4labels.com\/ro\/"},{"@type":"ListItem","position":2,"name":"Pie\u021be"}]},{"@type":"WebSite","@id":"https:\/\/all4labels.com\/#website","url":"https:\/\/all4labels.com\/","name":"All4Labels Global Packaging Group \u2013 Connecting brands and consumers","description":"","publisher":{"@id":"https:\/\/all4labels.com\/#organization"},"potentialAction":[{"@type":"SearchAction","target":{"@type":"EntryPoint","urlTemplate":"https:\/\/all4labels.com\/?s={search_term_string}"},"query-input":{"@type":"PropertyValueSpecification","valueRequired":true,"valueName":"search_term_string"}}],"inLanguage":"ro-RO"},{"@type":"Organization","@id":"https:\/\/all4labels.com\/#organization","name":"All4Labels Global Packaging Group \u2013 Connecting brands and consumers","url":"https:\/\/all4labels.com\/","logo":{"@type":"ImageObject","inLanguage":"ro-RO","@id":"https:\/\/all4labels.com\/#\/schema\/logo\/image\/","url":"https:\/\/all4labels.com\/wp-content\/uploads\/2020\/02\/all4labels-white.svg","contentUrl":"https:\/\/all4labels.com\/wp-content\/uploads\/2020\/02\/all4labels-white.svg","caption":"All4Labels Global Packaging Group \u2013 Connecting brands and consumers"},"image":{"@id":"https:\/\/all4labels.com\/#\/schema\/logo\/image\/"}}]}},"_links":{"self":[{"href":"https:\/\/all4labels.com\/ro\/wp-json\/wp\/v2\/pages\/37628","targetHints":{"allow":["GET"]}}],"collection":[{"href":"https:\/\/all4labels.com\/ro\/wp-json\/wp\/v2\/pages"}],"about":[{"href":"https:\/\/all4labels.com\/ro\/wp-json\/wp\/v2\/types\/page"}],"author":[{"embeddable":true,"href":"https:\/\/all4labels.com\/ro\/wp-json\/wp\/v2\/users\/1"}],"replies":[{"embeddable":true,"href":"https:\/\/all4labels.com\/ro\/wp-json\/wp\/v2\/comments?post=37628"}],"version-history":[{"count":8,"href":"https:\/\/all4labels.com\/ro\/wp-json\/wp\/v2\/pages\/37628\/revisions"}],"predecessor-version":[{"id":43758,"href":"https:\/\/all4labels.com\/ro\/wp-json\/wp\/v2\/pages\/37628\/revisions\/43758"}],"wp:featuredmedia":[{"embeddable":true,"href":"https:\/\/all4labels.com\/ro\/wp-json\/wp\/v2\/media\/37629"}],"wp:attachment":[{"href":"https:\/\/all4labels.com\/ro\/wp-json\/wp\/v2\/media?parent=37628"}],"curies":[{"name":"wp","href":"https:\/\/api.w.org\/{rel}","templated":true}]}}