{"id":36745,"date":"2024-02-02T13:14:56","date_gmt":"2024-02-02T13:14:56","guid":{"rendered":"https:\/\/all4labels.com\/?page_id=36745"},"modified":"2024-07-15T11:38:11","modified_gmt":"2024-07-15T11:38:11","slug":"vini-alcolici","status":"publish","type":"page","link":"https:\/\/all4labels.com\/it\/mercati\/vini-alcolici\/","title":{"rendered":"Vini &#038; Alcolici"},"content":{"rendered":"<h6>PANORAMICA<\/h6>\n<h1>Vini &amp; alcolici<\/h1>\n<p>Il design delle etichette \u00e8 un driver fondamentale per l&#8217;acquisto in un mercato sempre pi\u00f9 affollato come quello dei vini e degli alcolici. Il potere delle immagini a supporto della narrazione \u00e8 innegabile. Il contenuto visivo trascende le barriere linguistiche, trasmette rapidamente messaggi complessi e provoca una risposta immediata nelle persone.<br \/>\nIl packaging \u00e8 la nuova piattaforma per l&#8217;interazione con l&#8217;utente finale e insieme con il cliente condividiamo il nostro punto di vista sullo sviluppo tecnologico e sulle tendenze del mercato per definire insieme un piano d&#8217;azione chiaro e mirato.<\/p>\n","protected":false},"excerpt":{"rendered":"<p>PANORAMICA Vini &amp; alcolici Il design delle etichette \u00e8 un driver fondamentale per l&#8217;acquisto in un mercato sempre pi\u00f9 affollato come quello dei vini e degli alcolici. Il potere delle [&hellip;]<\/p>\n","protected":false},"author":10,"featured_media":30745,"parent":36513,"menu_order":0,"comment_status":"closed","ping_status":"closed","template":"page-markets-wine-landing.php","meta":{"_acf_changed":false,"footnotes":""},"class_list":["post-36745","page","type-page","status-publish","has-post-thumbnail","hentry"],"acf":[],"yoast_head":"<!-- This site is optimized with the Yoast SEO plugin v24.2 - https:\/\/yoast.com\/wordpress\/plugins\/seo\/ -->\n<title>Vini &amp; Alcolici - All4Labels Global Packaging Group \u2013 Connecting brands and consumers<\/title>\n<meta name=\"robots\" content=\"index, follow, max-snippet:-1, max-image-preview:large, max-video-preview:-1\" \/>\n<link rel=\"canonical\" href=\"https:\/\/all4labels.com\/it\/mercati\/vini-alcolici\/\" \/>\n<meta property=\"og:locale\" content=\"it_IT\" \/>\n<meta property=\"og:type\" content=\"article\" \/>\n<meta property=\"og:title\" content=\"Vini &amp; Alcolici - All4Labels Global Packaging Group \u2013 Connecting brands and consumers\" \/>\n<meta property=\"og:description\" content=\"PANORAMICA Vini &amp; alcolici Il design delle etichette \u00e8 un driver fondamentale per l&#8217;acquisto in un mercato sempre pi\u00f9 affollato come quello dei vini e degli alcolici. Il potere delle [&hellip;]\" \/>\n<meta property=\"og:url\" content=\"https:\/\/all4labels.com\/it\/mercati\/vini-alcolici\/\" \/>\n<meta property=\"og:site_name\" content=\"All4Labels Global Packaging Group \u2013 Connecting brands and consumers\" \/>\n<meta property=\"article:modified_time\" content=\"2024-07-15T11:38:11+00:00\" \/>\n<meta property=\"og:image\" content=\"https:\/\/all4labels.com\/wp-content\/uploads\/2021\/01\/wineandspirits1.jpg\" \/>\n\t<meta property=\"og:image:width\" content=\"1920\" \/>\n\t<meta property=\"og:image:height\" content=\"1280\" \/>\n\t<meta property=\"og:image:type\" content=\"image\/jpeg\" \/>\n<meta name=\"twitter:card\" content=\"summary_large_image\" \/>\n<meta name=\"twitter:label1\" content=\"Tempo di lettura stimato\" \/>\n\t<meta name=\"twitter:data1\" content=\"1 minuto\" \/>\n<script type=\"application\/ld+json\" class=\"yoast-schema-graph\">{\"@context\":\"https:\/\/schema.org\",\"@graph\":[{\"@type\":\"WebPage\",\"@id\":\"https:\/\/all4labels.com\/it\/mercati\/vini-alcolici\/\",\"url\":\"https:\/\/all4labels.com\/it\/mercati\/vini-alcolici\/\",\"name\":\"Vini & Alcolici - All4Labels Global Packaging Group \u2013 Connecting brands and consumers\",\"isPartOf\":{\"@id\":\"https:\/\/all4labels.com\/#website\"},\"primaryImageOfPage\":{\"@id\":\"https:\/\/all4labels.com\/it\/mercati\/vini-alcolici\/#primaryimage\"},\"image\":{\"@id\":\"https:\/\/all4labels.com\/it\/mercati\/vini-alcolici\/#primaryimage\"},\"thumbnailUrl\":\"https:\/\/all4labels.com\/wp-content\/uploads\/2021\/01\/wineandspirits1.jpg\",\"datePublished\":\"2024-02-02T13:14:56+00:00\",\"dateModified\":\"2024-07-15T11:38:11+00:00\",\"breadcrumb\":{\"@id\":\"https:\/\/all4labels.com\/it\/mercati\/vini-alcolici\/#breadcrumb\"},\"inLanguage\":\"it-IT\",\"potentialAction\":[{\"@type\":\"ReadAction\",\"target\":[\"https:\/\/all4labels.com\/it\/mercati\/vini-alcolici\/\"]}]},{\"@type\":\"ImageObject\",\"inLanguage\":\"it-IT\",\"@id\":\"https:\/\/all4labels.com\/it\/mercati\/vini-alcolici\/#primaryimage\",\"url\":\"https:\/\/all4labels.com\/wp-content\/uploads\/2021\/01\/wineandspirits1.jpg\",\"contentUrl\":\"https:\/\/all4labels.com\/wp-content\/uploads\/2021\/01\/wineandspirits1.jpg\",\"width\":1920,\"height\":1280},{\"@type\":\"BreadcrumbList\",\"@id\":\"https:\/\/all4labels.com\/it\/mercati\/vini-alcolici\/#breadcrumb\",\"itemListElement\":[{\"@type\":\"ListItem\",\"position\":1,\"name\":\"Home\",\"item\":\"https:\/\/all4labels.com\/it\/homepage\/\"},{\"@type\":\"ListItem\",\"position\":2,\"name\":\"Mercati\",\"item\":\"https:\/\/all4labels.com\/it\/mercati\/\"},{\"@type\":\"ListItem\",\"position\":3,\"name\":\"Vini &#038; Alcolici\"}]},{\"@type\":\"WebSite\",\"@id\":\"https:\/\/all4labels.com\/#website\",\"url\":\"https:\/\/all4labels.com\/\",\"name\":\"All4Labels Global Packaging Group \u2013 Connecting brands and consumers\",\"description\":\"\",\"publisher\":{\"@id\":\"https:\/\/all4labels.com\/#organization\"},\"potentialAction\":[{\"@type\":\"SearchAction\",\"target\":{\"@type\":\"EntryPoint\",\"urlTemplate\":\"https:\/\/all4labels.com\/?s={search_term_string}\"},\"query-input\":{\"@type\":\"PropertyValueSpecification\",\"valueRequired\":true,\"valueName\":\"search_term_string\"}}],\"inLanguage\":\"it-IT\"},{\"@type\":\"Organization\",\"@id\":\"https:\/\/all4labels.com\/#organization\",\"name\":\"All4Labels Global Packaging Group \u2013 Connecting brands and consumers\",\"url\":\"https:\/\/all4labels.com\/\",\"logo\":{\"@type\":\"ImageObject\",\"inLanguage\":\"it-IT\",\"@id\":\"https:\/\/all4labels.com\/#\/schema\/logo\/image\/\",\"url\":\"https:\/\/all4labels.com\/wp-content\/uploads\/2020\/02\/all4labels-white.svg\",\"contentUrl\":\"https:\/\/all4labels.com\/wp-content\/uploads\/2020\/02\/all4labels-white.svg\",\"caption\":\"All4Labels Global Packaging Group \u2013 Connecting brands and consumers\"},\"image\":{\"@id\":\"https:\/\/all4labels.com\/#\/schema\/logo\/image\/\"}}]}<\/script>\n<!-- \/ Yoast SEO plugin. -->","yoast_head_json":{"title":"Vini & Alcolici - All4Labels Global Packaging Group \u2013 Connecting brands and consumers","robots":{"index":"index","follow":"follow","max-snippet":"max-snippet:-1","max-image-preview":"max-image-preview:large","max-video-preview":"max-video-preview:-1"},"canonical":"https:\/\/all4labels.com\/it\/mercati\/vini-alcolici\/","og_locale":"it_IT","og_type":"article","og_title":"Vini & Alcolici - All4Labels Global Packaging Group \u2013 Connecting brands and consumers","og_description":"PANORAMICA Vini &amp; alcolici Il design delle etichette \u00e8 un driver fondamentale per l&#8217;acquisto in un mercato sempre pi\u00f9 affollato come quello dei vini e degli alcolici. Il potere delle [&hellip;]","og_url":"https:\/\/all4labels.com\/it\/mercati\/vini-alcolici\/","og_site_name":"All4Labels Global Packaging Group \u2013 Connecting brands and consumers","article_modified_time":"2024-07-15T11:38:11+00:00","og_image":[{"width":1920,"height":1280,"url":"https:\/\/all4labels.com\/wp-content\/uploads\/2021\/01\/wineandspirits1.jpg","type":"image\/jpeg"}],"twitter_card":"summary_large_image","twitter_misc":{"Tempo di lettura stimato":"1 minuto"},"schema":{"@context":"https:\/\/schema.org","@graph":[{"@type":"WebPage","@id":"https:\/\/all4labels.com\/it\/mercati\/vini-alcolici\/","url":"https:\/\/all4labels.com\/it\/mercati\/vini-alcolici\/","name":"Vini & Alcolici - All4Labels Global Packaging Group \u2013 Connecting brands and consumers","isPartOf":{"@id":"https:\/\/all4labels.com\/#website"},"primaryImageOfPage":{"@id":"https:\/\/all4labels.com\/it\/mercati\/vini-alcolici\/#primaryimage"},"image":{"@id":"https:\/\/all4labels.com\/it\/mercati\/vini-alcolici\/#primaryimage"},"thumbnailUrl":"https:\/\/all4labels.com\/wp-content\/uploads\/2021\/01\/wineandspirits1.jpg","datePublished":"2024-02-02T13:14:56+00:00","dateModified":"2024-07-15T11:38:11+00:00","breadcrumb":{"@id":"https:\/\/all4labels.com\/it\/mercati\/vini-alcolici\/#breadcrumb"},"inLanguage":"it-IT","potentialAction":[{"@type":"ReadAction","target":["https:\/\/all4labels.com\/it\/mercati\/vini-alcolici\/"]}]},{"@type":"ImageObject","inLanguage":"it-IT","@id":"https:\/\/all4labels.com\/it\/mercati\/vini-alcolici\/#primaryimage","url":"https:\/\/all4labels.com\/wp-content\/uploads\/2021\/01\/wineandspirits1.jpg","contentUrl":"https:\/\/all4labels.com\/wp-content\/uploads\/2021\/01\/wineandspirits1.jpg","width":1920,"height":1280},{"@type":"BreadcrumbList","@id":"https:\/\/all4labels.com\/it\/mercati\/vini-alcolici\/#breadcrumb","itemListElement":[{"@type":"ListItem","position":1,"name":"Home","item":"https:\/\/all4labels.com\/it\/homepage\/"},{"@type":"ListItem","position":2,"name":"Mercati","item":"https:\/\/all4labels.com\/it\/mercati\/"},{"@type":"ListItem","position":3,"name":"Vini &#038; Alcolici"}]},{"@type":"WebSite","@id":"https:\/\/all4labels.com\/#website","url":"https:\/\/all4labels.com\/","name":"All4Labels Global Packaging Group \u2013 Connecting brands and consumers","description":"","publisher":{"@id":"https:\/\/all4labels.com\/#organization"},"potentialAction":[{"@type":"SearchAction","target":{"@type":"EntryPoint","urlTemplate":"https:\/\/all4labels.com\/?s={search_term_string}"},"query-input":{"@type":"PropertyValueSpecification","valueRequired":true,"valueName":"search_term_string"}}],"inLanguage":"it-IT"},{"@type":"Organization","@id":"https:\/\/all4labels.com\/#organization","name":"All4Labels Global Packaging Group \u2013 Connecting brands and consumers","url":"https:\/\/all4labels.com\/","logo":{"@type":"ImageObject","inLanguage":"it-IT","@id":"https:\/\/all4labels.com\/#\/schema\/logo\/image\/","url":"https:\/\/all4labels.com\/wp-content\/uploads\/2020\/02\/all4labels-white.svg","contentUrl":"https:\/\/all4labels.com\/wp-content\/uploads\/2020\/02\/all4labels-white.svg","caption":"All4Labels Global Packaging Group \u2013 Connecting brands and consumers"},"image":{"@id":"https:\/\/all4labels.com\/#\/schema\/logo\/image\/"}}]}},"_links":{"self":[{"href":"https:\/\/all4labels.com\/it\/wp-json\/wp\/v2\/pages\/36745","targetHints":{"allow":["GET"]}}],"collection":[{"href":"https:\/\/all4labels.com\/it\/wp-json\/wp\/v2\/pages"}],"about":[{"href":"https:\/\/all4labels.com\/it\/wp-json\/wp\/v2\/types\/page"}],"author":[{"embeddable":true,"href":"https:\/\/all4labels.com\/it\/wp-json\/wp\/v2\/users\/10"}],"replies":[{"embeddable":true,"href":"https:\/\/all4labels.com\/it\/wp-json\/wp\/v2\/comments?post=36745"}],"version-history":[{"count":17,"href":"https:\/\/all4labels.com\/it\/wp-json\/wp\/v2\/pages\/36745\/revisions"}],"predecessor-version":[{"id":41408,"href":"https:\/\/all4labels.com\/it\/wp-json\/wp\/v2\/pages\/36745\/revisions\/41408"}],"up":[{"embeddable":true,"href":"https:\/\/all4labels.com\/it\/wp-json\/wp\/v2\/pages\/36513"}],"wp:featuredmedia":[{"embeddable":true,"href":"https:\/\/all4labels.com\/it\/wp-json\/wp\/v2\/media\/30745"}],"wp:attachment":[{"href":"https:\/\/all4labels.com\/it\/wp-json\/wp\/v2\/media?parent=36745"}],"curies":[{"name":"wp","href":"https:\/\/api.w.org\/{rel}","templated":true}]}}