{"id":20456,"date":"2020-02-03T09:03:12","date_gmt":"2020-02-03T09:03:12","guid":{"rendered":"https:\/\/all4labels.com\/corporate-information\/"},"modified":"2026-03-10T12:12:10","modified_gmt":"2026-03-10T12:12:10","slug":"informacion-corporativa","status":"publish","type":"page","link":"https:\/\/all4labels.com\/es\/informacion-corporativa\/","title":{"rendered":"Informaci\u00f3n corporativa"},"content":{"rendered":"<h1>Informaci\u00f3n corporativa<\/h1>\n<h4><strong>Proveedor del sitio web<\/strong><\/h4>\n<h3><strong>All4Labels Group GmbH<\/strong><\/h3>\n<p>M\u00f6llner Landstra\u00dfe 15, 22969 Witzhave, Alemania<br \/>\nE-Mail: <a href=\"mailto:info@all4labels.com\">info@all4labels.com<\/a><\/p>\n<p>Representada por los Directores Generales:<\/p>\n<ul>\n<li data-olk-copy-source=\"MessageBody\">Evelyn Hartinger<\/li>\n<li>Matej Baran<\/li>\n<li>Guido Iannone<\/li>\n<li>Enrico Valeri<\/li>\n<li>Magnus Milatz<\/li>\n<\/ul>\n<p>N\u00famero de registro: L\u00fcbeck HRB 289 AH, n\u00famero de IVA DE 135 110 146<\/p>\n<p>Persona responsable de conformidad con la Secci\u00f3n 18, p\u00e1rr 2 del Tratado de Medios de Comunicaci\u00f3n del Estado Alem\u00e1n (\u201c<em>Mediendienstestaatsvertrag<em>\u201d): Evelyn Hartinger, M\u00f6llner Landstra\u00dfe 15, 22969 Witzhave, Alemania<\/em><\/em><\/p>\n<h3>Derechos de autor<\/h3>\n<p>El contenido, como textos y fotos, de este sitio web est\u00e1 protegido por la ley de derechos de autor. Queda prohibida la reproducci\u00f3n total o parcial de este contenido en cualquier forma y por cualquier medio sin el previo permiso expreso de All4Labels Group GmbH.<\/p>\n<h3>Pol\u00edtica DE PRIVACIDAD DEL SITIO WEB<\/h3>\n<p>La pol\u00edtica de privacidad de All4Labels Group GmbH se puede encontrar en la pol\u00edtica de privacidad.<br \/>\n<a href=\"https:\/\/all4labels.com\/wp-content\/uploads\/2022\/09\/2022-All4Labels_Privacy-policy_Website.pdf\">Pol\u00edtica de privacidad<\/a>.<\/p>\n<h3>Enlaces externos<\/h3>\n<p>All4Labels Group GmbH no se hace responsable del contenido de sitios web externos. Los proveedores respectivos son responsables del contenido de terceros a los que se accede a trav\u00e9s de hiperv\u00ednculos.<\/p>\n<h3>Resoluci\u00f3n extrajudicial de litigios en materia de consumo<\/h3>\n<p>According to applicable law, All4Labels Group GmbH is obliged to inform consumers about the existence of the European Online Dispute Resolution Platform, which has been set up by the EU Commission for the resolution of disputes. The European Online Dispute Resolution Platform can be found <a href=\"https:\/\/ec.europa.eu\/consumers\/odr\/\">here<\/a>. Contact details of the official dispute resolution bodies can be found under the following link: <a href=\"https:\/\/webgate.ec.europa.eu\/odr\/main\/index.cfm\">https:\/\/webgate.ec.europa.eu\/odr\/main\/index.cfm<\/a>. In the absence of a legal obligation to participate in dispute resolution proceedings before a consumer arbitration board, All4Labels Group GmbH is not obliged or willing to participate in such dispute resolution proceedings.<br \/>\nThe e-mail address of All4Labels Group GmbH can be found above.<\/p>\n<p>De acuerdo con la legislaci\u00f3n aplicable, All4Labels Group GmbH est\u00e1 obligada a informar a los consumidores sobre la existencia de la Plataforma Europea de Resoluci\u00f3n de Disputas en L\u00ednea, que ha sido creada por la Comisi\u00f3n de la UE para la resoluci\u00f3n de disputas. La Plataforma Europea de Soluci\u00f3n de Controversias en L\u00ednea se encuentra <a href=\"https:\/\/ec.europa.eu\/consumers\/odr\/\">aqu\u00ed<\/a>. Los datos de contacto de los \u00f3rganos oficiales de soluci\u00f3n de controversias se encuentran en el siguiente enlace: <a href=\"https:\/\/webgate.ec.europa.eu\/odr\/main\/index.cfm\">https:\/\/webgate.ec.europa.eu\/odr\/main\/index.cfm<\/a>En ausencia de una obligaci\u00f3n legal de participar en los procedimientos de resoluci\u00f3n de disputas ante una junta de arbitraje de consumidores, All4Labels Group GmbH no est\u00e1 obligada ni dispuesta a participar en dichos procedimientos de resoluci\u00f3n de disputas.<br \/>\nLa direcci\u00f3n de correo electr\u00f3nico de All4Labels Group GmbH puede encontrarse m\u00e1s arriba.<\/p>\n<h3>Perfiles de redes sociales<\/h3>\n<p>Esta marca tambi\u00e9n se aplica a los siguientes perfiles de redes sociales operados por All4Labels Group GmbH:<\/p>\n<h3>LinkedIn:<\/h3>\n<p><a href=\"https:\/\/www.linkedin.com\/company\/all4labelsgroup\/\">https:\/\/www.linkedin.com\/company\/all4labelsgroup\/<\/a><\/p>\n<h3>Xing:<\/h3>\n<p><a href=\"https:\/\/www.xing.com\/pages\/all4labels-globalpackaginggroup\">https:\/\/www.xing.com\/pages\/all4labels-globalpackaginggroup<\/a><\/p>\n","protected":false},"excerpt":{"rendered":"<p>Informaci\u00f3n corporativa Proveedor del sitio web All4Labels Group GmbH M\u00f6llner Landstra\u00dfe 15, 22969 Witzhave, Alemania E-Mail: info@all4labels.com Representada por los Directores Generales: Evelyn Hartinger Matej Baran Guido Iannone Enrico Valeri [&hellip;]<\/p>\n","protected":false},"author":1,"featured_media":0,"parent":0,"menu_order":0,"comment_status":"closed","ping_status":"closed","template":"","meta":{"_acf_changed":false,"footnotes":""},"class_list":["post-20456","page","type-page","status-publish","hentry"],"acf":[],"yoast_head":"<!-- This site is optimized with the Yoast SEO plugin v24.2 - https:\/\/yoast.com\/wordpress\/plugins\/seo\/ -->\n<title>Informaci\u00f3n corporativa - All4Labels Global Packaging Group \u2013 Connecting brands and consumers<\/title>\n<meta name=\"robots\" content=\"index, follow, max-snippet:-1, max-image-preview:large, max-video-preview:-1\" \/>\n<link rel=\"canonical\" href=\"https:\/\/all4labels.com\/es\/informacion-corporativa\/\" \/>\n<meta property=\"og:locale\" content=\"es_ES\" \/>\n<meta property=\"og:type\" content=\"article\" \/>\n<meta property=\"og:title\" content=\"Informaci\u00f3n corporativa - All4Labels Global Packaging Group \u2013 Connecting brands and consumers\" \/>\n<meta property=\"og:description\" content=\"Informaci\u00f3n corporativa Proveedor del sitio web All4Labels Group GmbH M\u00f6llner Landstra\u00dfe 15, 22969 Witzhave, Alemania E-Mail: info@all4labels.com Representada por los Directores Generales: Evelyn Hartinger Matej Baran Guido Iannone Enrico Valeri [&hellip;]\" \/>\n<meta property=\"og:url\" content=\"https:\/\/all4labels.com\/es\/informacion-corporativa\/\" \/>\n<meta property=\"og:site_name\" content=\"All4Labels Global Packaging Group \u2013 Connecting brands and consumers\" \/>\n<meta property=\"article:modified_time\" content=\"2026-03-10T12:12:10+00:00\" \/>\n<meta name=\"twitter:card\" content=\"summary_large_image\" \/>\n<meta name=\"twitter:label1\" content=\"Tiempo de lectura\" \/>\n\t<meta name=\"twitter:data1\" content=\"2 minutos\" \/>\n<script type=\"application\/ld+json\" class=\"yoast-schema-graph\">{\"@context\":\"https:\/\/schema.org\",\"@graph\":[{\"@type\":\"WebPage\",\"@id\":\"https:\/\/all4labels.com\/es\/informacion-corporativa\/\",\"url\":\"https:\/\/all4labels.com\/es\/informacion-corporativa\/\",\"name\":\"Informaci\u00f3n corporativa - All4Labels Global Packaging Group \u2013 Connecting brands and consumers\",\"isPartOf\":{\"@id\":\"https:\/\/all4labels.com\/#website\"},\"datePublished\":\"2020-02-03T09:03:12+00:00\",\"dateModified\":\"2026-03-10T12:12:10+00:00\",\"breadcrumb\":{\"@id\":\"https:\/\/all4labels.com\/es\/informacion-corporativa\/#breadcrumb\"},\"inLanguage\":\"es\",\"potentialAction\":[{\"@type\":\"ReadAction\",\"target\":[\"https:\/\/all4labels.com\/es\/informacion-corporativa\/\"]}]},{\"@type\":\"BreadcrumbList\",\"@id\":\"https:\/\/all4labels.com\/es\/informacion-corporativa\/#breadcrumb\",\"itemListElement\":[{\"@type\":\"ListItem\",\"position\":1,\"name\":\"Home\",\"item\":\"https:\/\/all4labels.com\/es\/\"},{\"@type\":\"ListItem\",\"position\":2,\"name\":\"Informaci\u00f3n corporativa\"}]},{\"@type\":\"WebSite\",\"@id\":\"https:\/\/all4labels.com\/#website\",\"url\":\"https:\/\/all4labels.com\/\",\"name\":\"All4Labels Global Packaging Group \u2013 Connecting brands and consumers\",\"description\":\"\",\"publisher\":{\"@id\":\"https:\/\/all4labels.com\/#organization\"},\"potentialAction\":[{\"@type\":\"SearchAction\",\"target\":{\"@type\":\"EntryPoint\",\"urlTemplate\":\"https:\/\/all4labels.com\/?s={search_term_string}\"},\"query-input\":{\"@type\":\"PropertyValueSpecification\",\"valueRequired\":true,\"valueName\":\"search_term_string\"}}],\"inLanguage\":\"es\"},{\"@type\":\"Organization\",\"@id\":\"https:\/\/all4labels.com\/#organization\",\"name\":\"All4Labels Global Packaging Group \u2013 Connecting brands and consumers\",\"url\":\"https:\/\/all4labels.com\/\",\"logo\":{\"@type\":\"ImageObject\",\"inLanguage\":\"es\",\"@id\":\"https:\/\/all4labels.com\/#\/schema\/logo\/image\/\",\"url\":\"https:\/\/all4labels.com\/wp-content\/uploads\/2020\/02\/all4labels-white.svg\",\"contentUrl\":\"https:\/\/all4labels.com\/wp-content\/uploads\/2020\/02\/all4labels-white.svg\",\"caption\":\"All4Labels Global Packaging Group \u2013 Connecting brands and consumers\"},\"image\":{\"@id\":\"https:\/\/all4labels.com\/#\/schema\/logo\/image\/\"}}]}<\/script>\n<!-- \/ Yoast SEO plugin. -->","yoast_head_json":{"title":"Informaci\u00f3n corporativa - All4Labels Global Packaging Group \u2013 Connecting brands and consumers","robots":{"index":"index","follow":"follow","max-snippet":"max-snippet:-1","max-image-preview":"max-image-preview:large","max-video-preview":"max-video-preview:-1"},"canonical":"https:\/\/all4labels.com\/es\/informacion-corporativa\/","og_locale":"es_ES","og_type":"article","og_title":"Informaci\u00f3n corporativa - All4Labels Global Packaging Group \u2013 Connecting brands and consumers","og_description":"Informaci\u00f3n corporativa Proveedor del sitio web All4Labels Group GmbH M\u00f6llner Landstra\u00dfe 15, 22969 Witzhave, Alemania E-Mail: info@all4labels.com Representada por los Directores Generales: Evelyn Hartinger Matej Baran Guido Iannone Enrico Valeri [&hellip;]","og_url":"https:\/\/all4labels.com\/es\/informacion-corporativa\/","og_site_name":"All4Labels Global Packaging Group \u2013 Connecting brands and consumers","article_modified_time":"2026-03-10T12:12:10+00:00","twitter_card":"summary_large_image","twitter_misc":{"Tiempo de lectura":"2 minutos"},"schema":{"@context":"https:\/\/schema.org","@graph":[{"@type":"WebPage","@id":"https:\/\/all4labels.com\/es\/informacion-corporativa\/","url":"https:\/\/all4labels.com\/es\/informacion-corporativa\/","name":"Informaci\u00f3n corporativa - All4Labels Global Packaging Group \u2013 Connecting brands and consumers","isPartOf":{"@id":"https:\/\/all4labels.com\/#website"},"datePublished":"2020-02-03T09:03:12+00:00","dateModified":"2026-03-10T12:12:10+00:00","breadcrumb":{"@id":"https:\/\/all4labels.com\/es\/informacion-corporativa\/#breadcrumb"},"inLanguage":"es","potentialAction":[{"@type":"ReadAction","target":["https:\/\/all4labels.com\/es\/informacion-corporativa\/"]}]},{"@type":"BreadcrumbList","@id":"https:\/\/all4labels.com\/es\/informacion-corporativa\/#breadcrumb","itemListElement":[{"@type":"ListItem","position":1,"name":"Home","item":"https:\/\/all4labels.com\/es\/"},{"@type":"ListItem","position":2,"name":"Informaci\u00f3n corporativa"}]},{"@type":"WebSite","@id":"https:\/\/all4labels.com\/#website","url":"https:\/\/all4labels.com\/","name":"All4Labels Global Packaging Group \u2013 Connecting brands and consumers","description":"","publisher":{"@id":"https:\/\/all4labels.com\/#organization"},"potentialAction":[{"@type":"SearchAction","target":{"@type":"EntryPoint","urlTemplate":"https:\/\/all4labels.com\/?s={search_term_string}"},"query-input":{"@type":"PropertyValueSpecification","valueRequired":true,"valueName":"search_term_string"}}],"inLanguage":"es"},{"@type":"Organization","@id":"https:\/\/all4labels.com\/#organization","name":"All4Labels Global Packaging Group \u2013 Connecting brands and consumers","url":"https:\/\/all4labels.com\/","logo":{"@type":"ImageObject","inLanguage":"es","@id":"https:\/\/all4labels.com\/#\/schema\/logo\/image\/","url":"https:\/\/all4labels.com\/wp-content\/uploads\/2020\/02\/all4labels-white.svg","contentUrl":"https:\/\/all4labels.com\/wp-content\/uploads\/2020\/02\/all4labels-white.svg","caption":"All4Labels Global Packaging Group \u2013 Connecting brands and consumers"},"image":{"@id":"https:\/\/all4labels.com\/#\/schema\/logo\/image\/"}}]}},"_links":{"self":[{"href":"https:\/\/all4labels.com\/es\/wp-json\/wp\/v2\/pages\/20456","targetHints":{"allow":["GET"]}}],"collection":[{"href":"https:\/\/all4labels.com\/es\/wp-json\/wp\/v2\/pages"}],"about":[{"href":"https:\/\/all4labels.com\/es\/wp-json\/wp\/v2\/types\/page"}],"author":[{"embeddable":true,"href":"https:\/\/all4labels.com\/es\/wp-json\/wp\/v2\/users\/1"}],"replies":[{"embeddable":true,"href":"https:\/\/all4labels.com\/es\/wp-json\/wp\/v2\/comments?post=20456"}],"version-history":[{"count":13,"href":"https:\/\/all4labels.com\/es\/wp-json\/wp\/v2\/pages\/20456\/revisions"}],"predecessor-version":[{"id":45724,"href":"https:\/\/all4labels.com\/es\/wp-json\/wp\/v2\/pages\/20456\/revisions\/45724"}],"wp:attachment":[{"href":"https:\/\/all4labels.com\/es\/wp-json\/wp\/v2\/media?parent=20456"}],"curies":[{"name":"wp","href":"https:\/\/api.w.org\/{rel}","templated":true}]}}