{"id":20390,"date":"2021-01-20T08:01:12","date_gmt":"2021-01-20T08:01:12","guid":{"rendered":"https:\/\/all4labels.com\/mercados\/food\/"},"modified":"2024-11-08T09:38:44","modified_gmt":"2024-11-08T09:38:44","slug":"comida","status":"publish","type":"page","link":"https:\/\/all4labels.com\/es\/mercados\/comida\/","title":{"rendered":"Comida"},"content":{"rendered":"<h6>DESCRIPCI\u00d3N GENERAL DEL MERCADO<\/h6>\n<h1>L\u00e1cteos y alimentaci\u00f3n<\/h1>\n<p>En el sector alimentario, una etiqueta debe cumplir varios requisitos y comunicar informaci\u00f3n importante a la vez que mostrar un dise\u00f1o cautivador: Debe transmitir confianza y ser fiable.<\/p>\n<p>Conocemos los requisitos y las necesidades que la industria alimentaria y l\u00e1ctea impone a los envases: Gracias a nuestra tecnolog\u00eda actualizada y nuestra valiosa experiencia, podemos garantizar una alta flexibilidad, plazos de entrega cortos y asesoramiento competente.<\/p>\n","protected":false},"excerpt":{"rendered":"<p>DESCRIPCI\u00d3N GENERAL DEL MERCADO L\u00e1cteos y alimentaci\u00f3n En el sector alimentario, una etiqueta debe cumplir varios requisitos y comunicar informaci\u00f3n importante a la vez que mostrar un dise\u00f1o cautivador: Debe [&hellip;]<\/p>\n","protected":false},"author":1,"featured_media":24428,"parent":20380,"menu_order":0,"comment_status":"closed","ping_status":"closed","template":"page-food-landing.php","meta":{"_acf_changed":false,"footnotes":""},"class_list":["post-20390","page","type-page","status-publish","has-post-thumbnail","hentry"],"acf":[],"yoast_head":"<!-- This site is optimized with the Yoast SEO plugin v24.2 - https:\/\/yoast.com\/wordpress\/plugins\/seo\/ -->\n<title>Comida - All4Labels Global Packaging Group \u2013 Connecting brands and consumers<\/title>\n<meta name=\"robots\" content=\"index, follow, max-snippet:-1, max-image-preview:large, max-video-preview:-1\" \/>\n<link rel=\"canonical\" href=\"https:\/\/all4labels.com\/es\/mercados\/comida\/\" \/>\n<meta property=\"og:locale\" content=\"es_ES\" \/>\n<meta property=\"og:type\" content=\"article\" \/>\n<meta property=\"og:title\" content=\"Comida - All4Labels Global Packaging Group \u2013 Connecting brands and consumers\" \/>\n<meta property=\"og:description\" content=\"DESCRIPCI\u00d3N GENERAL DEL MERCADO L\u00e1cteos y alimentaci\u00f3n En el sector alimentario, una etiqueta debe cumplir varios requisitos y comunicar informaci\u00f3n importante a la vez que mostrar un dise\u00f1o cautivador: Debe [&hellip;]\" \/>\n<meta property=\"og:url\" content=\"https:\/\/all4labels.com\/es\/mercados\/comida\/\" \/>\n<meta property=\"og:site_name\" content=\"All4Labels Global Packaging Group \u2013 Connecting brands and consumers\" \/>\n<meta property=\"article:modified_time\" content=\"2024-11-08T09:38:44+00:00\" \/>\n<meta property=\"og:image\" content=\"https:\/\/all4labels.com\/wp-content\/uploads\/2021\/01\/afl_food_header.jpg\" \/>\n\t<meta property=\"og:image:width\" content=\"1920\" \/>\n\t<meta property=\"og:image:height\" content=\"1080\" \/>\n\t<meta property=\"og:image:type\" content=\"image\/jpeg\" \/>\n<meta name=\"twitter:card\" content=\"summary_large_image\" \/>\n<meta name=\"twitter:label1\" content=\"Tiempo de lectura\" \/>\n\t<meta name=\"twitter:data1\" content=\"1 minuto\" \/>\n<script type=\"application\/ld+json\" class=\"yoast-schema-graph\">{\"@context\":\"https:\/\/schema.org\",\"@graph\":[{\"@type\":\"WebPage\",\"@id\":\"https:\/\/all4labels.com\/es\/mercados\/comida\/\",\"url\":\"https:\/\/all4labels.com\/es\/mercados\/comida\/\",\"name\":\"Comida - All4Labels Global Packaging Group \u2013 Connecting brands and consumers\",\"isPartOf\":{\"@id\":\"https:\/\/all4labels.com\/#website\"},\"primaryImageOfPage\":{\"@id\":\"https:\/\/all4labels.com\/es\/mercados\/comida\/#primaryimage\"},\"image\":{\"@id\":\"https:\/\/all4labels.com\/es\/mercados\/comida\/#primaryimage\"},\"thumbnailUrl\":\"https:\/\/all4labels.com\/wp-content\/uploads\/2021\/01\/afl_food_header.jpg\",\"datePublished\":\"2021-01-20T08:01:12+00:00\",\"dateModified\":\"2024-11-08T09:38:44+00:00\",\"breadcrumb\":{\"@id\":\"https:\/\/all4labels.com\/es\/mercados\/comida\/#breadcrumb\"},\"inLanguage\":\"es\",\"potentialAction\":[{\"@type\":\"ReadAction\",\"target\":[\"https:\/\/all4labels.com\/es\/mercados\/comida\/\"]}]},{\"@type\":\"ImageObject\",\"inLanguage\":\"es\",\"@id\":\"https:\/\/all4labels.com\/es\/mercados\/comida\/#primaryimage\",\"url\":\"https:\/\/all4labels.com\/wp-content\/uploads\/2021\/01\/afl_food_header.jpg\",\"contentUrl\":\"https:\/\/all4labels.com\/wp-content\/uploads\/2021\/01\/afl_food_header.jpg\",\"width\":1920,\"height\":1080},{\"@type\":\"BreadcrumbList\",\"@id\":\"https:\/\/all4labels.com\/es\/mercados\/comida\/#breadcrumb\",\"itemListElement\":[{\"@type\":\"ListItem\",\"position\":1,\"name\":\"Home\",\"item\":\"https:\/\/all4labels.com\/es\/\"},{\"@type\":\"ListItem\",\"position\":2,\"name\":\"Mercados\",\"item\":\"https:\/\/all4labels.com\/es\/mercados\/\"},{\"@type\":\"ListItem\",\"position\":3,\"name\":\"Comida\"}]},{\"@type\":\"WebSite\",\"@id\":\"https:\/\/all4labels.com\/#website\",\"url\":\"https:\/\/all4labels.com\/\",\"name\":\"All4Labels Global Packaging Group \u2013 Connecting brands and consumers\",\"description\":\"\",\"publisher\":{\"@id\":\"https:\/\/all4labels.com\/#organization\"},\"potentialAction\":[{\"@type\":\"SearchAction\",\"target\":{\"@type\":\"EntryPoint\",\"urlTemplate\":\"https:\/\/all4labels.com\/?s={search_term_string}\"},\"query-input\":{\"@type\":\"PropertyValueSpecification\",\"valueRequired\":true,\"valueName\":\"search_term_string\"}}],\"inLanguage\":\"es\"},{\"@type\":\"Organization\",\"@id\":\"https:\/\/all4labels.com\/#organization\",\"name\":\"All4Labels Global Packaging Group \u2013 Connecting brands and consumers\",\"url\":\"https:\/\/all4labels.com\/\",\"logo\":{\"@type\":\"ImageObject\",\"inLanguage\":\"es\",\"@id\":\"https:\/\/all4labels.com\/#\/schema\/logo\/image\/\",\"url\":\"https:\/\/all4labels.com\/wp-content\/uploads\/2020\/02\/all4labels-white.svg\",\"contentUrl\":\"https:\/\/all4labels.com\/wp-content\/uploads\/2020\/02\/all4labels-white.svg\",\"caption\":\"All4Labels Global Packaging Group \u2013 Connecting brands and consumers\"},\"image\":{\"@id\":\"https:\/\/all4labels.com\/#\/schema\/logo\/image\/\"}}]}<\/script>\n<!-- \/ Yoast SEO plugin. -->","yoast_head_json":{"title":"Comida - All4Labels Global Packaging Group \u2013 Connecting brands and consumers","robots":{"index":"index","follow":"follow","max-snippet":"max-snippet:-1","max-image-preview":"max-image-preview:large","max-video-preview":"max-video-preview:-1"},"canonical":"https:\/\/all4labels.com\/es\/mercados\/comida\/","og_locale":"es_ES","og_type":"article","og_title":"Comida - All4Labels Global Packaging Group \u2013 Connecting brands and consumers","og_description":"DESCRIPCI\u00d3N GENERAL DEL MERCADO L\u00e1cteos y alimentaci\u00f3n En el sector alimentario, una etiqueta debe cumplir varios requisitos y comunicar informaci\u00f3n importante a la vez que mostrar un dise\u00f1o cautivador: Debe [&hellip;]","og_url":"https:\/\/all4labels.com\/es\/mercados\/comida\/","og_site_name":"All4Labels Global Packaging Group \u2013 Connecting brands and consumers","article_modified_time":"2024-11-08T09:38:44+00:00","og_image":[{"width":1920,"height":1080,"url":"https:\/\/all4labels.com\/wp-content\/uploads\/2021\/01\/afl_food_header.jpg","type":"image\/jpeg"}],"twitter_card":"summary_large_image","twitter_misc":{"Tiempo de lectura":"1 minuto"},"schema":{"@context":"https:\/\/schema.org","@graph":[{"@type":"WebPage","@id":"https:\/\/all4labels.com\/es\/mercados\/comida\/","url":"https:\/\/all4labels.com\/es\/mercados\/comida\/","name":"Comida - All4Labels Global Packaging Group \u2013 Connecting brands and consumers","isPartOf":{"@id":"https:\/\/all4labels.com\/#website"},"primaryImageOfPage":{"@id":"https:\/\/all4labels.com\/es\/mercados\/comida\/#primaryimage"},"image":{"@id":"https:\/\/all4labels.com\/es\/mercados\/comida\/#primaryimage"},"thumbnailUrl":"https:\/\/all4labels.com\/wp-content\/uploads\/2021\/01\/afl_food_header.jpg","datePublished":"2021-01-20T08:01:12+00:00","dateModified":"2024-11-08T09:38:44+00:00","breadcrumb":{"@id":"https:\/\/all4labels.com\/es\/mercados\/comida\/#breadcrumb"},"inLanguage":"es","potentialAction":[{"@type":"ReadAction","target":["https:\/\/all4labels.com\/es\/mercados\/comida\/"]}]},{"@type":"ImageObject","inLanguage":"es","@id":"https:\/\/all4labels.com\/es\/mercados\/comida\/#primaryimage","url":"https:\/\/all4labels.com\/wp-content\/uploads\/2021\/01\/afl_food_header.jpg","contentUrl":"https:\/\/all4labels.com\/wp-content\/uploads\/2021\/01\/afl_food_header.jpg","width":1920,"height":1080},{"@type":"BreadcrumbList","@id":"https:\/\/all4labels.com\/es\/mercados\/comida\/#breadcrumb","itemListElement":[{"@type":"ListItem","position":1,"name":"Home","item":"https:\/\/all4labels.com\/es\/"},{"@type":"ListItem","position":2,"name":"Mercados","item":"https:\/\/all4labels.com\/es\/mercados\/"},{"@type":"ListItem","position":3,"name":"Comida"}]},{"@type":"WebSite","@id":"https:\/\/all4labels.com\/#website","url":"https:\/\/all4labels.com\/","name":"All4Labels Global Packaging Group \u2013 Connecting brands and consumers","description":"","publisher":{"@id":"https:\/\/all4labels.com\/#organization"},"potentialAction":[{"@type":"SearchAction","target":{"@type":"EntryPoint","urlTemplate":"https:\/\/all4labels.com\/?s={search_term_string}"},"query-input":{"@type":"PropertyValueSpecification","valueRequired":true,"valueName":"search_term_string"}}],"inLanguage":"es"},{"@type":"Organization","@id":"https:\/\/all4labels.com\/#organization","name":"All4Labels Global Packaging Group \u2013 Connecting brands and consumers","url":"https:\/\/all4labels.com\/","logo":{"@type":"ImageObject","inLanguage":"es","@id":"https:\/\/all4labels.com\/#\/schema\/logo\/image\/","url":"https:\/\/all4labels.com\/wp-content\/uploads\/2020\/02\/all4labels-white.svg","contentUrl":"https:\/\/all4labels.com\/wp-content\/uploads\/2020\/02\/all4labels-white.svg","caption":"All4Labels Global Packaging Group \u2013 Connecting brands and consumers"},"image":{"@id":"https:\/\/all4labels.com\/#\/schema\/logo\/image\/"}}]}},"_links":{"self":[{"href":"https:\/\/all4labels.com\/es\/wp-json\/wp\/v2\/pages\/20390","targetHints":{"allow":["GET"]}}],"collection":[{"href":"https:\/\/all4labels.com\/es\/wp-json\/wp\/v2\/pages"}],"about":[{"href":"https:\/\/all4labels.com\/es\/wp-json\/wp\/v2\/types\/page"}],"author":[{"embeddable":true,"href":"https:\/\/all4labels.com\/es\/wp-json\/wp\/v2\/users\/1"}],"replies":[{"embeddable":true,"href":"https:\/\/all4labels.com\/es\/wp-json\/wp\/v2\/comments?post=20390"}],"version-history":[{"count":5,"href":"https:\/\/all4labels.com\/es\/wp-json\/wp\/v2\/pages\/20390\/revisions"}],"predecessor-version":[{"id":41809,"href":"https:\/\/all4labels.com\/es\/wp-json\/wp\/v2\/pages\/20390\/revisions\/41809"}],"up":[{"embeddable":true,"href":"https:\/\/all4labels.com\/es\/wp-json\/wp\/v2\/pages\/20380"}],"wp:featuredmedia":[{"embeddable":true,"href":"https:\/\/all4labels.com\/es\/wp-json\/wp\/v2\/media\/24428"}],"wp:attachment":[{"href":"https:\/\/all4labels.com\/es\/wp-json\/wp\/v2\/media?parent=20390"}],"curies":[{"name":"wp","href":"https:\/\/api.w.org\/{rel}","templated":true}]}}