{"id":20380,"date":"2020-02-03T09:02:00","date_gmt":"2020-02-03T09:02:00","guid":{"rendered":"https:\/\/all4labels.com\/markets\/"},"modified":"2025-07-11T15:01:58","modified_gmt":"2025-07-11T15:01:58","slug":"mercados","status":"publish","type":"page","link":"https:\/\/all4labels.com\/es\/mercados\/","title":{"rendered":"Mercados"},"content":{"rendered":"<h1>Dominar los retos<br \/>\nde cada mercado<\/h1>\n<p><strong>Como socio de confianza, nos comprometemos a crear soluciones individuales e innovadoras que se adapten a los mercados en constante cambio de hoy en d\u00eda.<\/strong><\/p>\n<p><strong>Conocemos los retos para comunicar mensajes de la forma m\u00e1s eficaz posible dentro del \u00e1mbito de los requisitos del mercado respectivo. Con nuestra amplia gama de soluciones de decoraci\u00f3n de productos, ayudamos a nuestros clientes a comunicarse de forma inteligente, sostenible y rentable.<\/strong><\/p>\n","protected":false},"excerpt":{"rendered":"<p>Dominar los retos de cada mercado Como socio de confianza, nos comprometemos a crear soluciones individuales e innovadoras que se adapten a los mercados en constante cambio de hoy en [&hellip;]<\/p>\n","protected":false},"author":1,"featured_media":23376,"parent":0,"menu_order":0,"comment_status":"closed","ping_status":"closed","template":"page-markets.php","meta":{"_acf_changed":false,"footnotes":""},"class_list":["post-20380","page","type-page","status-publish","has-post-thumbnail","hentry"],"acf":[],"yoast_head":"<!-- This site is optimized with the Yoast SEO plugin v24.2 - https:\/\/yoast.com\/wordpress\/plugins\/seo\/ -->\n<title>Mercados - All4Labels Global Packaging Group \u2013 Connecting brands and consumers<\/title>\n<meta name=\"robots\" content=\"index, follow, max-snippet:-1, max-image-preview:large, max-video-preview:-1\" \/>\n<link rel=\"canonical\" href=\"https:\/\/all4labels.com\/es\/mercados\/\" \/>\n<meta property=\"og:locale\" content=\"es_ES\" \/>\n<meta property=\"og:type\" content=\"article\" \/>\n<meta property=\"og:title\" content=\"Mercados - All4Labels Global Packaging Group \u2013 Connecting brands and consumers\" \/>\n<meta property=\"og:description\" content=\"Dominar los retos de cada mercado Como socio de confianza, nos comprometemos a crear soluciones individuales e innovadoras que se adapten a los mercados en constante cambio de hoy en [&hellip;]\" \/>\n<meta property=\"og:url\" content=\"https:\/\/all4labels.com\/es\/mercados\/\" \/>\n<meta property=\"og:site_name\" content=\"All4Labels Global Packaging Group \u2013 Connecting brands and consumers\" \/>\n<meta property=\"article:modified_time\" content=\"2025-07-11T15:01:58+00:00\" \/>\n<meta property=\"og:image\" content=\"https:\/\/all4labels.com\/wp-content\/uploads\/2020\/06\/all4labels_markets_overview3.jpg\" \/>\n\t<meta property=\"og:image:width\" content=\"2000\" \/>\n\t<meta property=\"og:image:height\" content=\"1242\" \/>\n\t<meta property=\"og:image:type\" content=\"image\/jpeg\" \/>\n<meta name=\"twitter:card\" content=\"summary_large_image\" \/>\n<meta name=\"twitter:label1\" content=\"Tiempo de lectura\" \/>\n\t<meta name=\"twitter:data1\" content=\"1 minuto\" \/>\n<script type=\"application\/ld+json\" class=\"yoast-schema-graph\">{\"@context\":\"https:\/\/schema.org\",\"@graph\":[{\"@type\":\"WebPage\",\"@id\":\"https:\/\/all4labels.com\/es\/mercados\/\",\"url\":\"https:\/\/all4labels.com\/es\/mercados\/\",\"name\":\"Mercados - All4Labels Global Packaging Group \u2013 Connecting brands and consumers\",\"isPartOf\":{\"@id\":\"https:\/\/all4labels.com\/#website\"},\"primaryImageOfPage\":{\"@id\":\"https:\/\/all4labels.com\/es\/mercados\/#primaryimage\"},\"image\":{\"@id\":\"https:\/\/all4labels.com\/es\/mercados\/#primaryimage\"},\"thumbnailUrl\":\"https:\/\/all4labels.com\/wp-content\/uploads\/2020\/06\/all4labels_markets_overview3.jpg\",\"datePublished\":\"2020-02-03T09:02:00+00:00\",\"dateModified\":\"2025-07-11T15:01:58+00:00\",\"breadcrumb\":{\"@id\":\"https:\/\/all4labels.com\/es\/mercados\/#breadcrumb\"},\"inLanguage\":\"es\",\"potentialAction\":[{\"@type\":\"ReadAction\",\"target\":[\"https:\/\/all4labels.com\/es\/mercados\/\"]}]},{\"@type\":\"ImageObject\",\"inLanguage\":\"es\",\"@id\":\"https:\/\/all4labels.com\/es\/mercados\/#primaryimage\",\"url\":\"https:\/\/all4labels.com\/wp-content\/uploads\/2020\/06\/all4labels_markets_overview3.jpg\",\"contentUrl\":\"https:\/\/all4labels.com\/wp-content\/uploads\/2020\/06\/all4labels_markets_overview3.jpg\",\"width\":2000,\"height\":1242},{\"@type\":\"BreadcrumbList\",\"@id\":\"https:\/\/all4labels.com\/es\/mercados\/#breadcrumb\",\"itemListElement\":[{\"@type\":\"ListItem\",\"position\":1,\"name\":\"Home\",\"item\":\"https:\/\/all4labels.com\/es\/\"},{\"@type\":\"ListItem\",\"position\":2,\"name\":\"Mercados\"}]},{\"@type\":\"WebSite\",\"@id\":\"https:\/\/all4labels.com\/#website\",\"url\":\"https:\/\/all4labels.com\/\",\"name\":\"All4Labels Global Packaging Group \u2013 Connecting brands and consumers\",\"description\":\"\",\"publisher\":{\"@id\":\"https:\/\/all4labels.com\/#organization\"},\"potentialAction\":[{\"@type\":\"SearchAction\",\"target\":{\"@type\":\"EntryPoint\",\"urlTemplate\":\"https:\/\/all4labels.com\/?s={search_term_string}\"},\"query-input\":{\"@type\":\"PropertyValueSpecification\",\"valueRequired\":true,\"valueName\":\"search_term_string\"}}],\"inLanguage\":\"es\"},{\"@type\":\"Organization\",\"@id\":\"https:\/\/all4labels.com\/#organization\",\"name\":\"All4Labels Global Packaging Group \u2013 Connecting brands and consumers\",\"url\":\"https:\/\/all4labels.com\/\",\"logo\":{\"@type\":\"ImageObject\",\"inLanguage\":\"es\",\"@id\":\"https:\/\/all4labels.com\/#\/schema\/logo\/image\/\",\"url\":\"https:\/\/all4labels.com\/wp-content\/uploads\/2020\/02\/all4labels-white.svg\",\"contentUrl\":\"https:\/\/all4labels.com\/wp-content\/uploads\/2020\/02\/all4labels-white.svg\",\"caption\":\"All4Labels Global Packaging Group \u2013 Connecting brands and consumers\"},\"image\":{\"@id\":\"https:\/\/all4labels.com\/#\/schema\/logo\/image\/\"}}]}<\/script>\n<!-- \/ Yoast SEO plugin. -->","yoast_head_json":{"title":"Mercados - All4Labels Global Packaging Group \u2013 Connecting brands and consumers","robots":{"index":"index","follow":"follow","max-snippet":"max-snippet:-1","max-image-preview":"max-image-preview:large","max-video-preview":"max-video-preview:-1"},"canonical":"https:\/\/all4labels.com\/es\/mercados\/","og_locale":"es_ES","og_type":"article","og_title":"Mercados - All4Labels Global Packaging Group \u2013 Connecting brands and consumers","og_description":"Dominar los retos de cada mercado Como socio de confianza, nos comprometemos a crear soluciones individuales e innovadoras que se adapten a los mercados en constante cambio de hoy en [&hellip;]","og_url":"https:\/\/all4labels.com\/es\/mercados\/","og_site_name":"All4Labels Global Packaging Group \u2013 Connecting brands and consumers","article_modified_time":"2025-07-11T15:01:58+00:00","og_image":[{"width":2000,"height":1242,"url":"https:\/\/all4labels.com\/wp-content\/uploads\/2020\/06\/all4labels_markets_overview3.jpg","type":"image\/jpeg"}],"twitter_card":"summary_large_image","twitter_misc":{"Tiempo de lectura":"1 minuto"},"schema":{"@context":"https:\/\/schema.org","@graph":[{"@type":"WebPage","@id":"https:\/\/all4labels.com\/es\/mercados\/","url":"https:\/\/all4labels.com\/es\/mercados\/","name":"Mercados - All4Labels Global Packaging Group \u2013 Connecting brands and consumers","isPartOf":{"@id":"https:\/\/all4labels.com\/#website"},"primaryImageOfPage":{"@id":"https:\/\/all4labels.com\/es\/mercados\/#primaryimage"},"image":{"@id":"https:\/\/all4labels.com\/es\/mercados\/#primaryimage"},"thumbnailUrl":"https:\/\/all4labels.com\/wp-content\/uploads\/2020\/06\/all4labels_markets_overview3.jpg","datePublished":"2020-02-03T09:02:00+00:00","dateModified":"2025-07-11T15:01:58+00:00","breadcrumb":{"@id":"https:\/\/all4labels.com\/es\/mercados\/#breadcrumb"},"inLanguage":"es","potentialAction":[{"@type":"ReadAction","target":["https:\/\/all4labels.com\/es\/mercados\/"]}]},{"@type":"ImageObject","inLanguage":"es","@id":"https:\/\/all4labels.com\/es\/mercados\/#primaryimage","url":"https:\/\/all4labels.com\/wp-content\/uploads\/2020\/06\/all4labels_markets_overview3.jpg","contentUrl":"https:\/\/all4labels.com\/wp-content\/uploads\/2020\/06\/all4labels_markets_overview3.jpg","width":2000,"height":1242},{"@type":"BreadcrumbList","@id":"https:\/\/all4labels.com\/es\/mercados\/#breadcrumb","itemListElement":[{"@type":"ListItem","position":1,"name":"Home","item":"https:\/\/all4labels.com\/es\/"},{"@type":"ListItem","position":2,"name":"Mercados"}]},{"@type":"WebSite","@id":"https:\/\/all4labels.com\/#website","url":"https:\/\/all4labels.com\/","name":"All4Labels Global Packaging Group \u2013 Connecting brands and consumers","description":"","publisher":{"@id":"https:\/\/all4labels.com\/#organization"},"potentialAction":[{"@type":"SearchAction","target":{"@type":"EntryPoint","urlTemplate":"https:\/\/all4labels.com\/?s={search_term_string}"},"query-input":{"@type":"PropertyValueSpecification","valueRequired":true,"valueName":"search_term_string"}}],"inLanguage":"es"},{"@type":"Organization","@id":"https:\/\/all4labels.com\/#organization","name":"All4Labels Global Packaging Group \u2013 Connecting brands and consumers","url":"https:\/\/all4labels.com\/","logo":{"@type":"ImageObject","inLanguage":"es","@id":"https:\/\/all4labels.com\/#\/schema\/logo\/image\/","url":"https:\/\/all4labels.com\/wp-content\/uploads\/2020\/02\/all4labels-white.svg","contentUrl":"https:\/\/all4labels.com\/wp-content\/uploads\/2020\/02\/all4labels-white.svg","caption":"All4Labels Global Packaging Group \u2013 Connecting brands and consumers"},"image":{"@id":"https:\/\/all4labels.com\/#\/schema\/logo\/image\/"}}]}},"_links":{"self":[{"href":"https:\/\/all4labels.com\/es\/wp-json\/wp\/v2\/pages\/20380","targetHints":{"allow":["GET"]}}],"collection":[{"href":"https:\/\/all4labels.com\/es\/wp-json\/wp\/v2\/pages"}],"about":[{"href":"https:\/\/all4labels.com\/es\/wp-json\/wp\/v2\/types\/page"}],"author":[{"embeddable":true,"href":"https:\/\/all4labels.com\/es\/wp-json\/wp\/v2\/users\/1"}],"replies":[{"embeddable":true,"href":"https:\/\/all4labels.com\/es\/wp-json\/wp\/v2\/comments?post=20380"}],"version-history":[{"count":3,"href":"https:\/\/all4labels.com\/es\/wp-json\/wp\/v2\/pages\/20380\/revisions"}],"predecessor-version":[{"id":43759,"href":"https:\/\/all4labels.com\/es\/wp-json\/wp\/v2\/pages\/20380\/revisions\/43759"}],"wp:featuredmedia":[{"embeddable":true,"href":"https:\/\/all4labels.com\/es\/wp-json\/wp\/v2\/media\/23376"}],"wp:attachment":[{"href":"https:\/\/all4labels.com\/es\/wp-json\/wp\/v2\/media?parent=20380"}],"curies":[{"name":"wp","href":"https:\/\/api.w.org\/{rel}","templated":true}]}}