{"id":20354,"date":"2021-01-07T14:23:15","date_gmt":"2021-01-07T14:23:15","guid":{"rendered":"https:\/\/all4labels.com\/productos\/sleeves\/"},"modified":"2024-11-11T12:03:12","modified_gmt":"2024-11-11T12:03:12","slug":"sleeves","status":"publish","type":"page","link":"https:\/\/all4labels.com\/es\/productos\/sleeves\/","title":{"rendered":"Sleeves"},"content":{"rendered":"<h1>Destaque entre la multitud<br \/>\ncon nuestros Shrink Sleeves<\/h1>\n<p><strong>Los consumidores desean m\u00e1s opciones de embalaje y buscan cada vez una mayor <span style=\"color: #f04650;\">personalizaci\u00f3n<\/span> en las estanter\u00edas.<br \/>\nEl embalaje del ma\u00f1ana ser\u00e1 a\u00fan m\u00e1s <span style=\"color: #f04650;\">inteligente, personalizado y reutilizable,<\/span> y creemos que los sleeves desempe\u00f1ar\u00e1n un papel importante.<\/strong><\/p>\n","protected":false},"excerpt":{"rendered":"<p>Destaque entre la multitud con nuestros Shrink Sleeves Los consumidores desean m\u00e1s opciones de embalaje y buscan cada vez una mayor personalizaci\u00f3n en las estanter\u00edas. El embalaje del ma\u00f1ana ser\u00e1 [&hellip;]<\/p>\n","protected":false},"author":10,"featured_media":25128,"parent":37978,"menu_order":0,"comment_status":"closed","ping_status":"closed","template":"page-sleeves-landing.php","meta":{"_acf_changed":false,"footnotes":""},"class_list":["post-20354","page","type-page","status-publish","has-post-thumbnail","hentry"],"acf":[],"yoast_head":"<!-- This site is optimized with the Yoast SEO plugin v24.2 - https:\/\/yoast.com\/wordpress\/plugins\/seo\/ -->\n<title>Sleeves - All4Labels Global Packaging Group \u2013 Connecting brands and consumers<\/title>\n<meta name=\"robots\" content=\"index, follow, max-snippet:-1, max-image-preview:large, max-video-preview:-1\" \/>\n<link rel=\"canonical\" href=\"https:\/\/all4labels.com\/es\/productos\/sleeves\/\" \/>\n<meta property=\"og:locale\" content=\"es_ES\" \/>\n<meta property=\"og:type\" content=\"article\" \/>\n<meta property=\"og:title\" content=\"Sleeves - All4Labels Global Packaging Group \u2013 Connecting brands and consumers\" \/>\n<meta property=\"og:description\" content=\"Destaque entre la multitud con nuestros Shrink Sleeves Los consumidores desean m\u00e1s opciones de embalaje y buscan cada vez una mayor personalizaci\u00f3n en las estanter\u00edas. El embalaje del ma\u00f1ana ser\u00e1 [&hellip;]\" \/>\n<meta property=\"og:url\" content=\"https:\/\/all4labels.com\/es\/productos\/sleeves\/\" \/>\n<meta property=\"og:site_name\" content=\"All4Labels Global Packaging Group \u2013 Connecting brands and consumers\" \/>\n<meta property=\"article:modified_time\" content=\"2024-11-11T12:03:12+00:00\" \/>\n<meta property=\"og:image\" content=\"https:\/\/all4labels.com\/wp-content\/uploads\/2021\/04\/afl_shrink_header_210422-scaled.jpg\" \/>\n\t<meta property=\"og:image:width\" content=\"2560\" \/>\n\t<meta property=\"og:image:height\" content=\"1422\" \/>\n\t<meta property=\"og:image:type\" content=\"image\/jpeg\" \/>\n<meta name=\"twitter:card\" content=\"summary_large_image\" \/>\n<meta name=\"twitter:label1\" content=\"Tiempo de lectura\" \/>\n\t<meta name=\"twitter:data1\" content=\"1 minuto\" \/>\n<script type=\"application\/ld+json\" class=\"yoast-schema-graph\">{\"@context\":\"https:\/\/schema.org\",\"@graph\":[{\"@type\":\"WebPage\",\"@id\":\"https:\/\/all4labels.com\/es\/productos\/sleeves\/\",\"url\":\"https:\/\/all4labels.com\/es\/productos\/sleeves\/\",\"name\":\"Sleeves - All4Labels Global Packaging Group \u2013 Connecting brands and consumers\",\"isPartOf\":{\"@id\":\"https:\/\/all4labels.com\/#website\"},\"primaryImageOfPage\":{\"@id\":\"https:\/\/all4labels.com\/es\/productos\/sleeves\/#primaryimage\"},\"image\":{\"@id\":\"https:\/\/all4labels.com\/es\/productos\/sleeves\/#primaryimage\"},\"thumbnailUrl\":\"https:\/\/all4labels.com\/wp-content\/uploads\/2021\/04\/afl_shrink_header_210422-scaled.jpg\",\"datePublished\":\"2021-01-07T14:23:15+00:00\",\"dateModified\":\"2024-11-11T12:03:12+00:00\",\"breadcrumb\":{\"@id\":\"https:\/\/all4labels.com\/es\/productos\/sleeves\/#breadcrumb\"},\"inLanguage\":\"es\",\"potentialAction\":[{\"@type\":\"ReadAction\",\"target\":[\"https:\/\/all4labels.com\/es\/productos\/sleeves\/\"]}]},{\"@type\":\"ImageObject\",\"inLanguage\":\"es\",\"@id\":\"https:\/\/all4labels.com\/es\/productos\/sleeves\/#primaryimage\",\"url\":\"https:\/\/all4labels.com\/wp-content\/uploads\/2021\/04\/afl_shrink_header_210422-scaled.jpg\",\"contentUrl\":\"https:\/\/all4labels.com\/wp-content\/uploads\/2021\/04\/afl_shrink_header_210422-scaled.jpg\",\"width\":2560,\"height\":1422},{\"@type\":\"BreadcrumbList\",\"@id\":\"https:\/\/all4labels.com\/es\/productos\/sleeves\/#breadcrumb\",\"itemListElement\":[{\"@type\":\"ListItem\",\"position\":1,\"name\":\"Home\",\"item\":\"https:\/\/all4labels.com\/es\/\"},{\"@type\":\"ListItem\",\"position\":2,\"name\":\"Productos\",\"item\":\"https:\/\/all4labels.com\/es\/productos\/\"},{\"@type\":\"ListItem\",\"position\":3,\"name\":\"Sleeves\"}]},{\"@type\":\"WebSite\",\"@id\":\"https:\/\/all4labels.com\/#website\",\"url\":\"https:\/\/all4labels.com\/\",\"name\":\"All4Labels Global Packaging Group \u2013 Connecting brands and consumers\",\"description\":\"\",\"publisher\":{\"@id\":\"https:\/\/all4labels.com\/#organization\"},\"potentialAction\":[{\"@type\":\"SearchAction\",\"target\":{\"@type\":\"EntryPoint\",\"urlTemplate\":\"https:\/\/all4labels.com\/?s={search_term_string}\"},\"query-input\":{\"@type\":\"PropertyValueSpecification\",\"valueRequired\":true,\"valueName\":\"search_term_string\"}}],\"inLanguage\":\"es\"},{\"@type\":\"Organization\",\"@id\":\"https:\/\/all4labels.com\/#organization\",\"name\":\"All4Labels Global Packaging Group \u2013 Connecting brands and consumers\",\"url\":\"https:\/\/all4labels.com\/\",\"logo\":{\"@type\":\"ImageObject\",\"inLanguage\":\"es\",\"@id\":\"https:\/\/all4labels.com\/#\/schema\/logo\/image\/\",\"url\":\"https:\/\/all4labels.com\/wp-content\/uploads\/2020\/02\/all4labels-white.svg\",\"contentUrl\":\"https:\/\/all4labels.com\/wp-content\/uploads\/2020\/02\/all4labels-white.svg\",\"caption\":\"All4Labels Global Packaging Group \u2013 Connecting brands and consumers\"},\"image\":{\"@id\":\"https:\/\/all4labels.com\/#\/schema\/logo\/image\/\"}}]}<\/script>\n<!-- \/ Yoast SEO plugin. -->","yoast_head_json":{"title":"Sleeves - All4Labels Global Packaging Group \u2013 Connecting brands and consumers","robots":{"index":"index","follow":"follow","max-snippet":"max-snippet:-1","max-image-preview":"max-image-preview:large","max-video-preview":"max-video-preview:-1"},"canonical":"https:\/\/all4labels.com\/es\/productos\/sleeves\/","og_locale":"es_ES","og_type":"article","og_title":"Sleeves - All4Labels Global Packaging Group \u2013 Connecting brands and consumers","og_description":"Destaque entre la multitud con nuestros Shrink Sleeves Los consumidores desean m\u00e1s opciones de embalaje y buscan cada vez una mayor personalizaci\u00f3n en las estanter\u00edas. El embalaje del ma\u00f1ana ser\u00e1 [&hellip;]","og_url":"https:\/\/all4labels.com\/es\/productos\/sleeves\/","og_site_name":"All4Labels Global Packaging Group \u2013 Connecting brands and consumers","article_modified_time":"2024-11-11T12:03:12+00:00","og_image":[{"width":2560,"height":1422,"url":"https:\/\/all4labels.com\/wp-content\/uploads\/2021\/04\/afl_shrink_header_210422-scaled.jpg","type":"image\/jpeg"}],"twitter_card":"summary_large_image","twitter_misc":{"Tiempo de lectura":"1 minuto"},"schema":{"@context":"https:\/\/schema.org","@graph":[{"@type":"WebPage","@id":"https:\/\/all4labels.com\/es\/productos\/sleeves\/","url":"https:\/\/all4labels.com\/es\/productos\/sleeves\/","name":"Sleeves - All4Labels Global Packaging Group \u2013 Connecting brands and consumers","isPartOf":{"@id":"https:\/\/all4labels.com\/#website"},"primaryImageOfPage":{"@id":"https:\/\/all4labels.com\/es\/productos\/sleeves\/#primaryimage"},"image":{"@id":"https:\/\/all4labels.com\/es\/productos\/sleeves\/#primaryimage"},"thumbnailUrl":"https:\/\/all4labels.com\/wp-content\/uploads\/2021\/04\/afl_shrink_header_210422-scaled.jpg","datePublished":"2021-01-07T14:23:15+00:00","dateModified":"2024-11-11T12:03:12+00:00","breadcrumb":{"@id":"https:\/\/all4labels.com\/es\/productos\/sleeves\/#breadcrumb"},"inLanguage":"es","potentialAction":[{"@type":"ReadAction","target":["https:\/\/all4labels.com\/es\/productos\/sleeves\/"]}]},{"@type":"ImageObject","inLanguage":"es","@id":"https:\/\/all4labels.com\/es\/productos\/sleeves\/#primaryimage","url":"https:\/\/all4labels.com\/wp-content\/uploads\/2021\/04\/afl_shrink_header_210422-scaled.jpg","contentUrl":"https:\/\/all4labels.com\/wp-content\/uploads\/2021\/04\/afl_shrink_header_210422-scaled.jpg","width":2560,"height":1422},{"@type":"BreadcrumbList","@id":"https:\/\/all4labels.com\/es\/productos\/sleeves\/#breadcrumb","itemListElement":[{"@type":"ListItem","position":1,"name":"Home","item":"https:\/\/all4labels.com\/es\/"},{"@type":"ListItem","position":2,"name":"Productos","item":"https:\/\/all4labels.com\/es\/productos\/"},{"@type":"ListItem","position":3,"name":"Sleeves"}]},{"@type":"WebSite","@id":"https:\/\/all4labels.com\/#website","url":"https:\/\/all4labels.com\/","name":"All4Labels Global Packaging Group \u2013 Connecting brands and consumers","description":"","publisher":{"@id":"https:\/\/all4labels.com\/#organization"},"potentialAction":[{"@type":"SearchAction","target":{"@type":"EntryPoint","urlTemplate":"https:\/\/all4labels.com\/?s={search_term_string}"},"query-input":{"@type":"PropertyValueSpecification","valueRequired":true,"valueName":"search_term_string"}}],"inLanguage":"es"},{"@type":"Organization","@id":"https:\/\/all4labels.com\/#organization","name":"All4Labels Global Packaging Group \u2013 Connecting brands and consumers","url":"https:\/\/all4labels.com\/","logo":{"@type":"ImageObject","inLanguage":"es","@id":"https:\/\/all4labels.com\/#\/schema\/logo\/image\/","url":"https:\/\/all4labels.com\/wp-content\/uploads\/2020\/02\/all4labels-white.svg","contentUrl":"https:\/\/all4labels.com\/wp-content\/uploads\/2020\/02\/all4labels-white.svg","caption":"All4Labels Global Packaging Group \u2013 Connecting brands and consumers"},"image":{"@id":"https:\/\/all4labels.com\/#\/schema\/logo\/image\/"}}]}},"_links":{"self":[{"href":"https:\/\/all4labels.com\/es\/wp-json\/wp\/v2\/pages\/20354","targetHints":{"allow":["GET"]}}],"collection":[{"href":"https:\/\/all4labels.com\/es\/wp-json\/wp\/v2\/pages"}],"about":[{"href":"https:\/\/all4labels.com\/es\/wp-json\/wp\/v2\/types\/page"}],"author":[{"embeddable":true,"href":"https:\/\/all4labels.com\/es\/wp-json\/wp\/v2\/users\/10"}],"replies":[{"embeddable":true,"href":"https:\/\/all4labels.com\/es\/wp-json\/wp\/v2\/comments?post=20354"}],"version-history":[{"count":4,"href":"https:\/\/all4labels.com\/es\/wp-json\/wp\/v2\/pages\/20354\/revisions"}],"predecessor-version":[{"id":41813,"href":"https:\/\/all4labels.com\/es\/wp-json\/wp\/v2\/pages\/20354\/revisions\/41813"}],"up":[{"embeddable":true,"href":"https:\/\/all4labels.com\/es\/wp-json\/wp\/v2\/pages\/37978"}],"wp:featuredmedia":[{"embeddable":true,"href":"https:\/\/all4labels.com\/es\/wp-json\/wp\/v2\/media\/25128"}],"wp:attachment":[{"href":"https:\/\/all4labels.com\/es\/wp-json\/wp\/v2\/media?parent=20354"}],"curies":[{"name":"wp","href":"https:\/\/api.w.org\/{rel}","templated":true}]}}