{"id":20322,"date":"2022-09-30T09:28:32","date_gmt":"2022-09-30T09:28:32","guid":{"rendered":"https:\/\/all4labels.com\/company\/"},"modified":"2026-04-14T10:01:47","modified_gmt":"2026-04-14T10:01:47","slug":"empresa","status":"publish","type":"page","link":"https:\/\/all4labels.com\/es\/empresa\/","title":{"rendered":"Empresa"},"content":{"rendered":"<h6>PERFIL<\/h6>\n<h1>Echa un vistazo<\/h1>\n<p><strong>All4Labels es un l\u00edder global en soluciones de etiquetado, reconocido por su papel pionero en la industria del packaging. Con un enfoque s\u00f3lido en los sectores de Alimentaci\u00f3n, Cuidado del Hogar y Personal, Industria y Salud, ofrecemos productos innovadores y de alta calidad que responden a las diversas necesidades de nuestros clientes en todo el mundo.<\/strong><\/p>\n<p><strong>Como referente en tecnolog\u00eda e innovaci\u00f3n en el mercado de etiquetas, y con un enfoque especial en soluciones sostenibles, somos un socio de confianza para grandes empresas locales y multinacionales a nivel global. Nuestro compromiso con la orientaci\u00f3n al cliente y la excelencia operativa nos posiciona como un proveedor de referencia en la industria del packaging a nivel mundial.\u00a0<\/strong><\/p>\n","protected":false},"excerpt":{"rendered":"<p>PERFIL Echa un vistazo All4Labels es un l\u00edder global en soluciones de etiquetado, reconocido por su papel pionero en la industria del packaging. Con un enfoque s\u00f3lido en los sectores [&hellip;]<\/p>\n","protected":false},"author":10,"featured_media":0,"parent":0,"menu_order":0,"comment_status":"closed","ping_status":"closed","template":"page-about.php","meta":{"_acf_changed":false,"footnotes":""},"class_list":["post-20322","page","type-page","status-publish","hentry"],"acf":[],"yoast_head":"<!-- This site is optimized with the Yoast SEO plugin v24.2 - https:\/\/yoast.com\/wordpress\/plugins\/seo\/ -->\n<title>Empresa - All4Labels Global Packaging Group \u2013 Connecting brands and consumers<\/title>\n<meta name=\"robots\" content=\"index, follow, max-snippet:-1, max-image-preview:large, max-video-preview:-1\" \/>\n<link rel=\"canonical\" href=\"https:\/\/all4labels.com\/es\/empresa\/\" \/>\n<meta property=\"og:locale\" content=\"es_ES\" \/>\n<meta property=\"og:type\" content=\"article\" \/>\n<meta property=\"og:title\" content=\"Empresa - All4Labels Global Packaging Group \u2013 Connecting brands and consumers\" \/>\n<meta property=\"og:description\" content=\"PERFIL Echa un vistazo All4Labels es un l\u00edder global en soluciones de etiquetado, reconocido por su papel pionero en la industria del packaging. Con un enfoque s\u00f3lido en los sectores [&hellip;]\" \/>\n<meta property=\"og:url\" content=\"https:\/\/all4labels.com\/es\/empresa\/\" \/>\n<meta property=\"og:site_name\" content=\"All4Labels Global Packaging Group \u2013 Connecting brands and consumers\" \/>\n<meta property=\"article:modified_time\" content=\"2026-04-14T10:01:47+00:00\" \/>\n<meta name=\"twitter:card\" content=\"summary_large_image\" \/>\n<meta name=\"twitter:label1\" content=\"Tiempo de lectura\" \/>\n\t<meta name=\"twitter:data1\" content=\"1 minuto\" \/>\n<script type=\"application\/ld+json\" class=\"yoast-schema-graph\">{\"@context\":\"https:\/\/schema.org\",\"@graph\":[{\"@type\":\"WebPage\",\"@id\":\"https:\/\/all4labels.com\/es\/empresa\/\",\"url\":\"https:\/\/all4labels.com\/es\/empresa\/\",\"name\":\"Empresa - All4Labels Global Packaging Group \u2013 Connecting brands and consumers\",\"isPartOf\":{\"@id\":\"https:\/\/all4labels.com\/#website\"},\"datePublished\":\"2022-09-30T09:28:32+00:00\",\"dateModified\":\"2026-04-14T10:01:47+00:00\",\"breadcrumb\":{\"@id\":\"https:\/\/all4labels.com\/es\/empresa\/#breadcrumb\"},\"inLanguage\":\"es\",\"potentialAction\":[{\"@type\":\"ReadAction\",\"target\":[\"https:\/\/all4labels.com\/es\/empresa\/\"]}]},{\"@type\":\"BreadcrumbList\",\"@id\":\"https:\/\/all4labels.com\/es\/empresa\/#breadcrumb\",\"itemListElement\":[{\"@type\":\"ListItem\",\"position\":1,\"name\":\"Home\",\"item\":\"https:\/\/all4labels.com\/es\/\"},{\"@type\":\"ListItem\",\"position\":2,\"name\":\"Empresa\"}]},{\"@type\":\"WebSite\",\"@id\":\"https:\/\/all4labels.com\/#website\",\"url\":\"https:\/\/all4labels.com\/\",\"name\":\"All4Labels Global Packaging Group \u2013 Connecting brands and consumers\",\"description\":\"\",\"publisher\":{\"@id\":\"https:\/\/all4labels.com\/#organization\"},\"potentialAction\":[{\"@type\":\"SearchAction\",\"target\":{\"@type\":\"EntryPoint\",\"urlTemplate\":\"https:\/\/all4labels.com\/?s={search_term_string}\"},\"query-input\":{\"@type\":\"PropertyValueSpecification\",\"valueRequired\":true,\"valueName\":\"search_term_string\"}}],\"inLanguage\":\"es\"},{\"@type\":\"Organization\",\"@id\":\"https:\/\/all4labels.com\/#organization\",\"name\":\"All4Labels Global Packaging Group \u2013 Connecting brands and consumers\",\"url\":\"https:\/\/all4labels.com\/\",\"logo\":{\"@type\":\"ImageObject\",\"inLanguage\":\"es\",\"@id\":\"https:\/\/all4labels.com\/#\/schema\/logo\/image\/\",\"url\":\"https:\/\/all4labels.com\/wp-content\/uploads\/2020\/02\/all4labels-white.svg\",\"contentUrl\":\"https:\/\/all4labels.com\/wp-content\/uploads\/2020\/02\/all4labels-white.svg\",\"caption\":\"All4Labels Global Packaging Group \u2013 Connecting brands and consumers\"},\"image\":{\"@id\":\"https:\/\/all4labels.com\/#\/schema\/logo\/image\/\"}}]}<\/script>\n<!-- \/ Yoast SEO plugin. -->","yoast_head_json":{"title":"Empresa - All4Labels Global Packaging Group \u2013 Connecting brands and consumers","robots":{"index":"index","follow":"follow","max-snippet":"max-snippet:-1","max-image-preview":"max-image-preview:large","max-video-preview":"max-video-preview:-1"},"canonical":"https:\/\/all4labels.com\/es\/empresa\/","og_locale":"es_ES","og_type":"article","og_title":"Empresa - All4Labels Global Packaging Group \u2013 Connecting brands and consumers","og_description":"PERFIL Echa un vistazo All4Labels es un l\u00edder global en soluciones de etiquetado, reconocido por su papel pionero en la industria del packaging. Con un enfoque s\u00f3lido en los sectores [&hellip;]","og_url":"https:\/\/all4labels.com\/es\/empresa\/","og_site_name":"All4Labels Global Packaging Group \u2013 Connecting brands and consumers","article_modified_time":"2026-04-14T10:01:47+00:00","twitter_card":"summary_large_image","twitter_misc":{"Tiempo de lectura":"1 minuto"},"schema":{"@context":"https:\/\/schema.org","@graph":[{"@type":"WebPage","@id":"https:\/\/all4labels.com\/es\/empresa\/","url":"https:\/\/all4labels.com\/es\/empresa\/","name":"Empresa - All4Labels Global Packaging Group \u2013 Connecting brands and consumers","isPartOf":{"@id":"https:\/\/all4labels.com\/#website"},"datePublished":"2022-09-30T09:28:32+00:00","dateModified":"2026-04-14T10:01:47+00:00","breadcrumb":{"@id":"https:\/\/all4labels.com\/es\/empresa\/#breadcrumb"},"inLanguage":"es","potentialAction":[{"@type":"ReadAction","target":["https:\/\/all4labels.com\/es\/empresa\/"]}]},{"@type":"BreadcrumbList","@id":"https:\/\/all4labels.com\/es\/empresa\/#breadcrumb","itemListElement":[{"@type":"ListItem","position":1,"name":"Home","item":"https:\/\/all4labels.com\/es\/"},{"@type":"ListItem","position":2,"name":"Empresa"}]},{"@type":"WebSite","@id":"https:\/\/all4labels.com\/#website","url":"https:\/\/all4labels.com\/","name":"All4Labels Global Packaging Group \u2013 Connecting brands and consumers","description":"","publisher":{"@id":"https:\/\/all4labels.com\/#organization"},"potentialAction":[{"@type":"SearchAction","target":{"@type":"EntryPoint","urlTemplate":"https:\/\/all4labels.com\/?s={search_term_string}"},"query-input":{"@type":"PropertyValueSpecification","valueRequired":true,"valueName":"search_term_string"}}],"inLanguage":"es"},{"@type":"Organization","@id":"https:\/\/all4labels.com\/#organization","name":"All4Labels Global Packaging Group \u2013 Connecting brands and consumers","url":"https:\/\/all4labels.com\/","logo":{"@type":"ImageObject","inLanguage":"es","@id":"https:\/\/all4labels.com\/#\/schema\/logo\/image\/","url":"https:\/\/all4labels.com\/wp-content\/uploads\/2020\/02\/all4labels-white.svg","contentUrl":"https:\/\/all4labels.com\/wp-content\/uploads\/2020\/02\/all4labels-white.svg","caption":"All4Labels Global Packaging Group \u2013 Connecting brands and consumers"},"image":{"@id":"https:\/\/all4labels.com\/#\/schema\/logo\/image\/"}}]}},"_links":{"self":[{"href":"https:\/\/all4labels.com\/es\/wp-json\/wp\/v2\/pages\/20322","targetHints":{"allow":["GET"]}}],"collection":[{"href":"https:\/\/all4labels.com\/es\/wp-json\/wp\/v2\/pages"}],"about":[{"href":"https:\/\/all4labels.com\/es\/wp-json\/wp\/v2\/types\/page"}],"author":[{"embeddable":true,"href":"https:\/\/all4labels.com\/es\/wp-json\/wp\/v2\/users\/10"}],"replies":[{"embeddable":true,"href":"https:\/\/all4labels.com\/es\/wp-json\/wp\/v2\/comments?post=20322"}],"version-history":[{"count":64,"href":"https:\/\/all4labels.com\/es\/wp-json\/wp\/v2\/pages\/20322\/revisions"}],"predecessor-version":[{"id":46392,"href":"https:\/\/all4labels.com\/es\/wp-json\/wp\/v2\/pages\/20322\/revisions\/46392"}],"wp:attachment":[{"href":"https:\/\/all4labels.com\/es\/wp-json\/wp\/v2\/media?parent=20322"}],"curies":[{"name":"wp","href":"https:\/\/api.w.org\/{rel}","templated":true}]}}