{"id":8193,"date":"2021-07-06T12:51:39","date_gmt":"2021-07-06T12:51:39","guid":{"rendered":"https:\/\/all4labels.com\/folding-boxes\/"},"modified":"2021-09-10T14:18:12","modified_gmt":"2021-09-10T14:18:12","slug":"faltschachteln","status":"publish","type":"page","link":"https:\/\/all4labels.com\/de\/produkte-2\/faltschachteln\/","title":{"rendered":"Faltschachteln"},"content":{"rendered":"<h1>Auch mit Faltschachteln,<br \/>\nentwickeln wir neue L\u00f6sungen<\/h1>\n<p><strong>Mit unseren Faltschachteln und Multipacks, die auch f\u00fcr den Erstkontakt mit trockenen Lebensmitteln geeignet sind, verleihen wir Produkten Wertigkeit und Regalattraktivit\u00e4t. Dar\u00fcber hinaus bieten wir spezielle Veredelungen wie konventionellen und UV-Druck, Pr\u00e4gung und Hei\u00dffolie an.<\/strong><\/p>\n","protected":false},"excerpt":{"rendered":"<p>Auch mit Faltschachteln, entwickeln wir neue L\u00f6sungen Mit unseren Faltschachteln und Multipacks, die auch f\u00fcr den Erstkontakt mit trockenen Lebensmitteln geeignet sind, verleihen wir Produkten Wertigkeit und Regalattraktivit\u00e4t. Dar\u00fcber hinaus [&hellip;]<\/p>\n","protected":false},"author":10,"featured_media":25603,"parent":37959,"menu_order":0,"comment_status":"closed","ping_status":"closed","template":"page-folding-landing.php","meta":{"_acf_changed":false,"footnotes":""},"class_list":["post-8193","page","type-page","status-publish","has-post-thumbnail","hentry"],"acf":[],"yoast_head":"<!-- This site is optimized with the Yoast SEO plugin v24.2 - https:\/\/yoast.com\/wordpress\/plugins\/seo\/ -->\n<title>Faltschachteln - All4Labels Global Packaging Group \u2013 Connecting brands and consumers<\/title>\n<meta name=\"robots\" content=\"index, follow, max-snippet:-1, max-image-preview:large, max-video-preview:-1\" \/>\n<link rel=\"canonical\" href=\"https:\/\/all4labels.com\/de\/produkte-2-old\/faltschachteln\/\" \/>\n<meta property=\"og:locale\" content=\"de_DE\" \/>\n<meta property=\"og:type\" content=\"article\" \/>\n<meta property=\"og:title\" content=\"Faltschachteln - All4Labels Global Packaging Group \u2013 Connecting brands and consumers\" \/>\n<meta property=\"og:description\" content=\"Auch mit Faltschachteln, entwickeln wir neue L\u00f6sungen Mit unseren Faltschachteln und Multipacks, die auch f\u00fcr den Erstkontakt mit trockenen Lebensmitteln geeignet sind, verleihen wir Produkten Wertigkeit und Regalattraktivit\u00e4t. Dar\u00fcber hinaus [&hellip;]\" \/>\n<meta property=\"og:url\" content=\"https:\/\/all4labels.com\/de\/produkte-2-old\/faltschachteln\/\" \/>\n<meta property=\"og:site_name\" content=\"All4Labels Global Packaging Group \u2013 Connecting brands and consumers\" \/>\n<meta property=\"article:modified_time\" content=\"2021-09-10T14:18:12+00:00\" \/>\n<meta property=\"og:image\" content=\"https:\/\/all4labels.com\/wp-content\/uploads\/2021\/07\/A4L_Foldingbox_header-scaled.jpg\" \/>\n\t<meta property=\"og:image:width\" content=\"2560\" \/>\n\t<meta property=\"og:image:height\" content=\"1422\" \/>\n\t<meta property=\"og:image:type\" content=\"image\/jpeg\" \/>\n<meta name=\"twitter:card\" content=\"summary_large_image\" \/>\n<script type=\"application\/ld+json\" class=\"yoast-schema-graph\">{\"@context\":\"https:\/\/schema.org\",\"@graph\":[{\"@type\":\"WebPage\",\"@id\":\"https:\/\/all4labels.com\/de\/produkte-2-old\/faltschachteln\/\",\"url\":\"https:\/\/all4labels.com\/de\/produkte-2-old\/faltschachteln\/\",\"name\":\"Faltschachteln - All4Labels Global Packaging Group \u2013 Connecting brands and consumers\",\"isPartOf\":{\"@id\":\"https:\/\/all4labels.com\/#website\"},\"primaryImageOfPage\":{\"@id\":\"https:\/\/all4labels.com\/de\/produkte-2-old\/faltschachteln\/#primaryimage\"},\"image\":{\"@id\":\"https:\/\/all4labels.com\/de\/produkte-2-old\/faltschachteln\/#primaryimage\"},\"thumbnailUrl\":\"https:\/\/all4labels.com\/wp-content\/uploads\/2021\/07\/A4L_Foldingbox_header-scaled.jpg\",\"datePublished\":\"2021-07-06T12:51:39+00:00\",\"dateModified\":\"2021-09-10T14:18:12+00:00\",\"breadcrumb\":{\"@id\":\"https:\/\/all4labels.com\/de\/produkte-2-old\/faltschachteln\/#breadcrumb\"},\"inLanguage\":\"de\",\"potentialAction\":[{\"@type\":\"ReadAction\",\"target\":[\"https:\/\/all4labels.com\/de\/produkte-2-old\/faltschachteln\/\"]}]},{\"@type\":\"ImageObject\",\"inLanguage\":\"de\",\"@id\":\"https:\/\/all4labels.com\/de\/produkte-2-old\/faltschachteln\/#primaryimage\",\"url\":\"https:\/\/all4labels.com\/wp-content\/uploads\/2021\/07\/A4L_Foldingbox_header-scaled.jpg\",\"contentUrl\":\"https:\/\/all4labels.com\/wp-content\/uploads\/2021\/07\/A4L_Foldingbox_header-scaled.jpg\",\"width\":2560,\"height\":1422},{\"@type\":\"BreadcrumbList\",\"@id\":\"https:\/\/all4labels.com\/de\/produkte-2-old\/faltschachteln\/#breadcrumb\",\"itemListElement\":[{\"@type\":\"ListItem\",\"position\":1,\"name\":\"Home\",\"item\":\"https:\/\/all4labels.com\/de\/\"},{\"@type\":\"ListItem\",\"position\":2,\"name\":\"Produkte\",\"item\":\"https:\/\/all4labels.com\/de\/produkte-2-old\/\"},{\"@type\":\"ListItem\",\"position\":3,\"name\":\"Faltschachteln\"}]},{\"@type\":\"WebSite\",\"@id\":\"https:\/\/all4labels.com\/#website\",\"url\":\"https:\/\/all4labels.com\/\",\"name\":\"All4Labels Global Packaging Group \u2013 Connecting brands and consumers\",\"description\":\"\",\"publisher\":{\"@id\":\"https:\/\/all4labels.com\/#organization\"},\"potentialAction\":[{\"@type\":\"SearchAction\",\"target\":{\"@type\":\"EntryPoint\",\"urlTemplate\":\"https:\/\/all4labels.com\/?s={search_term_string}\"},\"query-input\":{\"@type\":\"PropertyValueSpecification\",\"valueRequired\":true,\"valueName\":\"search_term_string\"}}],\"inLanguage\":\"de\"},{\"@type\":\"Organization\",\"@id\":\"https:\/\/all4labels.com\/#organization\",\"name\":\"All4Labels Global Packaging Group \u2013 Connecting brands and consumers\",\"url\":\"https:\/\/all4labels.com\/\",\"logo\":{\"@type\":\"ImageObject\",\"inLanguage\":\"de\",\"@id\":\"https:\/\/all4labels.com\/#\/schema\/logo\/image\/\",\"url\":\"https:\/\/all4labels.com\/wp-content\/uploads\/2020\/02\/all4labels-white.svg\",\"contentUrl\":\"https:\/\/all4labels.com\/wp-content\/uploads\/2020\/02\/all4labels-white.svg\",\"caption\":\"All4Labels Global Packaging Group \u2013 Connecting brands and consumers\"},\"image\":{\"@id\":\"https:\/\/all4labels.com\/#\/schema\/logo\/image\/\"}}]}<\/script>\n<!-- \/ Yoast SEO plugin. -->","yoast_head_json":{"title":"Faltschachteln - All4Labels Global Packaging Group \u2013 Connecting brands and consumers","robots":{"index":"index","follow":"follow","max-snippet":"max-snippet:-1","max-image-preview":"max-image-preview:large","max-video-preview":"max-video-preview:-1"},"canonical":"https:\/\/all4labels.com\/de\/produkte-2-old\/faltschachteln\/","og_locale":"de_DE","og_type":"article","og_title":"Faltschachteln - All4Labels Global Packaging Group \u2013 Connecting brands and consumers","og_description":"Auch mit Faltschachteln, entwickeln wir neue L\u00f6sungen Mit unseren Faltschachteln und Multipacks, die auch f\u00fcr den Erstkontakt mit trockenen Lebensmitteln geeignet sind, verleihen wir Produkten Wertigkeit und Regalattraktivit\u00e4t. Dar\u00fcber hinaus [&hellip;]","og_url":"https:\/\/all4labels.com\/de\/produkte-2-old\/faltschachteln\/","og_site_name":"All4Labels Global Packaging Group \u2013 Connecting brands and consumers","article_modified_time":"2021-09-10T14:18:12+00:00","og_image":[{"width":2560,"height":1422,"url":"https:\/\/all4labels.com\/wp-content\/uploads\/2021\/07\/A4L_Foldingbox_header-scaled.jpg","type":"image\/jpeg"}],"twitter_card":"summary_large_image","schema":{"@context":"https:\/\/schema.org","@graph":[{"@type":"WebPage","@id":"https:\/\/all4labels.com\/de\/produkte-2-old\/faltschachteln\/","url":"https:\/\/all4labels.com\/de\/produkte-2-old\/faltschachteln\/","name":"Faltschachteln - All4Labels Global Packaging Group \u2013 Connecting brands and consumers","isPartOf":{"@id":"https:\/\/all4labels.com\/#website"},"primaryImageOfPage":{"@id":"https:\/\/all4labels.com\/de\/produkte-2-old\/faltschachteln\/#primaryimage"},"image":{"@id":"https:\/\/all4labels.com\/de\/produkte-2-old\/faltschachteln\/#primaryimage"},"thumbnailUrl":"https:\/\/all4labels.com\/wp-content\/uploads\/2021\/07\/A4L_Foldingbox_header-scaled.jpg","datePublished":"2021-07-06T12:51:39+00:00","dateModified":"2021-09-10T14:18:12+00:00","breadcrumb":{"@id":"https:\/\/all4labels.com\/de\/produkte-2-old\/faltschachteln\/#breadcrumb"},"inLanguage":"de","potentialAction":[{"@type":"ReadAction","target":["https:\/\/all4labels.com\/de\/produkte-2-old\/faltschachteln\/"]}]},{"@type":"ImageObject","inLanguage":"de","@id":"https:\/\/all4labels.com\/de\/produkte-2-old\/faltschachteln\/#primaryimage","url":"https:\/\/all4labels.com\/wp-content\/uploads\/2021\/07\/A4L_Foldingbox_header-scaled.jpg","contentUrl":"https:\/\/all4labels.com\/wp-content\/uploads\/2021\/07\/A4L_Foldingbox_header-scaled.jpg","width":2560,"height":1422},{"@type":"BreadcrumbList","@id":"https:\/\/all4labels.com\/de\/produkte-2-old\/faltschachteln\/#breadcrumb","itemListElement":[{"@type":"ListItem","position":1,"name":"Home","item":"https:\/\/all4labels.com\/de\/"},{"@type":"ListItem","position":2,"name":"Produkte","item":"https:\/\/all4labels.com\/de\/produkte-2-old\/"},{"@type":"ListItem","position":3,"name":"Faltschachteln"}]},{"@type":"WebSite","@id":"https:\/\/all4labels.com\/#website","url":"https:\/\/all4labels.com\/","name":"All4Labels Global Packaging Group \u2013 Connecting brands and consumers","description":"","publisher":{"@id":"https:\/\/all4labels.com\/#organization"},"potentialAction":[{"@type":"SearchAction","target":{"@type":"EntryPoint","urlTemplate":"https:\/\/all4labels.com\/?s={search_term_string}"},"query-input":{"@type":"PropertyValueSpecification","valueRequired":true,"valueName":"search_term_string"}}],"inLanguage":"de"},{"@type":"Organization","@id":"https:\/\/all4labels.com\/#organization","name":"All4Labels Global Packaging Group \u2013 Connecting brands and consumers","url":"https:\/\/all4labels.com\/","logo":{"@type":"ImageObject","inLanguage":"de","@id":"https:\/\/all4labels.com\/#\/schema\/logo\/image\/","url":"https:\/\/all4labels.com\/wp-content\/uploads\/2020\/02\/all4labels-white.svg","contentUrl":"https:\/\/all4labels.com\/wp-content\/uploads\/2020\/02\/all4labels-white.svg","caption":"All4Labels Global Packaging Group \u2013 Connecting brands and consumers"},"image":{"@id":"https:\/\/all4labels.com\/#\/schema\/logo\/image\/"}}]}},"_links":{"self":[{"href":"https:\/\/all4labels.com\/de\/wp-json\/wp\/v2\/pages\/8193","targetHints":{"allow":["GET"]}}],"collection":[{"href":"https:\/\/all4labels.com\/de\/wp-json\/wp\/v2\/pages"}],"about":[{"href":"https:\/\/all4labels.com\/de\/wp-json\/wp\/v2\/types\/page"}],"author":[{"embeddable":true,"href":"https:\/\/all4labels.com\/de\/wp-json\/wp\/v2\/users\/10"}],"replies":[{"embeddable":true,"href":"https:\/\/all4labels.com\/de\/wp-json\/wp\/v2\/comments?post=8193"}],"version-history":[{"count":0,"href":"https:\/\/all4labels.com\/de\/wp-json\/wp\/v2\/pages\/8193\/revisions"}],"up":[{"embeddable":true,"href":"https:\/\/all4labels.com\/de\/wp-json\/wp\/v2\/pages\/37959"}],"wp:featuredmedia":[{"embeddable":true,"href":"https:\/\/all4labels.com\/de\/wp-json\/wp\/v2\/media\/25603"}],"wp:attachment":[{"href":"https:\/\/all4labels.com\/de\/wp-json\/wp\/v2\/media?parent=8193"}],"curies":[{"name":"wp","href":"https:\/\/api.w.org\/{rel}","templated":true}]}}