{"id":5892,"date":"2021-02-23T10:33:59","date_gmt":"2021-02-23T10:33:59","guid":{"rendered":"https:\/\/all4labels.com\/?page_id=5892\/"},"modified":"2026-03-27T14:40:06","modified_gmt":"2026-03-27T14:40:06","slug":"personal-care","status":"publish","type":"page","link":"https:\/\/all4labels.com\/de\/maerkte\/personal-care\/","title":{"rendered":"Personal Care"},"content":{"rendered":"<h6>MARKT\u00dcBERSICHT<\/h6>\n<h1>Kosmetik und K\u00f6rperpflege<\/h1>\n<p>Versch\u00f6nerung, Stil, \u00c4sthetik und Pflege \u2013 darauf sind die Etiketten und Verpackungsl\u00f6sungen f\u00fcr K\u00f6rperpflegeprodukte ausgelegt, denn die Produkte versprechen, die Verbraucher zu verw\u00f6hnen, damit sie sich besser f\u00fchlen und aussehen.<br \/>\nUm dies zu verwirklichen, bieten wir eine breite Palette von Verpackungsl\u00f6sungen mit auff\u00e4lligen Designs, hochwertigen Materialien und Veredelungen an, damit Ihr Produkt die Blicke auf sich zieht, gleichzeitig Ihre Produktbotschaft vermittelt und sich von der \u00fcberw\u00e4ltigenden Anzahl von Produkten in den Regalen abhebt.<\/p>\n","protected":false},"excerpt":{"rendered":"<p>MARKT\u00dcBERSICHT Kosmetik und K\u00f6rperpflege Versch\u00f6nerung, Stil, \u00c4sthetik und Pflege \u2013 darauf sind die Etiketten und Verpackungsl\u00f6sungen f\u00fcr K\u00f6rperpflegeprodukte ausgelegt, denn die Produkte versprechen, die Verbraucher zu verw\u00f6hnen, damit sie sich [&hellip;]<\/p>\n","protected":false},"author":1,"featured_media":24775,"parent":3768,"menu_order":0,"comment_status":"closed","ping_status":"closed","template":"page-personal-care-landing.php","meta":{"_acf_changed":false,"footnotes":""},"class_list":["post-5892","page","type-page","status-publish","has-post-thumbnail","hentry"],"acf":[],"yoast_head":"<!-- This site is optimized with the Yoast SEO plugin v24.2 - https:\/\/yoast.com\/wordpress\/plugins\/seo\/ -->\n<title>Personal Care - All4Labels Global Packaging Group \u2013 Connecting brands and consumers<\/title>\n<meta name=\"robots\" content=\"index, follow, max-snippet:-1, max-image-preview:large, max-video-preview:-1\" \/>\n<link rel=\"canonical\" href=\"https:\/\/all4labels.com\/de\/maerkte\/personal-care\/\" \/>\n<meta property=\"og:locale\" content=\"de_DE\" \/>\n<meta property=\"og:type\" content=\"article\" \/>\n<meta property=\"og:title\" content=\"Personal Care - All4Labels Global Packaging Group \u2013 Connecting brands and consumers\" \/>\n<meta property=\"og:description\" content=\"MARKT\u00dcBERSICHT Kosmetik und K\u00f6rperpflege Versch\u00f6nerung, Stil, \u00c4sthetik und Pflege \u2013 darauf sind die Etiketten und Verpackungsl\u00f6sungen f\u00fcr K\u00f6rperpflegeprodukte ausgelegt, denn die Produkte versprechen, die Verbraucher zu verw\u00f6hnen, damit sie sich [&hellip;]\" \/>\n<meta property=\"og:url\" content=\"https:\/\/all4labels.com\/de\/maerkte\/personal-care\/\" \/>\n<meta property=\"og:site_name\" content=\"All4Labels Global Packaging Group \u2013 Connecting brands and consumers\" \/>\n<meta property=\"article:modified_time\" content=\"2026-03-27T14:40:06+00:00\" \/>\n<meta property=\"og:image\" content=\"https:\/\/all4labels.com\/wp-content\/uploads\/2021\/02\/personalcare_header.jpg\" \/>\n\t<meta property=\"og:image:width\" content=\"2400\" \/>\n\t<meta property=\"og:image:height\" content=\"1600\" \/>\n\t<meta property=\"og:image:type\" content=\"image\/jpeg\" \/>\n<meta name=\"twitter:card\" content=\"summary_large_image\" \/>\n<meta name=\"twitter:label1\" content=\"Gesch\u00e4tzte Lesezeit\" \/>\n\t<meta name=\"twitter:data1\" content=\"1 Minute\" \/>\n<script type=\"application\/ld+json\" class=\"yoast-schema-graph\">{\"@context\":\"https:\/\/schema.org\",\"@graph\":[{\"@type\":\"WebPage\",\"@id\":\"https:\/\/all4labels.com\/de\/maerkte\/personal-care\/\",\"url\":\"https:\/\/all4labels.com\/de\/maerkte\/personal-care\/\",\"name\":\"Personal Care - All4Labels Global Packaging Group \u2013 Connecting brands and consumers\",\"isPartOf\":{\"@id\":\"https:\/\/all4labels.com\/#website\"},\"primaryImageOfPage\":{\"@id\":\"https:\/\/all4labels.com\/de\/maerkte\/personal-care\/#primaryimage\"},\"image\":{\"@id\":\"https:\/\/all4labels.com\/de\/maerkte\/personal-care\/#primaryimage\"},\"thumbnailUrl\":\"https:\/\/all4labels.com\/wp-content\/uploads\/2021\/02\/personalcare_header.jpg\",\"datePublished\":\"2021-02-23T10:33:59+00:00\",\"dateModified\":\"2026-03-27T14:40:06+00:00\",\"breadcrumb\":{\"@id\":\"https:\/\/all4labels.com\/de\/maerkte\/personal-care\/#breadcrumb\"},\"inLanguage\":\"de\",\"potentialAction\":[{\"@type\":\"ReadAction\",\"target\":[\"https:\/\/all4labels.com\/de\/maerkte\/personal-care\/\"]}]},{\"@type\":\"ImageObject\",\"inLanguage\":\"de\",\"@id\":\"https:\/\/all4labels.com\/de\/maerkte\/personal-care\/#primaryimage\",\"url\":\"https:\/\/all4labels.com\/wp-content\/uploads\/2021\/02\/personalcare_header.jpg\",\"contentUrl\":\"https:\/\/all4labels.com\/wp-content\/uploads\/2021\/02\/personalcare_header.jpg\",\"width\":2400,\"height\":1600},{\"@type\":\"BreadcrumbList\",\"@id\":\"https:\/\/all4labels.com\/de\/maerkte\/personal-care\/#breadcrumb\",\"itemListElement\":[{\"@type\":\"ListItem\",\"position\":1,\"name\":\"Home\",\"item\":\"https:\/\/all4labels.com\/de\/\"},{\"@type\":\"ListItem\",\"position\":2,\"name\":\"Markets\",\"item\":\"https:\/\/all4labels.com\/de\/maerkte\/\"},{\"@type\":\"ListItem\",\"position\":3,\"name\":\"Personal Care\"}]},{\"@type\":\"WebSite\",\"@id\":\"https:\/\/all4labels.com\/#website\",\"url\":\"https:\/\/all4labels.com\/\",\"name\":\"All4Labels Global Packaging Group \u2013 Connecting brands and consumers\",\"description\":\"\",\"publisher\":{\"@id\":\"https:\/\/all4labels.com\/#organization\"},\"potentialAction\":[{\"@type\":\"SearchAction\",\"target\":{\"@type\":\"EntryPoint\",\"urlTemplate\":\"https:\/\/all4labels.com\/?s={search_term_string}\"},\"query-input\":{\"@type\":\"PropertyValueSpecification\",\"valueRequired\":true,\"valueName\":\"search_term_string\"}}],\"inLanguage\":\"de\"},{\"@type\":\"Organization\",\"@id\":\"https:\/\/all4labels.com\/#organization\",\"name\":\"All4Labels Global Packaging Group \u2013 Connecting brands and consumers\",\"url\":\"https:\/\/all4labels.com\/\",\"logo\":{\"@type\":\"ImageObject\",\"inLanguage\":\"de\",\"@id\":\"https:\/\/all4labels.com\/#\/schema\/logo\/image\/\",\"url\":\"https:\/\/all4labels.com\/wp-content\/uploads\/2020\/02\/all4labels-white.svg\",\"contentUrl\":\"https:\/\/all4labels.com\/wp-content\/uploads\/2020\/02\/all4labels-white.svg\",\"caption\":\"All4Labels Global Packaging Group \u2013 Connecting brands and consumers\"},\"image\":{\"@id\":\"https:\/\/all4labels.com\/#\/schema\/logo\/image\/\"}}]}<\/script>\n<!-- \/ Yoast SEO plugin. -->","yoast_head_json":{"title":"Personal Care - All4Labels Global Packaging Group \u2013 Connecting brands and consumers","robots":{"index":"index","follow":"follow","max-snippet":"max-snippet:-1","max-image-preview":"max-image-preview:large","max-video-preview":"max-video-preview:-1"},"canonical":"https:\/\/all4labels.com\/de\/maerkte\/personal-care\/","og_locale":"de_DE","og_type":"article","og_title":"Personal Care - All4Labels Global Packaging Group \u2013 Connecting brands and consumers","og_description":"MARKT\u00dcBERSICHT Kosmetik und K\u00f6rperpflege Versch\u00f6nerung, Stil, \u00c4sthetik und Pflege \u2013 darauf sind die Etiketten und Verpackungsl\u00f6sungen f\u00fcr K\u00f6rperpflegeprodukte ausgelegt, denn die Produkte versprechen, die Verbraucher zu verw\u00f6hnen, damit sie sich [&hellip;]","og_url":"https:\/\/all4labels.com\/de\/maerkte\/personal-care\/","og_site_name":"All4Labels Global Packaging Group \u2013 Connecting brands and consumers","article_modified_time":"2026-03-27T14:40:06+00:00","og_image":[{"width":2400,"height":1600,"url":"https:\/\/all4labels.com\/wp-content\/uploads\/2021\/02\/personalcare_header.jpg","type":"image\/jpeg"}],"twitter_card":"summary_large_image","twitter_misc":{"Gesch\u00e4tzte Lesezeit":"1 Minute"},"schema":{"@context":"https:\/\/schema.org","@graph":[{"@type":"WebPage","@id":"https:\/\/all4labels.com\/de\/maerkte\/personal-care\/","url":"https:\/\/all4labels.com\/de\/maerkte\/personal-care\/","name":"Personal Care - All4Labels Global Packaging Group \u2013 Connecting brands and consumers","isPartOf":{"@id":"https:\/\/all4labels.com\/#website"},"primaryImageOfPage":{"@id":"https:\/\/all4labels.com\/de\/maerkte\/personal-care\/#primaryimage"},"image":{"@id":"https:\/\/all4labels.com\/de\/maerkte\/personal-care\/#primaryimage"},"thumbnailUrl":"https:\/\/all4labels.com\/wp-content\/uploads\/2021\/02\/personalcare_header.jpg","datePublished":"2021-02-23T10:33:59+00:00","dateModified":"2026-03-27T14:40:06+00:00","breadcrumb":{"@id":"https:\/\/all4labels.com\/de\/maerkte\/personal-care\/#breadcrumb"},"inLanguage":"de","potentialAction":[{"@type":"ReadAction","target":["https:\/\/all4labels.com\/de\/maerkte\/personal-care\/"]}]},{"@type":"ImageObject","inLanguage":"de","@id":"https:\/\/all4labels.com\/de\/maerkte\/personal-care\/#primaryimage","url":"https:\/\/all4labels.com\/wp-content\/uploads\/2021\/02\/personalcare_header.jpg","contentUrl":"https:\/\/all4labels.com\/wp-content\/uploads\/2021\/02\/personalcare_header.jpg","width":2400,"height":1600},{"@type":"BreadcrumbList","@id":"https:\/\/all4labels.com\/de\/maerkte\/personal-care\/#breadcrumb","itemListElement":[{"@type":"ListItem","position":1,"name":"Home","item":"https:\/\/all4labels.com\/de\/"},{"@type":"ListItem","position":2,"name":"Markets","item":"https:\/\/all4labels.com\/de\/maerkte\/"},{"@type":"ListItem","position":3,"name":"Personal Care"}]},{"@type":"WebSite","@id":"https:\/\/all4labels.com\/#website","url":"https:\/\/all4labels.com\/","name":"All4Labels Global Packaging Group \u2013 Connecting brands and consumers","description":"","publisher":{"@id":"https:\/\/all4labels.com\/#organization"},"potentialAction":[{"@type":"SearchAction","target":{"@type":"EntryPoint","urlTemplate":"https:\/\/all4labels.com\/?s={search_term_string}"},"query-input":{"@type":"PropertyValueSpecification","valueRequired":true,"valueName":"search_term_string"}}],"inLanguage":"de"},{"@type":"Organization","@id":"https:\/\/all4labels.com\/#organization","name":"All4Labels Global Packaging Group \u2013 Connecting brands and consumers","url":"https:\/\/all4labels.com\/","logo":{"@type":"ImageObject","inLanguage":"de","@id":"https:\/\/all4labels.com\/#\/schema\/logo\/image\/","url":"https:\/\/all4labels.com\/wp-content\/uploads\/2020\/02\/all4labels-white.svg","contentUrl":"https:\/\/all4labels.com\/wp-content\/uploads\/2020\/02\/all4labels-white.svg","caption":"All4Labels Global Packaging Group \u2013 Connecting brands and consumers"},"image":{"@id":"https:\/\/all4labels.com\/#\/schema\/logo\/image\/"}}]}},"_links":{"self":[{"href":"https:\/\/all4labels.com\/de\/wp-json\/wp\/v2\/pages\/5892","targetHints":{"allow":["GET"]}}],"collection":[{"href":"https:\/\/all4labels.com\/de\/wp-json\/wp\/v2\/pages"}],"about":[{"href":"https:\/\/all4labels.com\/de\/wp-json\/wp\/v2\/types\/page"}],"author":[{"embeddable":true,"href":"https:\/\/all4labels.com\/de\/wp-json\/wp\/v2\/users\/1"}],"replies":[{"embeddable":true,"href":"https:\/\/all4labels.com\/de\/wp-json\/wp\/v2\/comments?post=5892"}],"version-history":[{"count":8,"href":"https:\/\/all4labels.com\/de\/wp-json\/wp\/v2\/pages\/5892\/revisions"}],"predecessor-version":[{"id":46177,"href":"https:\/\/all4labels.com\/de\/wp-json\/wp\/v2\/pages\/5892\/revisions\/46177"}],"up":[{"embeddable":true,"href":"https:\/\/all4labels.com\/de\/wp-json\/wp\/v2\/pages\/3768"}],"wp:featuredmedia":[{"embeddable":true,"href":"https:\/\/all4labels.com\/de\/wp-json\/wp\/v2\/media\/24775"}],"wp:attachment":[{"href":"https:\/\/all4labels.com\/de\/wp-json\/wp\/v2\/media?parent=5892"}],"curies":[{"name":"wp","href":"https:\/\/api.w.org\/{rel}","templated":true}]}}