{"id":5628,"date":"2021-01-15T13:16:35","date_gmt":"2021-01-15T13:16:35","guid":{"rendered":"https:\/\/all4labels.com\/maerkte\/wine-spirits\/"},"modified":"2024-07-15T11:31:01","modified_gmt":"2024-07-15T11:31:01","slug":"wein-spirituosen","status":"publish","type":"page","link":"https:\/\/all4labels.com\/de\/maerkte\/wein-spirituosen\/","title":{"rendered":"Markets \u2013 Wine and Spirits"},"content":{"rendered":"<h6>MARKT\u00dcBERSICHT<\/h6>\n<h1>Wein &amp; Spirituosen<\/h1>\n<p>Das Etikettendesign ist ein wichtiger Kauftreiber im zunehmend umk\u00e4mpften Wein- und Spirituosenmarkt. Die Macht der Optik beim Storytelling ist unbestreitbar. Visuelle Inhalte k\u00f6nnen Sprachbarrieren \u00fcberwinden, komplexe Botschaften vermitteln und eine unmittelbare Reaktion beim Kunden hervorrufen. Verpackungen bieten eine neue Plattform f\u00fcr die Interaktion mit dem Endkunden sowie f\u00fcr innovative technologische L\u00f6sungen, um schnell auf Branchentrends zu reagieren.<\/p>\n","protected":false},"excerpt":{"rendered":"<p>MARKT\u00dcBERSICHT Wein &amp; Spirituosen Das Etikettendesign ist ein wichtiger Kauftreiber im zunehmend umk\u00e4mpften Wein- und Spirituosenmarkt. Die Macht der Optik beim Storytelling ist unbestreitbar. Visuelle Inhalte k\u00f6nnen Sprachbarrieren \u00fcberwinden, komplexe [&hellip;]<\/p>\n","protected":false},"author":10,"featured_media":24075,"parent":3768,"menu_order":0,"comment_status":"closed","ping_status":"closed","template":"page-markets-wine-landing.php","meta":{"_acf_changed":false,"footnotes":""},"class_list":["post-5628","page","type-page","status-publish","has-post-thumbnail","hentry"],"acf":[],"yoast_head":"<!-- This site is optimized with the Yoast SEO plugin v24.2 - https:\/\/yoast.com\/wordpress\/plugins\/seo\/ -->\n<title>Markets \u2013 Wine and Spirits - All4Labels Global Packaging Group \u2013 Connecting brands and consumers<\/title>\n<meta name=\"robots\" content=\"index, follow, max-snippet:-1, max-image-preview:large, max-video-preview:-1\" \/>\n<link rel=\"canonical\" href=\"https:\/\/all4labels.com\/de\/maerkte\/wein-spirituosen\/\" \/>\n<meta property=\"og:locale\" content=\"de_DE\" \/>\n<meta property=\"og:type\" content=\"article\" \/>\n<meta property=\"og:title\" content=\"Markets \u2013 Wine and Spirits - All4Labels Global Packaging Group \u2013 Connecting brands and consumers\" \/>\n<meta property=\"og:description\" content=\"MARKT\u00dcBERSICHT Wein &amp; Spirituosen Das Etikettendesign ist ein wichtiger Kauftreiber im zunehmend umk\u00e4mpften Wein- und Spirituosenmarkt. Die Macht der Optik beim Storytelling ist unbestreitbar. Visuelle Inhalte k\u00f6nnen Sprachbarrieren \u00fcberwinden, komplexe [&hellip;]\" \/>\n<meta property=\"og:url\" content=\"https:\/\/all4labels.com\/de\/maerkte\/wein-spirituosen\/\" \/>\n<meta property=\"og:site_name\" content=\"All4Labels Global Packaging Group \u2013 Connecting brands and consumers\" \/>\n<meta property=\"article:modified_time\" content=\"2024-07-15T11:31:01+00:00\" \/>\n<meta property=\"og:image\" content=\"https:\/\/all4labels.com\/wp-content\/uploads\/2021\/01\/wineandspirits1.jpg\" \/>\n\t<meta property=\"og:image:width\" content=\"1920\" \/>\n\t<meta property=\"og:image:height\" content=\"1280\" \/>\n\t<meta property=\"og:image:type\" content=\"image\/jpeg\" \/>\n<meta name=\"twitter:card\" content=\"summary_large_image\" \/>\n<meta name=\"twitter:label1\" content=\"Gesch\u00e4tzte Lesezeit\" \/>\n\t<meta name=\"twitter:data1\" content=\"1 Minute\" \/>\n<script type=\"application\/ld+json\" class=\"yoast-schema-graph\">{\"@context\":\"https:\/\/schema.org\",\"@graph\":[{\"@type\":\"WebPage\",\"@id\":\"https:\/\/all4labels.com\/de\/maerkte\/wein-spirituosen\/\",\"url\":\"https:\/\/all4labels.com\/de\/maerkte\/wein-spirituosen\/\",\"name\":\"Markets \u2013 Wine and Spirits - All4Labels Global Packaging Group \u2013 Connecting brands and consumers\",\"isPartOf\":{\"@id\":\"https:\/\/all4labels.com\/#website\"},\"primaryImageOfPage\":{\"@id\":\"https:\/\/all4labels.com\/de\/maerkte\/wein-spirituosen\/#primaryimage\"},\"image\":{\"@id\":\"https:\/\/all4labels.com\/de\/maerkte\/wein-spirituosen\/#primaryimage\"},\"thumbnailUrl\":\"https:\/\/all4labels.com\/wp-content\/uploads\/2021\/01\/wineandspirits1.jpg\",\"datePublished\":\"2021-01-15T13:16:35+00:00\",\"dateModified\":\"2024-07-15T11:31:01+00:00\",\"breadcrumb\":{\"@id\":\"https:\/\/all4labels.com\/de\/maerkte\/wein-spirituosen\/#breadcrumb\"},\"inLanguage\":\"de\",\"potentialAction\":[{\"@type\":\"ReadAction\",\"target\":[\"https:\/\/all4labels.com\/de\/maerkte\/wein-spirituosen\/\"]}]},{\"@type\":\"ImageObject\",\"inLanguage\":\"de\",\"@id\":\"https:\/\/all4labels.com\/de\/maerkte\/wein-spirituosen\/#primaryimage\",\"url\":\"https:\/\/all4labels.com\/wp-content\/uploads\/2021\/01\/wineandspirits1.jpg\",\"contentUrl\":\"https:\/\/all4labels.com\/wp-content\/uploads\/2021\/01\/wineandspirits1.jpg\",\"width\":1920,\"height\":1280},{\"@type\":\"BreadcrumbList\",\"@id\":\"https:\/\/all4labels.com\/de\/maerkte\/wein-spirituosen\/#breadcrumb\",\"itemListElement\":[{\"@type\":\"ListItem\",\"position\":1,\"name\":\"Home\",\"item\":\"https:\/\/all4labels.com\/de\/\"},{\"@type\":\"ListItem\",\"position\":2,\"name\":\"Markets\",\"item\":\"https:\/\/all4labels.com\/de\/maerkte\/\"},{\"@type\":\"ListItem\",\"position\":3,\"name\":\"Markets \u2013 Wine and Spirits\"}]},{\"@type\":\"WebSite\",\"@id\":\"https:\/\/all4labels.com\/#website\",\"url\":\"https:\/\/all4labels.com\/\",\"name\":\"All4Labels Global Packaging Group \u2013 Connecting brands and consumers\",\"description\":\"\",\"publisher\":{\"@id\":\"https:\/\/all4labels.com\/#organization\"},\"potentialAction\":[{\"@type\":\"SearchAction\",\"target\":{\"@type\":\"EntryPoint\",\"urlTemplate\":\"https:\/\/all4labels.com\/?s={search_term_string}\"},\"query-input\":{\"@type\":\"PropertyValueSpecification\",\"valueRequired\":true,\"valueName\":\"search_term_string\"}}],\"inLanguage\":\"de\"},{\"@type\":\"Organization\",\"@id\":\"https:\/\/all4labels.com\/#organization\",\"name\":\"All4Labels Global Packaging Group \u2013 Connecting brands and consumers\",\"url\":\"https:\/\/all4labels.com\/\",\"logo\":{\"@type\":\"ImageObject\",\"inLanguage\":\"de\",\"@id\":\"https:\/\/all4labels.com\/#\/schema\/logo\/image\/\",\"url\":\"https:\/\/all4labels.com\/wp-content\/uploads\/2020\/02\/all4labels-white.svg\",\"contentUrl\":\"https:\/\/all4labels.com\/wp-content\/uploads\/2020\/02\/all4labels-white.svg\",\"caption\":\"All4Labels Global Packaging Group \u2013 Connecting brands and consumers\"},\"image\":{\"@id\":\"https:\/\/all4labels.com\/#\/schema\/logo\/image\/\"}}]}<\/script>\n<!-- \/ Yoast SEO plugin. -->","yoast_head_json":{"title":"Markets \u2013 Wine and Spirits - All4Labels Global Packaging Group \u2013 Connecting brands and consumers","robots":{"index":"index","follow":"follow","max-snippet":"max-snippet:-1","max-image-preview":"max-image-preview:large","max-video-preview":"max-video-preview:-1"},"canonical":"https:\/\/all4labels.com\/de\/maerkte\/wein-spirituosen\/","og_locale":"de_DE","og_type":"article","og_title":"Markets \u2013 Wine and Spirits - All4Labels Global Packaging Group \u2013 Connecting brands and consumers","og_description":"MARKT\u00dcBERSICHT Wein &amp; Spirituosen Das Etikettendesign ist ein wichtiger Kauftreiber im zunehmend umk\u00e4mpften Wein- und Spirituosenmarkt. Die Macht der Optik beim Storytelling ist unbestreitbar. Visuelle Inhalte k\u00f6nnen Sprachbarrieren \u00fcberwinden, komplexe [&hellip;]","og_url":"https:\/\/all4labels.com\/de\/maerkte\/wein-spirituosen\/","og_site_name":"All4Labels Global Packaging Group \u2013 Connecting brands and consumers","article_modified_time":"2024-07-15T11:31:01+00:00","og_image":[{"width":1920,"height":1280,"url":"https:\/\/all4labels.com\/wp-content\/uploads\/2021\/01\/wineandspirits1.jpg","type":"image\/jpeg"}],"twitter_card":"summary_large_image","twitter_misc":{"Gesch\u00e4tzte Lesezeit":"1 Minute"},"schema":{"@context":"https:\/\/schema.org","@graph":[{"@type":"WebPage","@id":"https:\/\/all4labels.com\/de\/maerkte\/wein-spirituosen\/","url":"https:\/\/all4labels.com\/de\/maerkte\/wein-spirituosen\/","name":"Markets \u2013 Wine and Spirits - All4Labels Global Packaging Group \u2013 Connecting brands and consumers","isPartOf":{"@id":"https:\/\/all4labels.com\/#website"},"primaryImageOfPage":{"@id":"https:\/\/all4labels.com\/de\/maerkte\/wein-spirituosen\/#primaryimage"},"image":{"@id":"https:\/\/all4labels.com\/de\/maerkte\/wein-spirituosen\/#primaryimage"},"thumbnailUrl":"https:\/\/all4labels.com\/wp-content\/uploads\/2021\/01\/wineandspirits1.jpg","datePublished":"2021-01-15T13:16:35+00:00","dateModified":"2024-07-15T11:31:01+00:00","breadcrumb":{"@id":"https:\/\/all4labels.com\/de\/maerkte\/wein-spirituosen\/#breadcrumb"},"inLanguage":"de","potentialAction":[{"@type":"ReadAction","target":["https:\/\/all4labels.com\/de\/maerkte\/wein-spirituosen\/"]}]},{"@type":"ImageObject","inLanguage":"de","@id":"https:\/\/all4labels.com\/de\/maerkte\/wein-spirituosen\/#primaryimage","url":"https:\/\/all4labels.com\/wp-content\/uploads\/2021\/01\/wineandspirits1.jpg","contentUrl":"https:\/\/all4labels.com\/wp-content\/uploads\/2021\/01\/wineandspirits1.jpg","width":1920,"height":1280},{"@type":"BreadcrumbList","@id":"https:\/\/all4labels.com\/de\/maerkte\/wein-spirituosen\/#breadcrumb","itemListElement":[{"@type":"ListItem","position":1,"name":"Home","item":"https:\/\/all4labels.com\/de\/"},{"@type":"ListItem","position":2,"name":"Markets","item":"https:\/\/all4labels.com\/de\/maerkte\/"},{"@type":"ListItem","position":3,"name":"Markets \u2013 Wine and Spirits"}]},{"@type":"WebSite","@id":"https:\/\/all4labels.com\/#website","url":"https:\/\/all4labels.com\/","name":"All4Labels Global Packaging Group \u2013 Connecting brands and consumers","description":"","publisher":{"@id":"https:\/\/all4labels.com\/#organization"},"potentialAction":[{"@type":"SearchAction","target":{"@type":"EntryPoint","urlTemplate":"https:\/\/all4labels.com\/?s={search_term_string}"},"query-input":{"@type":"PropertyValueSpecification","valueRequired":true,"valueName":"search_term_string"}}],"inLanguage":"de"},{"@type":"Organization","@id":"https:\/\/all4labels.com\/#organization","name":"All4Labels Global Packaging Group \u2013 Connecting brands and consumers","url":"https:\/\/all4labels.com\/","logo":{"@type":"ImageObject","inLanguage":"de","@id":"https:\/\/all4labels.com\/#\/schema\/logo\/image\/","url":"https:\/\/all4labels.com\/wp-content\/uploads\/2020\/02\/all4labels-white.svg","contentUrl":"https:\/\/all4labels.com\/wp-content\/uploads\/2020\/02\/all4labels-white.svg","caption":"All4Labels Global Packaging Group \u2013 Connecting brands and consumers"},"image":{"@id":"https:\/\/all4labels.com\/#\/schema\/logo\/image\/"}}]}},"_links":{"self":[{"href":"https:\/\/all4labels.com\/de\/wp-json\/wp\/v2\/pages\/5628","targetHints":{"allow":["GET"]}}],"collection":[{"href":"https:\/\/all4labels.com\/de\/wp-json\/wp\/v2\/pages"}],"about":[{"href":"https:\/\/all4labels.com\/de\/wp-json\/wp\/v2\/types\/page"}],"author":[{"embeddable":true,"href":"https:\/\/all4labels.com\/de\/wp-json\/wp\/v2\/users\/10"}],"replies":[{"embeddable":true,"href":"https:\/\/all4labels.com\/de\/wp-json\/wp\/v2\/comments?post=5628"}],"version-history":[{"count":1,"href":"https:\/\/all4labels.com\/de\/wp-json\/wp\/v2\/pages\/5628\/revisions"}],"predecessor-version":[{"id":41394,"href":"https:\/\/all4labels.com\/de\/wp-json\/wp\/v2\/pages\/5628\/revisions\/41394"}],"up":[{"embeddable":true,"href":"https:\/\/all4labels.com\/de\/wp-json\/wp\/v2\/pages\/3768"}],"wp:featuredmedia":[{"embeddable":true,"href":"https:\/\/all4labels.com\/de\/wp-json\/wp\/v2\/media\/24075"}],"wp:attachment":[{"href":"https:\/\/all4labels.com\/de\/wp-json\/wp\/v2\/media?parent=5628"}],"curies":[{"name":"wp","href":"https:\/\/api.w.org\/{rel}","templated":true}]}}