{"id":3768,"date":"2020-02-03T09:02:00","date_gmt":"2020-02-03T09:02:00","guid":{"rendered":"https:\/\/all4labels.com\/markets\/"},"modified":"2025-07-11T14:30:02","modified_gmt":"2025-07-11T14:30:02","slug":"maerkte","status":"publish","type":"page","link":"https:\/\/all4labels.com\/de\/maerkte\/","title":{"rendered":"Markets"},"content":{"rendered":"<h1>Bereit f\u00fcr jede<br \/>\nHerausforderung<\/h1>\n<p><strong>Als zuverl\u00e4ssiger Partner haben wir es uns zur Aufgabe gemacht, individuelle und innovative L\u00f6sungen zu schaffen, um den sich st\u00e4ndig ver\u00e4ndernden M\u00e4rkten von Heute gerecht zu werden.<\/strong><\/p>\n<p><strong>Wir kennen die Herausforderung, Botschaften im Rahmen der jeweiligen Marktanforderung so effektiv wie m\u00f6glich zu kommunizieren. Mit unserer breiten Palette an Dekorationsl\u00f6sungen unterst\u00fctzen wir unsere Kunden dabei, ihre Kommunikation so intelligent, nachhaltig und kosteng\u00fcnstig wie m\u00f6glich zu gestalten.<\/strong><\/p>\n","protected":false},"excerpt":{"rendered":"<p>Bereit f\u00fcr jede Herausforderung Als zuverl\u00e4ssiger Partner haben wir es uns zur Aufgabe gemacht, individuelle und innovative L\u00f6sungen zu schaffen, um den sich st\u00e4ndig ver\u00e4ndernden M\u00e4rkten von Heute gerecht zu [&hellip;]<\/p>\n","protected":false},"author":1,"featured_media":23375,"parent":0,"menu_order":0,"comment_status":"closed","ping_status":"closed","template":"page-markets.php","meta":{"_acf_changed":false,"footnotes":""},"class_list":["post-3768","page","type-page","status-publish","has-post-thumbnail","hentry"],"acf":[],"yoast_head":"<!-- This site is optimized with the Yoast SEO plugin v24.2 - https:\/\/yoast.com\/wordpress\/plugins\/seo\/ -->\n<title>Markets - All4Labels Global Packaging Group \u2013 Connecting brands and consumers<\/title>\n<meta name=\"robots\" content=\"index, follow, max-snippet:-1, max-image-preview:large, max-video-preview:-1\" \/>\n<link rel=\"canonical\" href=\"https:\/\/all4labels.com\/de\/maerkte\/\" \/>\n<meta property=\"og:locale\" content=\"de_DE\" \/>\n<meta property=\"og:type\" content=\"article\" \/>\n<meta property=\"og:title\" content=\"Markets - All4Labels Global Packaging Group \u2013 Connecting brands and consumers\" \/>\n<meta property=\"og:description\" content=\"Bereit f\u00fcr jede Herausforderung Als zuverl\u00e4ssiger Partner haben wir es uns zur Aufgabe gemacht, individuelle und innovative L\u00f6sungen zu schaffen, um den sich st\u00e4ndig ver\u00e4ndernden M\u00e4rkten von Heute gerecht zu [&hellip;]\" \/>\n<meta property=\"og:url\" content=\"https:\/\/all4labels.com\/de\/maerkte\/\" \/>\n<meta property=\"og:site_name\" content=\"All4Labels Global Packaging Group \u2013 Connecting brands and consumers\" \/>\n<meta property=\"article:modified_time\" content=\"2025-07-11T14:30:02+00:00\" \/>\n<meta property=\"og:image\" content=\"https:\/\/all4labels.com\/wp-content\/uploads\/2020\/06\/all4labels_markets_overview3.jpg\" \/>\n\t<meta property=\"og:image:width\" content=\"2000\" \/>\n\t<meta property=\"og:image:height\" content=\"1242\" \/>\n\t<meta property=\"og:image:type\" content=\"image\/jpeg\" \/>\n<meta name=\"twitter:card\" content=\"summary_large_image\" \/>\n<meta name=\"twitter:label1\" content=\"Gesch\u00e4tzte Lesezeit\" \/>\n\t<meta name=\"twitter:data1\" content=\"1 Minute\" \/>\n<script type=\"application\/ld+json\" class=\"yoast-schema-graph\">{\"@context\":\"https:\/\/schema.org\",\"@graph\":[{\"@type\":\"WebPage\",\"@id\":\"https:\/\/all4labels.com\/de\/maerkte\/\",\"url\":\"https:\/\/all4labels.com\/de\/maerkte\/\",\"name\":\"Markets - All4Labels Global Packaging Group \u2013 Connecting brands and consumers\",\"isPartOf\":{\"@id\":\"https:\/\/all4labels.com\/#website\"},\"primaryImageOfPage\":{\"@id\":\"https:\/\/all4labels.com\/de\/maerkte\/#primaryimage\"},\"image\":{\"@id\":\"https:\/\/all4labels.com\/de\/maerkte\/#primaryimage\"},\"thumbnailUrl\":\"https:\/\/all4labels.com\/wp-content\/uploads\/2020\/06\/all4labels_markets_overview3.jpg\",\"datePublished\":\"2020-02-03T09:02:00+00:00\",\"dateModified\":\"2025-07-11T14:30:02+00:00\",\"breadcrumb\":{\"@id\":\"https:\/\/all4labels.com\/de\/maerkte\/#breadcrumb\"},\"inLanguage\":\"de\",\"potentialAction\":[{\"@type\":\"ReadAction\",\"target\":[\"https:\/\/all4labels.com\/de\/maerkte\/\"]}]},{\"@type\":\"ImageObject\",\"inLanguage\":\"de\",\"@id\":\"https:\/\/all4labels.com\/de\/maerkte\/#primaryimage\",\"url\":\"https:\/\/all4labels.com\/wp-content\/uploads\/2020\/06\/all4labels_markets_overview3.jpg\",\"contentUrl\":\"https:\/\/all4labels.com\/wp-content\/uploads\/2020\/06\/all4labels_markets_overview3.jpg\",\"width\":2000,\"height\":1242},{\"@type\":\"BreadcrumbList\",\"@id\":\"https:\/\/all4labels.com\/de\/maerkte\/#breadcrumb\",\"itemListElement\":[{\"@type\":\"ListItem\",\"position\":1,\"name\":\"Home\",\"item\":\"https:\/\/all4labels.com\/de\/\"},{\"@type\":\"ListItem\",\"position\":2,\"name\":\"Markets\"}]},{\"@type\":\"WebSite\",\"@id\":\"https:\/\/all4labels.com\/#website\",\"url\":\"https:\/\/all4labels.com\/\",\"name\":\"All4Labels Global Packaging Group \u2013 Connecting brands and consumers\",\"description\":\"\",\"publisher\":{\"@id\":\"https:\/\/all4labels.com\/#organization\"},\"potentialAction\":[{\"@type\":\"SearchAction\",\"target\":{\"@type\":\"EntryPoint\",\"urlTemplate\":\"https:\/\/all4labels.com\/?s={search_term_string}\"},\"query-input\":{\"@type\":\"PropertyValueSpecification\",\"valueRequired\":true,\"valueName\":\"search_term_string\"}}],\"inLanguage\":\"de\"},{\"@type\":\"Organization\",\"@id\":\"https:\/\/all4labels.com\/#organization\",\"name\":\"All4Labels Global Packaging Group \u2013 Connecting brands and consumers\",\"url\":\"https:\/\/all4labels.com\/\",\"logo\":{\"@type\":\"ImageObject\",\"inLanguage\":\"de\",\"@id\":\"https:\/\/all4labels.com\/#\/schema\/logo\/image\/\",\"url\":\"https:\/\/all4labels.com\/wp-content\/uploads\/2020\/02\/all4labels-white.svg\",\"contentUrl\":\"https:\/\/all4labels.com\/wp-content\/uploads\/2020\/02\/all4labels-white.svg\",\"caption\":\"All4Labels Global Packaging Group \u2013 Connecting brands and consumers\"},\"image\":{\"@id\":\"https:\/\/all4labels.com\/#\/schema\/logo\/image\/\"}}]}<\/script>\n<!-- \/ Yoast SEO plugin. -->","yoast_head_json":{"title":"Markets - All4Labels Global Packaging Group \u2013 Connecting brands and consumers","robots":{"index":"index","follow":"follow","max-snippet":"max-snippet:-1","max-image-preview":"max-image-preview:large","max-video-preview":"max-video-preview:-1"},"canonical":"https:\/\/all4labels.com\/de\/maerkte\/","og_locale":"de_DE","og_type":"article","og_title":"Markets - All4Labels Global Packaging Group \u2013 Connecting brands and consumers","og_description":"Bereit f\u00fcr jede Herausforderung Als zuverl\u00e4ssiger Partner haben wir es uns zur Aufgabe gemacht, individuelle und innovative L\u00f6sungen zu schaffen, um den sich st\u00e4ndig ver\u00e4ndernden M\u00e4rkten von Heute gerecht zu [&hellip;]","og_url":"https:\/\/all4labels.com\/de\/maerkte\/","og_site_name":"All4Labels Global Packaging Group \u2013 Connecting brands and consumers","article_modified_time":"2025-07-11T14:30:02+00:00","og_image":[{"width":2000,"height":1242,"url":"https:\/\/all4labels.com\/wp-content\/uploads\/2020\/06\/all4labels_markets_overview3.jpg","type":"image\/jpeg"}],"twitter_card":"summary_large_image","twitter_misc":{"Gesch\u00e4tzte Lesezeit":"1 Minute"},"schema":{"@context":"https:\/\/schema.org","@graph":[{"@type":"WebPage","@id":"https:\/\/all4labels.com\/de\/maerkte\/","url":"https:\/\/all4labels.com\/de\/maerkte\/","name":"Markets - All4Labels Global Packaging Group \u2013 Connecting brands and consumers","isPartOf":{"@id":"https:\/\/all4labels.com\/#website"},"primaryImageOfPage":{"@id":"https:\/\/all4labels.com\/de\/maerkte\/#primaryimage"},"image":{"@id":"https:\/\/all4labels.com\/de\/maerkte\/#primaryimage"},"thumbnailUrl":"https:\/\/all4labels.com\/wp-content\/uploads\/2020\/06\/all4labels_markets_overview3.jpg","datePublished":"2020-02-03T09:02:00+00:00","dateModified":"2025-07-11T14:30:02+00:00","breadcrumb":{"@id":"https:\/\/all4labels.com\/de\/maerkte\/#breadcrumb"},"inLanguage":"de","potentialAction":[{"@type":"ReadAction","target":["https:\/\/all4labels.com\/de\/maerkte\/"]}]},{"@type":"ImageObject","inLanguage":"de","@id":"https:\/\/all4labels.com\/de\/maerkte\/#primaryimage","url":"https:\/\/all4labels.com\/wp-content\/uploads\/2020\/06\/all4labels_markets_overview3.jpg","contentUrl":"https:\/\/all4labels.com\/wp-content\/uploads\/2020\/06\/all4labels_markets_overview3.jpg","width":2000,"height":1242},{"@type":"BreadcrumbList","@id":"https:\/\/all4labels.com\/de\/maerkte\/#breadcrumb","itemListElement":[{"@type":"ListItem","position":1,"name":"Home","item":"https:\/\/all4labels.com\/de\/"},{"@type":"ListItem","position":2,"name":"Markets"}]},{"@type":"WebSite","@id":"https:\/\/all4labels.com\/#website","url":"https:\/\/all4labels.com\/","name":"All4Labels Global Packaging Group \u2013 Connecting brands and consumers","description":"","publisher":{"@id":"https:\/\/all4labels.com\/#organization"},"potentialAction":[{"@type":"SearchAction","target":{"@type":"EntryPoint","urlTemplate":"https:\/\/all4labels.com\/?s={search_term_string}"},"query-input":{"@type":"PropertyValueSpecification","valueRequired":true,"valueName":"search_term_string"}}],"inLanguage":"de"},{"@type":"Organization","@id":"https:\/\/all4labels.com\/#organization","name":"All4Labels Global Packaging Group \u2013 Connecting brands and consumers","url":"https:\/\/all4labels.com\/","logo":{"@type":"ImageObject","inLanguage":"de","@id":"https:\/\/all4labels.com\/#\/schema\/logo\/image\/","url":"https:\/\/all4labels.com\/wp-content\/uploads\/2020\/02\/all4labels-white.svg","contentUrl":"https:\/\/all4labels.com\/wp-content\/uploads\/2020\/02\/all4labels-white.svg","caption":"All4Labels Global Packaging Group \u2013 Connecting brands and consumers"},"image":{"@id":"https:\/\/all4labels.com\/#\/schema\/logo\/image\/"}}]}},"_links":{"self":[{"href":"https:\/\/all4labels.com\/de\/wp-json\/wp\/v2\/pages\/3768","targetHints":{"allow":["GET"]}}],"collection":[{"href":"https:\/\/all4labels.com\/de\/wp-json\/wp\/v2\/pages"}],"about":[{"href":"https:\/\/all4labels.com\/de\/wp-json\/wp\/v2\/types\/page"}],"author":[{"embeddable":true,"href":"https:\/\/all4labels.com\/de\/wp-json\/wp\/v2\/users\/1"}],"replies":[{"embeddable":true,"href":"https:\/\/all4labels.com\/de\/wp-json\/wp\/v2\/comments?post=3768"}],"version-history":[{"count":2,"href":"https:\/\/all4labels.com\/de\/wp-json\/wp\/v2\/pages\/3768\/revisions"}],"predecessor-version":[{"id":43755,"href":"https:\/\/all4labels.com\/de\/wp-json\/wp\/v2\/pages\/3768\/revisions\/43755"}],"wp:featuredmedia":[{"embeddable":true,"href":"https:\/\/all4labels.com\/de\/wp-json\/wp\/v2\/media\/23375"}],"wp:attachment":[{"href":"https:\/\/all4labels.com\/de\/wp-json\/wp\/v2\/media?parent=3768"}],"curies":[{"name":"wp","href":"https:\/\/api.w.org\/{rel}","templated":true}]}}