{"id":3763,"date":"2020-03-24T10:37:18","date_gmt":"2020-03-24T10:37:18","guid":{"rendered":"https:\/\/all4labels.com\/responsibility\/"},"modified":"2021-02-26T16:17:47","modified_gmt":"2021-02-26T16:17:47","slug":"verantwortung","status":"publish","type":"page","link":"https:\/\/all4labels.com\/de\/verantwortung\/","title":{"rendered":"Responsibility"},"content":{"rendered":"<h1>Wir haben die Zukunft<br \/>\nunserer Umwelt fest im Blick<\/h1>\n<p class=\"p1\"><strong>Wir sind uns bewusst, dass unsere Aktivit\u00e4ten Auswirkungen auf die Umwelt, die Menschen und das \u00d6kosystem haben, in dem wir t\u00e4tig sind. Daher sind wir bestrebt, ein vorausschauender, verantwortungsbewusster Eigent\u00fcmer und ein Partner f\u00fcr alle Interessengruppen zu sein, mit denen wir zusammenarbeiten &#8211; einschlie\u00dflich unserer Mitarbeiter, Kunden, Lieferanten und der Gesellschaft.<\/strong><\/p>\n","protected":false},"excerpt":{"rendered":"<p>Wir haben die Zukunft unserer Umwelt fest im Blick Wir sind uns bewusst, dass unsere Aktivit\u00e4ten Auswirkungen auf die Umwelt, die Menschen und das \u00d6kosystem haben, in dem wir t\u00e4tig [&hellip;]<\/p>\n","protected":false},"author":1,"featured_media":23199,"parent":0,"menu_order":0,"comment_status":"closed","ping_status":"closed","template":"page-responsibility.php","meta":{"_acf_changed":false,"footnotes":""},"class_list":["post-3763","page","type-page","status-publish","has-post-thumbnail","hentry"],"acf":[],"yoast_head":"<!-- This site is optimized with the Yoast SEO plugin v24.2 - https:\/\/yoast.com\/wordpress\/plugins\/seo\/ -->\n<title>Responsibility - All4Labels Global Packaging Group \u2013 Connecting brands and consumers<\/title>\n<meta name=\"robots\" content=\"index, follow, max-snippet:-1, max-image-preview:large, max-video-preview:-1\" \/>\n<link rel=\"canonical\" href=\"https:\/\/all4labels.com\/de\/verantwortung\/\" \/>\n<meta property=\"og:locale\" content=\"de_DE\" \/>\n<meta property=\"og:type\" content=\"article\" \/>\n<meta property=\"og:title\" content=\"Responsibility - All4Labels Global Packaging Group \u2013 Connecting brands and consumers\" \/>\n<meta property=\"og:description\" content=\"Wir haben die Zukunft unserer Umwelt fest im Blick Wir sind uns bewusst, dass unsere Aktivit\u00e4ten Auswirkungen auf die Umwelt, die Menschen und das \u00d6kosystem haben, in dem wir t\u00e4tig [&hellip;]\" \/>\n<meta property=\"og:url\" content=\"https:\/\/all4labels.com\/de\/verantwortung\/\" \/>\n<meta property=\"og:site_name\" content=\"All4Labels Global Packaging Group \u2013 Connecting brands and consumers\" \/>\n<meta property=\"article:modified_time\" content=\"2021-02-26T16:17:47+00:00\" \/>\n<meta property=\"og:image\" content=\"https:\/\/all4labels.com\/wp-content\/uploads\/2020\/05\/a4l_responsibility_header-3-scaled.jpg\" \/>\n\t<meta property=\"og:image:width\" content=\"2560\" \/>\n\t<meta property=\"og:image:height\" content=\"1702\" \/>\n\t<meta property=\"og:image:type\" content=\"image\/jpeg\" \/>\n<meta name=\"twitter:card\" content=\"summary_large_image\" \/>\n<script type=\"application\/ld+json\" class=\"yoast-schema-graph\">{\"@context\":\"https:\/\/schema.org\",\"@graph\":[{\"@type\":\"WebPage\",\"@id\":\"https:\/\/all4labels.com\/de\/verantwortung\/\",\"url\":\"https:\/\/all4labels.com\/de\/verantwortung\/\",\"name\":\"Responsibility - All4Labels Global Packaging Group \u2013 Connecting brands and consumers\",\"isPartOf\":{\"@id\":\"https:\/\/all4labels.com\/#website\"},\"primaryImageOfPage\":{\"@id\":\"https:\/\/all4labels.com\/de\/verantwortung\/#primaryimage\"},\"image\":{\"@id\":\"https:\/\/all4labels.com\/de\/verantwortung\/#primaryimage\"},\"thumbnailUrl\":\"https:\/\/all4labels.com\/wp-content\/uploads\/2020\/05\/a4l_responsibility_header-3-scaled.jpg\",\"datePublished\":\"2020-03-24T10:37:18+00:00\",\"dateModified\":\"2021-02-26T16:17:47+00:00\",\"breadcrumb\":{\"@id\":\"https:\/\/all4labels.com\/de\/verantwortung\/#breadcrumb\"},\"inLanguage\":\"de\",\"potentialAction\":[{\"@type\":\"ReadAction\",\"target\":[\"https:\/\/all4labels.com\/de\/verantwortung\/\"]}]},{\"@type\":\"ImageObject\",\"inLanguage\":\"de\",\"@id\":\"https:\/\/all4labels.com\/de\/verantwortung\/#primaryimage\",\"url\":\"https:\/\/all4labels.com\/wp-content\/uploads\/2020\/05\/a4l_responsibility_header-3-scaled.jpg\",\"contentUrl\":\"https:\/\/all4labels.com\/wp-content\/uploads\/2020\/05\/a4l_responsibility_header-3-scaled.jpg\",\"width\":2560,\"height\":1702},{\"@type\":\"BreadcrumbList\",\"@id\":\"https:\/\/all4labels.com\/de\/verantwortung\/#breadcrumb\",\"itemListElement\":[{\"@type\":\"ListItem\",\"position\":1,\"name\":\"Home\",\"item\":\"https:\/\/all4labels.com\/de\/\"},{\"@type\":\"ListItem\",\"position\":2,\"name\":\"Responsibility\"}]},{\"@type\":\"WebSite\",\"@id\":\"https:\/\/all4labels.com\/#website\",\"url\":\"https:\/\/all4labels.com\/\",\"name\":\"All4Labels Global Packaging Group \u2013 Connecting brands and consumers\",\"description\":\"\",\"publisher\":{\"@id\":\"https:\/\/all4labels.com\/#organization\"},\"potentialAction\":[{\"@type\":\"SearchAction\",\"target\":{\"@type\":\"EntryPoint\",\"urlTemplate\":\"https:\/\/all4labels.com\/?s={search_term_string}\"},\"query-input\":{\"@type\":\"PropertyValueSpecification\",\"valueRequired\":true,\"valueName\":\"search_term_string\"}}],\"inLanguage\":\"de\"},{\"@type\":\"Organization\",\"@id\":\"https:\/\/all4labels.com\/#organization\",\"name\":\"All4Labels Global Packaging Group \u2013 Connecting brands and consumers\",\"url\":\"https:\/\/all4labels.com\/\",\"logo\":{\"@type\":\"ImageObject\",\"inLanguage\":\"de\",\"@id\":\"https:\/\/all4labels.com\/#\/schema\/logo\/image\/\",\"url\":\"https:\/\/all4labels.com\/wp-content\/uploads\/2020\/02\/all4labels-white.svg\",\"contentUrl\":\"https:\/\/all4labels.com\/wp-content\/uploads\/2020\/02\/all4labels-white.svg\",\"caption\":\"All4Labels Global Packaging Group \u2013 Connecting brands and consumers\"},\"image\":{\"@id\":\"https:\/\/all4labels.com\/#\/schema\/logo\/image\/\"}}]}<\/script>\n<!-- \/ Yoast SEO plugin. -->","yoast_head_json":{"title":"Responsibility - All4Labels Global Packaging Group \u2013 Connecting brands and consumers","robots":{"index":"index","follow":"follow","max-snippet":"max-snippet:-1","max-image-preview":"max-image-preview:large","max-video-preview":"max-video-preview:-1"},"canonical":"https:\/\/all4labels.com\/de\/verantwortung\/","og_locale":"de_DE","og_type":"article","og_title":"Responsibility - All4Labels Global Packaging Group \u2013 Connecting brands and consumers","og_description":"Wir haben die Zukunft unserer Umwelt fest im Blick Wir sind uns bewusst, dass unsere Aktivit\u00e4ten Auswirkungen auf die Umwelt, die Menschen und das \u00d6kosystem haben, in dem wir t\u00e4tig [&hellip;]","og_url":"https:\/\/all4labels.com\/de\/verantwortung\/","og_site_name":"All4Labels Global Packaging Group \u2013 Connecting brands and consumers","article_modified_time":"2021-02-26T16:17:47+00:00","og_image":[{"width":2560,"height":1702,"url":"https:\/\/all4labels.com\/wp-content\/uploads\/2020\/05\/a4l_responsibility_header-3-scaled.jpg","type":"image\/jpeg"}],"twitter_card":"summary_large_image","schema":{"@context":"https:\/\/schema.org","@graph":[{"@type":"WebPage","@id":"https:\/\/all4labels.com\/de\/verantwortung\/","url":"https:\/\/all4labels.com\/de\/verantwortung\/","name":"Responsibility - All4Labels Global Packaging Group \u2013 Connecting brands and consumers","isPartOf":{"@id":"https:\/\/all4labels.com\/#website"},"primaryImageOfPage":{"@id":"https:\/\/all4labels.com\/de\/verantwortung\/#primaryimage"},"image":{"@id":"https:\/\/all4labels.com\/de\/verantwortung\/#primaryimage"},"thumbnailUrl":"https:\/\/all4labels.com\/wp-content\/uploads\/2020\/05\/a4l_responsibility_header-3-scaled.jpg","datePublished":"2020-03-24T10:37:18+00:00","dateModified":"2021-02-26T16:17:47+00:00","breadcrumb":{"@id":"https:\/\/all4labels.com\/de\/verantwortung\/#breadcrumb"},"inLanguage":"de","potentialAction":[{"@type":"ReadAction","target":["https:\/\/all4labels.com\/de\/verantwortung\/"]}]},{"@type":"ImageObject","inLanguage":"de","@id":"https:\/\/all4labels.com\/de\/verantwortung\/#primaryimage","url":"https:\/\/all4labels.com\/wp-content\/uploads\/2020\/05\/a4l_responsibility_header-3-scaled.jpg","contentUrl":"https:\/\/all4labels.com\/wp-content\/uploads\/2020\/05\/a4l_responsibility_header-3-scaled.jpg","width":2560,"height":1702},{"@type":"BreadcrumbList","@id":"https:\/\/all4labels.com\/de\/verantwortung\/#breadcrumb","itemListElement":[{"@type":"ListItem","position":1,"name":"Home","item":"https:\/\/all4labels.com\/de\/"},{"@type":"ListItem","position":2,"name":"Responsibility"}]},{"@type":"WebSite","@id":"https:\/\/all4labels.com\/#website","url":"https:\/\/all4labels.com\/","name":"All4Labels Global Packaging Group \u2013 Connecting brands and consumers","description":"","publisher":{"@id":"https:\/\/all4labels.com\/#organization"},"potentialAction":[{"@type":"SearchAction","target":{"@type":"EntryPoint","urlTemplate":"https:\/\/all4labels.com\/?s={search_term_string}"},"query-input":{"@type":"PropertyValueSpecification","valueRequired":true,"valueName":"search_term_string"}}],"inLanguage":"de"},{"@type":"Organization","@id":"https:\/\/all4labels.com\/#organization","name":"All4Labels Global Packaging Group \u2013 Connecting brands and consumers","url":"https:\/\/all4labels.com\/","logo":{"@type":"ImageObject","inLanguage":"de","@id":"https:\/\/all4labels.com\/#\/schema\/logo\/image\/","url":"https:\/\/all4labels.com\/wp-content\/uploads\/2020\/02\/all4labels-white.svg","contentUrl":"https:\/\/all4labels.com\/wp-content\/uploads\/2020\/02\/all4labels-white.svg","caption":"All4Labels Global Packaging Group \u2013 Connecting brands and consumers"},"image":{"@id":"https:\/\/all4labels.com\/#\/schema\/logo\/image\/"}}]}},"_links":{"self":[{"href":"https:\/\/all4labels.com\/de\/wp-json\/wp\/v2\/pages\/3763","targetHints":{"allow":["GET"]}}],"collection":[{"href":"https:\/\/all4labels.com\/de\/wp-json\/wp\/v2\/pages"}],"about":[{"href":"https:\/\/all4labels.com\/de\/wp-json\/wp\/v2\/types\/page"}],"author":[{"embeddable":true,"href":"https:\/\/all4labels.com\/de\/wp-json\/wp\/v2\/users\/1"}],"replies":[{"embeddable":true,"href":"https:\/\/all4labels.com\/de\/wp-json\/wp\/v2\/comments?post=3763"}],"version-history":[{"count":0,"href":"https:\/\/all4labels.com\/de\/wp-json\/wp\/v2\/pages\/3763\/revisions"}],"wp:featuredmedia":[{"embeddable":true,"href":"https:\/\/all4labels.com\/de\/wp-json\/wp\/v2\/media\/23199"}],"wp:attachment":[{"href":"https:\/\/all4labels.com\/de\/wp-json\/wp\/v2\/media?parent=3763"}],"curies":[{"name":"wp","href":"https:\/\/api.w.org\/{rel}","templated":true}]}}