{"id":19237,"date":"2022-10-17T12:53:00","date_gmt":"2022-10-17T12:53:00","guid":{"rendered":"https:\/\/all4labels.com\/?page_id=19237\/"},"modified":"2024-02-29T14:33:50","modified_gmt":"2024-02-29T14:33:50","slug":"industries-chemicals","status":"publish","type":"page","link":"https:\/\/all4labels.com\/de\/maerkte\/industries-chemicals\/","title":{"rendered":"Industries &#038; chemicals"},"content":{"rendered":"<h5>MARKET OVERVIEW<\/h5>\n<h1>Industries &amp; Chemicals<\/h1>\n<p>Etiketten, die rauen Bedingungen standhalten m\u00fcssen, erfordern au\u00dfergew\u00f6hnliche Eigenschaften wie Spezialklebstoffe, haltbare Tinten und Etikettenmaterialien. Wir entwickeln daher hochfunktionale Etiketten in Kombination mit erstklassigen Dekorationen. Unsere Vorreiterrolle im Digitaldruck erm\u00f6glicht maximale Flexibilit\u00e4t, kurze Vorlaufzeiten und bahnbrechende M\u00f6glichkeiten im Bereich Markenschutz.<\/p>\n","protected":false},"excerpt":{"rendered":"<p>MARKET OVERVIEW Industries &amp; Chemicals Etiketten, die rauen Bedingungen standhalten m\u00fcssen, erfordern au\u00dfergew\u00f6hnliche Eigenschaften wie Spezialklebstoffe, haltbare Tinten und Etikettenmaterialien. Wir entwickeln daher hochfunktionale Etiketten in Kombination mit erstklassigen Dekorationen. [&hellip;]<\/p>\n","protected":false},"author":10,"featured_media":25315,"parent":3768,"menu_order":0,"comment_status":"closed","ping_status":"closed","template":"page-industries-landing-2022.php","meta":{"_acf_changed":false,"footnotes":""},"class_list":["post-19237","page","type-page","status-publish","has-post-thumbnail","hentry"],"acf":[],"yoast_head":"<!-- This site is optimized with the Yoast SEO plugin v24.2 - https:\/\/yoast.com\/wordpress\/plugins\/seo\/ -->\n<title>Industries &amp; chemicals - All4Labels Global Packaging Group \u2013 Connecting brands and consumers<\/title>\n<meta name=\"robots\" content=\"index, follow, max-snippet:-1, max-image-preview:large, max-video-preview:-1\" \/>\n<link rel=\"canonical\" href=\"https:\/\/all4labels.com\/de\/maerkte\/industries-chemicals\/\" \/>\n<meta property=\"og:locale\" content=\"de_DE\" \/>\n<meta property=\"og:type\" content=\"article\" \/>\n<meta property=\"og:title\" content=\"Industries &amp; chemicals - All4Labels Global Packaging Group \u2013 Connecting brands and consumers\" \/>\n<meta property=\"og:description\" content=\"MARKET OVERVIEW Industries &amp; Chemicals Etiketten, die rauen Bedingungen standhalten m\u00fcssen, erfordern au\u00dfergew\u00f6hnliche Eigenschaften wie Spezialklebstoffe, haltbare Tinten und Etikettenmaterialien. Wir entwickeln daher hochfunktionale Etiketten in Kombination mit erstklassigen Dekorationen. [&hellip;]\" \/>\n<meta property=\"og:url\" content=\"https:\/\/all4labels.com\/de\/maerkte\/industries-chemicals\/\" \/>\n<meta property=\"og:site_name\" content=\"All4Labels Global Packaging Group \u2013 Connecting brands and consumers\" \/>\n<meta property=\"article:modified_time\" content=\"2024-02-29T14:33:50+00:00\" \/>\n<meta property=\"og:image\" content=\"https:\/\/all4labels.com\/wp-content\/uploads\/2021\/05\/insutries_header_web.jpg\" \/>\n\t<meta property=\"og:image:width\" content=\"1920\" \/>\n\t<meta property=\"og:image:height\" content=\"1281\" \/>\n\t<meta property=\"og:image:type\" content=\"image\/jpeg\" \/>\n<meta name=\"twitter:card\" content=\"summary_large_image\" \/>\n<meta name=\"twitter:label1\" content=\"Gesch\u00e4tzte Lesezeit\" \/>\n\t<meta name=\"twitter:data1\" content=\"1 Minute\" \/>\n<script type=\"application\/ld+json\" class=\"yoast-schema-graph\">{\"@context\":\"https:\/\/schema.org\",\"@graph\":[{\"@type\":\"WebPage\",\"@id\":\"https:\/\/all4labels.com\/de\/maerkte\/industries-chemicals\/\",\"url\":\"https:\/\/all4labels.com\/de\/maerkte\/industries-chemicals\/\",\"name\":\"Industries & chemicals - All4Labels Global Packaging Group \u2013 Connecting brands and consumers\",\"isPartOf\":{\"@id\":\"https:\/\/all4labels.com\/#website\"},\"primaryImageOfPage\":{\"@id\":\"https:\/\/all4labels.com\/de\/maerkte\/industries-chemicals\/#primaryimage\"},\"image\":{\"@id\":\"https:\/\/all4labels.com\/de\/maerkte\/industries-chemicals\/#primaryimage\"},\"thumbnailUrl\":\"https:\/\/all4labels.com\/wp-content\/uploads\/2021\/05\/insutries_header_web.jpg\",\"datePublished\":\"2022-10-17T12:53:00+00:00\",\"dateModified\":\"2024-02-29T14:33:50+00:00\",\"breadcrumb\":{\"@id\":\"https:\/\/all4labels.com\/de\/maerkte\/industries-chemicals\/#breadcrumb\"},\"inLanguage\":\"de\",\"potentialAction\":[{\"@type\":\"ReadAction\",\"target\":[\"https:\/\/all4labels.com\/de\/maerkte\/industries-chemicals\/\"]}]},{\"@type\":\"ImageObject\",\"inLanguage\":\"de\",\"@id\":\"https:\/\/all4labels.com\/de\/maerkte\/industries-chemicals\/#primaryimage\",\"url\":\"https:\/\/all4labels.com\/wp-content\/uploads\/2021\/05\/insutries_header_web.jpg\",\"contentUrl\":\"https:\/\/all4labels.com\/wp-content\/uploads\/2021\/05\/insutries_header_web.jpg\",\"width\":1920,\"height\":1281},{\"@type\":\"BreadcrumbList\",\"@id\":\"https:\/\/all4labels.com\/de\/maerkte\/industries-chemicals\/#breadcrumb\",\"itemListElement\":[{\"@type\":\"ListItem\",\"position\":1,\"name\":\"Home\",\"item\":\"https:\/\/all4labels.com\/de\/\"},{\"@type\":\"ListItem\",\"position\":2,\"name\":\"Markets\",\"item\":\"https:\/\/all4labels.com\/de\/maerkte\/\"},{\"@type\":\"ListItem\",\"position\":3,\"name\":\"Industries &#038; chemicals\"}]},{\"@type\":\"WebSite\",\"@id\":\"https:\/\/all4labels.com\/#website\",\"url\":\"https:\/\/all4labels.com\/\",\"name\":\"All4Labels Global Packaging Group \u2013 Connecting brands and consumers\",\"description\":\"\",\"publisher\":{\"@id\":\"https:\/\/all4labels.com\/#organization\"},\"potentialAction\":[{\"@type\":\"SearchAction\",\"target\":{\"@type\":\"EntryPoint\",\"urlTemplate\":\"https:\/\/all4labels.com\/?s={search_term_string}\"},\"query-input\":{\"@type\":\"PropertyValueSpecification\",\"valueRequired\":true,\"valueName\":\"search_term_string\"}}],\"inLanguage\":\"de\"},{\"@type\":\"Organization\",\"@id\":\"https:\/\/all4labels.com\/#organization\",\"name\":\"All4Labels Global Packaging Group \u2013 Connecting brands and consumers\",\"url\":\"https:\/\/all4labels.com\/\",\"logo\":{\"@type\":\"ImageObject\",\"inLanguage\":\"de\",\"@id\":\"https:\/\/all4labels.com\/#\/schema\/logo\/image\/\",\"url\":\"https:\/\/all4labels.com\/wp-content\/uploads\/2020\/02\/all4labels-white.svg\",\"contentUrl\":\"https:\/\/all4labels.com\/wp-content\/uploads\/2020\/02\/all4labels-white.svg\",\"caption\":\"All4Labels Global Packaging Group \u2013 Connecting brands and consumers\"},\"image\":{\"@id\":\"https:\/\/all4labels.com\/#\/schema\/logo\/image\/\"}}]}<\/script>\n<!-- \/ Yoast SEO plugin. -->","yoast_head_json":{"title":"Industries & chemicals - All4Labels Global Packaging Group \u2013 Connecting brands and consumers","robots":{"index":"index","follow":"follow","max-snippet":"max-snippet:-1","max-image-preview":"max-image-preview:large","max-video-preview":"max-video-preview:-1"},"canonical":"https:\/\/all4labels.com\/de\/maerkte\/industries-chemicals\/","og_locale":"de_DE","og_type":"article","og_title":"Industries & chemicals - All4Labels Global Packaging Group \u2013 Connecting brands and consumers","og_description":"MARKET OVERVIEW Industries &amp; Chemicals Etiketten, die rauen Bedingungen standhalten m\u00fcssen, erfordern au\u00dfergew\u00f6hnliche Eigenschaften wie Spezialklebstoffe, haltbare Tinten und Etikettenmaterialien. Wir entwickeln daher hochfunktionale Etiketten in Kombination mit erstklassigen Dekorationen. [&hellip;]","og_url":"https:\/\/all4labels.com\/de\/maerkte\/industries-chemicals\/","og_site_name":"All4Labels Global Packaging Group \u2013 Connecting brands and consumers","article_modified_time":"2024-02-29T14:33:50+00:00","og_image":[{"width":1920,"height":1281,"url":"https:\/\/all4labels.com\/wp-content\/uploads\/2021\/05\/insutries_header_web.jpg","type":"image\/jpeg"}],"twitter_card":"summary_large_image","twitter_misc":{"Gesch\u00e4tzte Lesezeit":"1 Minute"},"schema":{"@context":"https:\/\/schema.org","@graph":[{"@type":"WebPage","@id":"https:\/\/all4labels.com\/de\/maerkte\/industries-chemicals\/","url":"https:\/\/all4labels.com\/de\/maerkte\/industries-chemicals\/","name":"Industries & chemicals - All4Labels Global Packaging Group \u2013 Connecting brands and consumers","isPartOf":{"@id":"https:\/\/all4labels.com\/#website"},"primaryImageOfPage":{"@id":"https:\/\/all4labels.com\/de\/maerkte\/industries-chemicals\/#primaryimage"},"image":{"@id":"https:\/\/all4labels.com\/de\/maerkte\/industries-chemicals\/#primaryimage"},"thumbnailUrl":"https:\/\/all4labels.com\/wp-content\/uploads\/2021\/05\/insutries_header_web.jpg","datePublished":"2022-10-17T12:53:00+00:00","dateModified":"2024-02-29T14:33:50+00:00","breadcrumb":{"@id":"https:\/\/all4labels.com\/de\/maerkte\/industries-chemicals\/#breadcrumb"},"inLanguage":"de","potentialAction":[{"@type":"ReadAction","target":["https:\/\/all4labels.com\/de\/maerkte\/industries-chemicals\/"]}]},{"@type":"ImageObject","inLanguage":"de","@id":"https:\/\/all4labels.com\/de\/maerkte\/industries-chemicals\/#primaryimage","url":"https:\/\/all4labels.com\/wp-content\/uploads\/2021\/05\/insutries_header_web.jpg","contentUrl":"https:\/\/all4labels.com\/wp-content\/uploads\/2021\/05\/insutries_header_web.jpg","width":1920,"height":1281},{"@type":"BreadcrumbList","@id":"https:\/\/all4labels.com\/de\/maerkte\/industries-chemicals\/#breadcrumb","itemListElement":[{"@type":"ListItem","position":1,"name":"Home","item":"https:\/\/all4labels.com\/de\/"},{"@type":"ListItem","position":2,"name":"Markets","item":"https:\/\/all4labels.com\/de\/maerkte\/"},{"@type":"ListItem","position":3,"name":"Industries &#038; chemicals"}]},{"@type":"WebSite","@id":"https:\/\/all4labels.com\/#website","url":"https:\/\/all4labels.com\/","name":"All4Labels Global Packaging Group \u2013 Connecting brands and consumers","description":"","publisher":{"@id":"https:\/\/all4labels.com\/#organization"},"potentialAction":[{"@type":"SearchAction","target":{"@type":"EntryPoint","urlTemplate":"https:\/\/all4labels.com\/?s={search_term_string}"},"query-input":{"@type":"PropertyValueSpecification","valueRequired":true,"valueName":"search_term_string"}}],"inLanguage":"de"},{"@type":"Organization","@id":"https:\/\/all4labels.com\/#organization","name":"All4Labels Global Packaging Group \u2013 Connecting brands and consumers","url":"https:\/\/all4labels.com\/","logo":{"@type":"ImageObject","inLanguage":"de","@id":"https:\/\/all4labels.com\/#\/schema\/logo\/image\/","url":"https:\/\/all4labels.com\/wp-content\/uploads\/2020\/02\/all4labels-white.svg","contentUrl":"https:\/\/all4labels.com\/wp-content\/uploads\/2020\/02\/all4labels-white.svg","caption":"All4Labels Global Packaging Group \u2013 Connecting brands and consumers"},"image":{"@id":"https:\/\/all4labels.com\/#\/schema\/logo\/image\/"}}]}},"_links":{"self":[{"href":"https:\/\/all4labels.com\/de\/wp-json\/wp\/v2\/pages\/19237","targetHints":{"allow":["GET"]}}],"collection":[{"href":"https:\/\/all4labels.com\/de\/wp-json\/wp\/v2\/pages"}],"about":[{"href":"https:\/\/all4labels.com\/de\/wp-json\/wp\/v2\/types\/page"}],"author":[{"embeddable":true,"href":"https:\/\/all4labels.com\/de\/wp-json\/wp\/v2\/users\/10"}],"replies":[{"embeddable":true,"href":"https:\/\/all4labels.com\/de\/wp-json\/wp\/v2\/comments?post=19237"}],"version-history":[{"count":2,"href":"https:\/\/all4labels.com\/de\/wp-json\/wp\/v2\/pages\/19237\/revisions"}],"predecessor-version":[{"id":38416,"href":"https:\/\/all4labels.com\/de\/wp-json\/wp\/v2\/pages\/19237\/revisions\/38416"}],"up":[{"embeddable":true,"href":"https:\/\/all4labels.com\/de\/wp-json\/wp\/v2\/pages\/3768"}],"wp:featuredmedia":[{"embeddable":true,"href":"https:\/\/all4labels.com\/de\/wp-json\/wp\/v2\/media\/25315"}],"wp:attachment":[{"href":"https:\/\/all4labels.com\/de\/wp-json\/wp\/v2\/media?parent=19237"}],"curies":[{"name":"wp","href":"https:\/\/api.w.org\/{rel}","templated":true}]}}