{"id":18987,"date":"2022-09-30T09:28:32","date_gmt":"2022-09-30T09:28:32","guid":{"rendered":"https:\/\/all4labels.com\/about\/"},"modified":"2026-04-14T10:02:09","modified_gmt":"2026-04-14T10:02:09","slug":"unternehmen","status":"publish","type":"page","link":"https:\/\/all4labels.com\/de\/unternehmen\/","title":{"rendered":"Company"},"content":{"rendered":"<h6><\/h6>\n<h6>\u00dcBER UNS<\/h6>\n<h1>Auf einen Blick<\/h1>\n<p><strong>All4Labels ist ein weltweit f\u00fchrender Anbieter von Etikettenl\u00f6sungen und bekannt f\u00fcr seine Pionierrolle in der Verpackungsindustrie. Mit einem starken Fokus auf die Marktsegmente Lebensmittel, Haushalt &amp; K\u00f6rperpflege, Industrie und Gesundheitswesen liefern wir hochwertige, innovative Produkte, die den vielf\u00e4ltigen Bed\u00fcrfnissen unserer Kunden weltweit gerecht werden. <\/strong><\/p>\n<p><strong>Als Technologie- und Innovationsf\u00fchrer im Etikettenmarkt mit besonderem Schwerpunkt auf nachhaltigen Etikettenl\u00f6sungen sind wir ein vertrauensw\u00fcrdiger Partner f\u00fcr bedeutende lokale und multinationale Unternehmen rund um den Globus. Unser Engagement f\u00fcr Kundenorientierung und operative Exzellenz macht uns zu einem bevorzugten Anbieter in der globalen Verpackungsindustrie.<\/strong><\/p>\n","protected":false},"excerpt":{"rendered":"<p>\u00dcBER UNS Auf einen Blick All4Labels ist ein weltweit f\u00fchrender Anbieter von Etikettenl\u00f6sungen und bekannt f\u00fcr seine Pionierrolle in der Verpackungsindustrie. Mit einem starken Fokus auf die Marktsegmente Lebensmittel, Haushalt [&hellip;]<\/p>\n","protected":false},"author":10,"featured_media":0,"parent":0,"menu_order":0,"comment_status":"closed","ping_status":"closed","template":"page-about.php","meta":{"_acf_changed":false,"footnotes":""},"class_list":["post-18987","page","type-page","status-publish","hentry"],"acf":[],"yoast_head":"<!-- This site is optimized with the Yoast SEO plugin v24.2 - https:\/\/yoast.com\/wordpress\/plugins\/seo\/ -->\n<title>Company - All4Labels Global Packaging Group \u2013 Connecting brands and consumers<\/title>\n<meta name=\"robots\" content=\"index, follow, max-snippet:-1, max-image-preview:large, max-video-preview:-1\" \/>\n<link rel=\"canonical\" href=\"https:\/\/all4labels.com\/de\/unternehmen\/\" \/>\n<meta property=\"og:locale\" content=\"de_DE\" \/>\n<meta property=\"og:type\" content=\"article\" \/>\n<meta property=\"og:title\" content=\"Company - All4Labels Global Packaging Group \u2013 Connecting brands and consumers\" \/>\n<meta property=\"og:description\" content=\"\u00dcBER UNS Auf einen Blick All4Labels ist ein weltweit f\u00fchrender Anbieter von Etikettenl\u00f6sungen und bekannt f\u00fcr seine Pionierrolle in der Verpackungsindustrie. Mit einem starken Fokus auf die Marktsegmente Lebensmittel, Haushalt [&hellip;]\" \/>\n<meta property=\"og:url\" content=\"https:\/\/all4labels.com\/de\/unternehmen\/\" \/>\n<meta property=\"og:site_name\" content=\"All4Labels Global Packaging Group \u2013 Connecting brands and consumers\" \/>\n<meta property=\"article:modified_time\" content=\"2026-04-14T10:02:09+00:00\" \/>\n<meta name=\"twitter:card\" content=\"summary_large_image\" \/>\n<meta name=\"twitter:label1\" content=\"Gesch\u00e4tzte Lesezeit\" \/>\n\t<meta name=\"twitter:data1\" content=\"1 Minute\" \/>\n<script type=\"application\/ld+json\" class=\"yoast-schema-graph\">{\"@context\":\"https:\/\/schema.org\",\"@graph\":[{\"@type\":\"WebPage\",\"@id\":\"https:\/\/all4labels.com\/de\/unternehmen\/\",\"url\":\"https:\/\/all4labels.com\/de\/unternehmen\/\",\"name\":\"Company - All4Labels Global Packaging Group \u2013 Connecting brands and consumers\",\"isPartOf\":{\"@id\":\"https:\/\/all4labels.com\/#website\"},\"datePublished\":\"2022-09-30T09:28:32+00:00\",\"dateModified\":\"2026-04-14T10:02:09+00:00\",\"breadcrumb\":{\"@id\":\"https:\/\/all4labels.com\/de\/unternehmen\/#breadcrumb\"},\"inLanguage\":\"de\",\"potentialAction\":[{\"@type\":\"ReadAction\",\"target\":[\"https:\/\/all4labels.com\/de\/unternehmen\/\"]}]},{\"@type\":\"BreadcrumbList\",\"@id\":\"https:\/\/all4labels.com\/de\/unternehmen\/#breadcrumb\",\"itemListElement\":[{\"@type\":\"ListItem\",\"position\":1,\"name\":\"Home\",\"item\":\"https:\/\/all4labels.com\/de\/\"},{\"@type\":\"ListItem\",\"position\":2,\"name\":\"Company\"}]},{\"@type\":\"WebSite\",\"@id\":\"https:\/\/all4labels.com\/#website\",\"url\":\"https:\/\/all4labels.com\/\",\"name\":\"All4Labels Global Packaging Group \u2013 Connecting brands and consumers\",\"description\":\"\",\"publisher\":{\"@id\":\"https:\/\/all4labels.com\/#organization\"},\"potentialAction\":[{\"@type\":\"SearchAction\",\"target\":{\"@type\":\"EntryPoint\",\"urlTemplate\":\"https:\/\/all4labels.com\/?s={search_term_string}\"},\"query-input\":{\"@type\":\"PropertyValueSpecification\",\"valueRequired\":true,\"valueName\":\"search_term_string\"}}],\"inLanguage\":\"de\"},{\"@type\":\"Organization\",\"@id\":\"https:\/\/all4labels.com\/#organization\",\"name\":\"All4Labels Global Packaging Group \u2013 Connecting brands and consumers\",\"url\":\"https:\/\/all4labels.com\/\",\"logo\":{\"@type\":\"ImageObject\",\"inLanguage\":\"de\",\"@id\":\"https:\/\/all4labels.com\/#\/schema\/logo\/image\/\",\"url\":\"https:\/\/all4labels.com\/wp-content\/uploads\/2020\/02\/all4labels-white.svg\",\"contentUrl\":\"https:\/\/all4labels.com\/wp-content\/uploads\/2020\/02\/all4labels-white.svg\",\"caption\":\"All4Labels Global Packaging Group \u2013 Connecting brands and consumers\"},\"image\":{\"@id\":\"https:\/\/all4labels.com\/#\/schema\/logo\/image\/\"}}]}<\/script>\n<!-- \/ Yoast SEO plugin. -->","yoast_head_json":{"title":"Company - All4Labels Global Packaging Group \u2013 Connecting brands and consumers","robots":{"index":"index","follow":"follow","max-snippet":"max-snippet:-1","max-image-preview":"max-image-preview:large","max-video-preview":"max-video-preview:-1"},"canonical":"https:\/\/all4labels.com\/de\/unternehmen\/","og_locale":"de_DE","og_type":"article","og_title":"Company - All4Labels Global Packaging Group \u2013 Connecting brands and consumers","og_description":"\u00dcBER UNS Auf einen Blick All4Labels ist ein weltweit f\u00fchrender Anbieter von Etikettenl\u00f6sungen und bekannt f\u00fcr seine Pionierrolle in der Verpackungsindustrie. Mit einem starken Fokus auf die Marktsegmente Lebensmittel, Haushalt [&hellip;]","og_url":"https:\/\/all4labels.com\/de\/unternehmen\/","og_site_name":"All4Labels Global Packaging Group \u2013 Connecting brands and consumers","article_modified_time":"2026-04-14T10:02:09+00:00","twitter_card":"summary_large_image","twitter_misc":{"Gesch\u00e4tzte Lesezeit":"1 Minute"},"schema":{"@context":"https:\/\/schema.org","@graph":[{"@type":"WebPage","@id":"https:\/\/all4labels.com\/de\/unternehmen\/","url":"https:\/\/all4labels.com\/de\/unternehmen\/","name":"Company - All4Labels Global Packaging Group \u2013 Connecting brands and consumers","isPartOf":{"@id":"https:\/\/all4labels.com\/#website"},"datePublished":"2022-09-30T09:28:32+00:00","dateModified":"2026-04-14T10:02:09+00:00","breadcrumb":{"@id":"https:\/\/all4labels.com\/de\/unternehmen\/#breadcrumb"},"inLanguage":"de","potentialAction":[{"@type":"ReadAction","target":["https:\/\/all4labels.com\/de\/unternehmen\/"]}]},{"@type":"BreadcrumbList","@id":"https:\/\/all4labels.com\/de\/unternehmen\/#breadcrumb","itemListElement":[{"@type":"ListItem","position":1,"name":"Home","item":"https:\/\/all4labels.com\/de\/"},{"@type":"ListItem","position":2,"name":"Company"}]},{"@type":"WebSite","@id":"https:\/\/all4labels.com\/#website","url":"https:\/\/all4labels.com\/","name":"All4Labels Global Packaging Group \u2013 Connecting brands and consumers","description":"","publisher":{"@id":"https:\/\/all4labels.com\/#organization"},"potentialAction":[{"@type":"SearchAction","target":{"@type":"EntryPoint","urlTemplate":"https:\/\/all4labels.com\/?s={search_term_string}"},"query-input":{"@type":"PropertyValueSpecification","valueRequired":true,"valueName":"search_term_string"}}],"inLanguage":"de"},{"@type":"Organization","@id":"https:\/\/all4labels.com\/#organization","name":"All4Labels Global Packaging Group \u2013 Connecting brands and consumers","url":"https:\/\/all4labels.com\/","logo":{"@type":"ImageObject","inLanguage":"de","@id":"https:\/\/all4labels.com\/#\/schema\/logo\/image\/","url":"https:\/\/all4labels.com\/wp-content\/uploads\/2020\/02\/all4labels-white.svg","contentUrl":"https:\/\/all4labels.com\/wp-content\/uploads\/2020\/02\/all4labels-white.svg","caption":"All4Labels Global Packaging Group \u2013 Connecting brands and consumers"},"image":{"@id":"https:\/\/all4labels.com\/#\/schema\/logo\/image\/"}}]}},"_links":{"self":[{"href":"https:\/\/all4labels.com\/de\/wp-json\/wp\/v2\/pages\/18987","targetHints":{"allow":["GET"]}}],"collection":[{"href":"https:\/\/all4labels.com\/de\/wp-json\/wp\/v2\/pages"}],"about":[{"href":"https:\/\/all4labels.com\/de\/wp-json\/wp\/v2\/types\/page"}],"author":[{"embeddable":true,"href":"https:\/\/all4labels.com\/de\/wp-json\/wp\/v2\/users\/10"}],"replies":[{"embeddable":true,"href":"https:\/\/all4labels.com\/de\/wp-json\/wp\/v2\/comments?post=18987"}],"version-history":[{"count":62,"href":"https:\/\/all4labels.com\/de\/wp-json\/wp\/v2\/pages\/18987\/revisions"}],"predecessor-version":[{"id":46396,"href":"https:\/\/all4labels.com\/de\/wp-json\/wp\/v2\/pages\/18987\/revisions\/46396"}],"wp:attachment":[{"href":"https:\/\/all4labels.com\/de\/wp-json\/wp\/v2\/media?parent=18987"}],"curies":[{"name":"wp","href":"https:\/\/api.w.org\/{rel}","templated":true}]}}