{"id":37950,"date":"2023-11-30T13:39:25","date_gmt":"2023-11-30T13:39:25","guid":{"rendered":"https:\/\/all4labels.com\/products\/"},"modified":"2026-04-10T07:24:09","modified_gmt":"2026-04-10T07:24:09","slug":"produkter","status":"publish","type":"page","link":"https:\/\/all4labels.com\/da\/produkter\/","title":{"rendered":"Produkter"},"content":{"rendered":"<p>Vores produktsortiment str\u00e6kker sig ud over etiketter til sleeves, tuber og specialprodukter, hvor vi bruger vores ekspertise til at tilbyde det mest velegnede produkt til vores kunder.<\/p>\n<p>Vi tilbyder et bredt udvalg af emballagel\u00f8sninger fremstillet i topkvalitet og en lang r\u00e6kke tryk- og efterbehandlingsteknikker til at virkeligg\u00f8re skr\u00e6ddersyede produktl\u00f8sninger. Vi er ekstremt alsidige og kundecentrerede, og vi str\u00e6ber efter at finde den ideelle produktanvendelse, der er relevant for sektoren, og en anvendelse, der \u00f8ger din varem\u00e6rkesynlighed og fremh\u00e6ver dit produkts egenskaber.<\/p>\n","protected":false},"excerpt":{"rendered":"<p>Vores produktsortiment str\u00e6kker sig ud over etiketter til sleeves, tuber og specialprodukter, hvor vi bruger vores ekspertise til at tilbyde det mest velegnede produkt til vores kunder. Vi tilbyder et [&hellip;]<\/p>\n","protected":false},"author":10,"featured_media":0,"parent":0,"menu_order":0,"comment_status":"closed","ping_status":"closed","template":"page-products-v2-dk.php","meta":{"_acf_changed":false,"footnotes":""},"class_list":["post-37950","page","type-page","status-publish","hentry"],"acf":[],"yoast_head":"<!-- This site is optimized with the Yoast SEO plugin v24.2 - https:\/\/yoast.com\/wordpress\/plugins\/seo\/ -->\n<title>Produkter - All4Labels Global Packaging Group \u2013 Connecting brands and consumers<\/title>\n<meta name=\"robots\" content=\"index, follow, max-snippet:-1, max-image-preview:large, max-video-preview:-1\" \/>\n<link rel=\"canonical\" href=\"https:\/\/all4labels.com\/da\/produkter\/\" \/>\n<meta property=\"og:locale\" content=\"da_DK\" \/>\n<meta property=\"og:type\" content=\"article\" \/>\n<meta property=\"og:title\" content=\"Produkter - All4Labels Global Packaging Group \u2013 Connecting brands and consumers\" \/>\n<meta property=\"og:description\" content=\"Vores produktsortiment str\u00e6kker sig ud over etiketter til sleeves, tuber og specialprodukter, hvor vi bruger vores ekspertise til at tilbyde det mest velegnede produkt til vores kunder. Vi tilbyder et [&hellip;]\" \/>\n<meta property=\"og:url\" content=\"https:\/\/all4labels.com\/da\/produkter\/\" \/>\n<meta property=\"og:site_name\" content=\"All4Labels Global Packaging Group \u2013 Connecting brands and consumers\" \/>\n<meta property=\"article:modified_time\" content=\"2026-04-10T07:24:09+00:00\" \/>\n<meta name=\"twitter:card\" content=\"summary_large_image\" \/>\n<meta name=\"twitter:label1\" content=\"Estimeret l\u00e6setid\" \/>\n\t<meta name=\"twitter:data1\" content=\"1 minut\" \/>\n<script type=\"application\/ld+json\" class=\"yoast-schema-graph\">{\"@context\":\"https:\/\/schema.org\",\"@graph\":[{\"@type\":\"WebPage\",\"@id\":\"https:\/\/all4labels.com\/da\/produkter\/\",\"url\":\"https:\/\/all4labels.com\/da\/produkter\/\",\"name\":\"Produkter - All4Labels Global Packaging Group \u2013 Connecting brands and consumers\",\"isPartOf\":{\"@id\":\"https:\/\/all4labels.com\/#website\"},\"datePublished\":\"2023-11-30T13:39:25+00:00\",\"dateModified\":\"2026-04-10T07:24:09+00:00\",\"breadcrumb\":{\"@id\":\"https:\/\/all4labels.com\/da\/produkter\/#breadcrumb\"},\"inLanguage\":\"da-DK\",\"potentialAction\":[{\"@type\":\"ReadAction\",\"target\":[\"https:\/\/all4labels.com\/da\/produkter\/\"]}]},{\"@type\":\"BreadcrumbList\",\"@id\":\"https:\/\/all4labels.com\/da\/produkter\/#breadcrumb\",\"itemListElement\":[{\"@type\":\"ListItem\",\"position\":1,\"name\":\"Home\",\"item\":\"https:\/\/all4labels.com\/da\/\"},{\"@type\":\"ListItem\",\"position\":2,\"name\":\"Produkter\"}]},{\"@type\":\"WebSite\",\"@id\":\"https:\/\/all4labels.com\/#website\",\"url\":\"https:\/\/all4labels.com\/\",\"name\":\"All4Labels Global Packaging Group \u2013 Connecting brands and consumers\",\"description\":\"\",\"publisher\":{\"@id\":\"https:\/\/all4labels.com\/#organization\"},\"potentialAction\":[{\"@type\":\"SearchAction\",\"target\":{\"@type\":\"EntryPoint\",\"urlTemplate\":\"https:\/\/all4labels.com\/?s={search_term_string}\"},\"query-input\":{\"@type\":\"PropertyValueSpecification\",\"valueRequired\":true,\"valueName\":\"search_term_string\"}}],\"inLanguage\":\"da-DK\"},{\"@type\":\"Organization\",\"@id\":\"https:\/\/all4labels.com\/#organization\",\"name\":\"All4Labels Global Packaging Group \u2013 Connecting brands and consumers\",\"url\":\"https:\/\/all4labels.com\/\",\"logo\":{\"@type\":\"ImageObject\",\"inLanguage\":\"da-DK\",\"@id\":\"https:\/\/all4labels.com\/#\/schema\/logo\/image\/\",\"url\":\"https:\/\/all4labels.com\/wp-content\/uploads\/2020\/02\/all4labels-white.svg\",\"contentUrl\":\"https:\/\/all4labels.com\/wp-content\/uploads\/2020\/02\/all4labels-white.svg\",\"caption\":\"All4Labels Global Packaging Group \u2013 Connecting brands and consumers\"},\"image\":{\"@id\":\"https:\/\/all4labels.com\/#\/schema\/logo\/image\/\"}}]}<\/script>\n<!-- \/ Yoast SEO plugin. -->","yoast_head_json":{"title":"Produkter - All4Labels Global Packaging Group \u2013 Connecting brands and consumers","robots":{"index":"index","follow":"follow","max-snippet":"max-snippet:-1","max-image-preview":"max-image-preview:large","max-video-preview":"max-video-preview:-1"},"canonical":"https:\/\/all4labels.com\/da\/produkter\/","og_locale":"da_DK","og_type":"article","og_title":"Produkter - All4Labels Global Packaging Group \u2013 Connecting brands and consumers","og_description":"Vores produktsortiment str\u00e6kker sig ud over etiketter til sleeves, tuber og specialprodukter, hvor vi bruger vores ekspertise til at tilbyde det mest velegnede produkt til vores kunder. Vi tilbyder et [&hellip;]","og_url":"https:\/\/all4labels.com\/da\/produkter\/","og_site_name":"All4Labels Global Packaging Group \u2013 Connecting brands and consumers","article_modified_time":"2026-04-10T07:24:09+00:00","twitter_card":"summary_large_image","twitter_misc":{"Estimeret l\u00e6setid":"1 minut"},"schema":{"@context":"https:\/\/schema.org","@graph":[{"@type":"WebPage","@id":"https:\/\/all4labels.com\/da\/produkter\/","url":"https:\/\/all4labels.com\/da\/produkter\/","name":"Produkter - All4Labels Global Packaging Group \u2013 Connecting brands and consumers","isPartOf":{"@id":"https:\/\/all4labels.com\/#website"},"datePublished":"2023-11-30T13:39:25+00:00","dateModified":"2026-04-10T07:24:09+00:00","breadcrumb":{"@id":"https:\/\/all4labels.com\/da\/produkter\/#breadcrumb"},"inLanguage":"da-DK","potentialAction":[{"@type":"ReadAction","target":["https:\/\/all4labels.com\/da\/produkter\/"]}]},{"@type":"BreadcrumbList","@id":"https:\/\/all4labels.com\/da\/produkter\/#breadcrumb","itemListElement":[{"@type":"ListItem","position":1,"name":"Home","item":"https:\/\/all4labels.com\/da\/"},{"@type":"ListItem","position":2,"name":"Produkter"}]},{"@type":"WebSite","@id":"https:\/\/all4labels.com\/#website","url":"https:\/\/all4labels.com\/","name":"All4Labels Global Packaging Group \u2013 Connecting brands and consumers","description":"","publisher":{"@id":"https:\/\/all4labels.com\/#organization"},"potentialAction":[{"@type":"SearchAction","target":{"@type":"EntryPoint","urlTemplate":"https:\/\/all4labels.com\/?s={search_term_string}"},"query-input":{"@type":"PropertyValueSpecification","valueRequired":true,"valueName":"search_term_string"}}],"inLanguage":"da-DK"},{"@type":"Organization","@id":"https:\/\/all4labels.com\/#organization","name":"All4Labels Global Packaging Group \u2013 Connecting brands and consumers","url":"https:\/\/all4labels.com\/","logo":{"@type":"ImageObject","inLanguage":"da-DK","@id":"https:\/\/all4labels.com\/#\/schema\/logo\/image\/","url":"https:\/\/all4labels.com\/wp-content\/uploads\/2020\/02\/all4labels-white.svg","contentUrl":"https:\/\/all4labels.com\/wp-content\/uploads\/2020\/02\/all4labels-white.svg","caption":"All4Labels Global Packaging Group \u2013 Connecting brands and consumers"},"image":{"@id":"https:\/\/all4labels.com\/#\/schema\/logo\/image\/"}}]}},"_links":{"self":[{"href":"https:\/\/all4labels.com\/da\/wp-json\/wp\/v2\/pages\/37950","targetHints":{"allow":["GET"]}}],"collection":[{"href":"https:\/\/all4labels.com\/da\/wp-json\/wp\/v2\/pages"}],"about":[{"href":"https:\/\/all4labels.com\/da\/wp-json\/wp\/v2\/types\/page"}],"author":[{"embeddable":true,"href":"https:\/\/all4labels.com\/da\/wp-json\/wp\/v2\/users\/10"}],"replies":[{"embeddable":true,"href":"https:\/\/all4labels.com\/da\/wp-json\/wp\/v2\/comments?post=37950"}],"version-history":[{"count":13,"href":"https:\/\/all4labels.com\/da\/wp-json\/wp\/v2\/pages\/37950\/revisions"}],"predecessor-version":[{"id":46357,"href":"https:\/\/all4labels.com\/da\/wp-json\/wp\/v2\/pages\/37950\/revisions\/46357"}],"wp:attachment":[{"href":"https:\/\/all4labels.com\/da\/wp-json\/wp\/v2\/media?parent=37950"}],"curies":[{"name":"wp","href":"https:\/\/api.w.org\/{rel}","templated":true}]}}