{"id":21410,"date":"2021-01-15T13:16:35","date_gmt":"2021-01-15T13:16:35","guid":{"rendered":"https:\/\/all4labels.com\/markeder\/wine-spirits\/"},"modified":"2024-07-15T11:34:24","modified_gmt":"2024-07-15T11:34:24","slug":"vin-spiritus","status":"publish","type":"page","link":"https:\/\/all4labels.com\/da\/markeder\/vin-spiritus\/","title":{"rendered":"Vin &#038; Spiritus"},"content":{"rendered":"<h6>MARKEDSOVERSIGT<\/h6>\n<h1>Vin &amp; Spiritus<\/h1>\n<p>Etiketdesignet er en vigtig k\u00f8bsdriver i et tiltagende konkurrencepr\u00e6get marked for vin og spiritus. Optikkens magt i storytelling er ikke til at komme udenom. Visuelt indhold kan overvinde sprogbarrierer, formidle komplekse budskaber og fremkalde en umiddelbar reaktion hos mennesker. Emballager byder p\u00e5 en ny platform for interaktion med slutforbrugeren samt for innovative teknologiske l\u00f8sninger, der g\u00f8r det muligt hurtigt at reagere p\u00e5 branchetrends.<\/p>\n","protected":false},"excerpt":{"rendered":"<p>MARKEDSOVERSIGT Vin &amp; Spiritus Etiketdesignet er en vigtig k\u00f8bsdriver i et tiltagende konkurrencepr\u00e6get marked for vin og spiritus. Optikkens magt i storytelling er ikke til at komme udenom. Visuelt indhold [&hellip;]<\/p>\n","protected":false},"author":10,"featured_media":24074,"parent":20898,"menu_order":0,"comment_status":"closed","ping_status":"closed","template":"page-markets-wine-landing.php","meta":{"_acf_changed":false,"footnotes":""},"class_list":["post-21410","page","type-page","status-publish","has-post-thumbnail","hentry"],"acf":[],"yoast_head":"<!-- This site is optimized with the Yoast SEO plugin v24.2 - https:\/\/yoast.com\/wordpress\/plugins\/seo\/ -->\n<title>Vin &amp; Spiritus - All4Labels Global Packaging Group \u2013 Connecting brands and consumers<\/title>\n<meta name=\"robots\" content=\"index, follow, max-snippet:-1, max-image-preview:large, max-video-preview:-1\" \/>\n<link rel=\"canonical\" href=\"https:\/\/all4labels.com\/da\/markeder\/vin-spiritus\/\" \/>\n<meta property=\"og:locale\" content=\"da_DK\" \/>\n<meta property=\"og:type\" content=\"article\" \/>\n<meta property=\"og:title\" content=\"Vin &amp; Spiritus - All4Labels Global Packaging Group \u2013 Connecting brands and consumers\" \/>\n<meta property=\"og:description\" content=\"MARKEDSOVERSIGT Vin &amp; Spiritus Etiketdesignet er en vigtig k\u00f8bsdriver i et tiltagende konkurrencepr\u00e6get marked for vin og spiritus. Optikkens magt i storytelling er ikke til at komme udenom. Visuelt indhold [&hellip;]\" \/>\n<meta property=\"og:url\" content=\"https:\/\/all4labels.com\/da\/markeder\/vin-spiritus\/\" \/>\n<meta property=\"og:site_name\" content=\"All4Labels Global Packaging Group \u2013 Connecting brands and consumers\" \/>\n<meta property=\"article:modified_time\" content=\"2024-07-15T11:34:24+00:00\" \/>\n<meta property=\"og:image\" content=\"https:\/\/all4labels.com\/wp-content\/uploads\/2021\/01\/wineandspirits1.jpg\" \/>\n\t<meta property=\"og:image:width\" content=\"1920\" \/>\n\t<meta property=\"og:image:height\" content=\"1280\" \/>\n\t<meta property=\"og:image:type\" content=\"image\/jpeg\" \/>\n<meta name=\"twitter:card\" content=\"summary_large_image\" \/>\n<meta name=\"twitter:label1\" content=\"Estimeret l\u00e6setid\" \/>\n\t<meta name=\"twitter:data1\" content=\"1 minut\" \/>\n<script type=\"application\/ld+json\" class=\"yoast-schema-graph\">{\"@context\":\"https:\/\/schema.org\",\"@graph\":[{\"@type\":\"WebPage\",\"@id\":\"https:\/\/all4labels.com\/da\/markeder\/vin-spiritus\/\",\"url\":\"https:\/\/all4labels.com\/da\/markeder\/vin-spiritus\/\",\"name\":\"Vin & Spiritus - All4Labels Global Packaging Group \u2013 Connecting brands and consumers\",\"isPartOf\":{\"@id\":\"https:\/\/all4labels.com\/#website\"},\"primaryImageOfPage\":{\"@id\":\"https:\/\/all4labels.com\/da\/markeder\/vin-spiritus\/#primaryimage\"},\"image\":{\"@id\":\"https:\/\/all4labels.com\/da\/markeder\/vin-spiritus\/#primaryimage\"},\"thumbnailUrl\":\"https:\/\/all4labels.com\/wp-content\/uploads\/2021\/01\/wineandspirits1.jpg\",\"datePublished\":\"2021-01-15T13:16:35+00:00\",\"dateModified\":\"2024-07-15T11:34:24+00:00\",\"breadcrumb\":{\"@id\":\"https:\/\/all4labels.com\/da\/markeder\/vin-spiritus\/#breadcrumb\"},\"inLanguage\":\"da-DK\",\"potentialAction\":[{\"@type\":\"ReadAction\",\"target\":[\"https:\/\/all4labels.com\/da\/markeder\/vin-spiritus\/\"]}]},{\"@type\":\"ImageObject\",\"inLanguage\":\"da-DK\",\"@id\":\"https:\/\/all4labels.com\/da\/markeder\/vin-spiritus\/#primaryimage\",\"url\":\"https:\/\/all4labels.com\/wp-content\/uploads\/2021\/01\/wineandspirits1.jpg\",\"contentUrl\":\"https:\/\/all4labels.com\/wp-content\/uploads\/2021\/01\/wineandspirits1.jpg\",\"width\":1920,\"height\":1280},{\"@type\":\"BreadcrumbList\",\"@id\":\"https:\/\/all4labels.com\/da\/markeder\/vin-spiritus\/#breadcrumb\",\"itemListElement\":[{\"@type\":\"ListItem\",\"position\":1,\"name\":\"Home\",\"item\":\"https:\/\/all4labels.com\/da\/\"},{\"@type\":\"ListItem\",\"position\":2,\"name\":\"Markeder\",\"item\":\"https:\/\/all4labels.com\/da\/markeder\/\"},{\"@type\":\"ListItem\",\"position\":3,\"name\":\"Vin &#038; Spiritus\"}]},{\"@type\":\"WebSite\",\"@id\":\"https:\/\/all4labels.com\/#website\",\"url\":\"https:\/\/all4labels.com\/\",\"name\":\"All4Labels Global Packaging Group \u2013 Connecting brands and consumers\",\"description\":\"\",\"publisher\":{\"@id\":\"https:\/\/all4labels.com\/#organization\"},\"potentialAction\":[{\"@type\":\"SearchAction\",\"target\":{\"@type\":\"EntryPoint\",\"urlTemplate\":\"https:\/\/all4labels.com\/?s={search_term_string}\"},\"query-input\":{\"@type\":\"PropertyValueSpecification\",\"valueRequired\":true,\"valueName\":\"search_term_string\"}}],\"inLanguage\":\"da-DK\"},{\"@type\":\"Organization\",\"@id\":\"https:\/\/all4labels.com\/#organization\",\"name\":\"All4Labels Global Packaging Group \u2013 Connecting brands and consumers\",\"url\":\"https:\/\/all4labels.com\/\",\"logo\":{\"@type\":\"ImageObject\",\"inLanguage\":\"da-DK\",\"@id\":\"https:\/\/all4labels.com\/#\/schema\/logo\/image\/\",\"url\":\"https:\/\/all4labels.com\/wp-content\/uploads\/2020\/02\/all4labels-white.svg\",\"contentUrl\":\"https:\/\/all4labels.com\/wp-content\/uploads\/2020\/02\/all4labels-white.svg\",\"caption\":\"All4Labels Global Packaging Group \u2013 Connecting brands and consumers\"},\"image\":{\"@id\":\"https:\/\/all4labels.com\/#\/schema\/logo\/image\/\"}}]}<\/script>\n<!-- \/ Yoast SEO plugin. -->","yoast_head_json":{"title":"Vin & Spiritus - All4Labels Global Packaging Group \u2013 Connecting brands and consumers","robots":{"index":"index","follow":"follow","max-snippet":"max-snippet:-1","max-image-preview":"max-image-preview:large","max-video-preview":"max-video-preview:-1"},"canonical":"https:\/\/all4labels.com\/da\/markeder\/vin-spiritus\/","og_locale":"da_DK","og_type":"article","og_title":"Vin & Spiritus - All4Labels Global Packaging Group \u2013 Connecting brands and consumers","og_description":"MARKEDSOVERSIGT Vin &amp; Spiritus Etiketdesignet er en vigtig k\u00f8bsdriver i et tiltagende konkurrencepr\u00e6get marked for vin og spiritus. Optikkens magt i storytelling er ikke til at komme udenom. Visuelt indhold [&hellip;]","og_url":"https:\/\/all4labels.com\/da\/markeder\/vin-spiritus\/","og_site_name":"All4Labels Global Packaging Group \u2013 Connecting brands and consumers","article_modified_time":"2024-07-15T11:34:24+00:00","og_image":[{"width":1920,"height":1280,"url":"https:\/\/all4labels.com\/wp-content\/uploads\/2021\/01\/wineandspirits1.jpg","type":"image\/jpeg"}],"twitter_card":"summary_large_image","twitter_misc":{"Estimeret l\u00e6setid":"1 minut"},"schema":{"@context":"https:\/\/schema.org","@graph":[{"@type":"WebPage","@id":"https:\/\/all4labels.com\/da\/markeder\/vin-spiritus\/","url":"https:\/\/all4labels.com\/da\/markeder\/vin-spiritus\/","name":"Vin & Spiritus - All4Labels Global Packaging Group \u2013 Connecting brands and consumers","isPartOf":{"@id":"https:\/\/all4labels.com\/#website"},"primaryImageOfPage":{"@id":"https:\/\/all4labels.com\/da\/markeder\/vin-spiritus\/#primaryimage"},"image":{"@id":"https:\/\/all4labels.com\/da\/markeder\/vin-spiritus\/#primaryimage"},"thumbnailUrl":"https:\/\/all4labels.com\/wp-content\/uploads\/2021\/01\/wineandspirits1.jpg","datePublished":"2021-01-15T13:16:35+00:00","dateModified":"2024-07-15T11:34:24+00:00","breadcrumb":{"@id":"https:\/\/all4labels.com\/da\/markeder\/vin-spiritus\/#breadcrumb"},"inLanguage":"da-DK","potentialAction":[{"@type":"ReadAction","target":["https:\/\/all4labels.com\/da\/markeder\/vin-spiritus\/"]}]},{"@type":"ImageObject","inLanguage":"da-DK","@id":"https:\/\/all4labels.com\/da\/markeder\/vin-spiritus\/#primaryimage","url":"https:\/\/all4labels.com\/wp-content\/uploads\/2021\/01\/wineandspirits1.jpg","contentUrl":"https:\/\/all4labels.com\/wp-content\/uploads\/2021\/01\/wineandspirits1.jpg","width":1920,"height":1280},{"@type":"BreadcrumbList","@id":"https:\/\/all4labels.com\/da\/markeder\/vin-spiritus\/#breadcrumb","itemListElement":[{"@type":"ListItem","position":1,"name":"Home","item":"https:\/\/all4labels.com\/da\/"},{"@type":"ListItem","position":2,"name":"Markeder","item":"https:\/\/all4labels.com\/da\/markeder\/"},{"@type":"ListItem","position":3,"name":"Vin &#038; Spiritus"}]},{"@type":"WebSite","@id":"https:\/\/all4labels.com\/#website","url":"https:\/\/all4labels.com\/","name":"All4Labels Global Packaging Group \u2013 Connecting brands and consumers","description":"","publisher":{"@id":"https:\/\/all4labels.com\/#organization"},"potentialAction":[{"@type":"SearchAction","target":{"@type":"EntryPoint","urlTemplate":"https:\/\/all4labels.com\/?s={search_term_string}"},"query-input":{"@type":"PropertyValueSpecification","valueRequired":true,"valueName":"search_term_string"}}],"inLanguage":"da-DK"},{"@type":"Organization","@id":"https:\/\/all4labels.com\/#organization","name":"All4Labels Global Packaging Group \u2013 Connecting brands and consumers","url":"https:\/\/all4labels.com\/","logo":{"@type":"ImageObject","inLanguage":"da-DK","@id":"https:\/\/all4labels.com\/#\/schema\/logo\/image\/","url":"https:\/\/all4labels.com\/wp-content\/uploads\/2020\/02\/all4labels-white.svg","contentUrl":"https:\/\/all4labels.com\/wp-content\/uploads\/2020\/02\/all4labels-white.svg","caption":"All4Labels Global Packaging Group \u2013 Connecting brands and consumers"},"image":{"@id":"https:\/\/all4labels.com\/#\/schema\/logo\/image\/"}}]}},"_links":{"self":[{"href":"https:\/\/all4labels.com\/da\/wp-json\/wp\/v2\/pages\/21410","targetHints":{"allow":["GET"]}}],"collection":[{"href":"https:\/\/all4labels.com\/da\/wp-json\/wp\/v2\/pages"}],"about":[{"href":"https:\/\/all4labels.com\/da\/wp-json\/wp\/v2\/types\/page"}],"author":[{"embeddable":true,"href":"https:\/\/all4labels.com\/da\/wp-json\/wp\/v2\/users\/10"}],"replies":[{"embeddable":true,"href":"https:\/\/all4labels.com\/da\/wp-json\/wp\/v2\/comments?post=21410"}],"version-history":[{"count":1,"href":"https:\/\/all4labels.com\/da\/wp-json\/wp\/v2\/pages\/21410\/revisions"}],"predecessor-version":[{"id":41399,"href":"https:\/\/all4labels.com\/da\/wp-json\/wp\/v2\/pages\/21410\/revisions\/41399"}],"up":[{"embeddable":true,"href":"https:\/\/all4labels.com\/da\/wp-json\/wp\/v2\/pages\/20898"}],"wp:featuredmedia":[{"embeddable":true,"href":"https:\/\/all4labels.com\/da\/wp-json\/wp\/v2\/media\/24074"}],"wp:attachment":[{"href":"https:\/\/all4labels.com\/da\/wp-json\/wp\/v2\/media?parent=21410"}],"curies":[{"name":"wp","href":"https:\/\/api.w.org\/{rel}","templated":true}]}}