{"id":21387,"date":"2020-03-24T10:37:18","date_gmt":"2020-03-24T10:37:18","guid":{"rendered":"https:\/\/all4labels.com\/responsibility\/"},"modified":"2023-03-01T15:44:52","modified_gmt":"2023-03-01T15:44:52","slug":"ansvarlighed","status":"publish","type":"page","link":"https:\/\/all4labels.com\/da\/ansvarlighed\/","title":{"rendered":"Ansvarlighed"},"content":{"rendered":"<h1>Vi tager<br \/>\nh\u00e5nd om fremtiden<\/h1>\n<p class=\"p1\"><strong><span class=\"s1\">Vi anerkender, at vores aktiviteter p\u00e5virker milj\u00f8et og de mennesker og samfund, som vi arbejder i. Derfor str\u00e6ber vi efter at v\u00e6re en fremadskuende, ansvarsbevidst ejer og en partner for alle interessegrupper, som vi samarbejder med &#8211; herunder medarbejdere, kunder, leverand\u00f8rer og samfundet som et hele. <\/span><\/strong><\/p>\n","protected":false},"excerpt":{"rendered":"<p>Vi tager h\u00e5nd om fremtiden Vi anerkender, at vores aktiviteter p\u00e5virker milj\u00f8et og de mennesker og samfund, som vi arbejder i. Derfor str\u00e6ber vi efter at v\u00e6re en fremadskuende, ansvarsbevidst [&hellip;]<\/p>\n","protected":false},"author":1,"featured_media":5445,"parent":0,"menu_order":0,"comment_status":"closed","ping_status":"closed","template":"page-responsibility.php","meta":{"_acf_changed":false,"footnotes":""},"class_list":["post-21387","page","type-page","status-publish","has-post-thumbnail","hentry"],"acf":[],"yoast_head":"<!-- This site is optimized with the Yoast SEO plugin v24.2 - https:\/\/yoast.com\/wordpress\/plugins\/seo\/ -->\n<title>Ansvarlighed - All4Labels Global Packaging Group \u2013 Connecting brands and consumers<\/title>\n<meta name=\"robots\" content=\"index, follow, max-snippet:-1, max-image-preview:large, max-video-preview:-1\" \/>\n<link rel=\"canonical\" href=\"https:\/\/all4labels.com\/da\/ansvarlighed\/\" \/>\n<meta property=\"og:locale\" content=\"da_DK\" \/>\n<meta property=\"og:type\" content=\"article\" \/>\n<meta property=\"og:title\" content=\"Ansvarlighed - All4Labels Global Packaging Group \u2013 Connecting brands and consumers\" \/>\n<meta property=\"og:description\" content=\"Vi tager h\u00e5nd om fremtiden Vi anerkender, at vores aktiviteter p\u00e5virker milj\u00f8et og de mennesker og samfund, som vi arbejder i. Derfor str\u00e6ber vi efter at v\u00e6re en fremadskuende, ansvarsbevidst [&hellip;]\" \/>\n<meta property=\"og:url\" content=\"https:\/\/all4labels.com\/da\/ansvarlighed\/\" \/>\n<meta property=\"og:site_name\" content=\"All4Labels Global Packaging Group \u2013 Connecting brands and consumers\" \/>\n<meta property=\"article:modified_time\" content=\"2023-03-01T15:44:52+00:00\" \/>\n<meta property=\"og:image\" content=\"https:\/\/all4labels.com\/wp-content\/uploads\/2021\/02\/all4labels_home_responsibility-scaled.jpg\" \/>\n\t<meta property=\"og:image:width\" content=\"2560\" \/>\n\t<meta property=\"og:image:height\" content=\"1590\" \/>\n\t<meta property=\"og:image:type\" content=\"image\/jpeg\" \/>\n<meta name=\"twitter:card\" content=\"summary_large_image\" \/>\n<script type=\"application\/ld+json\" class=\"yoast-schema-graph\">{\"@context\":\"https:\/\/schema.org\",\"@graph\":[{\"@type\":\"WebPage\",\"@id\":\"https:\/\/all4labels.com\/da\/ansvarlighed\/\",\"url\":\"https:\/\/all4labels.com\/da\/ansvarlighed\/\",\"name\":\"Ansvarlighed - All4Labels Global Packaging Group \u2013 Connecting brands and consumers\",\"isPartOf\":{\"@id\":\"https:\/\/all4labels.com\/#website\"},\"primaryImageOfPage\":{\"@id\":\"https:\/\/all4labels.com\/da\/ansvarlighed\/#primaryimage\"},\"image\":{\"@id\":\"https:\/\/all4labels.com\/da\/ansvarlighed\/#primaryimage\"},\"thumbnailUrl\":\"https:\/\/all4labels.com\/wp-content\/uploads\/2021\/02\/all4labels_home_responsibility-scaled.jpg\",\"datePublished\":\"2020-03-24T10:37:18+00:00\",\"dateModified\":\"2023-03-01T15:44:52+00:00\",\"breadcrumb\":{\"@id\":\"https:\/\/all4labels.com\/da\/ansvarlighed\/#breadcrumb\"},\"inLanguage\":\"da-DK\",\"potentialAction\":[{\"@type\":\"ReadAction\",\"target\":[\"https:\/\/all4labels.com\/da\/ansvarlighed\/\"]}]},{\"@type\":\"ImageObject\",\"inLanguage\":\"da-DK\",\"@id\":\"https:\/\/all4labels.com\/da\/ansvarlighed\/#primaryimage\",\"url\":\"https:\/\/all4labels.com\/wp-content\/uploads\/2021\/02\/all4labels_home_responsibility-scaled.jpg\",\"contentUrl\":\"https:\/\/all4labels.com\/wp-content\/uploads\/2021\/02\/all4labels_home_responsibility-scaled.jpg\",\"width\":2560,\"height\":1590},{\"@type\":\"BreadcrumbList\",\"@id\":\"https:\/\/all4labels.com\/da\/ansvarlighed\/#breadcrumb\",\"itemListElement\":[{\"@type\":\"ListItem\",\"position\":1,\"name\":\"Home\",\"item\":\"https:\/\/all4labels.com\/da\/\"},{\"@type\":\"ListItem\",\"position\":2,\"name\":\"Ansvarlighed\"}]},{\"@type\":\"WebSite\",\"@id\":\"https:\/\/all4labels.com\/#website\",\"url\":\"https:\/\/all4labels.com\/\",\"name\":\"All4Labels Global Packaging Group \u2013 Connecting brands and consumers\",\"description\":\"\",\"publisher\":{\"@id\":\"https:\/\/all4labels.com\/#organization\"},\"potentialAction\":[{\"@type\":\"SearchAction\",\"target\":{\"@type\":\"EntryPoint\",\"urlTemplate\":\"https:\/\/all4labels.com\/?s={search_term_string}\"},\"query-input\":{\"@type\":\"PropertyValueSpecification\",\"valueRequired\":true,\"valueName\":\"search_term_string\"}}],\"inLanguage\":\"da-DK\"},{\"@type\":\"Organization\",\"@id\":\"https:\/\/all4labels.com\/#organization\",\"name\":\"All4Labels Global Packaging Group \u2013 Connecting brands and consumers\",\"url\":\"https:\/\/all4labels.com\/\",\"logo\":{\"@type\":\"ImageObject\",\"inLanguage\":\"da-DK\",\"@id\":\"https:\/\/all4labels.com\/#\/schema\/logo\/image\/\",\"url\":\"https:\/\/all4labels.com\/wp-content\/uploads\/2020\/02\/all4labels-white.svg\",\"contentUrl\":\"https:\/\/all4labels.com\/wp-content\/uploads\/2020\/02\/all4labels-white.svg\",\"caption\":\"All4Labels Global Packaging Group \u2013 Connecting brands and consumers\"},\"image\":{\"@id\":\"https:\/\/all4labels.com\/#\/schema\/logo\/image\/\"}}]}<\/script>\n<!-- \/ Yoast SEO plugin. -->","yoast_head_json":{"title":"Ansvarlighed - All4Labels Global Packaging Group \u2013 Connecting brands and consumers","robots":{"index":"index","follow":"follow","max-snippet":"max-snippet:-1","max-image-preview":"max-image-preview:large","max-video-preview":"max-video-preview:-1"},"canonical":"https:\/\/all4labels.com\/da\/ansvarlighed\/","og_locale":"da_DK","og_type":"article","og_title":"Ansvarlighed - All4Labels Global Packaging Group \u2013 Connecting brands and consumers","og_description":"Vi tager h\u00e5nd om fremtiden Vi anerkender, at vores aktiviteter p\u00e5virker milj\u00f8et og de mennesker og samfund, som vi arbejder i. Derfor str\u00e6ber vi efter at v\u00e6re en fremadskuende, ansvarsbevidst [&hellip;]","og_url":"https:\/\/all4labels.com\/da\/ansvarlighed\/","og_site_name":"All4Labels Global Packaging Group \u2013 Connecting brands and consumers","article_modified_time":"2023-03-01T15:44:52+00:00","og_image":[{"width":2560,"height":1590,"url":"https:\/\/all4labels.com\/wp-content\/uploads\/2021\/02\/all4labels_home_responsibility-scaled.jpg","type":"image\/jpeg"}],"twitter_card":"summary_large_image","schema":{"@context":"https:\/\/schema.org","@graph":[{"@type":"WebPage","@id":"https:\/\/all4labels.com\/da\/ansvarlighed\/","url":"https:\/\/all4labels.com\/da\/ansvarlighed\/","name":"Ansvarlighed - All4Labels Global Packaging Group \u2013 Connecting brands and consumers","isPartOf":{"@id":"https:\/\/all4labels.com\/#website"},"primaryImageOfPage":{"@id":"https:\/\/all4labels.com\/da\/ansvarlighed\/#primaryimage"},"image":{"@id":"https:\/\/all4labels.com\/da\/ansvarlighed\/#primaryimage"},"thumbnailUrl":"https:\/\/all4labels.com\/wp-content\/uploads\/2021\/02\/all4labels_home_responsibility-scaled.jpg","datePublished":"2020-03-24T10:37:18+00:00","dateModified":"2023-03-01T15:44:52+00:00","breadcrumb":{"@id":"https:\/\/all4labels.com\/da\/ansvarlighed\/#breadcrumb"},"inLanguage":"da-DK","potentialAction":[{"@type":"ReadAction","target":["https:\/\/all4labels.com\/da\/ansvarlighed\/"]}]},{"@type":"ImageObject","inLanguage":"da-DK","@id":"https:\/\/all4labels.com\/da\/ansvarlighed\/#primaryimage","url":"https:\/\/all4labels.com\/wp-content\/uploads\/2021\/02\/all4labels_home_responsibility-scaled.jpg","contentUrl":"https:\/\/all4labels.com\/wp-content\/uploads\/2021\/02\/all4labels_home_responsibility-scaled.jpg","width":2560,"height":1590},{"@type":"BreadcrumbList","@id":"https:\/\/all4labels.com\/da\/ansvarlighed\/#breadcrumb","itemListElement":[{"@type":"ListItem","position":1,"name":"Home","item":"https:\/\/all4labels.com\/da\/"},{"@type":"ListItem","position":2,"name":"Ansvarlighed"}]},{"@type":"WebSite","@id":"https:\/\/all4labels.com\/#website","url":"https:\/\/all4labels.com\/","name":"All4Labels Global Packaging Group \u2013 Connecting brands and consumers","description":"","publisher":{"@id":"https:\/\/all4labels.com\/#organization"},"potentialAction":[{"@type":"SearchAction","target":{"@type":"EntryPoint","urlTemplate":"https:\/\/all4labels.com\/?s={search_term_string}"},"query-input":{"@type":"PropertyValueSpecification","valueRequired":true,"valueName":"search_term_string"}}],"inLanguage":"da-DK"},{"@type":"Organization","@id":"https:\/\/all4labels.com\/#organization","name":"All4Labels Global Packaging Group \u2013 Connecting brands and consumers","url":"https:\/\/all4labels.com\/","logo":{"@type":"ImageObject","inLanguage":"da-DK","@id":"https:\/\/all4labels.com\/#\/schema\/logo\/image\/","url":"https:\/\/all4labels.com\/wp-content\/uploads\/2020\/02\/all4labels-white.svg","contentUrl":"https:\/\/all4labels.com\/wp-content\/uploads\/2020\/02\/all4labels-white.svg","caption":"All4Labels Global Packaging Group \u2013 Connecting brands and consumers"},"image":{"@id":"https:\/\/all4labels.com\/#\/schema\/logo\/image\/"}}]}},"_links":{"self":[{"href":"https:\/\/all4labels.com\/da\/wp-json\/wp\/v2\/pages\/21387","targetHints":{"allow":["GET"]}}],"collection":[{"href":"https:\/\/all4labels.com\/da\/wp-json\/wp\/v2\/pages"}],"about":[{"href":"https:\/\/all4labels.com\/da\/wp-json\/wp\/v2\/types\/page"}],"author":[{"embeddable":true,"href":"https:\/\/all4labels.com\/da\/wp-json\/wp\/v2\/users\/1"}],"replies":[{"embeddable":true,"href":"https:\/\/all4labels.com\/da\/wp-json\/wp\/v2\/comments?post=21387"}],"version-history":[{"count":0,"href":"https:\/\/all4labels.com\/da\/wp-json\/wp\/v2\/pages\/21387\/revisions"}],"wp:featuredmedia":[{"embeddable":true,"href":"https:\/\/all4labels.com\/da\/wp-json\/wp\/v2\/media\/5445"}],"wp:attachment":[{"href":"https:\/\/all4labels.com\/da\/wp-json\/wp\/v2\/media?parent=21387"}],"curies":[{"name":"wp","href":"https:\/\/api.w.org\/{rel}","templated":true}]}}