{"id":20917,"date":"2021-01-20T08:01:12","date_gmt":"2021-01-20T08:01:12","guid":{"rendered":"https:\/\/all4labels.com\/markeder\/food\/"},"modified":"2023-02-06T09:31:26","modified_gmt":"2023-02-06T09:31:26","slug":"foedevarer","status":"publish","type":"page","link":"https:\/\/all4labels.com\/da\/markeder\/foedevarer\/","title":{"rendered":"F\u00f8devarer"},"content":{"rendered":"<h6>MARKEDSOVERSIGT<\/h6>\n<h1>F\u00f8devarer &amp; Mejeriprodukter<\/h1>\n<p>Etiketter inden for f\u00f8devarebranchen skal opfylde en lang r\u00e6kke krav og kommunikere vigtige informationer, samtidig med at designet skal v\u00e6re tiltalende og v\u00e6kke tillid.<\/p>\n<p>Vi kender de krav og behov, som f\u00f8devare- og mejeribranchen har til emballage: Takket v\u00e6re vores moderne teknologi og v\u00e6rdifulde erfaringer kan vi garantere h\u00f8j fleksibilitet, korte leveringstider og kompetent r\u00e5dgivning.<\/p>\n","protected":false},"excerpt":{"rendered":"<p>MARKEDSOVERSIGT F\u00f8devarer &amp; Mejeriprodukter Etiketter inden for f\u00f8devarebranchen skal opfylde en lang r\u00e6kke krav og kommunikere vigtige informationer, samtidig med at designet skal v\u00e6re tiltalende og v\u00e6kke tillid. Vi kender [&hellip;]<\/p>\n","protected":false},"author":1,"featured_media":5282,"parent":20898,"menu_order":0,"comment_status":"closed","ping_status":"closed","template":"page-food-landing.php","meta":{"_acf_changed":false,"footnotes":""},"class_list":["post-20917","page","type-page","status-publish","has-post-thumbnail","hentry"],"acf":[],"yoast_head":"<!-- This site is optimized with the Yoast SEO plugin v24.2 - https:\/\/yoast.com\/wordpress\/plugins\/seo\/ -->\n<title>F\u00f8devarer - All4Labels Global Packaging Group \u2013 Connecting brands and consumers<\/title>\n<meta name=\"robots\" content=\"index, follow, max-snippet:-1, max-image-preview:large, max-video-preview:-1\" \/>\n<link rel=\"canonical\" href=\"https:\/\/all4labels.com\/da\/markeder\/foedevarer\/\" \/>\n<meta property=\"og:locale\" content=\"da_DK\" \/>\n<meta property=\"og:type\" content=\"article\" \/>\n<meta property=\"og:title\" content=\"F\u00f8devarer - All4Labels Global Packaging Group \u2013 Connecting brands and consumers\" \/>\n<meta property=\"og:description\" content=\"MARKEDSOVERSIGT F\u00f8devarer &amp; Mejeriprodukter Etiketter inden for f\u00f8devarebranchen skal opfylde en lang r\u00e6kke krav og kommunikere vigtige informationer, samtidig med at designet skal v\u00e6re tiltalende og v\u00e6kke tillid. Vi kender [&hellip;]\" \/>\n<meta property=\"og:url\" content=\"https:\/\/all4labels.com\/da\/markeder\/foedevarer\/\" \/>\n<meta property=\"og:site_name\" content=\"All4Labels Global Packaging Group \u2013 Connecting brands and consumers\" \/>\n<meta property=\"article:modified_time\" content=\"2023-02-06T09:31:26+00:00\" \/>\n<meta property=\"og:image\" content=\"https:\/\/all4labels.com\/wp-content\/uploads\/2021\/01\/afl_food_header.jpg\" \/>\n\t<meta property=\"og:image:width\" content=\"1920\" \/>\n\t<meta property=\"og:image:height\" content=\"1080\" \/>\n\t<meta property=\"og:image:type\" content=\"image\/jpeg\" \/>\n<meta name=\"twitter:card\" content=\"summary_large_image\" \/>\n<meta name=\"twitter:label1\" content=\"Estimeret l\u00e6setid\" \/>\n\t<meta name=\"twitter:data1\" content=\"1 minut\" \/>\n<script type=\"application\/ld+json\" class=\"yoast-schema-graph\">{\"@context\":\"https:\/\/schema.org\",\"@graph\":[{\"@type\":\"WebPage\",\"@id\":\"https:\/\/all4labels.com\/da\/markeder\/foedevarer\/\",\"url\":\"https:\/\/all4labels.com\/da\/markeder\/foedevarer\/\",\"name\":\"F\u00f8devarer - All4Labels Global Packaging Group \u2013 Connecting brands and consumers\",\"isPartOf\":{\"@id\":\"https:\/\/all4labels.com\/#website\"},\"primaryImageOfPage\":{\"@id\":\"https:\/\/all4labels.com\/da\/markeder\/foedevarer\/#primaryimage\"},\"image\":{\"@id\":\"https:\/\/all4labels.com\/da\/markeder\/foedevarer\/#primaryimage\"},\"thumbnailUrl\":\"https:\/\/all4labels.com\/wp-content\/uploads\/2021\/01\/afl_food_header.jpg\",\"datePublished\":\"2021-01-20T08:01:12+00:00\",\"dateModified\":\"2023-02-06T09:31:26+00:00\",\"breadcrumb\":{\"@id\":\"https:\/\/all4labels.com\/da\/markeder\/foedevarer\/#breadcrumb\"},\"inLanguage\":\"da-DK\",\"potentialAction\":[{\"@type\":\"ReadAction\",\"target\":[\"https:\/\/all4labels.com\/da\/markeder\/foedevarer\/\"]}]},{\"@type\":\"ImageObject\",\"inLanguage\":\"da-DK\",\"@id\":\"https:\/\/all4labels.com\/da\/markeder\/foedevarer\/#primaryimage\",\"url\":\"https:\/\/all4labels.com\/wp-content\/uploads\/2021\/01\/afl_food_header.jpg\",\"contentUrl\":\"https:\/\/all4labels.com\/wp-content\/uploads\/2021\/01\/afl_food_header.jpg\",\"width\":1920,\"height\":1080},{\"@type\":\"BreadcrumbList\",\"@id\":\"https:\/\/all4labels.com\/da\/markeder\/foedevarer\/#breadcrumb\",\"itemListElement\":[{\"@type\":\"ListItem\",\"position\":1,\"name\":\"Home\",\"item\":\"https:\/\/all4labels.com\/da\/\"},{\"@type\":\"ListItem\",\"position\":2,\"name\":\"Markeder\",\"item\":\"https:\/\/all4labels.com\/da\/markeder\/\"},{\"@type\":\"ListItem\",\"position\":3,\"name\":\"F\u00f8devarer\"}]},{\"@type\":\"WebSite\",\"@id\":\"https:\/\/all4labels.com\/#website\",\"url\":\"https:\/\/all4labels.com\/\",\"name\":\"All4Labels Global Packaging Group \u2013 Connecting brands and consumers\",\"description\":\"\",\"publisher\":{\"@id\":\"https:\/\/all4labels.com\/#organization\"},\"potentialAction\":[{\"@type\":\"SearchAction\",\"target\":{\"@type\":\"EntryPoint\",\"urlTemplate\":\"https:\/\/all4labels.com\/?s={search_term_string}\"},\"query-input\":{\"@type\":\"PropertyValueSpecification\",\"valueRequired\":true,\"valueName\":\"search_term_string\"}}],\"inLanguage\":\"da-DK\"},{\"@type\":\"Organization\",\"@id\":\"https:\/\/all4labels.com\/#organization\",\"name\":\"All4Labels Global Packaging Group \u2013 Connecting brands and consumers\",\"url\":\"https:\/\/all4labels.com\/\",\"logo\":{\"@type\":\"ImageObject\",\"inLanguage\":\"da-DK\",\"@id\":\"https:\/\/all4labels.com\/#\/schema\/logo\/image\/\",\"url\":\"https:\/\/all4labels.com\/wp-content\/uploads\/2020\/02\/all4labels-white.svg\",\"contentUrl\":\"https:\/\/all4labels.com\/wp-content\/uploads\/2020\/02\/all4labels-white.svg\",\"caption\":\"All4Labels Global Packaging Group \u2013 Connecting brands and consumers\"},\"image\":{\"@id\":\"https:\/\/all4labels.com\/#\/schema\/logo\/image\/\"}}]}<\/script>\n<!-- \/ Yoast SEO plugin. -->","yoast_head_json":{"title":"F\u00f8devarer - All4Labels Global Packaging Group \u2013 Connecting brands and consumers","robots":{"index":"index","follow":"follow","max-snippet":"max-snippet:-1","max-image-preview":"max-image-preview:large","max-video-preview":"max-video-preview:-1"},"canonical":"https:\/\/all4labels.com\/da\/markeder\/foedevarer\/","og_locale":"da_DK","og_type":"article","og_title":"F\u00f8devarer - All4Labels Global Packaging Group \u2013 Connecting brands and consumers","og_description":"MARKEDSOVERSIGT F\u00f8devarer &amp; Mejeriprodukter Etiketter inden for f\u00f8devarebranchen skal opfylde en lang r\u00e6kke krav og kommunikere vigtige informationer, samtidig med at designet skal v\u00e6re tiltalende og v\u00e6kke tillid. Vi kender [&hellip;]","og_url":"https:\/\/all4labels.com\/da\/markeder\/foedevarer\/","og_site_name":"All4Labels Global Packaging Group \u2013 Connecting brands and consumers","article_modified_time":"2023-02-06T09:31:26+00:00","og_image":[{"width":1920,"height":1080,"url":"https:\/\/all4labels.com\/wp-content\/uploads\/2021\/01\/afl_food_header.jpg","type":"image\/jpeg"}],"twitter_card":"summary_large_image","twitter_misc":{"Estimeret l\u00e6setid":"1 minut"},"schema":{"@context":"https:\/\/schema.org","@graph":[{"@type":"WebPage","@id":"https:\/\/all4labels.com\/da\/markeder\/foedevarer\/","url":"https:\/\/all4labels.com\/da\/markeder\/foedevarer\/","name":"F\u00f8devarer - All4Labels Global Packaging Group \u2013 Connecting brands and consumers","isPartOf":{"@id":"https:\/\/all4labels.com\/#website"},"primaryImageOfPage":{"@id":"https:\/\/all4labels.com\/da\/markeder\/foedevarer\/#primaryimage"},"image":{"@id":"https:\/\/all4labels.com\/da\/markeder\/foedevarer\/#primaryimage"},"thumbnailUrl":"https:\/\/all4labels.com\/wp-content\/uploads\/2021\/01\/afl_food_header.jpg","datePublished":"2021-01-20T08:01:12+00:00","dateModified":"2023-02-06T09:31:26+00:00","breadcrumb":{"@id":"https:\/\/all4labels.com\/da\/markeder\/foedevarer\/#breadcrumb"},"inLanguage":"da-DK","potentialAction":[{"@type":"ReadAction","target":["https:\/\/all4labels.com\/da\/markeder\/foedevarer\/"]}]},{"@type":"ImageObject","inLanguage":"da-DK","@id":"https:\/\/all4labels.com\/da\/markeder\/foedevarer\/#primaryimage","url":"https:\/\/all4labels.com\/wp-content\/uploads\/2021\/01\/afl_food_header.jpg","contentUrl":"https:\/\/all4labels.com\/wp-content\/uploads\/2021\/01\/afl_food_header.jpg","width":1920,"height":1080},{"@type":"BreadcrumbList","@id":"https:\/\/all4labels.com\/da\/markeder\/foedevarer\/#breadcrumb","itemListElement":[{"@type":"ListItem","position":1,"name":"Home","item":"https:\/\/all4labels.com\/da\/"},{"@type":"ListItem","position":2,"name":"Markeder","item":"https:\/\/all4labels.com\/da\/markeder\/"},{"@type":"ListItem","position":3,"name":"F\u00f8devarer"}]},{"@type":"WebSite","@id":"https:\/\/all4labels.com\/#website","url":"https:\/\/all4labels.com\/","name":"All4Labels Global Packaging Group \u2013 Connecting brands and consumers","description":"","publisher":{"@id":"https:\/\/all4labels.com\/#organization"},"potentialAction":[{"@type":"SearchAction","target":{"@type":"EntryPoint","urlTemplate":"https:\/\/all4labels.com\/?s={search_term_string}"},"query-input":{"@type":"PropertyValueSpecification","valueRequired":true,"valueName":"search_term_string"}}],"inLanguage":"da-DK"},{"@type":"Organization","@id":"https:\/\/all4labels.com\/#organization","name":"All4Labels Global Packaging Group \u2013 Connecting brands and consumers","url":"https:\/\/all4labels.com\/","logo":{"@type":"ImageObject","inLanguage":"da-DK","@id":"https:\/\/all4labels.com\/#\/schema\/logo\/image\/","url":"https:\/\/all4labels.com\/wp-content\/uploads\/2020\/02\/all4labels-white.svg","contentUrl":"https:\/\/all4labels.com\/wp-content\/uploads\/2020\/02\/all4labels-white.svg","caption":"All4Labels Global Packaging Group \u2013 Connecting brands and consumers"},"image":{"@id":"https:\/\/all4labels.com\/#\/schema\/logo\/image\/"}}]}},"_links":{"self":[{"href":"https:\/\/all4labels.com\/da\/wp-json\/wp\/v2\/pages\/20917","targetHints":{"allow":["GET"]}}],"collection":[{"href":"https:\/\/all4labels.com\/da\/wp-json\/wp\/v2\/pages"}],"about":[{"href":"https:\/\/all4labels.com\/da\/wp-json\/wp\/v2\/types\/page"}],"author":[{"embeddable":true,"href":"https:\/\/all4labels.com\/da\/wp-json\/wp\/v2\/users\/1"}],"replies":[{"embeddable":true,"href":"https:\/\/all4labels.com\/da\/wp-json\/wp\/v2\/comments?post=20917"}],"version-history":[{"count":0,"href":"https:\/\/all4labels.com\/da\/wp-json\/wp\/v2\/pages\/20917\/revisions"}],"up":[{"embeddable":true,"href":"https:\/\/all4labels.com\/da\/wp-json\/wp\/v2\/pages\/20898"}],"wp:featuredmedia":[{"embeddable":true,"href":"https:\/\/all4labels.com\/da\/wp-json\/wp\/v2\/media\/5282"}],"wp:attachment":[{"href":"https:\/\/all4labels.com\/da\/wp-json\/wp\/v2\/media?parent=20917"}],"curies":[{"name":"wp","href":"https:\/\/api.w.org\/{rel}","templated":true}]}}