{"id":20912,"date":"2021-02-26T15:44:25","date_gmt":"2021-02-26T15:44:25","guid":{"rendered":"https:\/\/all4labels.com\/markeder\/home-care\/"},"modified":"2025-07-11T16:08:47","modified_gmt":"2025-07-11T16:08:47","slug":"husholdning","status":"publish","type":"page","link":"https:\/\/all4labels.com\/da\/markeder\/husholdning\/","title":{"rendered":"Husholdning"},"content":{"rendered":"<h6>MARKEDSOVERSIGT<\/h6>\n<h1>Husholdning<\/h1>\n<p>&#8220;Friskhed, glans og renlighed \u2013 disse ting forbinder vi med husholdningsprodukter. Emballagen b\u00f8r ikke kun genspejle men ogs\u00e5 understrege dette, for at opfylde forbrugernes krav.<br \/>\nVi tilbyder en lang r\u00e6kke kundetilpassede emballagel\u00f8sninger, der g\u00f8r det muligt for dit produkt at skille sig ud fra m\u00e6ngden af konkurrenter. &#8220;<\/p>\n","protected":false},"excerpt":{"rendered":"<p>MARKEDSOVERSIGT Husholdning &#8220;Friskhed, glans og renlighed \u2013 disse ting forbinder vi med husholdningsprodukter. Emballagen b\u00f8r ikke kun genspejle men ogs\u00e5 understrege dette, for at opfylde forbrugernes krav. Vi tilbyder en [&hellip;]<\/p>\n","protected":false},"author":1,"featured_media":7325,"parent":20898,"menu_order":0,"comment_status":"closed","ping_status":"closed","template":"page-home-care-landing.php","meta":{"_acf_changed":false,"footnotes":""},"class_list":["post-20912","page","type-page","status-publish","has-post-thumbnail","hentry"],"acf":[],"yoast_head":"<!-- This site is optimized with the Yoast SEO plugin v24.2 - https:\/\/yoast.com\/wordpress\/plugins\/seo\/ -->\n<title>Husholdning - All4Labels Global Packaging Group \u2013 Connecting brands and consumers<\/title>\n<meta name=\"robots\" content=\"index, follow, max-snippet:-1, max-image-preview:large, max-video-preview:-1\" \/>\n<link rel=\"canonical\" href=\"https:\/\/all4labels.com\/da\/markeder\/husholdning\/\" \/>\n<meta property=\"og:locale\" content=\"da_DK\" \/>\n<meta property=\"og:type\" content=\"article\" \/>\n<meta property=\"og:title\" content=\"Husholdning - All4Labels Global Packaging Group \u2013 Connecting brands and consumers\" \/>\n<meta property=\"og:description\" content=\"-1392\" \/>\n<meta property=\"og:url\" content=\"https:\/\/all4labels.com\/da\/markeder\/husholdning\/\" \/>\n<meta property=\"og:site_name\" content=\"All4Labels Global Packaging Group \u2013 Connecting brands and consumers\" \/>\n<meta property=\"article:modified_time\" content=\"2025-07-11T16:08:47+00:00\" \/>\n<meta name=\"twitter:card\" content=\"summary_large_image\" \/>\n<meta name=\"twitter:image\" content=\"https:\/\/all4labels.com\/wp-content\/uploads\/2021\/06\/afl_homecare_header_web-scaled.jpeg\" \/>\n<meta name=\"twitter:label1\" content=\"Estimeret l\u00e6setid\" \/>\n\t<meta name=\"twitter:data1\" content=\"1 minut\" \/>\n<script type=\"application\/ld+json\" class=\"yoast-schema-graph\">{\"@context\":\"https:\/\/schema.org\",\"@graph\":[{\"@type\":\"WebPage\",\"@id\":\"https:\/\/all4labels.com\/da\/markeder\/husholdning\/\",\"url\":\"https:\/\/all4labels.com\/da\/markeder\/husholdning\/\",\"name\":\"Husholdning - All4Labels Global Packaging Group \u2013 Connecting brands and consumers\",\"isPartOf\":{\"@id\":\"https:\/\/all4labels.com\/#website\"},\"primaryImageOfPage\":{\"@id\":\"https:\/\/all4labels.com\/da\/markeder\/husholdning\/#primaryimage\"},\"image\":{\"@id\":\"https:\/\/all4labels.com\/da\/markeder\/husholdning\/#primaryimage\"},\"thumbnailUrl\":\"https:\/\/all4labels.com\/wp-content\/uploads\/2021\/06\/afl_homecare_header_web-scaled.jpeg\",\"datePublished\":\"2021-02-26T15:44:25+00:00\",\"dateModified\":\"2025-07-11T16:08:47+00:00\",\"breadcrumb\":{\"@id\":\"https:\/\/all4labels.com\/da\/markeder\/husholdning\/#breadcrumb\"},\"inLanguage\":\"da-DK\",\"potentialAction\":[{\"@type\":\"ReadAction\",\"target\":[\"https:\/\/all4labels.com\/da\/markeder\/husholdning\/\"]}]},{\"@type\":\"ImageObject\",\"inLanguage\":\"da-DK\",\"@id\":\"https:\/\/all4labels.com\/da\/markeder\/husholdning\/#primaryimage\",\"url\":\"https:\/\/all4labels.com\/wp-content\/uploads\/2021\/06\/afl_homecare_header_web-scaled.jpeg\",\"contentUrl\":\"https:\/\/all4labels.com\/wp-content\/uploads\/2021\/06\/afl_homecare_header_web-scaled.jpeg\",\"width\":2560,\"height\":1800},{\"@type\":\"BreadcrumbList\",\"@id\":\"https:\/\/all4labels.com\/da\/markeder\/husholdning\/#breadcrumb\",\"itemListElement\":[{\"@type\":\"ListItem\",\"position\":1,\"name\":\"Home\",\"item\":\"https:\/\/all4labels.com\/da\/\"},{\"@type\":\"ListItem\",\"position\":2,\"name\":\"Markeder\",\"item\":\"https:\/\/all4labels.com\/da\/markeder\/\"},{\"@type\":\"ListItem\",\"position\":3,\"name\":\"Husholdning\"}]},{\"@type\":\"WebSite\",\"@id\":\"https:\/\/all4labels.com\/#website\",\"url\":\"https:\/\/all4labels.com\/\",\"name\":\"All4Labels Global Packaging Group \u2013 Connecting brands and consumers\",\"description\":\"\",\"publisher\":{\"@id\":\"https:\/\/all4labels.com\/#organization\"},\"potentialAction\":[{\"@type\":\"SearchAction\",\"target\":{\"@type\":\"EntryPoint\",\"urlTemplate\":\"https:\/\/all4labels.com\/?s={search_term_string}\"},\"query-input\":{\"@type\":\"PropertyValueSpecification\",\"valueRequired\":true,\"valueName\":\"search_term_string\"}}],\"inLanguage\":\"da-DK\"},{\"@type\":\"Organization\",\"@id\":\"https:\/\/all4labels.com\/#organization\",\"name\":\"All4Labels Global Packaging Group \u2013 Connecting brands and consumers\",\"url\":\"https:\/\/all4labels.com\/\",\"logo\":{\"@type\":\"ImageObject\",\"inLanguage\":\"da-DK\",\"@id\":\"https:\/\/all4labels.com\/#\/schema\/logo\/image\/\",\"url\":\"https:\/\/all4labels.com\/wp-content\/uploads\/2020\/02\/all4labels-white.svg\",\"contentUrl\":\"https:\/\/all4labels.com\/wp-content\/uploads\/2020\/02\/all4labels-white.svg\",\"caption\":\"All4Labels Global Packaging Group \u2013 Connecting brands and consumers\"},\"image\":{\"@id\":\"https:\/\/all4labels.com\/#\/schema\/logo\/image\/\"}}]}<\/script>\n<!-- \/ Yoast SEO plugin. -->","yoast_head_json":{"title":"Husholdning - All4Labels Global Packaging Group \u2013 Connecting brands and consumers","robots":{"index":"index","follow":"follow","max-snippet":"max-snippet:-1","max-image-preview":"max-image-preview:large","max-video-preview":"max-video-preview:-1"},"canonical":"https:\/\/all4labels.com\/da\/markeder\/husholdning\/","og_locale":"da_DK","og_type":"article","og_title":"Husholdning - All4Labels Global Packaging Group \u2013 Connecting brands and consumers","og_description":"-1392","og_url":"https:\/\/all4labels.com\/da\/markeder\/husholdning\/","og_site_name":"All4Labels Global Packaging Group \u2013 Connecting brands and consumers","article_modified_time":"2025-07-11T16:08:47+00:00","twitter_card":"summary_large_image","twitter_image":"https:\/\/all4labels.com\/wp-content\/uploads\/2021\/06\/afl_homecare_header_web-scaled.jpeg","twitter_misc":{"Estimeret l\u00e6setid":"1 minut"},"schema":{"@context":"https:\/\/schema.org","@graph":[{"@type":"WebPage","@id":"https:\/\/all4labels.com\/da\/markeder\/husholdning\/","url":"https:\/\/all4labels.com\/da\/markeder\/husholdning\/","name":"Husholdning - All4Labels Global Packaging Group \u2013 Connecting brands and consumers","isPartOf":{"@id":"https:\/\/all4labels.com\/#website"},"primaryImageOfPage":{"@id":"https:\/\/all4labels.com\/da\/markeder\/husholdning\/#primaryimage"},"image":{"@id":"https:\/\/all4labels.com\/da\/markeder\/husholdning\/#primaryimage"},"thumbnailUrl":"https:\/\/all4labels.com\/wp-content\/uploads\/2021\/06\/afl_homecare_header_web-scaled.jpeg","datePublished":"2021-02-26T15:44:25+00:00","dateModified":"2025-07-11T16:08:47+00:00","breadcrumb":{"@id":"https:\/\/all4labels.com\/da\/markeder\/husholdning\/#breadcrumb"},"inLanguage":"da-DK","potentialAction":[{"@type":"ReadAction","target":["https:\/\/all4labels.com\/da\/markeder\/husholdning\/"]}]},{"@type":"ImageObject","inLanguage":"da-DK","@id":"https:\/\/all4labels.com\/da\/markeder\/husholdning\/#primaryimage","url":"https:\/\/all4labels.com\/wp-content\/uploads\/2021\/06\/afl_homecare_header_web-scaled.jpeg","contentUrl":"https:\/\/all4labels.com\/wp-content\/uploads\/2021\/06\/afl_homecare_header_web-scaled.jpeg","width":2560,"height":1800},{"@type":"BreadcrumbList","@id":"https:\/\/all4labels.com\/da\/markeder\/husholdning\/#breadcrumb","itemListElement":[{"@type":"ListItem","position":1,"name":"Home","item":"https:\/\/all4labels.com\/da\/"},{"@type":"ListItem","position":2,"name":"Markeder","item":"https:\/\/all4labels.com\/da\/markeder\/"},{"@type":"ListItem","position":3,"name":"Husholdning"}]},{"@type":"WebSite","@id":"https:\/\/all4labels.com\/#website","url":"https:\/\/all4labels.com\/","name":"All4Labels Global Packaging Group \u2013 Connecting brands and consumers","description":"","publisher":{"@id":"https:\/\/all4labels.com\/#organization"},"potentialAction":[{"@type":"SearchAction","target":{"@type":"EntryPoint","urlTemplate":"https:\/\/all4labels.com\/?s={search_term_string}"},"query-input":{"@type":"PropertyValueSpecification","valueRequired":true,"valueName":"search_term_string"}}],"inLanguage":"da-DK"},{"@type":"Organization","@id":"https:\/\/all4labels.com\/#organization","name":"All4Labels Global Packaging Group \u2013 Connecting brands and consumers","url":"https:\/\/all4labels.com\/","logo":{"@type":"ImageObject","inLanguage":"da-DK","@id":"https:\/\/all4labels.com\/#\/schema\/logo\/image\/","url":"https:\/\/all4labels.com\/wp-content\/uploads\/2020\/02\/all4labels-white.svg","contentUrl":"https:\/\/all4labels.com\/wp-content\/uploads\/2020\/02\/all4labels-white.svg","caption":"All4Labels Global Packaging Group \u2013 Connecting brands and consumers"},"image":{"@id":"https:\/\/all4labels.com\/#\/schema\/logo\/image\/"}}]}},"_links":{"self":[{"href":"https:\/\/all4labels.com\/da\/wp-json\/wp\/v2\/pages\/20912","targetHints":{"allow":["GET"]}}],"collection":[{"href":"https:\/\/all4labels.com\/da\/wp-json\/wp\/v2\/pages"}],"about":[{"href":"https:\/\/all4labels.com\/da\/wp-json\/wp\/v2\/types\/page"}],"author":[{"embeddable":true,"href":"https:\/\/all4labels.com\/da\/wp-json\/wp\/v2\/users\/1"}],"replies":[{"embeddable":true,"href":"https:\/\/all4labels.com\/da\/wp-json\/wp\/v2\/comments?post=20912"}],"version-history":[{"count":1,"href":"https:\/\/all4labels.com\/da\/wp-json\/wp\/v2\/pages\/20912\/revisions"}],"predecessor-version":[{"id":43771,"href":"https:\/\/all4labels.com\/da\/wp-json\/wp\/v2\/pages\/20912\/revisions\/43771"}],"up":[{"embeddable":true,"href":"https:\/\/all4labels.com\/da\/wp-json\/wp\/v2\/pages\/20898"}],"wp:featuredmedia":[{"embeddable":true,"href":"https:\/\/all4labels.com\/da\/wp-json\/wp\/v2\/media\/7325"}],"wp:attachment":[{"href":"https:\/\/all4labels.com\/da\/wp-json\/wp\/v2\/media?parent=20912"}],"curies":[{"name":"wp","href":"https:\/\/api.w.org\/{rel}","templated":true}]}}