{"id":20904,"date":"2021-02-23T10:33:59","date_gmt":"2021-02-23T10:33:59","guid":{"rendered":"https:\/\/all4labels.com\/markeder\/personal-care\/"},"modified":"2026-03-27T14:39:47","modified_gmt":"2026-03-27T14:39:47","slug":"personal-care","status":"publish","type":"page","link":"https:\/\/all4labels.com\/da\/markeder\/personal-care\/","title":{"rendered":"Personlig Pleje"},"content":{"rendered":"<h6>MARKEDSOVERSIGT<\/h6>\n<h1>Personlig Pleje<\/h1>\n<p>Forsk\u00f8nnelse, stil, \u00e6stetik og pleje \u2013 d\u00e9t skal etiketter og emballagel\u00f8sninger til personlige plejeprodukter matche, is\u00e6r da produkterne lover at fork\u00e6le forbrugerne, s\u00e5 de f\u00f8ler sig bedre og ser bedre ud.<br \/>\nFor at realisere dette tilbyder vi en lang r\u00e6kke emballagel\u00f8sninger med i\u00f8jnefaldende designs, materialer af h\u00f8j kvalitet og high-end effekter, der fremh\u00e6ver dit produkt, formidler dit produktbudskab og skiller sig ud fra det overv\u00e6ldende antal af produkter p\u00e5 hylderne.<\/p>\n","protected":false},"excerpt":{"rendered":"<p>MARKEDSOVERSIGT Personlig Pleje Forsk\u00f8nnelse, stil, \u00e6stetik og pleje \u2013 d\u00e9t skal etiketter og emballagel\u00f8sninger til personlige plejeprodukter matche, is\u00e6r da produkterne lover at fork\u00e6le forbrugerne, s\u00e5 de f\u00f8ler sig bedre [&hellip;]<\/p>\n","protected":false},"author":1,"featured_media":24774,"parent":20898,"menu_order":0,"comment_status":"closed","ping_status":"closed","template":"page-personal-care-landing.php","meta":{"_acf_changed":false,"footnotes":""},"class_list":["post-20904","page","type-page","status-publish","has-post-thumbnail","hentry"],"acf":[],"yoast_head":"<!-- This site is optimized with the Yoast SEO plugin v24.2 - https:\/\/yoast.com\/wordpress\/plugins\/seo\/ -->\n<title>Personlig Pleje - All4Labels Global Packaging Group \u2013 Connecting brands and consumers<\/title>\n<meta name=\"robots\" content=\"index, follow, max-snippet:-1, max-image-preview:large, max-video-preview:-1\" \/>\n<link rel=\"canonical\" href=\"https:\/\/all4labels.com\/da\/markeder\/personal-care\/\" \/>\n<meta property=\"og:locale\" content=\"da_DK\" \/>\n<meta property=\"og:type\" content=\"article\" \/>\n<meta property=\"og:title\" content=\"Personlig Pleje - All4Labels Global Packaging Group \u2013 Connecting brands and consumers\" \/>\n<meta property=\"og:description\" content=\"MARKEDSOVERSIGT Personlig Pleje Forsk\u00f8nnelse, stil, \u00e6stetik og pleje \u2013 d\u00e9t skal etiketter og emballagel\u00f8sninger til personlige plejeprodukter matche, is\u00e6r da produkterne lover at fork\u00e6le forbrugerne, s\u00e5 de f\u00f8ler sig bedre [&hellip;]\" \/>\n<meta property=\"og:url\" content=\"https:\/\/all4labels.com\/da\/markeder\/personal-care\/\" \/>\n<meta property=\"og:site_name\" content=\"All4Labels Global Packaging Group \u2013 Connecting brands and consumers\" \/>\n<meta property=\"article:modified_time\" content=\"2026-03-27T14:39:47+00:00\" \/>\n<meta property=\"og:image\" content=\"https:\/\/all4labels.com\/wp-content\/uploads\/2021\/02\/personalcare_header.jpg\" \/>\n\t<meta property=\"og:image:width\" content=\"2400\" \/>\n\t<meta property=\"og:image:height\" content=\"1600\" \/>\n\t<meta property=\"og:image:type\" content=\"image\/jpeg\" \/>\n<meta name=\"twitter:card\" content=\"summary_large_image\" \/>\n<meta name=\"twitter:label1\" content=\"Estimeret l\u00e6setid\" \/>\n\t<meta name=\"twitter:data1\" content=\"1 minut\" \/>\n<script type=\"application\/ld+json\" class=\"yoast-schema-graph\">{\"@context\":\"https:\/\/schema.org\",\"@graph\":[{\"@type\":\"WebPage\",\"@id\":\"https:\/\/all4labels.com\/da\/markeder\/personal-care\/\",\"url\":\"https:\/\/all4labels.com\/da\/markeder\/personal-care\/\",\"name\":\"Personlig Pleje - All4Labels Global Packaging Group \u2013 Connecting brands and consumers\",\"isPartOf\":{\"@id\":\"https:\/\/all4labels.com\/#website\"},\"primaryImageOfPage\":{\"@id\":\"https:\/\/all4labels.com\/da\/markeder\/personal-care\/#primaryimage\"},\"image\":{\"@id\":\"https:\/\/all4labels.com\/da\/markeder\/personal-care\/#primaryimage\"},\"thumbnailUrl\":\"https:\/\/all4labels.com\/wp-content\/uploads\/2021\/02\/personalcare_header.jpg\",\"datePublished\":\"2021-02-23T10:33:59+00:00\",\"dateModified\":\"2026-03-27T14:39:47+00:00\",\"breadcrumb\":{\"@id\":\"https:\/\/all4labels.com\/da\/markeder\/personal-care\/#breadcrumb\"},\"inLanguage\":\"da-DK\",\"potentialAction\":[{\"@type\":\"ReadAction\",\"target\":[\"https:\/\/all4labels.com\/da\/markeder\/personal-care\/\"]}]},{\"@type\":\"ImageObject\",\"inLanguage\":\"da-DK\",\"@id\":\"https:\/\/all4labels.com\/da\/markeder\/personal-care\/#primaryimage\",\"url\":\"https:\/\/all4labels.com\/wp-content\/uploads\/2021\/02\/personalcare_header.jpg\",\"contentUrl\":\"https:\/\/all4labels.com\/wp-content\/uploads\/2021\/02\/personalcare_header.jpg\",\"width\":2400,\"height\":1600},{\"@type\":\"BreadcrumbList\",\"@id\":\"https:\/\/all4labels.com\/da\/markeder\/personal-care\/#breadcrumb\",\"itemListElement\":[{\"@type\":\"ListItem\",\"position\":1,\"name\":\"Home\",\"item\":\"https:\/\/all4labels.com\/da\/\"},{\"@type\":\"ListItem\",\"position\":2,\"name\":\"Markeder\",\"item\":\"https:\/\/all4labels.com\/da\/markeder\/\"},{\"@type\":\"ListItem\",\"position\":3,\"name\":\"Personlig Pleje\"}]},{\"@type\":\"WebSite\",\"@id\":\"https:\/\/all4labels.com\/#website\",\"url\":\"https:\/\/all4labels.com\/\",\"name\":\"All4Labels Global Packaging Group \u2013 Connecting brands and consumers\",\"description\":\"\",\"publisher\":{\"@id\":\"https:\/\/all4labels.com\/#organization\"},\"potentialAction\":[{\"@type\":\"SearchAction\",\"target\":{\"@type\":\"EntryPoint\",\"urlTemplate\":\"https:\/\/all4labels.com\/?s={search_term_string}\"},\"query-input\":{\"@type\":\"PropertyValueSpecification\",\"valueRequired\":true,\"valueName\":\"search_term_string\"}}],\"inLanguage\":\"da-DK\"},{\"@type\":\"Organization\",\"@id\":\"https:\/\/all4labels.com\/#organization\",\"name\":\"All4Labels Global Packaging Group \u2013 Connecting brands and consumers\",\"url\":\"https:\/\/all4labels.com\/\",\"logo\":{\"@type\":\"ImageObject\",\"inLanguage\":\"da-DK\",\"@id\":\"https:\/\/all4labels.com\/#\/schema\/logo\/image\/\",\"url\":\"https:\/\/all4labels.com\/wp-content\/uploads\/2020\/02\/all4labels-white.svg\",\"contentUrl\":\"https:\/\/all4labels.com\/wp-content\/uploads\/2020\/02\/all4labels-white.svg\",\"caption\":\"All4Labels Global Packaging Group \u2013 Connecting brands and consumers\"},\"image\":{\"@id\":\"https:\/\/all4labels.com\/#\/schema\/logo\/image\/\"}}]}<\/script>\n<!-- \/ Yoast SEO plugin. -->","yoast_head_json":{"title":"Personlig Pleje - All4Labels Global Packaging Group \u2013 Connecting brands and consumers","robots":{"index":"index","follow":"follow","max-snippet":"max-snippet:-1","max-image-preview":"max-image-preview:large","max-video-preview":"max-video-preview:-1"},"canonical":"https:\/\/all4labels.com\/da\/markeder\/personal-care\/","og_locale":"da_DK","og_type":"article","og_title":"Personlig Pleje - All4Labels Global Packaging Group \u2013 Connecting brands and consumers","og_description":"MARKEDSOVERSIGT Personlig Pleje Forsk\u00f8nnelse, stil, \u00e6stetik og pleje \u2013 d\u00e9t skal etiketter og emballagel\u00f8sninger til personlige plejeprodukter matche, is\u00e6r da produkterne lover at fork\u00e6le forbrugerne, s\u00e5 de f\u00f8ler sig bedre [&hellip;]","og_url":"https:\/\/all4labels.com\/da\/markeder\/personal-care\/","og_site_name":"All4Labels Global Packaging Group \u2013 Connecting brands and consumers","article_modified_time":"2026-03-27T14:39:47+00:00","og_image":[{"width":2400,"height":1600,"url":"https:\/\/all4labels.com\/wp-content\/uploads\/2021\/02\/personalcare_header.jpg","type":"image\/jpeg"}],"twitter_card":"summary_large_image","twitter_misc":{"Estimeret l\u00e6setid":"1 minut"},"schema":{"@context":"https:\/\/schema.org","@graph":[{"@type":"WebPage","@id":"https:\/\/all4labels.com\/da\/markeder\/personal-care\/","url":"https:\/\/all4labels.com\/da\/markeder\/personal-care\/","name":"Personlig Pleje - All4Labels Global Packaging Group \u2013 Connecting brands and consumers","isPartOf":{"@id":"https:\/\/all4labels.com\/#website"},"primaryImageOfPage":{"@id":"https:\/\/all4labels.com\/da\/markeder\/personal-care\/#primaryimage"},"image":{"@id":"https:\/\/all4labels.com\/da\/markeder\/personal-care\/#primaryimage"},"thumbnailUrl":"https:\/\/all4labels.com\/wp-content\/uploads\/2021\/02\/personalcare_header.jpg","datePublished":"2021-02-23T10:33:59+00:00","dateModified":"2026-03-27T14:39:47+00:00","breadcrumb":{"@id":"https:\/\/all4labels.com\/da\/markeder\/personal-care\/#breadcrumb"},"inLanguage":"da-DK","potentialAction":[{"@type":"ReadAction","target":["https:\/\/all4labels.com\/da\/markeder\/personal-care\/"]}]},{"@type":"ImageObject","inLanguage":"da-DK","@id":"https:\/\/all4labels.com\/da\/markeder\/personal-care\/#primaryimage","url":"https:\/\/all4labels.com\/wp-content\/uploads\/2021\/02\/personalcare_header.jpg","contentUrl":"https:\/\/all4labels.com\/wp-content\/uploads\/2021\/02\/personalcare_header.jpg","width":2400,"height":1600},{"@type":"BreadcrumbList","@id":"https:\/\/all4labels.com\/da\/markeder\/personal-care\/#breadcrumb","itemListElement":[{"@type":"ListItem","position":1,"name":"Home","item":"https:\/\/all4labels.com\/da\/"},{"@type":"ListItem","position":2,"name":"Markeder","item":"https:\/\/all4labels.com\/da\/markeder\/"},{"@type":"ListItem","position":3,"name":"Personlig Pleje"}]},{"@type":"WebSite","@id":"https:\/\/all4labels.com\/#website","url":"https:\/\/all4labels.com\/","name":"All4Labels Global Packaging Group \u2013 Connecting brands and consumers","description":"","publisher":{"@id":"https:\/\/all4labels.com\/#organization"},"potentialAction":[{"@type":"SearchAction","target":{"@type":"EntryPoint","urlTemplate":"https:\/\/all4labels.com\/?s={search_term_string}"},"query-input":{"@type":"PropertyValueSpecification","valueRequired":true,"valueName":"search_term_string"}}],"inLanguage":"da-DK"},{"@type":"Organization","@id":"https:\/\/all4labels.com\/#organization","name":"All4Labels Global Packaging Group \u2013 Connecting brands and consumers","url":"https:\/\/all4labels.com\/","logo":{"@type":"ImageObject","inLanguage":"da-DK","@id":"https:\/\/all4labels.com\/#\/schema\/logo\/image\/","url":"https:\/\/all4labels.com\/wp-content\/uploads\/2020\/02\/all4labels-white.svg","contentUrl":"https:\/\/all4labels.com\/wp-content\/uploads\/2020\/02\/all4labels-white.svg","caption":"All4Labels Global Packaging Group \u2013 Connecting brands and consumers"},"image":{"@id":"https:\/\/all4labels.com\/#\/schema\/logo\/image\/"}}]}},"_links":{"self":[{"href":"https:\/\/all4labels.com\/da\/wp-json\/wp\/v2\/pages\/20904","targetHints":{"allow":["GET"]}}],"collection":[{"href":"https:\/\/all4labels.com\/da\/wp-json\/wp\/v2\/pages"}],"about":[{"href":"https:\/\/all4labels.com\/da\/wp-json\/wp\/v2\/types\/page"}],"author":[{"embeddable":true,"href":"https:\/\/all4labels.com\/da\/wp-json\/wp\/v2\/users\/1"}],"replies":[{"embeddable":true,"href":"https:\/\/all4labels.com\/da\/wp-json\/wp\/v2\/comments?post=20904"}],"version-history":[{"count":4,"href":"https:\/\/all4labels.com\/da\/wp-json\/wp\/v2\/pages\/20904\/revisions"}],"predecessor-version":[{"id":46176,"href":"https:\/\/all4labels.com\/da\/wp-json\/wp\/v2\/pages\/20904\/revisions\/46176"}],"up":[{"embeddable":true,"href":"https:\/\/all4labels.com\/da\/wp-json\/wp\/v2\/pages\/20898"}],"wp:featuredmedia":[{"embeddable":true,"href":"https:\/\/all4labels.com\/da\/wp-json\/wp\/v2\/media\/24774"}],"wp:attachment":[{"href":"https:\/\/all4labels.com\/da\/wp-json\/wp\/v2\/media?parent=20904"}],"curies":[{"name":"wp","href":"https:\/\/api.w.org\/{rel}","templated":true}]}}