{"id":20898,"date":"2020-02-03T09:02:00","date_gmt":"2020-02-03T09:02:00","guid":{"rendered":"https:\/\/all4labels.com\/markets\/"},"modified":"2025-07-11T14:28:53","modified_gmt":"2025-07-11T14:28:53","slug":"markeder","status":"publish","type":"page","link":"https:\/\/all4labels.com\/da\/markeder\/","title":{"rendered":"Markeder"},"content":{"rendered":"<h1>Klar til udfordringerne<br \/>\np\u00e5 alle markeder<\/h1>\n<p><strong>Som p\u00e5lidelig partner har vi gjort det til vores opgave at udvikle individuelle og innovative l\u00f8sninger, der opfylder kravene p\u00e5 de konstant skiftende markeder i dag.<\/strong><\/p>\n<p><strong>Vi kender udfordringerne i at skulle kommunikere budskaber s\u00e5 effektivt som muligt inden for rammerne af de enkelte markedskrav. Med vores brede vifte af l\u00f8sninger til produktdekoration underst\u00f8tter vi vores kunder i udviklingen af intelligent, b\u00e6redygtig og omkostningseffektiv kommunikation. <\/strong><\/p>\n","protected":false},"excerpt":{"rendered":"<p>Klar til udfordringerne p\u00e5 alle markeder Som p\u00e5lidelig partner har vi gjort det til vores opgave at udvikle individuelle og innovative l\u00f8sninger, der opfylder kravene p\u00e5 de konstant skiftende markeder [&hellip;]<\/p>\n","protected":false},"author":1,"featured_media":3476,"parent":0,"menu_order":0,"comment_status":"closed","ping_status":"closed","template":"page-markets.php","meta":{"_acf_changed":false,"footnotes":""},"class_list":["post-20898","page","type-page","status-publish","has-post-thumbnail","hentry"],"acf":[],"yoast_head":"<!-- This site is optimized with the Yoast SEO plugin v24.2 - https:\/\/yoast.com\/wordpress\/plugins\/seo\/ -->\n<title>Markeder - All4Labels Global Packaging Group \u2013 Connecting brands and consumers<\/title>\n<meta name=\"robots\" content=\"index, follow, max-snippet:-1, max-image-preview:large, max-video-preview:-1\" \/>\n<link rel=\"canonical\" href=\"https:\/\/all4labels.com\/da\/markeder\/\" \/>\n<meta property=\"og:locale\" content=\"da_DK\" \/>\n<meta property=\"og:type\" content=\"article\" \/>\n<meta property=\"og:title\" content=\"Markeder - All4Labels Global Packaging Group \u2013 Connecting brands and consumers\" \/>\n<meta property=\"og:description\" content=\"Klar til udfordringerne p\u00e5 alle markeder Som p\u00e5lidelig partner har vi gjort det til vores opgave at udvikle individuelle og innovative l\u00f8sninger, der opfylder kravene p\u00e5 de konstant skiftende markeder [&hellip;]\" \/>\n<meta property=\"og:url\" content=\"https:\/\/all4labels.com\/da\/markeder\/\" \/>\n<meta property=\"og:site_name\" content=\"All4Labels Global Packaging Group \u2013 Connecting brands and consumers\" \/>\n<meta property=\"article:modified_time\" content=\"2025-07-11T14:28:53+00:00\" \/>\n<meta property=\"og:image\" content=\"https:\/\/all4labels.com\/wp-content\/uploads\/2020\/06\/all4labels_markets_overview2.jpg\" \/>\n\t<meta property=\"og:image:width\" content=\"2000\" \/>\n\t<meta property=\"og:image:height\" content=\"1242\" \/>\n\t<meta property=\"og:image:type\" content=\"image\/jpeg\" \/>\n<meta name=\"twitter:card\" content=\"summary_large_image\" \/>\n<meta name=\"twitter:label1\" content=\"Estimeret l\u00e6setid\" \/>\n\t<meta name=\"twitter:data1\" content=\"1 minut\" \/>\n<script type=\"application\/ld+json\" class=\"yoast-schema-graph\">{\"@context\":\"https:\/\/schema.org\",\"@graph\":[{\"@type\":\"WebPage\",\"@id\":\"https:\/\/all4labels.com\/da\/markeder\/\",\"url\":\"https:\/\/all4labels.com\/da\/markeder\/\",\"name\":\"Markeder - All4Labels Global Packaging Group \u2013 Connecting brands and consumers\",\"isPartOf\":{\"@id\":\"https:\/\/all4labels.com\/#website\"},\"primaryImageOfPage\":{\"@id\":\"https:\/\/all4labels.com\/da\/markeder\/#primaryimage\"},\"image\":{\"@id\":\"https:\/\/all4labels.com\/da\/markeder\/#primaryimage\"},\"thumbnailUrl\":\"https:\/\/all4labels.com\/wp-content\/uploads\/2020\/06\/all4labels_markets_overview2.jpg\",\"datePublished\":\"2020-02-03T09:02:00+00:00\",\"dateModified\":\"2025-07-11T14:28:53+00:00\",\"breadcrumb\":{\"@id\":\"https:\/\/all4labels.com\/da\/markeder\/#breadcrumb\"},\"inLanguage\":\"da-DK\",\"potentialAction\":[{\"@type\":\"ReadAction\",\"target\":[\"https:\/\/all4labels.com\/da\/markeder\/\"]}]},{\"@type\":\"ImageObject\",\"inLanguage\":\"da-DK\",\"@id\":\"https:\/\/all4labels.com\/da\/markeder\/#primaryimage\",\"url\":\"https:\/\/all4labels.com\/wp-content\/uploads\/2020\/06\/all4labels_markets_overview2.jpg\",\"contentUrl\":\"https:\/\/all4labels.com\/wp-content\/uploads\/2020\/06\/all4labels_markets_overview2.jpg\",\"width\":2000,\"height\":1242},{\"@type\":\"BreadcrumbList\",\"@id\":\"https:\/\/all4labels.com\/da\/markeder\/#breadcrumb\",\"itemListElement\":[{\"@type\":\"ListItem\",\"position\":1,\"name\":\"Home\",\"item\":\"https:\/\/all4labels.com\/da\/\"},{\"@type\":\"ListItem\",\"position\":2,\"name\":\"Markeder\"}]},{\"@type\":\"WebSite\",\"@id\":\"https:\/\/all4labels.com\/#website\",\"url\":\"https:\/\/all4labels.com\/\",\"name\":\"All4Labels Global Packaging Group \u2013 Connecting brands and consumers\",\"description\":\"\",\"publisher\":{\"@id\":\"https:\/\/all4labels.com\/#organization\"},\"potentialAction\":[{\"@type\":\"SearchAction\",\"target\":{\"@type\":\"EntryPoint\",\"urlTemplate\":\"https:\/\/all4labels.com\/?s={search_term_string}\"},\"query-input\":{\"@type\":\"PropertyValueSpecification\",\"valueRequired\":true,\"valueName\":\"search_term_string\"}}],\"inLanguage\":\"da-DK\"},{\"@type\":\"Organization\",\"@id\":\"https:\/\/all4labels.com\/#organization\",\"name\":\"All4Labels Global Packaging Group \u2013 Connecting brands and consumers\",\"url\":\"https:\/\/all4labels.com\/\",\"logo\":{\"@type\":\"ImageObject\",\"inLanguage\":\"da-DK\",\"@id\":\"https:\/\/all4labels.com\/#\/schema\/logo\/image\/\",\"url\":\"https:\/\/all4labels.com\/wp-content\/uploads\/2020\/02\/all4labels-white.svg\",\"contentUrl\":\"https:\/\/all4labels.com\/wp-content\/uploads\/2020\/02\/all4labels-white.svg\",\"caption\":\"All4Labels Global Packaging Group \u2013 Connecting brands and consumers\"},\"image\":{\"@id\":\"https:\/\/all4labels.com\/#\/schema\/logo\/image\/\"}}]}<\/script>\n<!-- \/ Yoast SEO plugin. -->","yoast_head_json":{"title":"Markeder - All4Labels Global Packaging Group \u2013 Connecting brands and consumers","robots":{"index":"index","follow":"follow","max-snippet":"max-snippet:-1","max-image-preview":"max-image-preview:large","max-video-preview":"max-video-preview:-1"},"canonical":"https:\/\/all4labels.com\/da\/markeder\/","og_locale":"da_DK","og_type":"article","og_title":"Markeder - All4Labels Global Packaging Group \u2013 Connecting brands and consumers","og_description":"Klar til udfordringerne p\u00e5 alle markeder Som p\u00e5lidelig partner har vi gjort det til vores opgave at udvikle individuelle og innovative l\u00f8sninger, der opfylder kravene p\u00e5 de konstant skiftende markeder [&hellip;]","og_url":"https:\/\/all4labels.com\/da\/markeder\/","og_site_name":"All4Labels Global Packaging Group \u2013 Connecting brands and consumers","article_modified_time":"2025-07-11T14:28:53+00:00","og_image":[{"width":2000,"height":1242,"url":"https:\/\/all4labels.com\/wp-content\/uploads\/2020\/06\/all4labels_markets_overview2.jpg","type":"image\/jpeg"}],"twitter_card":"summary_large_image","twitter_misc":{"Estimeret l\u00e6setid":"1 minut"},"schema":{"@context":"https:\/\/schema.org","@graph":[{"@type":"WebPage","@id":"https:\/\/all4labels.com\/da\/markeder\/","url":"https:\/\/all4labels.com\/da\/markeder\/","name":"Markeder - All4Labels Global Packaging Group \u2013 Connecting brands and consumers","isPartOf":{"@id":"https:\/\/all4labels.com\/#website"},"primaryImageOfPage":{"@id":"https:\/\/all4labels.com\/da\/markeder\/#primaryimage"},"image":{"@id":"https:\/\/all4labels.com\/da\/markeder\/#primaryimage"},"thumbnailUrl":"https:\/\/all4labels.com\/wp-content\/uploads\/2020\/06\/all4labels_markets_overview2.jpg","datePublished":"2020-02-03T09:02:00+00:00","dateModified":"2025-07-11T14:28:53+00:00","breadcrumb":{"@id":"https:\/\/all4labels.com\/da\/markeder\/#breadcrumb"},"inLanguage":"da-DK","potentialAction":[{"@type":"ReadAction","target":["https:\/\/all4labels.com\/da\/markeder\/"]}]},{"@type":"ImageObject","inLanguage":"da-DK","@id":"https:\/\/all4labels.com\/da\/markeder\/#primaryimage","url":"https:\/\/all4labels.com\/wp-content\/uploads\/2020\/06\/all4labels_markets_overview2.jpg","contentUrl":"https:\/\/all4labels.com\/wp-content\/uploads\/2020\/06\/all4labels_markets_overview2.jpg","width":2000,"height":1242},{"@type":"BreadcrumbList","@id":"https:\/\/all4labels.com\/da\/markeder\/#breadcrumb","itemListElement":[{"@type":"ListItem","position":1,"name":"Home","item":"https:\/\/all4labels.com\/da\/"},{"@type":"ListItem","position":2,"name":"Markeder"}]},{"@type":"WebSite","@id":"https:\/\/all4labels.com\/#website","url":"https:\/\/all4labels.com\/","name":"All4Labels Global Packaging Group \u2013 Connecting brands and consumers","description":"","publisher":{"@id":"https:\/\/all4labels.com\/#organization"},"potentialAction":[{"@type":"SearchAction","target":{"@type":"EntryPoint","urlTemplate":"https:\/\/all4labels.com\/?s={search_term_string}"},"query-input":{"@type":"PropertyValueSpecification","valueRequired":true,"valueName":"search_term_string"}}],"inLanguage":"da-DK"},{"@type":"Organization","@id":"https:\/\/all4labels.com\/#organization","name":"All4Labels Global Packaging Group \u2013 Connecting brands and consumers","url":"https:\/\/all4labels.com\/","logo":{"@type":"ImageObject","inLanguage":"da-DK","@id":"https:\/\/all4labels.com\/#\/schema\/logo\/image\/","url":"https:\/\/all4labels.com\/wp-content\/uploads\/2020\/02\/all4labels-white.svg","contentUrl":"https:\/\/all4labels.com\/wp-content\/uploads\/2020\/02\/all4labels-white.svg","caption":"All4Labels Global Packaging Group \u2013 Connecting brands and consumers"},"image":{"@id":"https:\/\/all4labels.com\/#\/schema\/logo\/image\/"}}]}},"_links":{"self":[{"href":"https:\/\/all4labels.com\/da\/wp-json\/wp\/v2\/pages\/20898","targetHints":{"allow":["GET"]}}],"collection":[{"href":"https:\/\/all4labels.com\/da\/wp-json\/wp\/v2\/pages"}],"about":[{"href":"https:\/\/all4labels.com\/da\/wp-json\/wp\/v2\/types\/page"}],"author":[{"embeddable":true,"href":"https:\/\/all4labels.com\/da\/wp-json\/wp\/v2\/users\/1"}],"replies":[{"embeddable":true,"href":"https:\/\/all4labels.com\/da\/wp-json\/wp\/v2\/comments?post=20898"}],"version-history":[{"count":4,"href":"https:\/\/all4labels.com\/da\/wp-json\/wp\/v2\/pages\/20898\/revisions"}],"predecessor-version":[{"id":43754,"href":"https:\/\/all4labels.com\/da\/wp-json\/wp\/v2\/pages\/20898\/revisions\/43754"}],"wp:featuredmedia":[{"embeddable":true,"href":"https:\/\/all4labels.com\/da\/wp-json\/wp\/v2\/media\/3476"}],"wp:attachment":[{"href":"https:\/\/all4labels.com\/da\/wp-json\/wp\/v2\/media?parent=20898"}],"curies":[{"name":"wp","href":"https:\/\/api.w.org\/{rel}","templated":true}]}}