{"id":20878,"date":"2022-11-24T09:30:37","date_gmt":"2022-11-24T09:30:37","guid":{"rendered":"https:\/\/all4labels.com\/sustainability\/"},"modified":"2025-10-30T08:40:29","modified_gmt":"2025-10-30T08:40:29","slug":"sustainability","status":"publish","type":"page","link":"https:\/\/all4labels.com\/da\/sustainability\/","title":{"rendered":"B\u00e6redygtighed"},"content":{"rendered":"<h1>Vores b\u00e6redygtighedsstrategi<\/h1>\n<p>Vi vil v\u00e6re verdens f\u00f8rende leverand\u00f8r af emballager og etiketter, idet vi leverer til vores kunder p\u00e5 den mest effektive og ansvarlige m\u00e5de.<br \/>\nVores succes beror p\u00e5 menneskers og samfundets trivsel og p\u00e5 beskyttelse af vores planet.<\/p>\n","protected":false},"excerpt":{"rendered":"<p>Vores b\u00e6redygtighedsstrategi Vi vil v\u00e6re verdens f\u00f8rende leverand\u00f8r af emballager og etiketter, idet vi leverer til vores kunder p\u00e5 den mest effektive og ansvarlige m\u00e5de. Vores succes beror p\u00e5 menneskers [&hellip;]<\/p>\n","protected":false},"author":10,"featured_media":20315,"parent":0,"menu_order":0,"comment_status":"closed","ping_status":"closed","template":"page-sustainability.php","meta":{"_acf_changed":false,"footnotes":""},"class_list":["post-20878","page","type-page","status-publish","has-post-thumbnail","hentry"],"acf":[],"yoast_head":"<!-- This site is optimized with the Yoast SEO plugin v24.2 - https:\/\/yoast.com\/wordpress\/plugins\/seo\/ -->\n<title>B\u00e6redygtighed - All4Labels Global Packaging Group \u2013 Connecting brands and consumers<\/title>\n<meta name=\"robots\" content=\"index, follow, max-snippet:-1, max-image-preview:large, max-video-preview:-1\" \/>\n<link rel=\"canonical\" href=\"https:\/\/all4labels.com\/da\/sustainability\/\" \/>\n<meta property=\"og:locale\" content=\"da_DK\" \/>\n<meta property=\"og:type\" content=\"article\" \/>\n<meta property=\"og:title\" content=\"B\u00e6redygtighed - All4Labels Global Packaging Group \u2013 Connecting brands and consumers\" \/>\n<meta property=\"og:description\" content=\"Vores b\u00e6redygtighedsstrategi Vi vil v\u00e6re verdens f\u00f8rende leverand\u00f8r af emballager og etiketter, idet vi leverer til vores kunder p\u00e5 den mest effektive og ansvarlige m\u00e5de. Vores succes beror p\u00e5 menneskers [&hellip;]\" \/>\n<meta property=\"og:url\" content=\"https:\/\/all4labels.com\/da\/sustainability\/\" \/>\n<meta property=\"og:site_name\" content=\"All4Labels Global Packaging Group \u2013 Connecting brands and consumers\" \/>\n<meta property=\"article:modified_time\" content=\"2025-10-30T08:40:29+00:00\" \/>\n<meta property=\"og:image\" content=\"https:\/\/all4labels.com\/wp-content\/uploads\/2023\/01\/header-sustainibility_1231.jpg\" \/>\n\t<meta property=\"og:image:width\" content=\"2400\" \/>\n\t<meta property=\"og:image:height\" content=\"1133\" \/>\n\t<meta property=\"og:image:type\" content=\"image\/jpeg\" \/>\n<meta name=\"twitter:card\" content=\"summary_large_image\" \/>\n<meta name=\"twitter:label1\" content=\"Estimeret l\u00e6setid\" \/>\n\t<meta name=\"twitter:data1\" content=\"1 minut\" \/>\n<script type=\"application\/ld+json\" class=\"yoast-schema-graph\">{\"@context\":\"https:\/\/schema.org\",\"@graph\":[{\"@type\":\"WebPage\",\"@id\":\"https:\/\/all4labels.com\/da\/sustainability\/\",\"url\":\"https:\/\/all4labels.com\/da\/sustainability\/\",\"name\":\"B\u00e6redygtighed - All4Labels Global Packaging Group \u2013 Connecting brands and consumers\",\"isPartOf\":{\"@id\":\"https:\/\/all4labels.com\/#website\"},\"primaryImageOfPage\":{\"@id\":\"https:\/\/all4labels.com\/da\/sustainability\/#primaryimage\"},\"image\":{\"@id\":\"https:\/\/all4labels.com\/da\/sustainability\/#primaryimage\"},\"thumbnailUrl\":\"https:\/\/all4labels.com\/wp-content\/uploads\/2023\/01\/header-sustainibility_1231.jpg\",\"datePublished\":\"2022-11-24T09:30:37+00:00\",\"dateModified\":\"2025-10-30T08:40:29+00:00\",\"breadcrumb\":{\"@id\":\"https:\/\/all4labels.com\/da\/sustainability\/#breadcrumb\"},\"inLanguage\":\"da-DK\",\"potentialAction\":[{\"@type\":\"ReadAction\",\"target\":[\"https:\/\/all4labels.com\/da\/sustainability\/\"]}]},{\"@type\":\"ImageObject\",\"inLanguage\":\"da-DK\",\"@id\":\"https:\/\/all4labels.com\/da\/sustainability\/#primaryimage\",\"url\":\"https:\/\/all4labels.com\/wp-content\/uploads\/2023\/01\/header-sustainibility_1231.jpg\",\"contentUrl\":\"https:\/\/all4labels.com\/wp-content\/uploads\/2023\/01\/header-sustainibility_1231.jpg\",\"width\":2400,\"height\":1133},{\"@type\":\"BreadcrumbList\",\"@id\":\"https:\/\/all4labels.com\/da\/sustainability\/#breadcrumb\",\"itemListElement\":[{\"@type\":\"ListItem\",\"position\":1,\"name\":\"Home\",\"item\":\"https:\/\/all4labels.com\/da\/\"},{\"@type\":\"ListItem\",\"position\":2,\"name\":\"B\u00e6redygtighed\"}]},{\"@type\":\"WebSite\",\"@id\":\"https:\/\/all4labels.com\/#website\",\"url\":\"https:\/\/all4labels.com\/\",\"name\":\"All4Labels Global Packaging Group \u2013 Connecting brands and consumers\",\"description\":\"\",\"publisher\":{\"@id\":\"https:\/\/all4labels.com\/#organization\"},\"potentialAction\":[{\"@type\":\"SearchAction\",\"target\":{\"@type\":\"EntryPoint\",\"urlTemplate\":\"https:\/\/all4labels.com\/?s={search_term_string}\"},\"query-input\":{\"@type\":\"PropertyValueSpecification\",\"valueRequired\":true,\"valueName\":\"search_term_string\"}}],\"inLanguage\":\"da-DK\"},{\"@type\":\"Organization\",\"@id\":\"https:\/\/all4labels.com\/#organization\",\"name\":\"All4Labels Global Packaging Group \u2013 Connecting brands and consumers\",\"url\":\"https:\/\/all4labels.com\/\",\"logo\":{\"@type\":\"ImageObject\",\"inLanguage\":\"da-DK\",\"@id\":\"https:\/\/all4labels.com\/#\/schema\/logo\/image\/\",\"url\":\"https:\/\/all4labels.com\/wp-content\/uploads\/2020\/02\/all4labels-white.svg\",\"contentUrl\":\"https:\/\/all4labels.com\/wp-content\/uploads\/2020\/02\/all4labels-white.svg\",\"caption\":\"All4Labels Global Packaging Group \u2013 Connecting brands and consumers\"},\"image\":{\"@id\":\"https:\/\/all4labels.com\/#\/schema\/logo\/image\/\"}}]}<\/script>\n<!-- \/ Yoast SEO plugin. -->","yoast_head_json":{"title":"B\u00e6redygtighed - All4Labels Global Packaging Group \u2013 Connecting brands and consumers","robots":{"index":"index","follow":"follow","max-snippet":"max-snippet:-1","max-image-preview":"max-image-preview:large","max-video-preview":"max-video-preview:-1"},"canonical":"https:\/\/all4labels.com\/da\/sustainability\/","og_locale":"da_DK","og_type":"article","og_title":"B\u00e6redygtighed - All4Labels Global Packaging Group \u2013 Connecting brands and consumers","og_description":"Vores b\u00e6redygtighedsstrategi Vi vil v\u00e6re verdens f\u00f8rende leverand\u00f8r af emballager og etiketter, idet vi leverer til vores kunder p\u00e5 den mest effektive og ansvarlige m\u00e5de. Vores succes beror p\u00e5 menneskers [&hellip;]","og_url":"https:\/\/all4labels.com\/da\/sustainability\/","og_site_name":"All4Labels Global Packaging Group \u2013 Connecting brands and consumers","article_modified_time":"2025-10-30T08:40:29+00:00","og_image":[{"width":2400,"height":1133,"url":"https:\/\/all4labels.com\/wp-content\/uploads\/2023\/01\/header-sustainibility_1231.jpg","type":"image\/jpeg"}],"twitter_card":"summary_large_image","twitter_misc":{"Estimeret l\u00e6setid":"1 minut"},"schema":{"@context":"https:\/\/schema.org","@graph":[{"@type":"WebPage","@id":"https:\/\/all4labels.com\/da\/sustainability\/","url":"https:\/\/all4labels.com\/da\/sustainability\/","name":"B\u00e6redygtighed - All4Labels Global Packaging Group \u2013 Connecting brands and consumers","isPartOf":{"@id":"https:\/\/all4labels.com\/#website"},"primaryImageOfPage":{"@id":"https:\/\/all4labels.com\/da\/sustainability\/#primaryimage"},"image":{"@id":"https:\/\/all4labels.com\/da\/sustainability\/#primaryimage"},"thumbnailUrl":"https:\/\/all4labels.com\/wp-content\/uploads\/2023\/01\/header-sustainibility_1231.jpg","datePublished":"2022-11-24T09:30:37+00:00","dateModified":"2025-10-30T08:40:29+00:00","breadcrumb":{"@id":"https:\/\/all4labels.com\/da\/sustainability\/#breadcrumb"},"inLanguage":"da-DK","potentialAction":[{"@type":"ReadAction","target":["https:\/\/all4labels.com\/da\/sustainability\/"]}]},{"@type":"ImageObject","inLanguage":"da-DK","@id":"https:\/\/all4labels.com\/da\/sustainability\/#primaryimage","url":"https:\/\/all4labels.com\/wp-content\/uploads\/2023\/01\/header-sustainibility_1231.jpg","contentUrl":"https:\/\/all4labels.com\/wp-content\/uploads\/2023\/01\/header-sustainibility_1231.jpg","width":2400,"height":1133},{"@type":"BreadcrumbList","@id":"https:\/\/all4labels.com\/da\/sustainability\/#breadcrumb","itemListElement":[{"@type":"ListItem","position":1,"name":"Home","item":"https:\/\/all4labels.com\/da\/"},{"@type":"ListItem","position":2,"name":"B\u00e6redygtighed"}]},{"@type":"WebSite","@id":"https:\/\/all4labels.com\/#website","url":"https:\/\/all4labels.com\/","name":"All4Labels Global Packaging Group \u2013 Connecting brands and consumers","description":"","publisher":{"@id":"https:\/\/all4labels.com\/#organization"},"potentialAction":[{"@type":"SearchAction","target":{"@type":"EntryPoint","urlTemplate":"https:\/\/all4labels.com\/?s={search_term_string}"},"query-input":{"@type":"PropertyValueSpecification","valueRequired":true,"valueName":"search_term_string"}}],"inLanguage":"da-DK"},{"@type":"Organization","@id":"https:\/\/all4labels.com\/#organization","name":"All4Labels Global Packaging Group \u2013 Connecting brands and consumers","url":"https:\/\/all4labels.com\/","logo":{"@type":"ImageObject","inLanguage":"da-DK","@id":"https:\/\/all4labels.com\/#\/schema\/logo\/image\/","url":"https:\/\/all4labels.com\/wp-content\/uploads\/2020\/02\/all4labels-white.svg","contentUrl":"https:\/\/all4labels.com\/wp-content\/uploads\/2020\/02\/all4labels-white.svg","caption":"All4Labels Global Packaging Group \u2013 Connecting brands and consumers"},"image":{"@id":"https:\/\/all4labels.com\/#\/schema\/logo\/image\/"}}]}},"_links":{"self":[{"href":"https:\/\/all4labels.com\/da\/wp-json\/wp\/v2\/pages\/20878","targetHints":{"allow":["GET"]}}],"collection":[{"href":"https:\/\/all4labels.com\/da\/wp-json\/wp\/v2\/pages"}],"about":[{"href":"https:\/\/all4labels.com\/da\/wp-json\/wp\/v2\/types\/page"}],"author":[{"embeddable":true,"href":"https:\/\/all4labels.com\/da\/wp-json\/wp\/v2\/users\/10"}],"replies":[{"embeddable":true,"href":"https:\/\/all4labels.com\/da\/wp-json\/wp\/v2\/comments?post=20878"}],"version-history":[{"count":11,"href":"https:\/\/all4labels.com\/da\/wp-json\/wp\/v2\/pages\/20878\/revisions"}],"predecessor-version":[{"id":45140,"href":"https:\/\/all4labels.com\/da\/wp-json\/wp\/v2\/pages\/20878\/revisions\/45140"}],"wp:featuredmedia":[{"embeddable":true,"href":"https:\/\/all4labels.com\/da\/wp-json\/wp\/v2\/media\/20315"}],"wp:attachment":[{"href":"https:\/\/all4labels.com\/da\/wp-json\/wp\/v2\/media?parent=20878"}],"curies":[{"name":"wp","href":"https:\/\/api.w.org\/{rel}","templated":true}]}}