{"id":20867,"date":"2020-01-31T06:27:23","date_gmt":"2020-01-31T06:27:23","guid":{"rendered":"https:\/\/all4labels.com\/privacy-policy\/"},"modified":"2024-01-24T15:45:59","modified_gmt":"2024-01-24T15:45:59","slug":"privacy-policy","status":"publish","type":"page","link":"https:\/\/all4labels.com\/da\/privacy-policy\/","title":{"rendered":"Persondatapolitik"},"content":{"rendered":"<p>Tak, fordi du bes\u00f8ger vores hjemmeside.<\/p>\n<p>Vi skal g\u00f8re opm\u00e6rksom p\u00e5, at vi behandler dine oplysninger i overensstemmelse med artikel 13 i General Data Protection Regulation (databeskyttelsesforordningen) \u2013 til dette form\u00e5l bedes du l\u00e6se persondatapolitikken g\u00e6ldende for <strong><a href=\"https:\/\/all4labels.com\/wp-content\/uploads\/2024\/01\/2024_All4Labels_Privac_Policy.pdf\" target=\"_blank\" rel=\"noopener\">hjemmesiden<\/a><\/strong>.<\/p>\n","protected":false},"excerpt":{"rendered":"<p>Tak, fordi du bes\u00f8ger vores hjemmeside. Vi skal g\u00f8re opm\u00e6rksom p\u00e5, at vi behandler dine oplysninger i overensstemmelse med artikel 13 i General Data Protection Regulation (databeskyttelsesforordningen) \u2013 til dette [&hellip;]<\/p>\n","protected":false},"author":1,"featured_media":0,"parent":0,"menu_order":0,"comment_status":"closed","ping_status":"closed","template":"page-privacy.php","meta":{"_acf_changed":false,"footnotes":""},"class_list":["post-20867","page","type-page","status-publish","hentry"],"acf":[],"yoast_head":"<!-- This site is optimized with the Yoast SEO plugin v24.2 - https:\/\/yoast.com\/wordpress\/plugins\/seo\/ -->\n<title>Persondatapolitik - All4Labels Global Packaging Group \u2013 Connecting brands and consumers<\/title>\n<meta name=\"robots\" content=\"index, follow, max-snippet:-1, max-image-preview:large, max-video-preview:-1\" \/>\n<link rel=\"canonical\" href=\"https:\/\/all4labels.com\/da\/privacy-policy\/\" \/>\n<meta property=\"og:locale\" content=\"da_DK\" \/>\n<meta property=\"og:type\" content=\"article\" \/>\n<meta property=\"og:title\" content=\"Persondatapolitik - All4Labels Global Packaging Group \u2013 Connecting brands and consumers\" \/>\n<meta property=\"og:description\" content=\"Tak, fordi du bes\u00f8ger vores hjemmeside. Vi skal g\u00f8re opm\u00e6rksom p\u00e5, at vi behandler dine oplysninger i overensstemmelse med artikel 13 i General Data Protection Regulation (databeskyttelsesforordningen) \u2013 til dette [&hellip;]\" \/>\n<meta property=\"og:url\" content=\"https:\/\/all4labels.com\/da\/privacy-policy\/\" \/>\n<meta property=\"og:site_name\" content=\"All4Labels Global Packaging Group \u2013 Connecting brands and consumers\" \/>\n<meta property=\"article:modified_time\" content=\"2024-01-24T15:45:59+00:00\" \/>\n<meta name=\"twitter:card\" content=\"summary_large_image\" \/>\n<meta name=\"twitter:label1\" content=\"Estimeret l\u00e6setid\" \/>\n\t<meta name=\"twitter:data1\" content=\"1 minut\" \/>\n<script type=\"application\/ld+json\" class=\"yoast-schema-graph\">{\"@context\":\"https:\/\/schema.org\",\"@graph\":[{\"@type\":\"WebPage\",\"@id\":\"https:\/\/all4labels.com\/da\/privacy-policy\/\",\"url\":\"https:\/\/all4labels.com\/da\/privacy-policy\/\",\"name\":\"Persondatapolitik - All4Labels Global Packaging Group \u2013 Connecting brands and consumers\",\"isPartOf\":{\"@id\":\"https:\/\/all4labels.com\/#website\"},\"datePublished\":\"2020-01-31T06:27:23+00:00\",\"dateModified\":\"2024-01-24T15:45:59+00:00\",\"breadcrumb\":{\"@id\":\"https:\/\/all4labels.com\/da\/privacy-policy\/#breadcrumb\"},\"inLanguage\":\"da-DK\",\"potentialAction\":[{\"@type\":\"ReadAction\",\"target\":[\"https:\/\/all4labels.com\/da\/privacy-policy\/\"]}]},{\"@type\":\"BreadcrumbList\",\"@id\":\"https:\/\/all4labels.com\/da\/privacy-policy\/#breadcrumb\",\"itemListElement\":[{\"@type\":\"ListItem\",\"position\":1,\"name\":\"Home\",\"item\":\"https:\/\/all4labels.com\/da\/\"},{\"@type\":\"ListItem\",\"position\":2,\"name\":\"Persondatapolitik\"}]},{\"@type\":\"WebSite\",\"@id\":\"https:\/\/all4labels.com\/#website\",\"url\":\"https:\/\/all4labels.com\/\",\"name\":\"All4Labels Global Packaging Group \u2013 Connecting brands and consumers\",\"description\":\"\",\"publisher\":{\"@id\":\"https:\/\/all4labels.com\/#organization\"},\"potentialAction\":[{\"@type\":\"SearchAction\",\"target\":{\"@type\":\"EntryPoint\",\"urlTemplate\":\"https:\/\/all4labels.com\/?s={search_term_string}\"},\"query-input\":{\"@type\":\"PropertyValueSpecification\",\"valueRequired\":true,\"valueName\":\"search_term_string\"}}],\"inLanguage\":\"da-DK\"},{\"@type\":\"Organization\",\"@id\":\"https:\/\/all4labels.com\/#organization\",\"name\":\"All4Labels Global Packaging Group \u2013 Connecting brands and consumers\",\"url\":\"https:\/\/all4labels.com\/\",\"logo\":{\"@type\":\"ImageObject\",\"inLanguage\":\"da-DK\",\"@id\":\"https:\/\/all4labels.com\/#\/schema\/logo\/image\/\",\"url\":\"https:\/\/all4labels.com\/wp-content\/uploads\/2020\/02\/all4labels-white.svg\",\"contentUrl\":\"https:\/\/all4labels.com\/wp-content\/uploads\/2020\/02\/all4labels-white.svg\",\"caption\":\"All4Labels Global Packaging Group \u2013 Connecting brands and consumers\"},\"image\":{\"@id\":\"https:\/\/all4labels.com\/#\/schema\/logo\/image\/\"}}]}<\/script>\n<!-- \/ Yoast SEO plugin. -->","yoast_head_json":{"title":"Persondatapolitik - All4Labels Global Packaging Group \u2013 Connecting brands and consumers","robots":{"index":"index","follow":"follow","max-snippet":"max-snippet:-1","max-image-preview":"max-image-preview:large","max-video-preview":"max-video-preview:-1"},"canonical":"https:\/\/all4labels.com\/da\/privacy-policy\/","og_locale":"da_DK","og_type":"article","og_title":"Persondatapolitik - All4Labels Global Packaging Group \u2013 Connecting brands and consumers","og_description":"Tak, fordi du bes\u00f8ger vores hjemmeside. Vi skal g\u00f8re opm\u00e6rksom p\u00e5, at vi behandler dine oplysninger i overensstemmelse med artikel 13 i General Data Protection Regulation (databeskyttelsesforordningen) \u2013 til dette [&hellip;]","og_url":"https:\/\/all4labels.com\/da\/privacy-policy\/","og_site_name":"All4Labels Global Packaging Group \u2013 Connecting brands and consumers","article_modified_time":"2024-01-24T15:45:59+00:00","twitter_card":"summary_large_image","twitter_misc":{"Estimeret l\u00e6setid":"1 minut"},"schema":{"@context":"https:\/\/schema.org","@graph":[{"@type":"WebPage","@id":"https:\/\/all4labels.com\/da\/privacy-policy\/","url":"https:\/\/all4labels.com\/da\/privacy-policy\/","name":"Persondatapolitik - All4Labels Global Packaging Group \u2013 Connecting brands and consumers","isPartOf":{"@id":"https:\/\/all4labels.com\/#website"},"datePublished":"2020-01-31T06:27:23+00:00","dateModified":"2024-01-24T15:45:59+00:00","breadcrumb":{"@id":"https:\/\/all4labels.com\/da\/privacy-policy\/#breadcrumb"},"inLanguage":"da-DK","potentialAction":[{"@type":"ReadAction","target":["https:\/\/all4labels.com\/da\/privacy-policy\/"]}]},{"@type":"BreadcrumbList","@id":"https:\/\/all4labels.com\/da\/privacy-policy\/#breadcrumb","itemListElement":[{"@type":"ListItem","position":1,"name":"Home","item":"https:\/\/all4labels.com\/da\/"},{"@type":"ListItem","position":2,"name":"Persondatapolitik"}]},{"@type":"WebSite","@id":"https:\/\/all4labels.com\/#website","url":"https:\/\/all4labels.com\/","name":"All4Labels Global Packaging Group \u2013 Connecting brands and consumers","description":"","publisher":{"@id":"https:\/\/all4labels.com\/#organization"},"potentialAction":[{"@type":"SearchAction","target":{"@type":"EntryPoint","urlTemplate":"https:\/\/all4labels.com\/?s={search_term_string}"},"query-input":{"@type":"PropertyValueSpecification","valueRequired":true,"valueName":"search_term_string"}}],"inLanguage":"da-DK"},{"@type":"Organization","@id":"https:\/\/all4labels.com\/#organization","name":"All4Labels Global Packaging Group \u2013 Connecting brands and consumers","url":"https:\/\/all4labels.com\/","logo":{"@type":"ImageObject","inLanguage":"da-DK","@id":"https:\/\/all4labels.com\/#\/schema\/logo\/image\/","url":"https:\/\/all4labels.com\/wp-content\/uploads\/2020\/02\/all4labels-white.svg","contentUrl":"https:\/\/all4labels.com\/wp-content\/uploads\/2020\/02\/all4labels-white.svg","caption":"All4Labels Global Packaging Group \u2013 Connecting brands and consumers"},"image":{"@id":"https:\/\/all4labels.com\/#\/schema\/logo\/image\/"}}]}},"_links":{"self":[{"href":"https:\/\/all4labels.com\/da\/wp-json\/wp\/v2\/pages\/20867","targetHints":{"allow":["GET"]}}],"collection":[{"href":"https:\/\/all4labels.com\/da\/wp-json\/wp\/v2\/pages"}],"about":[{"href":"https:\/\/all4labels.com\/da\/wp-json\/wp\/v2\/types\/page"}],"author":[{"embeddable":true,"href":"https:\/\/all4labels.com\/da\/wp-json\/wp\/v2\/users\/1"}],"replies":[{"embeddable":true,"href":"https:\/\/all4labels.com\/da\/wp-json\/wp\/v2\/comments?post=20867"}],"version-history":[{"count":2,"href":"https:\/\/all4labels.com\/da\/wp-json\/wp\/v2\/pages\/20867\/revisions"}],"predecessor-version":[{"id":36450,"href":"https:\/\/all4labels.com\/da\/wp-json\/wp\/v2\/pages\/20867\/revisions\/36450"}],"wp:attachment":[{"href":"https:\/\/all4labels.com\/da\/wp-json\/wp\/v2\/media?parent=20867"}],"curies":[{"name":"wp","href":"https:\/\/api.w.org\/{rel}","templated":true}]}}