{"id":20866,"date":"2020-02-03T09:03:12","date_gmt":"2020-02-03T09:03:12","guid":{"rendered":"https:\/\/all4labels.com\/corporate-information\/"},"modified":"2026-03-10T12:11:25","modified_gmt":"2026-03-10T12:11:25","slug":"corporate-information","status":"publish","type":"page","link":"https:\/\/all4labels.com\/da\/corporate-information\/","title":{"rendered":"Corporate information"},"content":{"rendered":"<h1>Corporate information<\/h1>\n<h4><strong>Provider of the Website<br \/>\n<\/strong><\/h4>\n<h3><strong>All4Labels Group GmbH<\/strong><\/h3>\n<p>M\u00f6llner Landstra\u00dfe 15, 22969 Witzhave<br \/>\nE-Mail: <a href=\"mailto:info@all4labels.com\">info@all4labels.com<\/a><\/p>\n<p>Repr\u00e6senteret af de administrerende direkt\u00f8rer:<\/p>\n<ul>\n<li data-olk-copy-source=\"MessageBody\">Evelyn Hartinger<\/li>\n<li>Matej Baran<\/li>\n<li>Guido Iannone<\/li>\n<li>Enrico Valeri<\/li>\n<li>Magnus Milatz<\/li>\n<\/ul>\n<p>Handelsregister: L\u00fcbeck HRB 289 AH<\/p>\n<p>Ansvarlig person efter \u00a7 18 stk. 2 i den tyske statslige medietraktat (&#8220;<em>Mediendienstestaatsvertrag<\/em>&#8220;): Evelyn Hartinger, M\u00f6llner Landstra\u00dfe 15, 22969 Witzhave, Tyskland<\/p>\n<h3>Copyright<\/h3>\n<p>The content, such as texts and photos, of this website is protected by copyright law. Reproduction of this content in whole or in part is prohibited in any form on any medium without the prior express permission of All4Labels Group GmbH.<\/p>\n<h3>Privatlivspolitik for hjemmesiden<\/h3>\n<p>Privatlivspolitikken for All4Labels Group GmbH kan findes p\u00e5<br \/>\n<a href=\"https:\/\/all4labels.com\/wp-content\/uploads\/2022\/09\/2022-All4Labels_Privacy-policy_Website.pdf\">privacy policy<\/a>.<\/p>\n<h3>Eksterne links<\/h3>\n<p>All4Labels Group GmbH er ikke ansvarlig for indholdet af eksterne websteder. De respektive udbydere er ansvarlige for indholdet af tredjeparter, der tilg\u00e5s via hyperlinks.<\/p>\n<h3>Udenretslig tvistbil\u00e6ggelse i forbrugersager<\/h3>\n<p>I henhold til g\u00e6ldende lovgivning er All4Labels Group GmbH forpligtet til at informere forbrugerne om eksistensen af \u200b\u200bden europ\u00e6iske online-tvistbil\u00e6ggelsesplatform, som er oprettet af EU-kommissionen til l\u00f8sning af tvister. Den europ\u00e6iske online-tvistbil\u00e6ggelsesplatform kan findes<br \/>\n<a href=\"https:\/\/ec.europa.eu\/consumers\/odr\/\">here<\/a>. Contact details of the official dispute resolution bodies can be found under the following link: <a href=\"https:\/\/webgate.ec.europa.eu\/odr\/main\/index.cfm\">https:\/\/webgate.ec.europa.eu\/odr\/main\/index.cfm<\/a>. I mangel af en juridisk forpligtelse til at deltage i tvistbil\u00e6ggelsessager for et forbrugervoldgiftsn\u00e6vn, er All4Labels Group GmbH ikke forpligtet eller villig til at deltage i s\u00e5danne tvistbil\u00e6ggelsessager.<\/p>\n<h3>Sociale medier profiler<\/h3>\n<p>Dette aftryk g\u00e6lder ogs\u00e5 for f\u00f8lgende sociale medieprofiler, der drives af All4Labels Group GmbH:<\/p>\n<h3>Linkedin:<\/h3>\n<p><a href=\"https:\/\/www.linkedin.com\/company\/all4labelsgroup\/\">https:\/\/www.linkedin.com\/company\/all4labelsgroup\/<\/a><\/p>\n<h3>Xing:<\/h3>\n<p><a href=\"https:\/\/www.xing.com\/pages\/all4labels-globalpackaginggroup\">https:\/\/www.xing.com\/pages\/all4labels-globalpackaginggroup<\/a><\/p>\n","protected":false},"excerpt":{"rendered":"<p>Corporate information Provider of the Website All4Labels Group GmbH M\u00f6llner Landstra\u00dfe 15, 22969 Witzhave E-Mail: info@all4labels.com Repr\u00e6senteret af de administrerende direkt\u00f8rer: Evelyn Hartinger Matej Baran Guido Iannone Enrico Valeri Magnus [&hellip;]<\/p>\n","protected":false},"author":1,"featured_media":0,"parent":0,"menu_order":0,"comment_status":"closed","ping_status":"closed","template":"","meta":{"_acf_changed":false,"footnotes":""},"class_list":["post-20866","page","type-page","status-publish","hentry"],"acf":[],"yoast_head":"<!-- This site is optimized with the Yoast SEO plugin v24.2 - https:\/\/yoast.com\/wordpress\/plugins\/seo\/ -->\n<title>Corporate information - All4Labels Global Packaging Group \u2013 Connecting brands and consumers<\/title>\n<meta name=\"robots\" content=\"index, follow, max-snippet:-1, max-image-preview:large, max-video-preview:-1\" \/>\n<link rel=\"canonical\" href=\"https:\/\/all4labels.com\/da\/corporate-information\/\" \/>\n<meta property=\"og:locale\" content=\"da_DK\" \/>\n<meta property=\"og:type\" content=\"article\" \/>\n<meta property=\"og:title\" content=\"Corporate information - All4Labels Global Packaging Group \u2013 Connecting brands and consumers\" \/>\n<meta property=\"og:description\" content=\"Corporate information Provider of the Website All4Labels Group GmbH M\u00f6llner Landstra\u00dfe 15, 22969 Witzhave E-Mail: info@all4labels.com Repr\u00e6senteret af de administrerende direkt\u00f8rer: Evelyn Hartinger Matej Baran Guido Iannone Enrico Valeri Magnus [&hellip;]\" \/>\n<meta property=\"og:url\" content=\"https:\/\/all4labels.com\/da\/corporate-information\/\" \/>\n<meta property=\"og:site_name\" content=\"All4Labels Global Packaging Group \u2013 Connecting brands and consumers\" \/>\n<meta property=\"article:modified_time\" content=\"2026-03-10T12:11:25+00:00\" \/>\n<meta name=\"twitter:card\" content=\"summary_large_image\" \/>\n<meta name=\"twitter:label1\" content=\"Estimeret l\u00e6setid\" \/>\n\t<meta name=\"twitter:data1\" content=\"2 minutter\" \/>\n<script type=\"application\/ld+json\" class=\"yoast-schema-graph\">{\"@context\":\"https:\/\/schema.org\",\"@graph\":[{\"@type\":\"WebPage\",\"@id\":\"https:\/\/all4labels.com\/da\/corporate-information\/\",\"url\":\"https:\/\/all4labels.com\/da\/corporate-information\/\",\"name\":\"Corporate information - All4Labels Global Packaging Group \u2013 Connecting brands and consumers\",\"isPartOf\":{\"@id\":\"https:\/\/all4labels.com\/#website\"},\"datePublished\":\"2020-02-03T09:03:12+00:00\",\"dateModified\":\"2026-03-10T12:11:25+00:00\",\"breadcrumb\":{\"@id\":\"https:\/\/all4labels.com\/da\/corporate-information\/#breadcrumb\"},\"inLanguage\":\"da-DK\",\"potentialAction\":[{\"@type\":\"ReadAction\",\"target\":[\"https:\/\/all4labels.com\/da\/corporate-information\/\"]}]},{\"@type\":\"BreadcrumbList\",\"@id\":\"https:\/\/all4labels.com\/da\/corporate-information\/#breadcrumb\",\"itemListElement\":[{\"@type\":\"ListItem\",\"position\":1,\"name\":\"Home\",\"item\":\"https:\/\/all4labels.com\/da\/\"},{\"@type\":\"ListItem\",\"position\":2,\"name\":\"Corporate information\"}]},{\"@type\":\"WebSite\",\"@id\":\"https:\/\/all4labels.com\/#website\",\"url\":\"https:\/\/all4labels.com\/\",\"name\":\"All4Labels Global Packaging Group \u2013 Connecting brands and consumers\",\"description\":\"\",\"publisher\":{\"@id\":\"https:\/\/all4labels.com\/#organization\"},\"potentialAction\":[{\"@type\":\"SearchAction\",\"target\":{\"@type\":\"EntryPoint\",\"urlTemplate\":\"https:\/\/all4labels.com\/?s={search_term_string}\"},\"query-input\":{\"@type\":\"PropertyValueSpecification\",\"valueRequired\":true,\"valueName\":\"search_term_string\"}}],\"inLanguage\":\"da-DK\"},{\"@type\":\"Organization\",\"@id\":\"https:\/\/all4labels.com\/#organization\",\"name\":\"All4Labels Global Packaging Group \u2013 Connecting brands and consumers\",\"url\":\"https:\/\/all4labels.com\/\",\"logo\":{\"@type\":\"ImageObject\",\"inLanguage\":\"da-DK\",\"@id\":\"https:\/\/all4labels.com\/#\/schema\/logo\/image\/\",\"url\":\"https:\/\/all4labels.com\/wp-content\/uploads\/2020\/02\/all4labels-white.svg\",\"contentUrl\":\"https:\/\/all4labels.com\/wp-content\/uploads\/2020\/02\/all4labels-white.svg\",\"caption\":\"All4Labels Global Packaging Group \u2013 Connecting brands and consumers\"},\"image\":{\"@id\":\"https:\/\/all4labels.com\/#\/schema\/logo\/image\/\"}}]}<\/script>\n<!-- \/ Yoast SEO plugin. -->","yoast_head_json":{"title":"Corporate information - All4Labels Global Packaging Group \u2013 Connecting brands and consumers","robots":{"index":"index","follow":"follow","max-snippet":"max-snippet:-1","max-image-preview":"max-image-preview:large","max-video-preview":"max-video-preview:-1"},"canonical":"https:\/\/all4labels.com\/da\/corporate-information\/","og_locale":"da_DK","og_type":"article","og_title":"Corporate information - All4Labels Global Packaging Group \u2013 Connecting brands and consumers","og_description":"Corporate information Provider of the Website All4Labels Group GmbH M\u00f6llner Landstra\u00dfe 15, 22969 Witzhave E-Mail: info@all4labels.com Repr\u00e6senteret af de administrerende direkt\u00f8rer: Evelyn Hartinger Matej Baran Guido Iannone Enrico Valeri Magnus [&hellip;]","og_url":"https:\/\/all4labels.com\/da\/corporate-information\/","og_site_name":"All4Labels Global Packaging Group \u2013 Connecting brands and consumers","article_modified_time":"2026-03-10T12:11:25+00:00","twitter_card":"summary_large_image","twitter_misc":{"Estimeret l\u00e6setid":"2 minutter"},"schema":{"@context":"https:\/\/schema.org","@graph":[{"@type":"WebPage","@id":"https:\/\/all4labels.com\/da\/corporate-information\/","url":"https:\/\/all4labels.com\/da\/corporate-information\/","name":"Corporate information - All4Labels Global Packaging Group \u2013 Connecting brands and consumers","isPartOf":{"@id":"https:\/\/all4labels.com\/#website"},"datePublished":"2020-02-03T09:03:12+00:00","dateModified":"2026-03-10T12:11:25+00:00","breadcrumb":{"@id":"https:\/\/all4labels.com\/da\/corporate-information\/#breadcrumb"},"inLanguage":"da-DK","potentialAction":[{"@type":"ReadAction","target":["https:\/\/all4labels.com\/da\/corporate-information\/"]}]},{"@type":"BreadcrumbList","@id":"https:\/\/all4labels.com\/da\/corporate-information\/#breadcrumb","itemListElement":[{"@type":"ListItem","position":1,"name":"Home","item":"https:\/\/all4labels.com\/da\/"},{"@type":"ListItem","position":2,"name":"Corporate information"}]},{"@type":"WebSite","@id":"https:\/\/all4labels.com\/#website","url":"https:\/\/all4labels.com\/","name":"All4Labels Global Packaging Group \u2013 Connecting brands and consumers","description":"","publisher":{"@id":"https:\/\/all4labels.com\/#organization"},"potentialAction":[{"@type":"SearchAction","target":{"@type":"EntryPoint","urlTemplate":"https:\/\/all4labels.com\/?s={search_term_string}"},"query-input":{"@type":"PropertyValueSpecification","valueRequired":true,"valueName":"search_term_string"}}],"inLanguage":"da-DK"},{"@type":"Organization","@id":"https:\/\/all4labels.com\/#organization","name":"All4Labels Global Packaging Group \u2013 Connecting brands and consumers","url":"https:\/\/all4labels.com\/","logo":{"@type":"ImageObject","inLanguage":"da-DK","@id":"https:\/\/all4labels.com\/#\/schema\/logo\/image\/","url":"https:\/\/all4labels.com\/wp-content\/uploads\/2020\/02\/all4labels-white.svg","contentUrl":"https:\/\/all4labels.com\/wp-content\/uploads\/2020\/02\/all4labels-white.svg","caption":"All4Labels Global Packaging Group \u2013 Connecting brands and consumers"},"image":{"@id":"https:\/\/all4labels.com\/#\/schema\/logo\/image\/"}}]}},"_links":{"self":[{"href":"https:\/\/all4labels.com\/da\/wp-json\/wp\/v2\/pages\/20866","targetHints":{"allow":["GET"]}}],"collection":[{"href":"https:\/\/all4labels.com\/da\/wp-json\/wp\/v2\/pages"}],"about":[{"href":"https:\/\/all4labels.com\/da\/wp-json\/wp\/v2\/types\/page"}],"author":[{"embeddable":true,"href":"https:\/\/all4labels.com\/da\/wp-json\/wp\/v2\/users\/1"}],"replies":[{"embeddable":true,"href":"https:\/\/all4labels.com\/da\/wp-json\/wp\/v2\/comments?post=20866"}],"version-history":[{"count":15,"href":"https:\/\/all4labels.com\/da\/wp-json\/wp\/v2\/pages\/20866\/revisions"}],"predecessor-version":[{"id":45719,"href":"https:\/\/all4labels.com\/da\/wp-json\/wp\/v2\/pages\/20866\/revisions\/45719"}],"wp:attachment":[{"href":"https:\/\/all4labels.com\/da\/wp-json\/wp\/v2\/media?parent=20866"}],"curies":[{"name":"wp","href":"https:\/\/api.w.org\/{rel}","templated":true}]}}