{"id":20806,"date":"2022-09-30T09:28:32","date_gmt":"2022-09-30T09:28:32","guid":{"rendered":"https:\/\/all4labels.com\/company\/"},"modified":"2026-03-11T08:43:50","modified_gmt":"2026-03-11T08:43:50","slug":"virksomheden","status":"publish","type":"page","link":"https:\/\/all4labels.com\/da\/virksomheden\/","title":{"rendered":"Virksomheden"},"content":{"rendered":"<h6>Profil<\/h6>\n<h1>Overblik<\/h1>\n<p><strong>All4Labels er en global leder inden for etiketl\u00f8sninger, anerkendt for sin banebrydende rolle i emballageindustrien. Med et st\u00e6rkt fokus p\u00e5 f\u00f8devarer, husholdning &amp; personlig pleje, industri og sundhedssektoren leverer vi innovative produkter af h\u00f8j kvalitet, der im\u00f8dekommer vores kunders forskellige behov verden over.<\/strong><\/p>\n<p><strong>Som teknologisk og innovativ frontl\u00f8ber p\u00e5 etiketter med s\u00e6rlig fokus p\u00e5 b\u00e6redygtige l\u00f8sninger, er vi en betroet partner for b\u00e5de lokale og multinationale virksomheder p\u00e5 globalt plan. Vores engagement i kundecentrering og operationel ekspertise g\u00f8r os til en foretrukken leverand\u00f8r i den globale emballageindustri.<\/strong><\/p>\n","protected":false},"excerpt":{"rendered":"<p>Profil Overblik All4Labels er en global leder inden for etiketl\u00f8sninger, anerkendt for sin banebrydende rolle i emballageindustrien. Med et st\u00e6rkt fokus p\u00e5 f\u00f8devarer, husholdning &amp; personlig pleje, industri og sundhedssektoren [&hellip;]<\/p>\n","protected":false},"author":10,"featured_media":0,"parent":0,"menu_order":0,"comment_status":"closed","ping_status":"closed","template":"page-about.php","meta":{"_acf_changed":false,"footnotes":""},"class_list":["post-20806","page","type-page","status-publish","hentry"],"acf":[],"yoast_head":"<!-- This site is optimized with the Yoast SEO plugin v24.2 - https:\/\/yoast.com\/wordpress\/plugins\/seo\/ -->\n<title>Virksomheden - All4Labels Global Packaging Group \u2013 Connecting brands and consumers<\/title>\n<meta name=\"robots\" content=\"index, follow, max-snippet:-1, max-image-preview:large, max-video-preview:-1\" \/>\n<link rel=\"canonical\" href=\"https:\/\/all4labels.com\/da\/virksomheden\/\" \/>\n<meta property=\"og:locale\" content=\"da_DK\" \/>\n<meta property=\"og:type\" content=\"article\" \/>\n<meta property=\"og:title\" content=\"Virksomheden - All4Labels Global Packaging Group \u2013 Connecting brands and consumers\" \/>\n<meta property=\"og:description\" content=\"Profil Overblik All4Labels er en global leder inden for etiketl\u00f8sninger, anerkendt for sin banebrydende rolle i emballageindustrien. Med et st\u00e6rkt fokus p\u00e5 f\u00f8devarer, husholdning &amp; personlig pleje, industri og sundhedssektoren [&hellip;]\" \/>\n<meta property=\"og:url\" content=\"https:\/\/all4labels.com\/da\/virksomheden\/\" \/>\n<meta property=\"og:site_name\" content=\"All4Labels Global Packaging Group \u2013 Connecting brands and consumers\" \/>\n<meta property=\"article:modified_time\" content=\"2026-03-11T08:43:50+00:00\" \/>\n<meta name=\"twitter:card\" content=\"summary_large_image\" \/>\n<meta name=\"twitter:label1\" content=\"Estimeret l\u00e6setid\" \/>\n\t<meta name=\"twitter:data1\" content=\"1 minut\" \/>\n<script type=\"application\/ld+json\" class=\"yoast-schema-graph\">{\"@context\":\"https:\/\/schema.org\",\"@graph\":[{\"@type\":\"WebPage\",\"@id\":\"https:\/\/all4labels.com\/da\/virksomheden\/\",\"url\":\"https:\/\/all4labels.com\/da\/virksomheden\/\",\"name\":\"Virksomheden - All4Labels Global Packaging Group \u2013 Connecting brands and consumers\",\"isPartOf\":{\"@id\":\"https:\/\/all4labels.com\/#website\"},\"datePublished\":\"2022-09-30T09:28:32+00:00\",\"dateModified\":\"2026-03-11T08:43:50+00:00\",\"breadcrumb\":{\"@id\":\"https:\/\/all4labels.com\/da\/virksomheden\/#breadcrumb\"},\"inLanguage\":\"da-DK\",\"potentialAction\":[{\"@type\":\"ReadAction\",\"target\":[\"https:\/\/all4labels.com\/da\/virksomheden\/\"]}]},{\"@type\":\"BreadcrumbList\",\"@id\":\"https:\/\/all4labels.com\/da\/virksomheden\/#breadcrumb\",\"itemListElement\":[{\"@type\":\"ListItem\",\"position\":1,\"name\":\"Home\",\"item\":\"https:\/\/all4labels.com\/da\/\"},{\"@type\":\"ListItem\",\"position\":2,\"name\":\"Virksomheden\"}]},{\"@type\":\"WebSite\",\"@id\":\"https:\/\/all4labels.com\/#website\",\"url\":\"https:\/\/all4labels.com\/\",\"name\":\"All4Labels Global Packaging Group \u2013 Connecting brands and consumers\",\"description\":\"\",\"publisher\":{\"@id\":\"https:\/\/all4labels.com\/#organization\"},\"potentialAction\":[{\"@type\":\"SearchAction\",\"target\":{\"@type\":\"EntryPoint\",\"urlTemplate\":\"https:\/\/all4labels.com\/?s={search_term_string}\"},\"query-input\":{\"@type\":\"PropertyValueSpecification\",\"valueRequired\":true,\"valueName\":\"search_term_string\"}}],\"inLanguage\":\"da-DK\"},{\"@type\":\"Organization\",\"@id\":\"https:\/\/all4labels.com\/#organization\",\"name\":\"All4Labels Global Packaging Group \u2013 Connecting brands and consumers\",\"url\":\"https:\/\/all4labels.com\/\",\"logo\":{\"@type\":\"ImageObject\",\"inLanguage\":\"da-DK\",\"@id\":\"https:\/\/all4labels.com\/#\/schema\/logo\/image\/\",\"url\":\"https:\/\/all4labels.com\/wp-content\/uploads\/2020\/02\/all4labels-white.svg\",\"contentUrl\":\"https:\/\/all4labels.com\/wp-content\/uploads\/2020\/02\/all4labels-white.svg\",\"caption\":\"All4Labels Global Packaging Group \u2013 Connecting brands and consumers\"},\"image\":{\"@id\":\"https:\/\/all4labels.com\/#\/schema\/logo\/image\/\"}}]}<\/script>\n<!-- \/ Yoast SEO plugin. -->","yoast_head_json":{"title":"Virksomheden - All4Labels Global Packaging Group \u2013 Connecting brands and consumers","robots":{"index":"index","follow":"follow","max-snippet":"max-snippet:-1","max-image-preview":"max-image-preview:large","max-video-preview":"max-video-preview:-1"},"canonical":"https:\/\/all4labels.com\/da\/virksomheden\/","og_locale":"da_DK","og_type":"article","og_title":"Virksomheden - All4Labels Global Packaging Group \u2013 Connecting brands and consumers","og_description":"Profil Overblik All4Labels er en global leder inden for etiketl\u00f8sninger, anerkendt for sin banebrydende rolle i emballageindustrien. Med et st\u00e6rkt fokus p\u00e5 f\u00f8devarer, husholdning &amp; personlig pleje, industri og sundhedssektoren [&hellip;]","og_url":"https:\/\/all4labels.com\/da\/virksomheden\/","og_site_name":"All4Labels Global Packaging Group \u2013 Connecting brands and consumers","article_modified_time":"2026-03-11T08:43:50+00:00","twitter_card":"summary_large_image","twitter_misc":{"Estimeret l\u00e6setid":"1 minut"},"schema":{"@context":"https:\/\/schema.org","@graph":[{"@type":"WebPage","@id":"https:\/\/all4labels.com\/da\/virksomheden\/","url":"https:\/\/all4labels.com\/da\/virksomheden\/","name":"Virksomheden - All4Labels Global Packaging Group \u2013 Connecting brands and consumers","isPartOf":{"@id":"https:\/\/all4labels.com\/#website"},"datePublished":"2022-09-30T09:28:32+00:00","dateModified":"2026-03-11T08:43:50+00:00","breadcrumb":{"@id":"https:\/\/all4labels.com\/da\/virksomheden\/#breadcrumb"},"inLanguage":"da-DK","potentialAction":[{"@type":"ReadAction","target":["https:\/\/all4labels.com\/da\/virksomheden\/"]}]},{"@type":"BreadcrumbList","@id":"https:\/\/all4labels.com\/da\/virksomheden\/#breadcrumb","itemListElement":[{"@type":"ListItem","position":1,"name":"Home","item":"https:\/\/all4labels.com\/da\/"},{"@type":"ListItem","position":2,"name":"Virksomheden"}]},{"@type":"WebSite","@id":"https:\/\/all4labels.com\/#website","url":"https:\/\/all4labels.com\/","name":"All4Labels Global Packaging Group \u2013 Connecting brands and consumers","description":"","publisher":{"@id":"https:\/\/all4labels.com\/#organization"},"potentialAction":[{"@type":"SearchAction","target":{"@type":"EntryPoint","urlTemplate":"https:\/\/all4labels.com\/?s={search_term_string}"},"query-input":{"@type":"PropertyValueSpecification","valueRequired":true,"valueName":"search_term_string"}}],"inLanguage":"da-DK"},{"@type":"Organization","@id":"https:\/\/all4labels.com\/#organization","name":"All4Labels Global Packaging Group \u2013 Connecting brands and consumers","url":"https:\/\/all4labels.com\/","logo":{"@type":"ImageObject","inLanguage":"da-DK","@id":"https:\/\/all4labels.com\/#\/schema\/logo\/image\/","url":"https:\/\/all4labels.com\/wp-content\/uploads\/2020\/02\/all4labels-white.svg","contentUrl":"https:\/\/all4labels.com\/wp-content\/uploads\/2020\/02\/all4labels-white.svg","caption":"All4Labels Global Packaging Group \u2013 Connecting brands and consumers"},"image":{"@id":"https:\/\/all4labels.com\/#\/schema\/logo\/image\/"}}]}},"_links":{"self":[{"href":"https:\/\/all4labels.com\/da\/wp-json\/wp\/v2\/pages\/20806","targetHints":{"allow":["GET"]}}],"collection":[{"href":"https:\/\/all4labels.com\/da\/wp-json\/wp\/v2\/pages"}],"about":[{"href":"https:\/\/all4labels.com\/da\/wp-json\/wp\/v2\/types\/page"}],"author":[{"embeddable":true,"href":"https:\/\/all4labels.com\/da\/wp-json\/wp\/v2\/users\/10"}],"replies":[{"embeddable":true,"href":"https:\/\/all4labels.com\/da\/wp-json\/wp\/v2\/comments?post=20806"}],"version-history":[{"count":64,"href":"https:\/\/all4labels.com\/da\/wp-json\/wp\/v2\/pages\/20806\/revisions"}],"predecessor-version":[{"id":45727,"href":"https:\/\/all4labels.com\/da\/wp-json\/wp\/v2\/pages\/20806\/revisions\/45727"}],"wp:attachment":[{"href":"https:\/\/all4labels.com\/da\/wp-json\/wp\/v2\/media?parent=20806"}],"curies":[{"name":"wp","href":"https:\/\/api.w.org\/{rel}","templated":true}]}}